{"id":1949,"date":"2023-10-05T14:51:03","date_gmt":"2023-10-05T12:51:03","guid":{"rendered":"https:\/\/www.safetylean.com\/accesibilidad"},"modified":"2023-11-27T12:56:20","modified_gmt":"2023-11-27T11:56:20","slug":"accessibilite","status":"publish","type":"page","link":"https:\/\/www.safetylean.com\/fr\/accessibilite","title":{"rendered":"Accessibilit\u00e9"},"content":{"rendered":"\n<p><strong>Safety Lean Consulting<\/strong>\u00a0s&#8217;engage \u00e0 rendre son site Internet accessible conform\u00e9ment au r\u00e8glement europ\u00e9en EN 301 549 V3.2.1 (2021-03), sur les exigences d&#8217;accessibilit\u00e9 des produits et services TIC.<\/p>\n\n\n\n<p>Cette d\u00e9claration d&#8217;accessibilit\u00e9 s&#8217;applique au site web\u00a0<a href=\"https:\/\/www.safetylean.com\/fr\">https:\/\/www.safetylean.com<\/a> (les sous-domaines de ce site Web auront leurs propres d\u00e9clarations d&#8217;accessibilit\u00e9).<\/p>\n\n\n\n<p><strong>Statut de conformit\u00e9<\/strong><\/p>\n\n\n\n<p>Ce site Internet est <strong>enti\u00e8rement conforme<\/strong> au r\u00e8glement europ\u00e9en EN 301 549 V3.2.1 (2021-03)<\/p>\n\n\n\n<p><strong>Pr\u00e9paration de cette d\u00e9claration d&#8217;accessibilit\u00e9<\/strong><\/p>\n\n\n\n<p>Cette d\u00e9claration a \u00e9t\u00e9 r\u00e9dig\u00e9e le 8 novembre 2023.<\/p>\n\n\n\n<p>La m\u00e9thode utilis\u00e9e pour pr\u00e9parer la d\u00e9claration a \u00e9t\u00e9 une auto-\u00e9valuation r\u00e9alis\u00e9e par la soci\u00e9t\u00e9 de d\u00e9veloppement web elle-m\u00eame (agent digitaliseur).<\/p>\n\n\n\n<p><strong>Observations et coordonn\u00e9es<\/strong><\/p>\n\n\n\n<p>Vous pouvez communiquer sur les exigences en mati\u00e8re d&#8217;accessibilit\u00e9, telles que:<\/p>\n\n\n\n<ul class=\"wp-block-list\">\n<li>Signalez toute violation \u00e9ventuelle de ce site Web.<\/li>\n\n\n\n<li>Transmettre d\u2019autres difficult\u00e9s d\u2019acc\u00e8s au contenu.<\/li>\n\n\n\n<li>Posez toute autre question ou suggestion d\u2019am\u00e9lioration concernant l\u2019accessibilit\u00e9 du site Web.<\/li>\n<\/ul>\n\n\n\n<p>Par e-mail\u00a0<a href=\"mailto:info@safetylean.com\">info@safetylean.com<\/a>.<\/p>\n\n\n\n<p>Vous pouvez \u00e9galement demander dans un format accessible des informations qui ne r\u00e9pondent pas aux exigences d&#8217;accessibilit\u00e9, soit parce qu&#8217;elles sont exclues, soit parce qu&#8217;elles sont exempt\u00e9es en raison d&#8217;une charge disproportionn\u00e9e; ou d\u00e9poser une plainte pour non-respect des exigences en mati\u00e8re d\u2019accessibilit\u00e9.<\/p>\n\n\n\n<p><strong>Contenu facultatif<\/strong><\/p>\n\n\n\n<p>La version actuellement visible de ce site Internet date de novembre 2023 et \u00e0 cette date, la r\u00e9vision du niveau d&#8217;accessibilit\u00e9 en vigueur \u00e0 cette \u00e9poque a \u00e9t\u00e9 effectu\u00e9e.<\/p>\n\n\n\n<p>\u00c0 partir de cette date, des revues partielles des contenus web nouveaux ou modifi\u00e9s sont effectu\u00e9es, tant des mod\u00e8les que des pages et documents finaux publi\u00e9s, afin de garantir le respect des exigences d&#8217;accessibilit\u00e9 de la norme EN 301 549 V3.2.1 (2021- 03).<\/p>\n\n\n\n<p>Entre autres, les mesures suivantes sont adopt\u00e9es pour faciliter l\u2019accessibilit\u00e9 :<\/p>\n\n\n\n<ul class=\"wp-block-list\">\n<li>Utilisation de texte alternatif dans les images, sauf dans les images purement d\u00e9coratives<\/li>\n\n\n\n<li>Utilisation des standards W3C : XHTML 1.0, CSS 3.0, WAI AA.<\/li>\n<\/ul>\n\n\n\n<p>Le site Web est optimis\u00e9 pour les derni\u00e8res versions des navigateurs Edge, FireFox, Safari, Opera et Google Chrome. La r\u00e9solution Web minimale recommand\u00e9e est de 1280\u00d71024.<\/p>\n\n\n\n<p>Le site Web est con\u00e7u pour un affichage r\u00e9actif, il est donc visualis\u00e9 de mani\u00e8re optimale sur les appareils mobiles (tablettes et smartphones). Sur ces appareils, il est optimis\u00e9 pour l&#8217;affichage dans les derni\u00e8res versions actuelles de Chrome pour mobile, Firefox pour mobile, Safari mobile, Opera Mini et le navigateur natif Android.<\/p>\n","protected":false},"excerpt":{"rendered":"<p>Safety Lean Consulting\u00a0s&#8217;engage \u00e0 rendre son site Internet accessible conform\u00e9ment au r\u00e8glement europ\u00e9en EN 301 549 V3.2.1 (2021-03), sur les exigences d&#8217;accessibilit\u00e9 des produits &#8230;<\/p>\n","protected":false},"author":1,"featured_media":0,"parent":0,"menu_order":0,"comment_status":"closed","ping_status":"closed","template":"","meta":{"footnotes":""},"class_list":["post-1949","page","type-page","status-publish","hentry"],"yoast_head":"<!-- This site is optimized with the Yoast SEO plugin v21.5 - https:\/\/yoast.com\/wordpress\/plugins\/seo\/ -->\n<title>Accessibilit\u00e9 - Safety Lean Consulting<\/title>\n<meta name=\"robots\" content=\"index, follow, max-snippet:-1, max-image-preview:large, max-video-preview:-1\" \/>\n<link rel=\"canonical\" href=\"https:\/\/www.safetylean.com\/fr\/accessibilite\" \/>\n<meta property=\"og:locale\" content=\"fr_FR\" \/>\n<meta property=\"og:type\" content=\"article\" \/>\n<meta property=\"og:title\" content=\"Accessibilit\u00e9 - Safety Lean Consulting\" \/>\n<meta property=\"og:description\" content=\"Safety Lean Consulting\u00a0s&#8217;engage \u00e0 rendre son site Internet accessible conform\u00e9ment au r\u00e8glement europ\u00e9en EN 301 549 V3.2.1 (2021-03), sur les exigences d&#8217;accessibilit\u00e9 des produits ...\" \/>\n<meta property=\"og:url\" content=\"https:\/\/www.safetylean.com\/fr\/accessibilite\" \/>\n<meta property=\"og:site_name\" content=\"Safety Lean Consulting\" \/>\n<meta property=\"article:modified_time\" content=\"2023-11-27T11:56:20+00:00\" \/>\n<meta name=\"twitter:card\" content=\"summary_large_image\" \/>\n<meta name=\"twitter:label1\" content=\"Dur\u00e9e de lecture estim\u00e9e\" \/>\n\t<meta name=\"twitter:data1\" content=\"2 minutes\" \/>\n<script type=\"application\/ld+json\" class=\"yoast-schema-graph\">{\"@context\":\"https:\/\/schema.org\",\"@graph\":[{\"@type\":\"WebPage\",\"@id\":\"https:\/\/www.safetylean.com\/fr\/accessibilite\",\"url\":\"https:\/\/www.safetylean.com\/fr\/accessibilite\",\"name\":\"Accessibilit\u00e9 - Safety Lean Consulting\",\"isPartOf\":{\"@id\":\"https:\/\/www.safetylean.com\/fr#website\"},\"datePublished\":\"2023-10-05T12:51:03+00:00\",\"dateModified\":\"2023-11-27T11:56:20+00:00\",\"breadcrumb\":{\"@id\":\"https:\/\/www.safetylean.com\/fr\/accessibilite#breadcrumb\"},\"inLanguage\":\"fr-FR\",\"potentialAction\":[{\"@type\":\"ReadAction\",\"target\":[\"https:\/\/www.safetylean.com\/fr\/accessibilite\"]}]},{\"@type\":\"BreadcrumbList\",\"@id\":\"https:\/\/www.safetylean.com\/fr\/accessibilite#breadcrumb\",\"itemListElement\":[{\"@type\":\"ListItem\",\"position\":1,\"name\":\"Portada\",\"item\":\"https:\/\/www.safetylean.com\/fr\"},{\"@type\":\"ListItem\",\"position\":2,\"name\":\"Accessibilit\u00e9\"}]},{\"@type\":\"WebSite\",\"@id\":\"https:\/\/www.safetylean.com\/fr#website\",\"url\":\"https:\/\/www.safetylean.com\/fr\",\"name\":\"Safety Lean Consulting\",\"description\":\"Lean Manufacturing &amp; Risk Prevention\",\"publisher\":{\"@id\":\"https:\/\/www.safetylean.com\/fr#organization\"},\"potentialAction\":[{\"@type\":\"SearchAction\",\"target\":{\"@type\":\"EntryPoint\",\"urlTemplate\":\"https:\/\/www.safetylean.com\/fr?s={search_term_string}\"},\"query-input\":\"required name=search_term_string\"}],\"inLanguage\":\"fr-FR\"},{\"@type\":\"Organization\",\"@id\":\"https:\/\/www.safetylean.com\/fr#organization\",\"name\":\"Safety Lean Consulting\",\"url\":\"https:\/\/www.safetylean.com\/fr\",\"logo\":{\"@type\":\"ImageObject\",\"inLanguage\":\"fr-FR\",\"@id\":\"https:\/\/www.safetylean.com\/fr#\/schema\/logo\/image\/\",\"url\":\"https:\/\/www.safetylean.com\/wp-content\/uploads\/2023\/10\/logo-safety-lean.jpg\",\"contentUrl\":\"https:\/\/www.safetylean.com\/wp-content\/uploads\/2023\/10\/logo-safety-lean.jpg\",\"width\":360,\"height\":120,\"caption\":\"Safety Lean Consulting\"},\"image\":{\"@id\":\"https:\/\/www.safetylean.com\/fr#\/schema\/logo\/image\/\"},\"sameAs\":[\"https:\/\/www.linkedin.com\/company\/safety-lean-consulting\/about\/\"]}]}<\/script>\n<!-- \/ Yoast SEO plugin. -->","yoast_head_json":{"title":"Accessibilit\u00e9 - Safety Lean Consulting","robots":{"index":"index","follow":"follow","max-snippet":"max-snippet:-1","max-image-preview":"max-image-preview:large","max-video-preview":"max-video-preview:-1"},"canonical":"https:\/\/www.safetylean.com\/fr\/accessibilite","og_locale":"fr_FR","og_type":"article","og_title":"Accessibilit\u00e9 - Safety Lean Consulting","og_description":"Safety Lean Consulting\u00a0s&#8217;engage \u00e0 rendre son site Internet accessible conform\u00e9ment au r\u00e8glement europ\u00e9en EN 301 549 V3.2.1 (2021-03), sur les exigences d&#8217;accessibilit\u00e9 des produits ...","og_url":"https:\/\/www.safetylean.com\/fr\/accessibilite","og_site_name":"Safety Lean Consulting","article_modified_time":"2023-11-27T11:56:20+00:00","twitter_card":"summary_large_image","twitter_misc":{"Dur\u00e9e de lecture estim\u00e9e":"2 minutes"},"schema":{"@context":"https:\/\/schema.org","@graph":[{"@type":"WebPage","@id":"https:\/\/www.safetylean.com\/fr\/accessibilite","url":"https:\/\/www.safetylean.com\/fr\/accessibilite","name":"Accessibilit\u00e9 - Safety Lean Consulting","isPartOf":{"@id":"https:\/\/www.safetylean.com\/fr#website"},"datePublished":"2023-10-05T12:51:03+00:00","dateModified":"2023-11-27T11:56:20+00:00","breadcrumb":{"@id":"https:\/\/www.safetylean.com\/fr\/accessibilite#breadcrumb"},"inLanguage":"fr-FR","potentialAction":[{"@type":"ReadAction","target":["https:\/\/www.safetylean.com\/fr\/accessibilite"]}]},{"@type":"BreadcrumbList","@id":"https:\/\/www.safetylean.com\/fr\/accessibilite#breadcrumb","itemListElement":[{"@type":"ListItem","position":1,"name":"Portada","item":"https:\/\/www.safetylean.com\/fr"},{"@type":"ListItem","position":2,"name":"Accessibilit\u00e9"}]},{"@type":"WebSite","@id":"https:\/\/www.safetylean.com\/fr#website","url":"https:\/\/www.safetylean.com\/fr","name":"Safety Lean Consulting","description":"Lean Manufacturing &amp; Risk Prevention","publisher":{"@id":"https:\/\/www.safetylean.com\/fr#organization"},"potentialAction":[{"@type":"SearchAction","target":{"@type":"EntryPoint","urlTemplate":"https:\/\/www.safetylean.com\/fr?s={search_term_string}"},"query-input":"required name=search_term_string"}],"inLanguage":"fr-FR"},{"@type":"Organization","@id":"https:\/\/www.safetylean.com\/fr#organization","name":"Safety Lean Consulting","url":"https:\/\/www.safetylean.com\/fr","logo":{"@type":"ImageObject","inLanguage":"fr-FR","@id":"https:\/\/www.safetylean.com\/fr#\/schema\/logo\/image\/","url":"https:\/\/www.safetylean.com\/wp-content\/uploads\/2023\/10\/logo-safety-lean.jpg","contentUrl":"https:\/\/www.safetylean.com\/wp-content\/uploads\/2023\/10\/logo-safety-lean.jpg","width":360,"height":120,"caption":"Safety Lean Consulting"},"image":{"@id":"https:\/\/www.safetylean.com\/fr#\/schema\/logo\/image\/"},"sameAs":["https:\/\/www.linkedin.com\/company\/safety-lean-consulting\/about\/"]}]}},"_links":{"self":[{"href":"https:\/\/www.safetylean.com\/fr\/wp-json\/wp\/v2\/pages\/1949","targetHints":{"allow":["GET"]}}],"collection":[{"href":"https:\/\/www.safetylean.com\/fr\/wp-json\/wp\/v2\/pages"}],"about":[{"href":"https:\/\/www.safetylean.com\/fr\/wp-json\/wp\/v2\/types\/page"}],"author":[{"embeddable":true,"href":"https:\/\/www.safetylean.com\/fr\/wp-json\/wp\/v2\/users\/1"}],"replies":[{"embeddable":true,"href":"https:\/\/www.safetylean.com\/fr\/wp-json\/wp\/v2\/comments?post=1949"}],"version-history":[{"count":1,"href":"https:\/\/www.safetylean.com\/fr\/wp-json\/wp\/v2\/pages\/1949\/revisions"}],"predecessor-version":[{"id":2092,"href":"https:\/\/www.safetylean.com\/fr\/wp-json\/wp\/v2\/pages\/1949\/revisions\/2092"}],"wp:attachment":[{"href":"https:\/\/www.safetylean.com\/fr\/wp-json\/wp\/v2\/media?parent=1949"}],"curies":[{"name":"wp","href":"https:\/\/api.w.org\/{rel}","templated":true}]}}