{"id":1946,"date":"2023-10-05T14:50:31","date_gmt":"2023-10-05T12:50:31","guid":{"rendered":"https:\/\/www.safetylean.com\/politica-de-privacidad"},"modified":"2023-11-27T13:30:39","modified_gmt":"2023-11-27T12:30:39","slug":"politique-de-confidentialite","status":"publish","type":"page","link":"https:\/\/www.safetylean.com\/fr\/politique-de-confidentialite","title":{"rendered":"Politique de Confidentialit\u00e9"},"content":{"rendered":"\n<p>Bas\u00e9e sur les dispositions du R\u00e8glement G\u00e9n\u00e9ral sur la Protection des Donn\u00e9es 2016\/679 (RGPD), la pr\u00e9sente Politique de Confidentialit\u00e9 \u00e9tablit les conditions dans lesquelles <strong>Safety Lean Consulting <\/strong>utilise et prot\u00e8ge les informations fournies par ses utilisateurs lors de l&#8217;utilisation du site Web. Lorsque nous vous demandons des informations personnelles permettant de vous identifier, nous le faisons en veillant \u00e0 ce qu&#8217;elles ne soient utilis\u00e9es que conform\u00e9ment aux termes de ce document. Cependant, cette politique de confidentialit\u00e9 peut changer au fil du temps o\u00f9 \u00eatre mise \u00e0 jour, nous vous <strong>recommandons donc de consulter continuellement cette page<\/strong> pour vous assurer que vous acceptez ces modifications.<\/p>\n\n\n\n<h4 class=\"wp-block-heading\">RESPONSABLE<\/h4>\n\n\n\n<h5 class=\"wp-block-heading\">INFORMATIONS SUR LA SOCI\u00c9T\u00c9<\/h5>\n\n\n\n<p>Safety Lean Consulting SL<br><strong>CIF:<\/strong>&nbsp;B67269878<\/p>\n\n\n\n<p><strong>Adresse fiscale&nbsp;:<\/strong>&nbsp;C\/ Llull 350 360 TOUR B- \u00c9TAGE 13 PORTE 3,<br>08019 Barcelona<\/p>\n\n\n\n<p><strong>T\u00e9l\u00e9phone:<\/strong>&nbsp;&nbsp;+34 647 61 91 32<br><strong>E-mail:<\/strong>&nbsp;<a href=\"mailto:info@cinglar.es\" target=\"_blank\" rel=\"noreferrer noopener\">info@safetylean.com<\/a><\/p>\n\n\n\n<h5 class=\"wp-block-heading\">FINALIT\u00c9<\/h5>\n\n\n\n<p>Notre site Web peut collecter des informations personnelles telles que : Nom, coordonn\u00e9es telles que votre adresse e-mail ou d&#8217;autres informations personnelles.<\/p>\n\n\n\n<p>Safety Lean Consulting ne peut collecter des informations qu\u2019aux fins suivantes&nbsp;:<\/p>\n\n\n\n<ul class=\"wp-block-list\">\n<li>Dans le cas de sous-traitance de services propos\u00e9s via le Site Web, pour maintenir la relation contractuelle, ainsi que la gestion, l&#8217;administration, l&#8217;information, la fourniture et l&#8217;am\u00e9lioration du service.<\/li>\n\n\n\n<li>Envoi des informations demand\u00e9es via les formulaires pr\u00e9vus sur le site Web.<\/li>\n\n\n\n<li>Envoyer des bulletins -newsletters-, ainsi que des communications commerciales de promotions et\/ou publicit\u00e9s du Site Internet.<\/li>\n<\/ul>\n\n\n\n<p>Nous vous rappelons que vous pouvez \u00e0 tout moment vous opposer \u00e0 l&#8217;envoi de communications commerciales en envoyant un email \u00e0&nbsp;<a href=\"mailto:info@cinglar.es\" target=\"_blank\" rel=\"noreferrer noopener\">info@safetylean.com<\/a>.<\/p>\n\n\n\n<h5 class=\"wp-block-heading\">L\u00c9GITIMIT\u00c9<\/h5>\n\n\n\n<p>Le traitement de vos donn\u00e9es est effectu\u00e9 avec les bases juridiques suivantes qui le l\u00e9gitiment :<\/p>\n\n\n\n<ul class=\"wp-block-list\">\n<li>La demande d&#8217;informations et\/ou la souscription des services de Safety Lean Consulting, dont les termes et conditions seront mis \u00e0 votre disposition dans tous les cas, pr\u00e9alablement \u00e0 un \u00e9ventuel contrat.<\/li>\n\n\n\n<li>Consentement libre, sp\u00e9cifique, \u00e9clair\u00e9 et sans \u00e9quivoque, comme nous vous l&#8217;informons en mettant \u00e0 votre disposition cette politique de confidentialit\u00e9, qu&#8217;apr\u00e8s l&#8217;avoir lue, si vous l&#8217;acceptez, vous pouvez l&#8217;accepter au moyen d&#8217;une d\u00e9claration ou d&#8217;une action positive claire, comme cocher une case pr\u00e9vue \u00e0 cet effet dans ce but.<\/li>\n<\/ul>\n\n\n\n<p>Si vous ne nous fournissez pas vos donn\u00e9es ou si vous les fournissez de mani\u00e8re incorrecte ou incompl\u00e8te, nous ne serons pas en mesure de r\u00e9pondre \u00e0 votre demande, ce qui rendra totalement impossible de vous fournir les informations demand\u00e9es ou d&#8217;effectuer la sous-traitance des services.<\/p>\n\n\n\n<h5 class=\"wp-block-heading\">P\u00c9RIODE DE CONSERVATION DES DONN\u00c9ES<\/h5>\n\n\n\n<p>Les donn\u00e9es fournies seront conserv\u00e9es tant que la cessation de l&#8217;activit\u00e9 n&#8217;est pas demand\u00e9e, que la relation commerciale est maintenue, pendant les ann\u00e9es n\u00e9cessaires au respect des obligations l\u00e9gales ou jusqu&#8217;\u00e0 ce qu&#8217;elles ne soient plus n\u00e9cessaires ou pertinentes au regard de la finalit\u00e9 pour laquelle elles ont \u00e9t\u00e9 collect\u00e9es ou enregistr\u00e9es.<\/p>\n\n\n\n<h5 class=\"wp-block-heading\">DESTINATAIRES<\/h5>\n\n\n\n<p>Safety Lean Cosulting ne vendra, c\u00e9dera ou ne distribuera pas les informations personnelles collect\u00e9es sans votre consentement, sauf si cela est requis par un juge avec une ordonnance du tribunal.<\/p>\n\n\n\n<h5 class=\"wp-block-heading\">DROITS<\/h5>\n\n\n\n<p>En tant que partie int\u00e9ress\u00e9e qui nous a fourni vos donn\u00e9es personnelles, vous avez le droit d&#8217;obtenir la confirmation que chez Safety Lean Consulting nous traitons vos donn\u00e9es personnelles, et en particulier vous avez le droit d&#8217;exercer les droits suivants que la r\u00e9glementation sur la protection des donn\u00e9es reconna\u00eetre, conform\u00e9ment \u00e0 ses dispositions:<\/p>\n\n\n\n<ul class=\"wp-block-list\">\n<li>Droit d\u2019ACC\u00c8S \u00e0 vos donn\u00e9es personnelles.<\/li>\n\n\n\n<li>Droits de demander la RECTIFICATION de donn\u00e9es inexactes.<\/li>\n\n\n\n<li>Droit de demander leur SUPPRESSION lorsque, entre autres raisons, les donn\u00e9es ne sont plus n\u00e9cessaires aux fins pour lesquelles elles ont \u00e9t\u00e9 collect\u00e9es.<\/li>\n\n\n\n<li>Dans certaines circonstances, vous pouvez demander la LIMITATION DU TRAITEMENT de vos donn\u00e9es, auquel cas, nous les conserverons uniquement pour l&#8217;exercice ou la d\u00e9fense de r\u00e9clamations.<\/li>\n\n\n\n<li>Dans certaines circonstances et pour des raisons li\u00e9es \u00e0 leur situation particuli\u00e8re, les personnes int\u00e9ress\u00e9es peuvent exercer leur droit d&#8217;OPPOSITION au traitement de leurs donn\u00e9es. Nous cesserons de traiter les donn\u00e9es, sauf pour des raisons l\u00e9gitimes et imp\u00e9rieuses, ou pour l&#8217;exercice ou la d\u00e9fense d&#8217;\u00e9ventuelles r\u00e9clamations.<\/li>\n\n\n\n<li>Dans certaines circonstances et pour des raisons li\u00e9es \u00e0 votre situation particuli\u00e8re, vous pouvez demander votre droit \u00e0 la PORTABILIT\u00c9 des donn\u00e9es.<\/li>\n<\/ul>\n\n\n\n<p>\u00c0 tout moment, vous pouvez restreindre la collecte ou l&#8217;utilisation des informations personnelles fournies sur notre site Web. Pour ce faire, envoyez-nous simplement un email \u00e0&nbsp;<a href=\"mailto:info@safetylean.com\">info@safetylean.c<\/a><a href=\"mailto:info@safetylean.com\" target=\"_blank\" rel=\"noreferrer noopener\">om<\/a>.<\/p>\n\n\n\n<p>De plus, en cas de violation de l&#8217;un de vos droits, vous avez le droit de d\u00e9poser une r\u00e9clamation aupr\u00e8s de l&#8217;Agence espagnole de protection des donn\u00e9es (AEPD), \u00e0 C\/ Jorge Juan, 6, 28001-Madrid ou via le si\u00e8ge \u00e9lectronique de l&#8217;Agence espagnole de protection des donn\u00e9es AEPD:&nbsp;<a href=\"https:\/\/sedeagpd.gob.es\/sede-electronica-web\/\" target=\"_blank\" rel=\"noreferrer noopener\">https:\/\/sedeagpd.gob.es\/sede-electronica-web\/<\/a><\/p>\n\n\n\n<h4 class=\"wp-block-heading\">INFORMATION COMPL\u00c9MENTAIRE<\/h4>\n\n\n\n<h5 class=\"wp-block-heading\">LIENS VERS DES TIERS<\/h5>\n\n\n\n<p>Ce site Web peut contenir des liens vers d&#8217;autres sites susceptibles de vous int\u00e9resser. Une fois que vous cliquez sur ces liens et quittez notre page, nous n&#8217;avons plus de contr\u00f4le sur le site vers lequel vous serez redirig\u00e9 et nous ne sommes donc pas responsables des conditions de confidentialit\u00e9 ou de la protection de vos donn\u00e9es sur ces autres sites tiers. Ces sites sont soumis \u00e0 leurs propres politiques de confidentialit\u00e9, il est donc recommand\u00e9 de les consulter pour confirmer que vous les acceptez.<\/p>\n\n\n\n<h5 class=\"wp-block-heading\">S\u00c9CURIT\u00c9 DES INFORMATIONS COLLECT\u00c9ES<\/h5>\n\n\n\n<p>Safety Lean Consulting s\u2019engage fortement \u00e0 respecter son engagement de garantir la s\u00e9curit\u00e9 de vos informations. Nous utilisons les syst\u00e8mes les plus avanc\u00e9s et les mettons constamment \u00e0 jour pour garantir qu&#8217;il n&#8217;y ait aucun acc\u00e8s non autoris\u00e9.<\/p>\n\n\n\n<h5 class=\"wp-block-heading\">COOKIES<\/h5>\n\n\n\n<p>Les cookies sont des fichiers qui peuvent \u00eatre t\u00e9l\u00e9charg\u00e9s sur votre ordinateur via des pages Web. Ce sont des outils qui jouent un r\u00f4le essentiel dans la fourniture de nombreux services de la soci\u00e9t\u00e9 de l&#8217;information. Entre autres, ils permettent \u00e0 un site Web de stocker et de r\u00e9cup\u00e9rer des informations sur les habitudes de navigation d&#8217;un utilisateur ou de son \u00e9quipement et, en fonction des informations obtenues, ils peuvent \u00eatre utilis\u00e9s pour reconna\u00eetre l&#8217;utilisateur et am\u00e9liorer le service offert.<\/p>\n\n\n\n<p>Notre site Web utilise des cookies pour identifier les pages visit\u00e9es et leur fr\u00e9quence gr\u00e2ce \u00e0 Google Analytics. Ces informations sont utilis\u00e9es uniquement \u00e0 des fins d&#8217;analyse statistique et sont ensuite d\u00e9finitivement supprim\u00e9es. Vous pouvez \u00e0 tout moment supprimer les cookies de votre ordinateur ou <a href=\"https:\/\/tools.google.com\/dlpage\/gaoptout\">installer un module compl\u00e9mentaire dans votre navigateur<\/a> pour emp\u00eacher que vos donn\u00e9es soient utilis\u00e9es par Google Analytics. Plus d&#8217;informations sur notre <a href=\"https:\/\/www.safetylean.com\/fr\/politique-de-cookies\">Politique de Cookies<\/a>.<\/p>\n","protected":false},"excerpt":{"rendered":"<p>Bas\u00e9e sur les dispositions du R\u00e8glement G\u00e9n\u00e9ral sur la Protection des Donn\u00e9es 2016\/679 (RGPD), la pr\u00e9sente Politique de Confidentialit\u00e9 \u00e9tablit les conditions dans lesquelles &#8230;<\/p>\n","protected":false},"author":1,"featured_media":0,"parent":0,"menu_order":0,"comment_status":"closed","ping_status":"closed","template":"","meta":{"footnotes":""},"class_list":["post-1946","page","type-page","status-publish","hentry"],"yoast_head":"<!-- This site is optimized with the Yoast SEO plugin v21.5 - https:\/\/yoast.com\/wordpress\/plugins\/seo\/ -->\n<title>Politique de Confidentialit\u00e9 - Safety Lean Consulting<\/title>\n<meta name=\"robots\" content=\"index, follow, max-snippet:-1, max-image-preview:large, max-video-preview:-1\" \/>\n<link rel=\"canonical\" href=\"https:\/\/www.safetylean.com\/fr\/politique-de-confidentialite\" \/>\n<meta property=\"og:locale\" content=\"fr_FR\" \/>\n<meta property=\"og:type\" content=\"article\" \/>\n<meta property=\"og:title\" content=\"Politique de Confidentialit\u00e9 - Safety Lean Consulting\" \/>\n<meta property=\"og:description\" content=\"Bas\u00e9e sur les dispositions du R\u00e8glement G\u00e9n\u00e9ral sur la Protection des Donn\u00e9es 2016\/679 (RGPD), la pr\u00e9sente Politique de Confidentialit\u00e9 \u00e9tablit les conditions dans lesquelles ...\" \/>\n<meta property=\"og:url\" content=\"https:\/\/www.safetylean.com\/fr\/politique-de-confidentialite\" \/>\n<meta property=\"og:site_name\" content=\"Safety Lean Consulting\" \/>\n<meta property=\"article:modified_time\" content=\"2023-11-27T12:30:39+00:00\" \/>\n<meta name=\"twitter:card\" content=\"summary_large_image\" \/>\n<meta name=\"twitter:label1\" content=\"Dur\u00e9e de lecture estim\u00e9e\" \/>\n\t<meta name=\"twitter:data1\" content=\"5 minutes\" \/>\n<script type=\"application\/ld+json\" class=\"yoast-schema-graph\">{\"@context\":\"https:\/\/schema.org\",\"@graph\":[{\"@type\":\"WebPage\",\"@id\":\"https:\/\/www.safetylean.com\/fr\/politique-de-confidentialite\",\"url\":\"https:\/\/www.safetylean.com\/fr\/politique-de-confidentialite\",\"name\":\"Politique de Confidentialit\u00e9 - Safety Lean Consulting\",\"isPartOf\":{\"@id\":\"https:\/\/www.safetylean.com\/fr#website\"},\"datePublished\":\"2023-10-05T12:50:31+00:00\",\"dateModified\":\"2023-11-27T12:30:39+00:00\",\"breadcrumb\":{\"@id\":\"https:\/\/www.safetylean.com\/fr\/politique-de-confidentialite#breadcrumb\"},\"inLanguage\":\"fr-FR\",\"potentialAction\":[{\"@type\":\"ReadAction\",\"target\":[\"https:\/\/www.safetylean.com\/fr\/politique-de-confidentialite\"]}]},{\"@type\":\"BreadcrumbList\",\"@id\":\"https:\/\/www.safetylean.com\/fr\/politique-de-confidentialite#breadcrumb\",\"itemListElement\":[{\"@type\":\"ListItem\",\"position\":1,\"name\":\"Portada\",\"item\":\"https:\/\/www.safetylean.com\/fr\"},{\"@type\":\"ListItem\",\"position\":2,\"name\":\"Politique de Confidentialit\u00e9\"}]},{\"@type\":\"WebSite\",\"@id\":\"https:\/\/www.safetylean.com\/fr#website\",\"url\":\"https:\/\/www.safetylean.com\/fr\",\"name\":\"Safety Lean Consulting\",\"description\":\"Lean Manufacturing &amp; Risk Prevention\",\"publisher\":{\"@id\":\"https:\/\/www.safetylean.com\/fr#organization\"},\"potentialAction\":[{\"@type\":\"SearchAction\",\"target\":{\"@type\":\"EntryPoint\",\"urlTemplate\":\"https:\/\/www.safetylean.com\/fr?s={search_term_string}\"},\"query-input\":\"required name=search_term_string\"}],\"inLanguage\":\"fr-FR\"},{\"@type\":\"Organization\",\"@id\":\"https:\/\/www.safetylean.com\/fr#organization\",\"name\":\"Safety Lean Consulting\",\"url\":\"https:\/\/www.safetylean.com\/fr\",\"logo\":{\"@type\":\"ImageObject\",\"inLanguage\":\"fr-FR\",\"@id\":\"https:\/\/www.safetylean.com\/fr#\/schema\/logo\/image\/\",\"url\":\"https:\/\/www.safetylean.com\/wp-content\/uploads\/2023\/10\/logo-safety-lean.jpg\",\"contentUrl\":\"https:\/\/www.safetylean.com\/wp-content\/uploads\/2023\/10\/logo-safety-lean.jpg\",\"width\":360,\"height\":120,\"caption\":\"Safety Lean Consulting\"},\"image\":{\"@id\":\"https:\/\/www.safetylean.com\/fr#\/schema\/logo\/image\/\"},\"sameAs\":[\"https:\/\/www.linkedin.com\/company\/safety-lean-consulting\/about\/\"]}]}<\/script>\n<!-- \/ Yoast SEO plugin. -->","yoast_head_json":{"title":"Politique de Confidentialit\u00e9 - Safety Lean Consulting","robots":{"index":"index","follow":"follow","max-snippet":"max-snippet:-1","max-image-preview":"max-image-preview:large","max-video-preview":"max-video-preview:-1"},"canonical":"https:\/\/www.safetylean.com\/fr\/politique-de-confidentialite","og_locale":"fr_FR","og_type":"article","og_title":"Politique de Confidentialit\u00e9 - Safety Lean Consulting","og_description":"Bas\u00e9e sur les dispositions du R\u00e8glement G\u00e9n\u00e9ral sur la Protection des Donn\u00e9es 2016\/679 (RGPD), la pr\u00e9sente Politique de Confidentialit\u00e9 \u00e9tablit les conditions dans lesquelles ...","og_url":"https:\/\/www.safetylean.com\/fr\/politique-de-confidentialite","og_site_name":"Safety Lean Consulting","article_modified_time":"2023-11-27T12:30:39+00:00","twitter_card":"summary_large_image","twitter_misc":{"Dur\u00e9e de lecture estim\u00e9e":"5 minutes"},"schema":{"@context":"https:\/\/schema.org","@graph":[{"@type":"WebPage","@id":"https:\/\/www.safetylean.com\/fr\/politique-de-confidentialite","url":"https:\/\/www.safetylean.com\/fr\/politique-de-confidentialite","name":"Politique de Confidentialit\u00e9 - Safety Lean Consulting","isPartOf":{"@id":"https:\/\/www.safetylean.com\/fr#website"},"datePublished":"2023-10-05T12:50:31+00:00","dateModified":"2023-11-27T12:30:39+00:00","breadcrumb":{"@id":"https:\/\/www.safetylean.com\/fr\/politique-de-confidentialite#breadcrumb"},"inLanguage":"fr-FR","potentialAction":[{"@type":"ReadAction","target":["https:\/\/www.safetylean.com\/fr\/politique-de-confidentialite"]}]},{"@type":"BreadcrumbList","@id":"https:\/\/www.safetylean.com\/fr\/politique-de-confidentialite#breadcrumb","itemListElement":[{"@type":"ListItem","position":1,"name":"Portada","item":"https:\/\/www.safetylean.com\/fr"},{"@type":"ListItem","position":2,"name":"Politique de Confidentialit\u00e9"}]},{"@type":"WebSite","@id":"https:\/\/www.safetylean.com\/fr#website","url":"https:\/\/www.safetylean.com\/fr","name":"Safety Lean Consulting","description":"Lean Manufacturing &amp; Risk Prevention","publisher":{"@id":"https:\/\/www.safetylean.com\/fr#organization"},"potentialAction":[{"@type":"SearchAction","target":{"@type":"EntryPoint","urlTemplate":"https:\/\/www.safetylean.com\/fr?s={search_term_string}"},"query-input":"required name=search_term_string"}],"inLanguage":"fr-FR"},{"@type":"Organization","@id":"https:\/\/www.safetylean.com\/fr#organization","name":"Safety Lean Consulting","url":"https:\/\/www.safetylean.com\/fr","logo":{"@type":"ImageObject","inLanguage":"fr-FR","@id":"https:\/\/www.safetylean.com\/fr#\/schema\/logo\/image\/","url":"https:\/\/www.safetylean.com\/wp-content\/uploads\/2023\/10\/logo-safety-lean.jpg","contentUrl":"https:\/\/www.safetylean.com\/wp-content\/uploads\/2023\/10\/logo-safety-lean.jpg","width":360,"height":120,"caption":"Safety Lean Consulting"},"image":{"@id":"https:\/\/www.safetylean.com\/fr#\/schema\/logo\/image\/"},"sameAs":["https:\/\/www.linkedin.com\/company\/safety-lean-consulting\/about\/"]}]}},"_links":{"self":[{"href":"https:\/\/www.safetylean.com\/fr\/wp-json\/wp\/v2\/pages\/1946","targetHints":{"allow":["GET"]}}],"collection":[{"href":"https:\/\/www.safetylean.com\/fr\/wp-json\/wp\/v2\/pages"}],"about":[{"href":"https:\/\/www.safetylean.com\/fr\/wp-json\/wp\/v2\/types\/page"}],"author":[{"embeddable":true,"href":"https:\/\/www.safetylean.com\/fr\/wp-json\/wp\/v2\/users\/1"}],"replies":[{"embeddable":true,"href":"https:\/\/www.safetylean.com\/fr\/wp-json\/wp\/v2\/comments?post=1946"}],"version-history":[{"count":2,"href":"https:\/\/www.safetylean.com\/fr\/wp-json\/wp\/v2\/pages\/1946\/revisions"}],"predecessor-version":[{"id":2110,"href":"https:\/\/www.safetylean.com\/fr\/wp-json\/wp\/v2\/pages\/1946\/revisions\/2110"}],"wp:attachment":[{"href":"https:\/\/www.safetylean.com\/fr\/wp-json\/wp\/v2\/media?parent=1946"}],"curies":[{"name":"wp","href":"https:\/\/api.w.org\/{rel}","templated":true}]}}