{"id":1943,"date":"2023-10-05T14:50:49","date_gmt":"2023-10-05T12:50:49","guid":{"rendered":"https:\/\/www.safetylean.com\/politica-de-cookies"},"modified":"2023-11-27T13:29:51","modified_gmt":"2023-11-27T12:29:51","slug":"politique-de-cookies","status":"publish","type":"page","link":"https:\/\/www.safetylean.com\/fr\/politique-de-cookies","title":{"rendered":"Politique de cookies"},"content":{"rendered":"<p>En vigueur\u00a0:\u00a08\u00a0novembre\u00a02023<br \/>\nDerni\u00e8re mise \u00e0 jour\u00a0:\u00a08\u00a0novembre\u00a02023<\/p>\n<h5 class=\"wp-block-heading\">Que sont les cookies\u00a0?<\/h5>\n<p>Cette politique en mati\u00e8re de cookies explique ce que sont les cookies et comment nous les utilisons, les types de cookies que nous utilisons, c&#8217;est-\u00e0-dire les informations que nous collectons gr\u00e2ce \u00e0 l&#8217;utilisation de cookies et comment ces informations sont utilis\u00e9es, et comment g\u00e9rer vos param\u00e8tres de cookies.<\/p>\n<p>Les cookies sont de petits fichiers texte utilis\u00e9s pour stocker de petites informations. Ils sont stock\u00e9s sur votre appareil lorsque le site Web se charge dans votre navigateur. Ces cookies nous aident \u00e0 faire fonctionner le site Web correctement, \u00e0 le rendre plus s\u00e9curis\u00e9, \u00e0 offrir une meilleure exp\u00e9rience utilisateur et \u00e0 comprendre les performances du site Web et \u00e0 analyser ce qui fonctionne et o\u00f9 il doit \u00eatre am\u00e9lior\u00e9.<\/p>\n<h5 class=\"wp-block-heading\">Comment utilisons-nous les cookies\u00a0?<\/h5>\n<p>Comme la plupart des services en ligne, notre site Web utilise ses propres cookies et ceux de tiers \u00e0 diverses fins. Les cookies de premi\u00e8re partie sont principalement n\u00e9cessaires au bon fonctionnement du site Web et ne collectent aucune de vos donn\u00e9es personnelles identifiables.<\/p>\n<p>Les cookies tiers utilis\u00e9s sur notre site Web visent principalement \u00e0 comprendre le fonctionnement du site Web, la mani\u00e8re dont vous interagissez avec notre site Web, \u00e0 assurer la s\u00e9curit\u00e9 de nos services, \u00e0 fournir des publicit\u00e9s pertinentes pour vous et, de mani\u00e8re g\u00e9n\u00e9rale, \u00e0 vous offrir une exp\u00e9rience utilisateur meilleure et am\u00e9lior\u00e9e. exp\u00e9rience et vous aide \u00e0 acc\u00e9l\u00e9rer vos futures interactions avec notre site Web.<\/p>\n<h5 class=\"wp-block-heading\">Cookies que nous utilisons<\/h5>\n<div class=\"cky-audit-table-element\"><\/div>\n<h5 class=\"wp-block-heading\">G\u00e9rer les pr\u00e9f\u00e9rences en mati\u00e8re de cookies<\/h5>\n<p><a class=\"cky-banner-element\">Param\u00e8tres des cookies<\/a><\/p>\n<p>Vous pouvez modifier vos pr\u00e9f\u00e9rences en mati\u00e8re de cookies \u00e0 tout moment en cliquant sur le bouton ci-dessus. Cela vous permettra de revoir la banni\u00e8re de consentement aux cookies et de modifier vos pr\u00e9f\u00e9rences ou de retirer votre consentement imm\u00e9diatement.<\/p>\n<p>En outre, diff\u00e9rents navigateurs proposent diff\u00e9rentes m\u00e9thodes pour bloquer et supprimer les cookies utilis\u00e9s par les sites Web. Vous pouvez modifier les param\u00e8tres de votre navigateur pour bloquer\/supprimer les cookies. Vous trouverez ci-dessous des liens vers des documents d&#8217;assistance sur la fa\u00e7on de g\u00e9rer et de supprimer les cookies des principaux navigateurs Web.<\/p>\n<ul>\n<li>Chrome\u00a0:\u00a0<a href=\"https:\/\/support.google.com\/accounts\/answer\/61416\" target=\"_blank\" rel=\"noreferrer noopener\">https:\/\/support.google.com\/accounts\/ r\u00e9ponse\/61416<\/a><\/li>\n<li>Safari\u00a0:\u00a0<a href=\"https:\/\/support.apple.com\/guide\/safari\/manage-cookies-sfri11471\/mac\" target=\"_blank\" rel=\"noreferrer noopener\">https:\/\/support. apple.com\/guide\/safari\/manage-cookies-sfri11471\/mac<\/a><\/li>\n<li>Firefox\u00a0:\u00a0<a href=\"https:\/\/support.mozilla.org\/en-US\/kb\/clear-cookies-and-site-data-firefox?redirectslug=delete-cookies-remove-info-websites- stock\u00e9&amp;redirectlocale=%20es-US\" target=\"_blank\" rel=\"noreferrer noopener\">https:\/\/support.mozilla.org\/en-US\/kb\/clear-cookies-and-site-data-firefox?redirectslug =delete-cookies-remove-info-websites-stocked&amp;redirectlocale=en-US<\/a><\/li>\n<li>Internet Explorer\u00a0:\u00a0<a href=\"https:\/\/support.microsoft.com\/en-us\/topic\/how-to-delete-cookie-files-%20in-internet-explorer-bca9446f-d873-78de- 77ba-d42645fa52fc\" target=\"_blank\" rel=\"noreferrer noopener\">https:\/\/support.microsoft.com\/en-us\/topic\/how-to-delete-cookie-files-in-internet-explorer-bca9446f- d873-78de-77ba-d42645fa52fc<\/a><\/li>\n<\/ul>\n<p>Si vous utilisez un autre navigateur Web, veuillez consulter les documents d&#8217;assistance officiels de votre navigateur.<\/p>\n","protected":false},"excerpt":{"rendered":"<p>En vigueur\u00a0:\u00a08\u00a0novembre\u00a02023 Derni\u00e8re mise \u00e0 jour\u00a0:\u00a08\u00a0novembre\u00a02023 Que sont les cookies\u00a0? Cette politique en mati\u00e8re de cookies explique ce que sont les cookies et comment &#8230;<\/p>\n","protected":false},"author":1,"featured_media":0,"parent":0,"menu_order":0,"comment_status":"closed","ping_status":"closed","template":"","meta":{"footnotes":""},"class_list":["post-1943","page","type-page","status-publish","hentry"],"yoast_head":"<!-- This site is optimized with the Yoast SEO plugin v21.5 - https:\/\/yoast.com\/wordpress\/plugins\/seo\/ -->\n<title>Politique de cookies - Safety Lean Consulting<\/title>\n<meta name=\"robots\" content=\"index, follow, max-snippet:-1, max-image-preview:large, max-video-preview:-1\" \/>\n<link rel=\"canonical\" href=\"https:\/\/www.safetylean.com\/fr\/politique-de-cookies\" \/>\n<meta property=\"og:locale\" content=\"fr_FR\" \/>\n<meta property=\"og:type\" content=\"article\" \/>\n<meta property=\"og:title\" content=\"Politique de cookies - Safety Lean Consulting\" \/>\n<meta property=\"og:description\" content=\"En vigueur\u00a0:\u00a08\u00a0novembre\u00a02023 Derni\u00e8re mise \u00e0 jour\u00a0:\u00a08\u00a0novembre\u00a02023 Que sont les cookies\u00a0? Cette politique en mati\u00e8re de cookies explique ce que sont les cookies et comment ...\" \/>\n<meta property=\"og:url\" content=\"https:\/\/www.safetylean.com\/fr\/politique-de-cookies\" \/>\n<meta property=\"og:site_name\" content=\"Safety Lean Consulting\" \/>\n<meta property=\"article:modified_time\" content=\"2023-11-27T12:29:51+00:00\" \/>\n<meta name=\"twitter:card\" content=\"summary_large_image\" \/>\n<meta name=\"twitter:label1\" content=\"Dur\u00e9e de lecture estim\u00e9e\" \/>\n\t<meta name=\"twitter:data1\" content=\"2 minutes\" \/>\n<script type=\"application\/ld+json\" class=\"yoast-schema-graph\">{\"@context\":\"https:\/\/schema.org\",\"@graph\":[{\"@type\":\"WebPage\",\"@id\":\"https:\/\/www.safetylean.com\/fr\/politique-de-cookies\",\"url\":\"https:\/\/www.safetylean.com\/fr\/politique-de-cookies\",\"name\":\"Politique de cookies - Safety Lean Consulting\",\"isPartOf\":{\"@id\":\"https:\/\/www.safetylean.com\/fr#website\"},\"datePublished\":\"2023-10-05T12:50:49+00:00\",\"dateModified\":\"2023-11-27T12:29:51+00:00\",\"breadcrumb\":{\"@id\":\"https:\/\/www.safetylean.com\/fr\/politique-de-cookies#breadcrumb\"},\"inLanguage\":\"fr-FR\",\"potentialAction\":[{\"@type\":\"ReadAction\",\"target\":[\"https:\/\/www.safetylean.com\/fr\/politique-de-cookies\"]}]},{\"@type\":\"BreadcrumbList\",\"@id\":\"https:\/\/www.safetylean.com\/fr\/politique-de-cookies#breadcrumb\",\"itemListElement\":[{\"@type\":\"ListItem\",\"position\":1,\"name\":\"Portada\",\"item\":\"https:\/\/www.safetylean.com\/fr\"},{\"@type\":\"ListItem\",\"position\":2,\"name\":\"Politique de cookies\"}]},{\"@type\":\"WebSite\",\"@id\":\"https:\/\/www.safetylean.com\/fr#website\",\"url\":\"https:\/\/www.safetylean.com\/fr\",\"name\":\"Safety Lean Consulting\",\"description\":\"Lean Manufacturing &amp; Risk Prevention\",\"publisher\":{\"@id\":\"https:\/\/www.safetylean.com\/fr#organization\"},\"potentialAction\":[{\"@type\":\"SearchAction\",\"target\":{\"@type\":\"EntryPoint\",\"urlTemplate\":\"https:\/\/www.safetylean.com\/fr?s={search_term_string}\"},\"query-input\":\"required name=search_term_string\"}],\"inLanguage\":\"fr-FR\"},{\"@type\":\"Organization\",\"@id\":\"https:\/\/www.safetylean.com\/fr#organization\",\"name\":\"Safety Lean Consulting\",\"url\":\"https:\/\/www.safetylean.com\/fr\",\"logo\":{\"@type\":\"ImageObject\",\"inLanguage\":\"fr-FR\",\"@id\":\"https:\/\/www.safetylean.com\/fr#\/schema\/logo\/image\/\",\"url\":\"https:\/\/www.safetylean.com\/wp-content\/uploads\/2023\/10\/logo-safety-lean.jpg\",\"contentUrl\":\"https:\/\/www.safetylean.com\/wp-content\/uploads\/2023\/10\/logo-safety-lean.jpg\",\"width\":360,\"height\":120,\"caption\":\"Safety Lean Consulting\"},\"image\":{\"@id\":\"https:\/\/www.safetylean.com\/fr#\/schema\/logo\/image\/\"},\"sameAs\":[\"https:\/\/www.linkedin.com\/company\/safety-lean-consulting\/about\/\"]}]}<\/script>\n<!-- \/ Yoast SEO plugin. -->","yoast_head_json":{"title":"Politique de cookies - Safety Lean Consulting","robots":{"index":"index","follow":"follow","max-snippet":"max-snippet:-1","max-image-preview":"max-image-preview:large","max-video-preview":"max-video-preview:-1"},"canonical":"https:\/\/www.safetylean.com\/fr\/politique-de-cookies","og_locale":"fr_FR","og_type":"article","og_title":"Politique de cookies - Safety Lean Consulting","og_description":"En vigueur\u00a0:\u00a08\u00a0novembre\u00a02023 Derni\u00e8re mise \u00e0 jour\u00a0:\u00a08\u00a0novembre\u00a02023 Que sont les cookies\u00a0? Cette politique en mati\u00e8re de cookies explique ce que sont les cookies et comment ...","og_url":"https:\/\/www.safetylean.com\/fr\/politique-de-cookies","og_site_name":"Safety Lean Consulting","article_modified_time":"2023-11-27T12:29:51+00:00","twitter_card":"summary_large_image","twitter_misc":{"Dur\u00e9e de lecture estim\u00e9e":"2 minutes"},"schema":{"@context":"https:\/\/schema.org","@graph":[{"@type":"WebPage","@id":"https:\/\/www.safetylean.com\/fr\/politique-de-cookies","url":"https:\/\/www.safetylean.com\/fr\/politique-de-cookies","name":"Politique de cookies - Safety Lean Consulting","isPartOf":{"@id":"https:\/\/www.safetylean.com\/fr#website"},"datePublished":"2023-10-05T12:50:49+00:00","dateModified":"2023-11-27T12:29:51+00:00","breadcrumb":{"@id":"https:\/\/www.safetylean.com\/fr\/politique-de-cookies#breadcrumb"},"inLanguage":"fr-FR","potentialAction":[{"@type":"ReadAction","target":["https:\/\/www.safetylean.com\/fr\/politique-de-cookies"]}]},{"@type":"BreadcrumbList","@id":"https:\/\/www.safetylean.com\/fr\/politique-de-cookies#breadcrumb","itemListElement":[{"@type":"ListItem","position":1,"name":"Portada","item":"https:\/\/www.safetylean.com\/fr"},{"@type":"ListItem","position":2,"name":"Politique de cookies"}]},{"@type":"WebSite","@id":"https:\/\/www.safetylean.com\/fr#website","url":"https:\/\/www.safetylean.com\/fr","name":"Safety Lean Consulting","description":"Lean Manufacturing &amp; Risk Prevention","publisher":{"@id":"https:\/\/www.safetylean.com\/fr#organization"},"potentialAction":[{"@type":"SearchAction","target":{"@type":"EntryPoint","urlTemplate":"https:\/\/www.safetylean.com\/fr?s={search_term_string}"},"query-input":"required name=search_term_string"}],"inLanguage":"fr-FR"},{"@type":"Organization","@id":"https:\/\/www.safetylean.com\/fr#organization","name":"Safety Lean Consulting","url":"https:\/\/www.safetylean.com\/fr","logo":{"@type":"ImageObject","inLanguage":"fr-FR","@id":"https:\/\/www.safetylean.com\/fr#\/schema\/logo\/image\/","url":"https:\/\/www.safetylean.com\/wp-content\/uploads\/2023\/10\/logo-safety-lean.jpg","contentUrl":"https:\/\/www.safetylean.com\/wp-content\/uploads\/2023\/10\/logo-safety-lean.jpg","width":360,"height":120,"caption":"Safety Lean Consulting"},"image":{"@id":"https:\/\/www.safetylean.com\/fr#\/schema\/logo\/image\/"},"sameAs":["https:\/\/www.linkedin.com\/company\/safety-lean-consulting\/about\/"]}]}},"_links":{"self":[{"href":"https:\/\/www.safetylean.com\/fr\/wp-json\/wp\/v2\/pages\/1943","targetHints":{"allow":["GET"]}}],"collection":[{"href":"https:\/\/www.safetylean.com\/fr\/wp-json\/wp\/v2\/pages"}],"about":[{"href":"https:\/\/www.safetylean.com\/fr\/wp-json\/wp\/v2\/types\/page"}],"author":[{"embeddable":true,"href":"https:\/\/www.safetylean.com\/fr\/wp-json\/wp\/v2\/users\/1"}],"replies":[{"embeddable":true,"href":"https:\/\/www.safetylean.com\/fr\/wp-json\/wp\/v2\/comments?post=1943"}],"version-history":[{"count":1,"href":"https:\/\/www.safetylean.com\/fr\/wp-json\/wp\/v2\/pages\/1943\/revisions"}],"predecessor-version":[{"id":2109,"href":"https:\/\/www.safetylean.com\/fr\/wp-json\/wp\/v2\/pages\/1943\/revisions\/2109"}],"wp:attachment":[{"href":"https:\/\/www.safetylean.com\/fr\/wp-json\/wp\/v2\/media?parent=1943"}],"curies":[{"name":"wp","href":"https:\/\/api.w.org\/{rel}","templated":true}]}}