{"id":1907,"date":"2023-10-06T07:41:51","date_gmt":"2023-10-06T05:41:51","guid":{"rendered":"https:\/\/www.safetylean.com\/servicios-que\/consultoria"},"modified":"2023-11-23T17:20:06","modified_gmt":"2023-11-23T16:20:06","slug":"conseil","status":"publish","type":"page","link":"https:\/\/www.safetylean.com\/fr\/services-quoi\/conseil","title":{"rendered":"Conseil"},"content":{"rendered":"\n<p style=\"padding-top:0;padding-bottom:0\">Un projet de conseil se d\u00e9roule selon les \u00e9tapes suivantes:<\/p>\n\n\n\n<div class=\"wp-block-columns is-layout-flex wp-container-core-columns-is-layout-28f84493 wp-block-columns-is-layout-flex\">\n<div class=\"wp-block-column is-vertically-aligned-top is-layout-flow wp-block-column-is-layout-flow\" style=\"flex-basis:50%\">\n<h4 class=\"wp-block-heading\" style=\"padding-top:0;padding-bottom:0\">1. <strong>Visit<\/strong>e<\/h4>\n\n\n\n<p>Nous \u00e9coutons vos besoins et vos attentes. Nous nous interrogeons sur la valeur que nous pouvons apporter \u00e0 votre entreprise.<\/p>\n\n\n\n<h4 class=\"wp-block-heading\" style=\"padding-top:0;padding-bottom:0\">2. <strong>Diagnostic<\/strong><\/h4>\n\n\n\n<p>Nous analysons la situation actuelle et estimons les am\u00e9liorations r\u00e9alisables avec les ressources disponibles. Nous proposons le plan du projet: les outils applicables, les \u00e9tapes de mise en \u0153uvre et les b\u00e9n\u00e9fices attendus.<\/p>\n\n\n\n<h4 class=\"wp-block-heading\" style=\"padding-top:0;padding-bottom:0\">3. <strong>Pro<\/strong>jet<\/h4>\n\n\n\n<p>Nous d\u00e9veloppons les outils avec vos \u00e9quipes et nous les formons et les accompagnons dans la mise en \u0153uvre pour qu&#8217;elles se les approprient, cr\u00e9ant ainsi un dispositif p\u00e9renne. Nous d\u00e9finissons une feuille de route pour vous guider sur la voie de l\u2019am\u00e9lioration continue une fois le projet termin\u00e9.<\/p>\n\n\n\n<h4 class=\"wp-block-heading\" style=\"padding-top:0;padding-bottom:0\">4. <strong>Audit<\/strong><\/h4>\n\n\n\n<p>Nous v\u00e9rifions les r\u00e9sultats apr\u00e8s une p\u00e9riode de temps raisonnable pour nous assurer que l&#8217;am\u00e9lioration est durable et que nous pouvons continuer \u00e0 nous am\u00e9liorer.<\/p>\n<\/div>\n\n\n\n<div class=\"wp-block-column is-vertically-aligned-top is-layout-flow wp-block-column-is-layout-flow\" style=\"flex-basis:50%\">\n<figure class=\"wp-block-image aligncenter size-full is-resized\"><img decoding=\"async\" src=\"data:image\/svg+xml,%3Csvg%20width%3D%22600%22%20height%3D%22814%22%20xmlns%3D%22http:\/\/www.w3.org\/2000\/svg%22%20viewBox%3D%220%200%20600%20814%22%3E%3C\/svg%3E\" alt class=\"wp-image-1416 fy-content__image fy-lazy js-lazy\" style=\"width:470px;height:auto\" width=\"600\" height=\"814\" data-src=\"https:\/\/www.safetylean.com\/wp-content\/uploads\/2023\/11\/consultoria-safetylean01.jpg\"><div class=\"fy-image-loading fy-image-loading--skeleton\" aria-hidden=\"true\"><\/div><\/figure>\n<\/div>\n<\/div>\n\n\n\n<div class=\"wp-block-cover alignfull is-light has-parallax\"><span aria-hidden=\"true\" class=\"wp-block-cover__background has-cnt-background-color has-background-dim-20 has-background-dim\"><\/span><div role=\"img\" class=\"wp-block-cover__image-background wp-image-1421 has-parallax\" style=\"background-position:50% 50%;background-image:url(https:\/\/www.safetylean.com\/wp-content\/uploads\/2023\/11\/consultoria-safetylean-003.jpg)\"><\/div><div class=\"wp-block-cover__inner-container is-layout-flow wp-container-core-cover-is-layout-a77db08e wp-block-cover-is-layout-flow\">\n<p class=\"has-text-align-center has-large-font-size\"><\/p>\n<\/div><\/div>\n","protected":false},"excerpt":{"rendered":"<p>Un projet de conseil se d\u00e9roule selon les \u00e9tapes suivantes: 1. Visite Nous \u00e9coutons vos besoins et vos attentes. Nous nous interrogeons sur la &#8230;<\/p>\n","protected":false},"author":1,"featured_media":0,"parent":1893,"menu_order":0,"comment_status":"closed","ping_status":"closed","template":"","meta":{"footnotes":""},"class_list":["post-1907","page","type-page","status-publish","hentry"],"yoast_head":"<!-- This site is optimized with the Yoast SEO plugin v21.5 - https:\/\/yoast.com\/wordpress\/plugins\/seo\/ -->\n<title>Conseil - Safety Lean Consulting<\/title>\n<meta name=\"robots\" content=\"index, follow, max-snippet:-1, max-image-preview:large, max-video-preview:-1\" \/>\n<link rel=\"canonical\" href=\"https:\/\/www.safetylean.com\/fr\/services-quoi\/conseil\" \/>\n<meta property=\"og:locale\" content=\"fr_FR\" \/>\n<meta property=\"og:type\" content=\"article\" \/>\n<meta property=\"og:title\" content=\"Conseil - Safety Lean Consulting\" \/>\n<meta property=\"og:description\" content=\"Un projet de conseil se d\u00e9roule selon les \u00e9tapes suivantes: 1. Visite Nous \u00e9coutons vos besoins et vos attentes. Nous nous interrogeons sur la ...\" \/>\n<meta property=\"og:url\" content=\"https:\/\/www.safetylean.com\/fr\/services-quoi\/conseil\" \/>\n<meta property=\"og:site_name\" content=\"Safety Lean Consulting\" \/>\n<meta property=\"article:modified_time\" content=\"2023-11-23T16:20:06+00:00\" \/>\n<meta property=\"og:image\" content=\"https:\/\/www.safetylean.com\/wp-content\/uploads\/2023\/11\/consultoria-safetylean01.jpg\" \/>\n<meta name=\"twitter:card\" content=\"summary_large_image\" \/>\n<meta name=\"twitter:label1\" content=\"Dur\u00e9e de lecture estim\u00e9e\" \/>\n\t<meta name=\"twitter:data1\" content=\"1 minute\" \/>\n<script type=\"application\/ld+json\" class=\"yoast-schema-graph\">{\"@context\":\"https:\/\/schema.org\",\"@graph\":[{\"@type\":\"WebPage\",\"@id\":\"https:\/\/www.safetylean.com\/fr\/services-quoi\/conseil\",\"url\":\"https:\/\/www.safetylean.com\/fr\/services-quoi\/conseil\",\"name\":\"Conseil - Safety Lean Consulting\",\"isPartOf\":{\"@id\":\"https:\/\/www.safetylean.com\/fr#website\"},\"datePublished\":\"2023-10-06T05:41:51+00:00\",\"dateModified\":\"2023-11-23T16:20:06+00:00\",\"breadcrumb\":{\"@id\":\"https:\/\/www.safetylean.com\/fr\/services-quoi\/conseil#breadcrumb\"},\"inLanguage\":\"fr-FR\",\"potentialAction\":[{\"@type\":\"ReadAction\",\"target\":[\"https:\/\/www.safetylean.com\/fr\/services-quoi\/conseil\"]}]},{\"@type\":\"BreadcrumbList\",\"@id\":\"https:\/\/www.safetylean.com\/fr\/services-quoi\/conseil#breadcrumb\",\"itemListElement\":[{\"@type\":\"ListItem\",\"position\":1,\"name\":\"Portada\",\"item\":\"https:\/\/www.safetylean.com\/fr\"},{\"@type\":\"ListItem\",\"position\":2,\"name\":\"Quoi?\",\"item\":\"https:\/\/www.safetylean.com\/fr\/services-quoi\"},{\"@type\":\"ListItem\",\"position\":3,\"name\":\"Conseil\"}]},{\"@type\":\"WebSite\",\"@id\":\"https:\/\/www.safetylean.com\/fr#website\",\"url\":\"https:\/\/www.safetylean.com\/fr\",\"name\":\"Safety Lean Consulting\",\"description\":\"Lean Manufacturing &amp; Risk Prevention\",\"publisher\":{\"@id\":\"https:\/\/www.safetylean.com\/fr#organization\"},\"potentialAction\":[{\"@type\":\"SearchAction\",\"target\":{\"@type\":\"EntryPoint\",\"urlTemplate\":\"https:\/\/www.safetylean.com\/fr?s={search_term_string}\"},\"query-input\":\"required name=search_term_string\"}],\"inLanguage\":\"fr-FR\"},{\"@type\":\"Organization\",\"@id\":\"https:\/\/www.safetylean.com\/fr#organization\",\"name\":\"Safety Lean Consulting\",\"url\":\"https:\/\/www.safetylean.com\/fr\",\"logo\":{\"@type\":\"ImageObject\",\"inLanguage\":\"fr-FR\",\"@id\":\"https:\/\/www.safetylean.com\/fr#\/schema\/logo\/image\/\",\"url\":\"https:\/\/www.safetylean.com\/wp-content\/uploads\/2023\/10\/logo-safety-lean.jpg\",\"contentUrl\":\"https:\/\/www.safetylean.com\/wp-content\/uploads\/2023\/10\/logo-safety-lean.jpg\",\"width\":360,\"height\":120,\"caption\":\"Safety Lean Consulting\"},\"image\":{\"@id\":\"https:\/\/www.safetylean.com\/fr#\/schema\/logo\/image\/\"},\"sameAs\":[\"https:\/\/www.linkedin.com\/company\/safety-lean-consulting\/about\/\"]}]}<\/script>\n<!-- \/ Yoast SEO plugin. -->","yoast_head_json":{"title":"Conseil - Safety Lean Consulting","robots":{"index":"index","follow":"follow","max-snippet":"max-snippet:-1","max-image-preview":"max-image-preview:large","max-video-preview":"max-video-preview:-1"},"canonical":"https:\/\/www.safetylean.com\/fr\/services-quoi\/conseil","og_locale":"fr_FR","og_type":"article","og_title":"Conseil - Safety Lean Consulting","og_description":"Un projet de conseil se d\u00e9roule selon les \u00e9tapes suivantes: 1. Visite Nous \u00e9coutons vos besoins et vos attentes. Nous nous interrogeons sur la ...","og_url":"https:\/\/www.safetylean.com\/fr\/services-quoi\/conseil","og_site_name":"Safety Lean Consulting","article_modified_time":"2023-11-23T16:20:06+00:00","og_image":[{"url":"https:\/\/www.safetylean.com\/wp-content\/uploads\/2023\/11\/consultoria-safetylean01.jpg"}],"twitter_card":"summary_large_image","twitter_misc":{"Dur\u00e9e de lecture estim\u00e9e":"1 minute"},"schema":{"@context":"https:\/\/schema.org","@graph":[{"@type":"WebPage","@id":"https:\/\/www.safetylean.com\/fr\/services-quoi\/conseil","url":"https:\/\/www.safetylean.com\/fr\/services-quoi\/conseil","name":"Conseil - Safety Lean Consulting","isPartOf":{"@id":"https:\/\/www.safetylean.com\/fr#website"},"datePublished":"2023-10-06T05:41:51+00:00","dateModified":"2023-11-23T16:20:06+00:00","breadcrumb":{"@id":"https:\/\/www.safetylean.com\/fr\/services-quoi\/conseil#breadcrumb"},"inLanguage":"fr-FR","potentialAction":[{"@type":"ReadAction","target":["https:\/\/www.safetylean.com\/fr\/services-quoi\/conseil"]}]},{"@type":"BreadcrumbList","@id":"https:\/\/www.safetylean.com\/fr\/services-quoi\/conseil#breadcrumb","itemListElement":[{"@type":"ListItem","position":1,"name":"Portada","item":"https:\/\/www.safetylean.com\/fr"},{"@type":"ListItem","position":2,"name":"Quoi?","item":"https:\/\/www.safetylean.com\/fr\/services-quoi"},{"@type":"ListItem","position":3,"name":"Conseil"}]},{"@type":"WebSite","@id":"https:\/\/www.safetylean.com\/fr#website","url":"https:\/\/www.safetylean.com\/fr","name":"Safety Lean Consulting","description":"Lean Manufacturing &amp; Risk Prevention","publisher":{"@id":"https:\/\/www.safetylean.com\/fr#organization"},"potentialAction":[{"@type":"SearchAction","target":{"@type":"EntryPoint","urlTemplate":"https:\/\/www.safetylean.com\/fr?s={search_term_string}"},"query-input":"required name=search_term_string"}],"inLanguage":"fr-FR"},{"@type":"Organization","@id":"https:\/\/www.safetylean.com\/fr#organization","name":"Safety Lean Consulting","url":"https:\/\/www.safetylean.com\/fr","logo":{"@type":"ImageObject","inLanguage":"fr-FR","@id":"https:\/\/www.safetylean.com\/fr#\/schema\/logo\/image\/","url":"https:\/\/www.safetylean.com\/wp-content\/uploads\/2023\/10\/logo-safety-lean.jpg","contentUrl":"https:\/\/www.safetylean.com\/wp-content\/uploads\/2023\/10\/logo-safety-lean.jpg","width":360,"height":120,"caption":"Safety Lean Consulting"},"image":{"@id":"https:\/\/www.safetylean.com\/fr#\/schema\/logo\/image\/"},"sameAs":["https:\/\/www.linkedin.com\/company\/safety-lean-consulting\/about\/"]}]}},"_links":{"self":[{"href":"https:\/\/www.safetylean.com\/fr\/wp-json\/wp\/v2\/pages\/1907","targetHints":{"allow":["GET"]}}],"collection":[{"href":"https:\/\/www.safetylean.com\/fr\/wp-json\/wp\/v2\/pages"}],"about":[{"href":"https:\/\/www.safetylean.com\/fr\/wp-json\/wp\/v2\/types\/page"}],"author":[{"embeddable":true,"href":"https:\/\/www.safetylean.com\/fr\/wp-json\/wp\/v2\/users\/1"}],"replies":[{"embeddable":true,"href":"https:\/\/www.safetylean.com\/fr\/wp-json\/wp\/v2\/comments?post=1907"}],"version-history":[{"count":2,"href":"https:\/\/www.safetylean.com\/fr\/wp-json\/wp\/v2\/pages\/1907\/revisions"}],"predecessor-version":[{"id":1990,"href":"https:\/\/www.safetylean.com\/fr\/wp-json\/wp\/v2\/pages\/1907\/revisions\/1990"}],"up":[{"embeddable":true,"href":"https:\/\/www.safetylean.com\/fr\/wp-json\/wp\/v2\/pages\/1893"}],"wp:attachment":[{"href":"https:\/\/www.safetylean.com\/fr\/wp-json\/wp\/v2\/media?parent=1907"}],"curies":[{"name":"wp","href":"https:\/\/api.w.org\/{rel}","templated":true}]}}