{"id":1893,"date":"2023-10-05T11:13:55","date_gmt":"2023-10-05T09:13:55","guid":{"rendered":"https:\/\/www.safetylean.com\/servicios-que"},"modified":"2023-11-23T17:08:35","modified_gmt":"2023-11-23T16:08:35","slug":"services-quoi","status":"publish","type":"page","link":"https:\/\/www.safetylean.com\/fr\/services-quoi","title":{"rendered":"Quoi?"},"content":{"rendered":"\n<div class=\"wp-block-columns is-layout-flex wp-container-core-columns-is-layout-28f84493 wp-block-columns-is-layout-flex\">\n<div class=\"wp-block-column is-layout-flow wp-block-column-is-layout-flow\">\n<h3 class=\"wp-block-heading\"><strong><strong>Formation, diagnostic, audit &amp; conseil.<\/strong><\/strong><\/h3>\n<\/div>\n<\/div>\n\n\n\n<ul class=\"wp-block-list\">\n<li><a href=\"https:\/\/www.safetylean.com\/fr\/services-quoi\/formation\"><strong>formation<\/strong><\/a><strong>:<\/strong> pour donner les ressources n\u00e9cessaires \u00e0 vos \u00e9quipes<\/li>\n\n\n\n<li><strong><a href=\"https:\/\/www.safetylean.com\/fr\/services-quoi\/diagnostic\">diagnostic<\/a>, <a href=\"https:\/\/www.safetylean.com\/fr\/services-quoi\/diagnostic\">audit<\/a><\/strong>: pour d\u00e9finir o\u00f9 nous sommes et o\u00f9 nous voulons aller<\/li>\n\n\n\n<li><a href=\"https:\/\/www.safetylean.com\/fr\/services-quoi\/conseil\"><strong>conseil<\/strong><\/a>: pour vous accompagner \u00e0 mettre en pratique les outils<\/li>\n<\/ul>\n\n\n\n<div style=\"height:20px\" aria-hidden=\"true\" class=\"wp-block-spacer\"><\/div>\n\n\n\n<div class=\"wp-block-columns is-layout-flex wp-container-core-columns-is-layout-28f84493 wp-block-columns-is-layout-flex\">\n<div class=\"wp-block-column has-cnt-bg-color has-cnt-background-color has-text-color has-background has-link-color wp-elements-99d0fc6dabaa7f2085f9a1520c237e3d is-layout-flow wp-block-column-is-layout-flow\">\n<figure class=\"wp-block-image aligncenter size-full\"><a href=\"https:\/\/www.safetylean.com\/fr\/services-quoi\/formation\"><img decoding=\"async\" src=\"data:image\/svg+xml,%3Csvg%20width%3D%22900%22%20height%3D%22600%22%20xmlns%3D%22http:\/\/www.w3.org\/2000\/svg%22%20viewBox%3D%220%200%20900%20600%22%3E%3C\/svg%3E\" alt class=\"wp-image-1125 fy-content__image fy-lazy js-lazy\" style=\"object-fit:contain\" width=\"900\" height=\"600\" data-src=\"https:\/\/www.safetylean.com\/wp-content\/uploads\/2023\/10\/formacion-safetylean.jpg\"><div class=\"fy-image-loading fy-image-loading--skeleton\" aria-hidden=\"true\"><\/div><\/a><\/figure>\n\n\n\n<h3 class=\"wp-block-heading has-text-align-center\"><a href=\"https:\/\/www.safetylean.com\/fr\/services-quoi\/formation\">Formation<\/a><\/h3>\n<\/div>\n\n\n\n<div class=\"wp-block-column has-cnt-bg-color has-cnt-background-color has-text-color has-background has-link-color wp-elements-42cb7d0c03c7f4c2a135d96e2c80cb6a is-layout-flow wp-block-column-is-layout-flow\">\n<figure class=\"wp-block-image aligncenter size-full\"><a href=\"https:\/\/www.safetylean.com\/fr\/services-quoi\/diagnostic\"><img decoding=\"async\" src=\"data:image\/svg+xml,%3Csvg%20width%3D%22900%22%20height%3D%22600%22%20xmlns%3D%22http:\/\/www.w3.org\/2000\/svg%22%20viewBox%3D%220%200%20900%20600%22%3E%3C\/svg%3E\" alt class=\"wp-image-1122 fy-content__image fy-lazy js-lazy\" style=\"object-fit:contain\" width=\"900\" height=\"600\" data-src=\"https:\/\/www.safetylean.com\/wp-content\/uploads\/2023\/10\/diagnostico-safetylean.jpg\"><div class=\"fy-image-loading fy-image-loading--skeleton\" aria-hidden=\"true\"><\/div><\/a><\/figure>\n\n\n\n<h3 class=\"wp-block-heading has-text-align-center\"><a href=\"https:\/\/www.safetylean.com\/fr\/services-quoi\/diagnostic\">Diagnostic<\/a><\/h3>\n<\/div>\n\n\n\n<div class=\"wp-block-column has-cnt-bg-color has-cnt-background-color has-text-color has-background has-link-color wp-elements-4ec2dbfa8299628b80fbe9cb5e68b31d is-layout-flow wp-block-column-is-layout-flow\">\n<figure class=\"wp-block-image aligncenter size-full\"><a href=\"https:\/\/www.safetylean.com\/fr\/services-quoi\/conseil\"><img decoding=\"async\" src=\"data:image\/svg+xml,%3Csvg%20width%3D%22900%22%20height%3D%22600%22%20xmlns%3D%22http:\/\/www.w3.org\/2000\/svg%22%20viewBox%3D%220%200%20900%20600%22%3E%3C\/svg%3E\" alt class=\"wp-image-1127 fy-content__image fy-lazy js-lazy\" style=\"object-fit:contain\" width=\"900\" height=\"600\" data-src=\"https:\/\/www.safetylean.com\/wp-content\/uploads\/2023\/10\/consultoria-safetylean.jpg\"><div class=\"fy-image-loading fy-image-loading--skeleton\" aria-hidden=\"true\"><\/div><\/a><\/figure>\n\n\n\n<h3 class=\"wp-block-heading has-text-align-center\"><a href=\"https:\/\/www.safetylean.com\/fr\/services-quoi\/conseil\">Conseil<\/a><\/h3>\n<\/div>\n<\/div>\n","protected":false},"excerpt":{"rendered":"<p>Formation, diagnostic, audit &amp; conseil. Formation Diagnostic Conseil<\/p>\n","protected":false},"author":1,"featured_media":0,"parent":0,"menu_order":0,"comment_status":"closed","ping_status":"closed","template":"","meta":{"footnotes":""},"class_list":["post-1893","page","type-page","status-publish","hentry"],"yoast_head":"<!-- This site is optimized with the Yoast SEO plugin v21.5 - https:\/\/yoast.com\/wordpress\/plugins\/seo\/ -->\n<title>Quoi? - Safety Lean Consulting<\/title>\n<meta name=\"robots\" content=\"index, follow, max-snippet:-1, max-image-preview:large, max-video-preview:-1\" \/>\n<link rel=\"canonical\" href=\"https:\/\/www.safetylean.com\/fr\/services-quoi\" \/>\n<meta property=\"og:locale\" content=\"fr_FR\" \/>\n<meta property=\"og:type\" content=\"article\" \/>\n<meta property=\"og:title\" content=\"Quoi? - Safety Lean Consulting\" \/>\n<meta property=\"og:description\" content=\"Formation, diagnostic, audit &amp; conseil. Formation Diagnostic Conseil\" \/>\n<meta property=\"og:url\" content=\"https:\/\/www.safetylean.com\/fr\/services-quoi\" \/>\n<meta property=\"og:site_name\" content=\"Safety Lean Consulting\" \/>\n<meta property=\"article:modified_time\" content=\"2023-11-23T16:08:35+00:00\" \/>\n<meta property=\"og:image\" content=\"https:\/\/www.safetylean.com\/wp-content\/uploads\/2023\/10\/formacion-safetylean.jpg\" \/>\n<meta name=\"twitter:card\" content=\"summary_large_image\" \/>\n<meta name=\"twitter:label1\" content=\"Dur\u00e9e de lecture estim\u00e9e\" \/>\n\t<meta name=\"twitter:data1\" content=\"1 minute\" \/>\n<script type=\"application\/ld+json\" class=\"yoast-schema-graph\">{\"@context\":\"https:\/\/schema.org\",\"@graph\":[{\"@type\":\"WebPage\",\"@id\":\"https:\/\/www.safetylean.com\/fr\/services-quoi\",\"url\":\"https:\/\/www.safetylean.com\/fr\/services-quoi\",\"name\":\"Quoi? - Safety Lean Consulting\",\"isPartOf\":{\"@id\":\"https:\/\/www.safetylean.com\/fr#website\"},\"datePublished\":\"2023-10-05T09:13:55+00:00\",\"dateModified\":\"2023-11-23T16:08:35+00:00\",\"breadcrumb\":{\"@id\":\"https:\/\/www.safetylean.com\/fr\/services-quoi#breadcrumb\"},\"inLanguage\":\"fr-FR\",\"potentialAction\":[{\"@type\":\"ReadAction\",\"target\":[\"https:\/\/www.safetylean.com\/fr\/services-quoi\"]}]},{\"@type\":\"BreadcrumbList\",\"@id\":\"https:\/\/www.safetylean.com\/fr\/services-quoi#breadcrumb\",\"itemListElement\":[{\"@type\":\"ListItem\",\"position\":1,\"name\":\"Portada\",\"item\":\"https:\/\/www.safetylean.com\/fr\"},{\"@type\":\"ListItem\",\"position\":2,\"name\":\"Quoi?\"}]},{\"@type\":\"WebSite\",\"@id\":\"https:\/\/www.safetylean.com\/fr#website\",\"url\":\"https:\/\/www.safetylean.com\/fr\",\"name\":\"Safety Lean Consulting\",\"description\":\"Lean Manufacturing &amp; Risk Prevention\",\"publisher\":{\"@id\":\"https:\/\/www.safetylean.com\/fr#organization\"},\"potentialAction\":[{\"@type\":\"SearchAction\",\"target\":{\"@type\":\"EntryPoint\",\"urlTemplate\":\"https:\/\/www.safetylean.com\/fr?s={search_term_string}\"},\"query-input\":\"required name=search_term_string\"}],\"inLanguage\":\"fr-FR\"},{\"@type\":\"Organization\",\"@id\":\"https:\/\/www.safetylean.com\/fr#organization\",\"name\":\"Safety Lean Consulting\",\"url\":\"https:\/\/www.safetylean.com\/fr\",\"logo\":{\"@type\":\"ImageObject\",\"inLanguage\":\"fr-FR\",\"@id\":\"https:\/\/www.safetylean.com\/fr#\/schema\/logo\/image\/\",\"url\":\"https:\/\/www.safetylean.com\/wp-content\/uploads\/2023\/10\/logo-safety-lean.jpg\",\"contentUrl\":\"https:\/\/www.safetylean.com\/wp-content\/uploads\/2023\/10\/logo-safety-lean.jpg\",\"width\":360,\"height\":120,\"caption\":\"Safety Lean Consulting\"},\"image\":{\"@id\":\"https:\/\/www.safetylean.com\/fr#\/schema\/logo\/image\/\"},\"sameAs\":[\"https:\/\/www.linkedin.com\/company\/safety-lean-consulting\/about\/\"]}]}<\/script>\n<!-- \/ Yoast SEO plugin. -->","yoast_head_json":{"title":"Quoi? - Safety Lean Consulting","robots":{"index":"index","follow":"follow","max-snippet":"max-snippet:-1","max-image-preview":"max-image-preview:large","max-video-preview":"max-video-preview:-1"},"canonical":"https:\/\/www.safetylean.com\/fr\/services-quoi","og_locale":"fr_FR","og_type":"article","og_title":"Quoi? - Safety Lean Consulting","og_description":"Formation, diagnostic, audit &amp; conseil. Formation Diagnostic Conseil","og_url":"https:\/\/www.safetylean.com\/fr\/services-quoi","og_site_name":"Safety Lean Consulting","article_modified_time":"2023-11-23T16:08:35+00:00","og_image":[{"url":"https:\/\/www.safetylean.com\/wp-content\/uploads\/2023\/10\/formacion-safetylean.jpg"}],"twitter_card":"summary_large_image","twitter_misc":{"Dur\u00e9e de lecture estim\u00e9e":"1 minute"},"schema":{"@context":"https:\/\/schema.org","@graph":[{"@type":"WebPage","@id":"https:\/\/www.safetylean.com\/fr\/services-quoi","url":"https:\/\/www.safetylean.com\/fr\/services-quoi","name":"Quoi? - Safety Lean Consulting","isPartOf":{"@id":"https:\/\/www.safetylean.com\/fr#website"},"datePublished":"2023-10-05T09:13:55+00:00","dateModified":"2023-11-23T16:08:35+00:00","breadcrumb":{"@id":"https:\/\/www.safetylean.com\/fr\/services-quoi#breadcrumb"},"inLanguage":"fr-FR","potentialAction":[{"@type":"ReadAction","target":["https:\/\/www.safetylean.com\/fr\/services-quoi"]}]},{"@type":"BreadcrumbList","@id":"https:\/\/www.safetylean.com\/fr\/services-quoi#breadcrumb","itemListElement":[{"@type":"ListItem","position":1,"name":"Portada","item":"https:\/\/www.safetylean.com\/fr"},{"@type":"ListItem","position":2,"name":"Quoi?"}]},{"@type":"WebSite","@id":"https:\/\/www.safetylean.com\/fr#website","url":"https:\/\/www.safetylean.com\/fr","name":"Safety Lean Consulting","description":"Lean Manufacturing &amp; Risk Prevention","publisher":{"@id":"https:\/\/www.safetylean.com\/fr#organization"},"potentialAction":[{"@type":"SearchAction","target":{"@type":"EntryPoint","urlTemplate":"https:\/\/www.safetylean.com\/fr?s={search_term_string}"},"query-input":"required name=search_term_string"}],"inLanguage":"fr-FR"},{"@type":"Organization","@id":"https:\/\/www.safetylean.com\/fr#organization","name":"Safety Lean Consulting","url":"https:\/\/www.safetylean.com\/fr","logo":{"@type":"ImageObject","inLanguage":"fr-FR","@id":"https:\/\/www.safetylean.com\/fr#\/schema\/logo\/image\/","url":"https:\/\/www.safetylean.com\/wp-content\/uploads\/2023\/10\/logo-safety-lean.jpg","contentUrl":"https:\/\/www.safetylean.com\/wp-content\/uploads\/2023\/10\/logo-safety-lean.jpg","width":360,"height":120,"caption":"Safety Lean Consulting"},"image":{"@id":"https:\/\/www.safetylean.com\/fr#\/schema\/logo\/image\/"},"sameAs":["https:\/\/www.linkedin.com\/company\/safety-lean-consulting\/about\/"]}]}},"_links":{"self":[{"href":"https:\/\/www.safetylean.com\/fr\/wp-json\/wp\/v2\/pages\/1893","targetHints":{"allow":["GET"]}}],"collection":[{"href":"https:\/\/www.safetylean.com\/fr\/wp-json\/wp\/v2\/pages"}],"about":[{"href":"https:\/\/www.safetylean.com\/fr\/wp-json\/wp\/v2\/types\/page"}],"author":[{"embeddable":true,"href":"https:\/\/www.safetylean.com\/fr\/wp-json\/wp\/v2\/users\/1"}],"replies":[{"embeddable":true,"href":"https:\/\/www.safetylean.com\/fr\/wp-json\/wp\/v2\/comments?post=1893"}],"version-history":[{"count":1,"href":"https:\/\/www.safetylean.com\/fr\/wp-json\/wp\/v2\/pages\/1893\/revisions"}],"predecessor-version":[{"id":1984,"href":"https:\/\/www.safetylean.com\/fr\/wp-json\/wp\/v2\/pages\/1893\/revisions\/1984"}],"wp:attachment":[{"href":"https:\/\/www.safetylean.com\/fr\/wp-json\/wp\/v2\/media?parent=1893"}],"curies":[{"name":"wp","href":"https:\/\/api.w.org\/{rel}","templated":true}]}}