{"id":1887,"date":"2023-10-06T07:39:09","date_gmt":"2023-10-06T05:39:09","guid":{"rendered":"https:\/\/www.safetylean.com\/herramientas-como\/gestion-del-cambio"},"modified":"2023-11-23T16:59:41","modified_gmt":"2023-11-23T15:59:41","slug":"gestion-du-changement","status":"publish","type":"page","link":"https:\/\/www.safetylean.com\/fr\/outils-comment\/gestion-du-changement","title":{"rendered":"Gestion du changement"},"content":{"rendered":"\n<div class=\"wp-block-columns is-layout-flex wp-container-core-columns-is-layout-28f84493 wp-block-columns-is-layout-flex\">\n<div class=\"wp-block-column is-layout-flow wp-block-column-is-layout-flow\" style=\"flex-basis:100%\">\n<div class=\"wp-block-group is-layout-constrained wp-block-group-is-layout-constrained\">\n<div class=\"wp-block-columns is-layout-flex wp-container-core-columns-is-layout-28f84493 wp-block-columns-is-layout-flex\">\n<div class=\"wp-block-column is-layout-flow wp-block-column-is-layout-flow\" style=\"flex-basis:100%\">\n<p>H\u00e9raclite le disait d\u00e9j\u00e0 il y a plus de 2 500 ans: \u00ab la r\u00e9alit\u00e9 est contradictoire, variable, changeante \u00bb. Et aujourd\u2019hui, ces changements deviennent plus rapides et plus fr\u00e9quents.<\/p>\n\n\n\n<p>Et il ne faut pas oublier qu&#8217;\u00e0 chaque fois que nous mettons en place une nouvelle organisation, une nouvelle machine ou un nouveau processus, nous changeons le statu quo et c&#8217;est la nature humaine de r\u00e9sister au changement: tout changement nous oblige \u00e0 sortir de notre zone de confort pour aller vers l&#8217;inconnu. Cela g\u00e9n\u00e8re de l&#8217;incertitude, de la peur, du stress. De plus, chaque personne est diff\u00e9rente et r\u00e9agira donc diff\u00e9remment face \u00e0 une m\u00eame situation.<\/p>\n\n\n\n<div class=\"wp-block-columns is-layout-flex wp-container-core-columns-is-layout-28f84493 wp-block-columns-is-layout-flex\">\n<div class=\"wp-block-column is-vertically-aligned-center is-layout-flow wp-block-column-is-layout-flow\">\n<p><br><strong>Accompagner le processus de changement est le secret de la r\u00e9ussite:<\/strong><\/p>\n\n\n\n<ul class=\"wp-block-list\">\n<li>comprendre les raisons de certains comportements,<\/li>\n\n\n\n<li>savoir agir \u00e0 tout moment pour vaincre les r\u00e9sistances au changement,<\/li>\n\n\n\n<li>communiquer efficacement<\/li>\n\n\n\n<li>et donner le temps n\u00e9cessaire \u00e0 une adaptation optimale \u00e0 la nouvelle situation.<\/li>\n<\/ul>\n\n\n\n<p>La bonne nouvelle est qu\u2019il existe des outils pour devenir un gestionnaire du changement. Des outils utiles non seulement dans l\u2019environnement de travail mais aussi dans l\u2019environnement personnel.<br><\/p>\n\n\n\n<p>Et ces outils peuvent constituer une \u00e9tape suppl\u00e9mentaire sur la voie de l\u2019am\u00e9lioration continue ou un voyage en soi.<\/p>\n\n\n\n<p>Nous pouvons vous aider en formant votre personnel, de mani\u00e8re th\u00e9orique et pratique, en recr\u00e9ant des situations avec des jeux de r\u00f4le pour analyser leur comportement et voir comment l&#8217;am\u00e9liorer.<\/p>\n<\/div>\n\n\n\n<div class=\"wp-block-column is-vertically-aligned-center is-layout-flow wp-block-column-is-layout-flow\">\n<figure class=\"wp-block-image size-full\"><img decoding=\"async\" src=\"data:image\/svg+xml,%3Csvg%20width%3D%22900%22%20height%3D%22600%22%20xmlns%3D%22http:\/\/www.w3.org\/2000\/svg%22%20viewBox%3D%220%200%20900%20600%22%3E%3C\/svg%3E\" alt class=\"wp-image-1134 fy-content__image fy-lazy js-lazy\" width=\"900\" height=\"600\" data-src=\"https:\/\/www.safetylean.com\/wp-content\/uploads\/2023\/10\/gestion-cambio.jpg\"><div class=\"fy-image-loading fy-image-loading--skeleton\" aria-hidden=\"true\"><\/div><\/figure>\n<\/div>\n<\/div>\n\n\n\n<div class=\"wp-block-columns is-layout-flex wp-container-core-columns-is-layout-28f84493 wp-block-columns-is-layout-flex\">\n<div class=\"wp-block-column is-layout-flow wp-block-column-is-layout-flow\">\n<div style=\"height:10px\" aria-hidden=\"true\" class=\"wp-block-spacer\"><\/div>\n\n\n\n<figure class=\"wp-block-table is-style-stripes\"><table style=\"border-width:2px\"><tbody><tr><td><strong><em><strong><em>Objectif<\/em><\/strong><\/em><\/strong><\/td><td><strong><em><strong><em>Outils<\/em><\/strong><\/em><\/strong><\/td><\/tr><tr><td>Comprendre le comportement humain<\/td><td>ABC \/ Fonctionnement du cerveau humain \/ Courbe d\u2019adaptation au changement \/ Mod\u00e8le de diffusion des innovations \/ Mod\u00e8le PAN \/ Facteurs humains<\/td><\/tr><tr><td>Savoir comment agir<\/td><td>SVP \/ P\u00e9dagogie &#8211; Exigence &#8211; Autorit\u00e9<\/td><\/tr><tr><td>Communiquer de mani\u00e8re efficace<\/td><td>Quoi &#8211; Comment &#8211; Pourquoi? \/ La communication non violente \/ Les 5 \u00e9tapes de la communication<\/td><\/tr><\/tbody><\/table><\/figure>\n<\/div>\n<\/div>\n<\/div>\n<\/div>\n<\/div>\n<\/div>\n<\/div>\n","protected":false},"excerpt":{"rendered":"<p>H\u00e9raclite le disait d\u00e9j\u00e0 il y a plus de 2 500 ans: \u00ab la r\u00e9alit\u00e9 est contradictoire, variable, changeante \u00bb. Et aujourd\u2019hui, ces changements &#8230;<\/p>\n","protected":false},"author":1,"featured_media":0,"parent":1864,"menu_order":0,"comment_status":"closed","ping_status":"closed","template":"","meta":{"footnotes":""},"class_list":["post-1887","page","type-page","status-publish","hentry"],"yoast_head":"<!-- This site is optimized with the Yoast SEO plugin v21.5 - https:\/\/yoast.com\/wordpress\/plugins\/seo\/ -->\n<title>Gestion du changement - Safety Lean Consulting<\/title>\n<meta name=\"robots\" content=\"index, follow, max-snippet:-1, max-image-preview:large, max-video-preview:-1\" \/>\n<link rel=\"canonical\" href=\"https:\/\/www.safetylean.com\/fr\/outils-comment\/gestion-du-changement\" \/>\n<meta property=\"og:locale\" content=\"fr_FR\" \/>\n<meta property=\"og:type\" content=\"article\" \/>\n<meta property=\"og:title\" content=\"Gestion du changement - Safety Lean Consulting\" \/>\n<meta property=\"og:description\" content=\"H\u00e9raclite le disait d\u00e9j\u00e0 il y a plus de 2 500 ans: \u00ab la r\u00e9alit\u00e9 est contradictoire, variable, changeante \u00bb. Et aujourd\u2019hui, ces changements ...\" \/>\n<meta property=\"og:url\" content=\"https:\/\/www.safetylean.com\/fr\/outils-comment\/gestion-du-changement\" \/>\n<meta property=\"og:site_name\" content=\"Safety Lean Consulting\" \/>\n<meta property=\"article:modified_time\" content=\"2023-11-23T15:59:41+00:00\" \/>\n<meta property=\"og:image\" content=\"https:\/\/www.safetylean.com\/wp-content\/uploads\/2023\/10\/gestion-cambio.jpg\" \/>\n<meta name=\"twitter:card\" content=\"summary_large_image\" \/>\n<meta name=\"twitter:label1\" content=\"Dur\u00e9e de lecture estim\u00e9e\" \/>\n\t<meta name=\"twitter:data1\" content=\"2 minutes\" \/>\n<script type=\"application\/ld+json\" class=\"yoast-schema-graph\">{\"@context\":\"https:\/\/schema.org\",\"@graph\":[{\"@type\":\"WebPage\",\"@id\":\"https:\/\/www.safetylean.com\/fr\/outils-comment\/gestion-du-changement\",\"url\":\"https:\/\/www.safetylean.com\/fr\/outils-comment\/gestion-du-changement\",\"name\":\"Gestion du changement - Safety Lean Consulting\",\"isPartOf\":{\"@id\":\"https:\/\/www.safetylean.com\/fr#website\"},\"datePublished\":\"2023-10-06T05:39:09+00:00\",\"dateModified\":\"2023-11-23T15:59:41+00:00\",\"breadcrumb\":{\"@id\":\"https:\/\/www.safetylean.com\/fr\/outils-comment\/gestion-du-changement#breadcrumb\"},\"inLanguage\":\"fr-FR\",\"potentialAction\":[{\"@type\":\"ReadAction\",\"target\":[\"https:\/\/www.safetylean.com\/fr\/outils-comment\/gestion-du-changement\"]}]},{\"@type\":\"BreadcrumbList\",\"@id\":\"https:\/\/www.safetylean.com\/fr\/outils-comment\/gestion-du-changement#breadcrumb\",\"itemListElement\":[{\"@type\":\"ListItem\",\"position\":1,\"name\":\"Portada\",\"item\":\"https:\/\/www.safetylean.com\/fr\"},{\"@type\":\"ListItem\",\"position\":2,\"name\":\"Comment?\",\"item\":\"https:\/\/www.safetylean.com\/fr\/outils-comment\"},{\"@type\":\"ListItem\",\"position\":3,\"name\":\"Gestion du changement\"}]},{\"@type\":\"WebSite\",\"@id\":\"https:\/\/www.safetylean.com\/fr#website\",\"url\":\"https:\/\/www.safetylean.com\/fr\",\"name\":\"Safety Lean Consulting\",\"description\":\"Lean Manufacturing &amp; Risk Prevention\",\"publisher\":{\"@id\":\"https:\/\/www.safetylean.com\/fr#organization\"},\"potentialAction\":[{\"@type\":\"SearchAction\",\"target\":{\"@type\":\"EntryPoint\",\"urlTemplate\":\"https:\/\/www.safetylean.com\/fr?s={search_term_string}\"},\"query-input\":\"required name=search_term_string\"}],\"inLanguage\":\"fr-FR\"},{\"@type\":\"Organization\",\"@id\":\"https:\/\/www.safetylean.com\/fr#organization\",\"name\":\"Safety Lean Consulting\",\"url\":\"https:\/\/www.safetylean.com\/fr\",\"logo\":{\"@type\":\"ImageObject\",\"inLanguage\":\"fr-FR\",\"@id\":\"https:\/\/www.safetylean.com\/fr#\/schema\/logo\/image\/\",\"url\":\"https:\/\/www.safetylean.com\/wp-content\/uploads\/2023\/10\/logo-safety-lean.jpg\",\"contentUrl\":\"https:\/\/www.safetylean.com\/wp-content\/uploads\/2023\/10\/logo-safety-lean.jpg\",\"width\":360,\"height\":120,\"caption\":\"Safety Lean Consulting\"},\"image\":{\"@id\":\"https:\/\/www.safetylean.com\/fr#\/schema\/logo\/image\/\"},\"sameAs\":[\"https:\/\/www.linkedin.com\/company\/safety-lean-consulting\/about\/\"]}]}<\/script>\n<!-- \/ Yoast SEO plugin. -->","yoast_head_json":{"title":"Gestion du changement - Safety Lean Consulting","robots":{"index":"index","follow":"follow","max-snippet":"max-snippet:-1","max-image-preview":"max-image-preview:large","max-video-preview":"max-video-preview:-1"},"canonical":"https:\/\/www.safetylean.com\/fr\/outils-comment\/gestion-du-changement","og_locale":"fr_FR","og_type":"article","og_title":"Gestion du changement - Safety Lean Consulting","og_description":"H\u00e9raclite le disait d\u00e9j\u00e0 il y a plus de 2 500 ans: \u00ab la r\u00e9alit\u00e9 est contradictoire, variable, changeante \u00bb. Et aujourd\u2019hui, ces changements ...","og_url":"https:\/\/www.safetylean.com\/fr\/outils-comment\/gestion-du-changement","og_site_name":"Safety Lean Consulting","article_modified_time":"2023-11-23T15:59:41+00:00","og_image":[{"url":"https:\/\/www.safetylean.com\/wp-content\/uploads\/2023\/10\/gestion-cambio.jpg"}],"twitter_card":"summary_large_image","twitter_misc":{"Dur\u00e9e de lecture estim\u00e9e":"2 minutes"},"schema":{"@context":"https:\/\/schema.org","@graph":[{"@type":"WebPage","@id":"https:\/\/www.safetylean.com\/fr\/outils-comment\/gestion-du-changement","url":"https:\/\/www.safetylean.com\/fr\/outils-comment\/gestion-du-changement","name":"Gestion du changement - Safety Lean Consulting","isPartOf":{"@id":"https:\/\/www.safetylean.com\/fr#website"},"datePublished":"2023-10-06T05:39:09+00:00","dateModified":"2023-11-23T15:59:41+00:00","breadcrumb":{"@id":"https:\/\/www.safetylean.com\/fr\/outils-comment\/gestion-du-changement#breadcrumb"},"inLanguage":"fr-FR","potentialAction":[{"@type":"ReadAction","target":["https:\/\/www.safetylean.com\/fr\/outils-comment\/gestion-du-changement"]}]},{"@type":"BreadcrumbList","@id":"https:\/\/www.safetylean.com\/fr\/outils-comment\/gestion-du-changement#breadcrumb","itemListElement":[{"@type":"ListItem","position":1,"name":"Portada","item":"https:\/\/www.safetylean.com\/fr"},{"@type":"ListItem","position":2,"name":"Comment?","item":"https:\/\/www.safetylean.com\/fr\/outils-comment"},{"@type":"ListItem","position":3,"name":"Gestion du changement"}]},{"@type":"WebSite","@id":"https:\/\/www.safetylean.com\/fr#website","url":"https:\/\/www.safetylean.com\/fr","name":"Safety Lean Consulting","description":"Lean Manufacturing &amp; Risk Prevention","publisher":{"@id":"https:\/\/www.safetylean.com\/fr#organization"},"potentialAction":[{"@type":"SearchAction","target":{"@type":"EntryPoint","urlTemplate":"https:\/\/www.safetylean.com\/fr?s={search_term_string}"},"query-input":"required name=search_term_string"}],"inLanguage":"fr-FR"},{"@type":"Organization","@id":"https:\/\/www.safetylean.com\/fr#organization","name":"Safety Lean Consulting","url":"https:\/\/www.safetylean.com\/fr","logo":{"@type":"ImageObject","inLanguage":"fr-FR","@id":"https:\/\/www.safetylean.com\/fr#\/schema\/logo\/image\/","url":"https:\/\/www.safetylean.com\/wp-content\/uploads\/2023\/10\/logo-safety-lean.jpg","contentUrl":"https:\/\/www.safetylean.com\/wp-content\/uploads\/2023\/10\/logo-safety-lean.jpg","width":360,"height":120,"caption":"Safety Lean Consulting"},"image":{"@id":"https:\/\/www.safetylean.com\/fr#\/schema\/logo\/image\/"},"sameAs":["https:\/\/www.linkedin.com\/company\/safety-lean-consulting\/about\/"]}]}},"_links":{"self":[{"href":"https:\/\/www.safetylean.com\/fr\/wp-json\/wp\/v2\/pages\/1887","targetHints":{"allow":["GET"]}}],"collection":[{"href":"https:\/\/www.safetylean.com\/fr\/wp-json\/wp\/v2\/pages"}],"about":[{"href":"https:\/\/www.safetylean.com\/fr\/wp-json\/wp\/v2\/types\/page"}],"author":[{"embeddable":true,"href":"https:\/\/www.safetylean.com\/fr\/wp-json\/wp\/v2\/users\/1"}],"replies":[{"embeddable":true,"href":"https:\/\/www.safetylean.com\/fr\/wp-json\/wp\/v2\/comments?post=1887"}],"version-history":[{"count":1,"href":"https:\/\/www.safetylean.com\/fr\/wp-json\/wp\/v2\/pages\/1887\/revisions"}],"predecessor-version":[{"id":1982,"href":"https:\/\/www.safetylean.com\/fr\/wp-json\/wp\/v2\/pages\/1887\/revisions\/1982"}],"up":[{"embeddable":true,"href":"https:\/\/www.safetylean.com\/fr\/wp-json\/wp\/v2\/pages\/1864"}],"wp:attachment":[{"href":"https:\/\/www.safetylean.com\/fr\/wp-json\/wp\/v2\/media?parent=1887"}],"curies":[{"name":"wp","href":"https:\/\/api.w.org\/{rel}","templated":true}]}}