{"id":1877,"date":"2023-10-06T07:38:39","date_gmt":"2023-10-06T05:38:39","guid":{"rendered":"https:\/\/www.safetylean.com\/herramientas-como\/lean"},"modified":"2023-11-23T16:56:06","modified_gmt":"2023-11-23T15:56:06","slug":"lean","status":"publish","type":"page","link":"https:\/\/www.safetylean.com\/fr\/outils-comment\/lean","title":{"rendered":"Lean"},"content":{"rendered":"\n<p>Le Lean thinking est une philosophie qui recherche l&#8217;am\u00e9lioration continue, en \u00e9liminant les MUDA (op\u00e9rations sans valeur ajout\u00e9e) des processus. Il existe des m\u00e9thodes et des outils pour cela.<\/p>\n\n\n\n<p>Elle peut \u00eatre appliqu\u00e9e dans tous les types d\u2019entreprises (pas seulement dans les usines). Mais il y a une logique et un ordre dans sa mise en \u0153uvre.<\/p>\n\n\n\n<div class=\"wp-block-columns is-layout-flex wp-container-core-columns-is-layout-6880d07a wp-block-columns-is-layout-flex\" style=\"padding-top:0;padding-bottom:0\">\n<div class=\"wp-block-column is-layout-flow wp-block-column-is-layout-flow\">\n<ul class=\"wp-block-list\">\n<li><strong>D\u00e9finir<\/strong> la mission, la vision, la strat\u00e9gie \u2026\n<ul class=\"wp-block-list\">\n<li>D\u00e9finir ce qu&#8217;est la \u00ab <strong>valeur<\/strong> \u00bb pour nos clients<\/li>\n<\/ul>\n<\/li>\n\n\n\n<li>Cr\u00e9er une <strong>\u00e9quipe<\/strong> d\u2019am\u00e9lioration continue\n<ul class=\"wp-block-list\">\n<li><strong>Former<\/strong> les personnes n\u00e9cessaires<\/li>\n\n\n\n<li><strong>Communiquer<\/strong> \u00e0 l\u2019ensemble de l\u2019organisation<\/li>\n<\/ul>\n<\/li>\n\n\n\n<li>D\u00e9finir la cha\u00eene de valeur (VSM \/ Logigramme)<\/li>\n\n\n\n<li>\u0e4fS\u00e9lectionnez une zone <strong>pilote<\/strong> o\u00f9 commencer \u00e0 mettre en \u0153uvre les outils<\/li>\n\n\n\n<li>Commencez par les outils de <strong>base<\/strong>\n<ul class=\"wp-block-list\">\n<li>5S et management visuel<\/li>\n\n\n\n<li><span style=\"background-color: var(--fy--content-color-background); color: var(--fy--content-color); font-family: var(--fy--font-secondary); font-size: var(--fy--font-size-base); font-weight: var(--fy--font-weight); letter-spacing: var(--fy--letter-spacing); text-transform: var(--fy--text-transform);\">Normes &amp; standards<\/span><\/li>\n\n\n\n<li>\u2022KPI et Animation de Ligne (\u00e9quipes autonomes)<\/li>\n\n\n\n<li><span style=\"background-color: var(--fy--content-color-background); color: var(--fy--content-color); font-family: var(--fy--font-secondary); font-size: var(--fy--font-size-base); font-weight: var(--fy--font-weight); letter-spacing: var(--fy--letter-spacing); text-transform: var(--fy--text-transform);\">R\u00e9solution de probl\u00e8mes<\/span><\/li>\n<\/ul>\n<\/li>\n\n\n\n<li>Continuez avec les outils qui correspondent le mieux aux points que vous souhaitez am\u00e9liorer: qualit\u00e9, productivit\u00e9, logistique, motivation des \u00e9quipes&#8230;<\/li>\n<\/ul>\n<\/div>\n\n\n\n<div class=\"wp-block-column is-vertically-aligned-top is-layout-flow wp-block-column-is-layout-flow\">\n<figure class=\"wp-block-image size-full\"><img decoding=\"async\" src=\"data:image\/svg+xml,%3Csvg%20width%3D%22800%22%20height%3D%22596%22%20xmlns%3D%22http:\/\/www.w3.org\/2000\/svg%22%20viewBox%3D%220%200%20800%20596%22%3E%3C\/svg%3E\" alt class=\"wp-image-1248 fy-content__image fy-lazy js-lazy\" width=\"800\" height=\"596\" data-src=\"https:\/\/www.safetylean.com\/wp-content\/uploads\/2023\/11\/herramientas-lean.jpg\"><div class=\"fy-image-loading fy-image-loading--skeleton\" aria-hidden=\"true\"><\/div><\/figure>\n<\/div>\n<\/div>\n\n\n\n<p>Une erreur courante est de s\u2019engager sur la voie de l\u2019am\u00e9lioration continue en appliquant un outil isol\u00e9 (tr\u00e8s souvent les 5S). Il est probable que cela vous aidera \u00e0 vous am\u00e9liorer, mais cette am\u00e9lioration ne sera gu\u00e8re durable dans le temps si la philosophie de l\u2019am\u00e9lioration continue n\u2019est pas connue et partag\u00e9e par tous et n\u2019est pas mise en \u0153uvre de mani\u00e8re coh\u00e9rente.<\/p>\n\n\n\n<figure class=\"wp-block-table is-style-stripes\"><table style=\"border-width:2px\"><tbody><tr><td><strong><em><strong><em>Si nous parlons de:<\/em><\/strong><\/em><\/strong><\/td><td><strong><em><strong><em>Les outils et m\u00e9thodes que nous pouvons appliquer sont:<\/em><\/strong><\/em><\/strong><\/td><\/tr><tr><td>G\u00e9n\u00e9ral<\/td><td>Pens\u00e9e Lean: concepts &amp; philosophie<\/td><\/tr><tr><td>Flux &amp; analyse de ligne<\/td><td>VSM \/ Process mapping \/ Equilibrage de lignes \/ Design de\u00a0 layout<\/td><\/tr><tr><td>Mesures \/ Strat\u00e9gie<\/td><td>KPIs (SQCDM) \/ Tableaux de bord \/ Hoshin-Kanri \/ Roadmaps (feuilles de route) \/Audits de postes de travail<\/td><\/tr><tr><td><strong><em>Basiques<\/em><\/strong><\/td><td>5S \/ management visuel \/ Standards \/ AIC \/ R\u00e9unions en cascade \/ Equipes autonomes<\/td><\/tr><tr><td>Qualit\u00e9<\/td><td>Syst\u00e8mes PokaYoke \/ Andon<\/td><\/tr><tr><td>Productivit\u00e9<\/td><td>SMED \/ TPM<\/td><\/tr><tr><td>Logistique<\/td><td>Flux tir\u00e9 \/ Kanban<\/td><\/tr><tr><td>Am\u00e9lioration continue<\/td><td>M\u00e9thodologies de r\u00e9solution de probl\u00e8mes: QRQC, PDCA, 8D\u2026 \/ Kaizen \/ Gemba walk<\/td><\/tr><tr><td>Motivation<\/td><td>Matrice de comp\u00e9tences \/ Suggestions d\u2019am\u00e9liorations \/ Management du changement<\/td><\/tr><\/tbody><\/table><\/figure>\n","protected":false},"excerpt":{"rendered":"<p>Le Lean thinking est une philosophie qui recherche l&#8217;am\u00e9lioration continue, en \u00e9liminant les MUDA (op\u00e9rations sans valeur ajout\u00e9e) des processus. Il existe des m\u00e9thodes &#8230;<\/p>\n","protected":false},"author":1,"featured_media":0,"parent":1864,"menu_order":0,"comment_status":"closed","ping_status":"closed","template":"","meta":{"footnotes":""},"class_list":["post-1877","page","type-page","status-publish","hentry"],"yoast_head":"<!-- This site is optimized with the Yoast SEO plugin v21.5 - https:\/\/yoast.com\/wordpress\/plugins\/seo\/ -->\n<title>Lean - Safety Lean Consulting<\/title>\n<meta name=\"robots\" content=\"index, follow, max-snippet:-1, max-image-preview:large, max-video-preview:-1\" \/>\n<link rel=\"canonical\" href=\"https:\/\/www.safetylean.com\/fr\/outils-comment\/lean\" \/>\n<meta property=\"og:locale\" content=\"fr_FR\" \/>\n<meta property=\"og:type\" content=\"article\" \/>\n<meta property=\"og:title\" content=\"Lean - Safety Lean Consulting\" \/>\n<meta property=\"og:description\" content=\"Le Lean thinking est une philosophie qui recherche l&#8217;am\u00e9lioration continue, en \u00e9liminant les MUDA (op\u00e9rations sans valeur ajout\u00e9e) des processus. Il existe des m\u00e9thodes ...\" \/>\n<meta property=\"og:url\" content=\"https:\/\/www.safetylean.com\/fr\/outils-comment\/lean\" \/>\n<meta property=\"og:site_name\" content=\"Safety Lean Consulting\" \/>\n<meta property=\"article:modified_time\" content=\"2023-11-23T15:56:06+00:00\" \/>\n<meta property=\"og:image\" content=\"https:\/\/www.safetylean.com\/wp-content\/uploads\/2023\/11\/herramientas-lean.jpg\" \/>\n<meta name=\"twitter:card\" content=\"summary_large_image\" \/>\n<meta name=\"twitter:label1\" content=\"Dur\u00e9e de lecture estim\u00e9e\" \/>\n\t<meta name=\"twitter:data1\" content=\"2 minutes\" \/>\n<script type=\"application\/ld+json\" class=\"yoast-schema-graph\">{\"@context\":\"https:\/\/schema.org\",\"@graph\":[{\"@type\":\"WebPage\",\"@id\":\"https:\/\/www.safetylean.com\/fr\/outils-comment\/lean\",\"url\":\"https:\/\/www.safetylean.com\/fr\/outils-comment\/lean\",\"name\":\"Lean - Safety Lean Consulting\",\"isPartOf\":{\"@id\":\"https:\/\/www.safetylean.com\/fr#website\"},\"datePublished\":\"2023-10-06T05:38:39+00:00\",\"dateModified\":\"2023-11-23T15:56:06+00:00\",\"breadcrumb\":{\"@id\":\"https:\/\/www.safetylean.com\/fr\/outils-comment\/lean#breadcrumb\"},\"inLanguage\":\"fr-FR\",\"potentialAction\":[{\"@type\":\"ReadAction\",\"target\":[\"https:\/\/www.safetylean.com\/fr\/outils-comment\/lean\"]}]},{\"@type\":\"BreadcrumbList\",\"@id\":\"https:\/\/www.safetylean.com\/fr\/outils-comment\/lean#breadcrumb\",\"itemListElement\":[{\"@type\":\"ListItem\",\"position\":1,\"name\":\"Portada\",\"item\":\"https:\/\/www.safetylean.com\/fr\"},{\"@type\":\"ListItem\",\"position\":2,\"name\":\"Comment?\",\"item\":\"https:\/\/www.safetylean.com\/fr\/outils-comment\"},{\"@type\":\"ListItem\",\"position\":3,\"name\":\"Lean\"}]},{\"@type\":\"WebSite\",\"@id\":\"https:\/\/www.safetylean.com\/fr#website\",\"url\":\"https:\/\/www.safetylean.com\/fr\",\"name\":\"Safety Lean Consulting\",\"description\":\"Lean Manufacturing &amp; Risk Prevention\",\"publisher\":{\"@id\":\"https:\/\/www.safetylean.com\/fr#organization\"},\"potentialAction\":[{\"@type\":\"SearchAction\",\"target\":{\"@type\":\"EntryPoint\",\"urlTemplate\":\"https:\/\/www.safetylean.com\/fr?s={search_term_string}\"},\"query-input\":\"required name=search_term_string\"}],\"inLanguage\":\"fr-FR\"},{\"@type\":\"Organization\",\"@id\":\"https:\/\/www.safetylean.com\/fr#organization\",\"name\":\"Safety Lean Consulting\",\"url\":\"https:\/\/www.safetylean.com\/fr\",\"logo\":{\"@type\":\"ImageObject\",\"inLanguage\":\"fr-FR\",\"@id\":\"https:\/\/www.safetylean.com\/fr#\/schema\/logo\/image\/\",\"url\":\"https:\/\/www.safetylean.com\/wp-content\/uploads\/2023\/10\/logo-safety-lean.jpg\",\"contentUrl\":\"https:\/\/www.safetylean.com\/wp-content\/uploads\/2023\/10\/logo-safety-lean.jpg\",\"width\":360,\"height\":120,\"caption\":\"Safety Lean Consulting\"},\"image\":{\"@id\":\"https:\/\/www.safetylean.com\/fr#\/schema\/logo\/image\/\"},\"sameAs\":[\"https:\/\/www.linkedin.com\/company\/safety-lean-consulting\/about\/\"]}]}<\/script>\n<!-- \/ Yoast SEO plugin. -->","yoast_head_json":{"title":"Lean - Safety Lean Consulting","robots":{"index":"index","follow":"follow","max-snippet":"max-snippet:-1","max-image-preview":"max-image-preview:large","max-video-preview":"max-video-preview:-1"},"canonical":"https:\/\/www.safetylean.com\/fr\/outils-comment\/lean","og_locale":"fr_FR","og_type":"article","og_title":"Lean - Safety Lean Consulting","og_description":"Le Lean thinking est une philosophie qui recherche l&#8217;am\u00e9lioration continue, en \u00e9liminant les MUDA (op\u00e9rations sans valeur ajout\u00e9e) des processus. Il existe des m\u00e9thodes ...","og_url":"https:\/\/www.safetylean.com\/fr\/outils-comment\/lean","og_site_name":"Safety Lean Consulting","article_modified_time":"2023-11-23T15:56:06+00:00","og_image":[{"url":"https:\/\/www.safetylean.com\/wp-content\/uploads\/2023\/11\/herramientas-lean.jpg"}],"twitter_card":"summary_large_image","twitter_misc":{"Dur\u00e9e de lecture estim\u00e9e":"2 minutes"},"schema":{"@context":"https:\/\/schema.org","@graph":[{"@type":"WebPage","@id":"https:\/\/www.safetylean.com\/fr\/outils-comment\/lean","url":"https:\/\/www.safetylean.com\/fr\/outils-comment\/lean","name":"Lean - Safety Lean Consulting","isPartOf":{"@id":"https:\/\/www.safetylean.com\/fr#website"},"datePublished":"2023-10-06T05:38:39+00:00","dateModified":"2023-11-23T15:56:06+00:00","breadcrumb":{"@id":"https:\/\/www.safetylean.com\/fr\/outils-comment\/lean#breadcrumb"},"inLanguage":"fr-FR","potentialAction":[{"@type":"ReadAction","target":["https:\/\/www.safetylean.com\/fr\/outils-comment\/lean"]}]},{"@type":"BreadcrumbList","@id":"https:\/\/www.safetylean.com\/fr\/outils-comment\/lean#breadcrumb","itemListElement":[{"@type":"ListItem","position":1,"name":"Portada","item":"https:\/\/www.safetylean.com\/fr"},{"@type":"ListItem","position":2,"name":"Comment?","item":"https:\/\/www.safetylean.com\/fr\/outils-comment"},{"@type":"ListItem","position":3,"name":"Lean"}]},{"@type":"WebSite","@id":"https:\/\/www.safetylean.com\/fr#website","url":"https:\/\/www.safetylean.com\/fr","name":"Safety Lean Consulting","description":"Lean Manufacturing &amp; Risk Prevention","publisher":{"@id":"https:\/\/www.safetylean.com\/fr#organization"},"potentialAction":[{"@type":"SearchAction","target":{"@type":"EntryPoint","urlTemplate":"https:\/\/www.safetylean.com\/fr?s={search_term_string}"},"query-input":"required name=search_term_string"}],"inLanguage":"fr-FR"},{"@type":"Organization","@id":"https:\/\/www.safetylean.com\/fr#organization","name":"Safety Lean Consulting","url":"https:\/\/www.safetylean.com\/fr","logo":{"@type":"ImageObject","inLanguage":"fr-FR","@id":"https:\/\/www.safetylean.com\/fr#\/schema\/logo\/image\/","url":"https:\/\/www.safetylean.com\/wp-content\/uploads\/2023\/10\/logo-safety-lean.jpg","contentUrl":"https:\/\/www.safetylean.com\/wp-content\/uploads\/2023\/10\/logo-safety-lean.jpg","width":360,"height":120,"caption":"Safety Lean Consulting"},"image":{"@id":"https:\/\/www.safetylean.com\/fr#\/schema\/logo\/image\/"},"sameAs":["https:\/\/www.linkedin.com\/company\/safety-lean-consulting\/about\/"]}]}},"_links":{"self":[{"href":"https:\/\/www.safetylean.com\/fr\/wp-json\/wp\/v2\/pages\/1877","targetHints":{"allow":["GET"]}}],"collection":[{"href":"https:\/\/www.safetylean.com\/fr\/wp-json\/wp\/v2\/pages"}],"about":[{"href":"https:\/\/www.safetylean.com\/fr\/wp-json\/wp\/v2\/types\/page"}],"author":[{"embeddable":true,"href":"https:\/\/www.safetylean.com\/fr\/wp-json\/wp\/v2\/users\/1"}],"replies":[{"embeddable":true,"href":"https:\/\/www.safetylean.com\/fr\/wp-json\/wp\/v2\/comments?post=1877"}],"version-history":[{"count":2,"href":"https:\/\/www.safetylean.com\/fr\/wp-json\/wp\/v2\/pages\/1877\/revisions"}],"predecessor-version":[{"id":1980,"href":"https:\/\/www.safetylean.com\/fr\/wp-json\/wp\/v2\/pages\/1877\/revisions\/1980"}],"up":[{"embeddable":true,"href":"https:\/\/www.safetylean.com\/fr\/wp-json\/wp\/v2\/pages\/1864"}],"wp:attachment":[{"href":"https:\/\/www.safetylean.com\/fr\/wp-json\/wp\/v2\/media?parent=1877"}],"curies":[{"name":"wp","href":"https:\/\/api.w.org\/{rel}","templated":true}]}}