{"id":1871,"date":"2023-10-06T07:38:20","date_gmt":"2023-10-06T05:38:20","guid":{"rendered":"https:\/\/www.safetylean.com\/herramientas-como\/safety"},"modified":"2023-11-23T16:47:30","modified_gmt":"2023-11-23T15:47:30","slug":"safety","status":"publish","type":"page","link":"https:\/\/www.safetylean.com\/fr\/outils-comment\/safety","title":{"rendered":"Safety"},"content":{"rendered":"\n<div class=\"wp-block-columns is-layout-flex wp-container-core-columns-is-layout-28f84493 wp-block-columns-is-layout-flex\">\n<div class=\"wp-block-column is-layout-flow wp-block-column-is-layout-flow\" style=\"flex-basis:50%\">\n<p>Faire en sorte que tous nos employ\u00e9s rentrent chez eux sains et saufs \u00e0 la fin de la journ\u00e9e de travail est un devoir de chaque employeur. Mais les risques ne peuvent pas toujours \u00eatre \u00e9limin\u00e9s, il faut parfois se contenter de les \u00ab minimiser \u00bb. Et t\u00f4t ou tard, les gens commettent des erreurs qui peuvent avoir de graves cons\u00e9quences.<\/p>\n\n\n\n<p>Pour pouvoir travailler dans un environnement s\u00e9curitaire, il faut s\u2019appuyer sur:<\/p>\n\n\n\n<ul class=\"wp-block-list\">\n<li>des activit\u00e9s de <strong>pr\u00e9vention<\/strong>, concr\u00e8tes et efficaces<\/li>\n\n\n\n<li>la <strong>vigilance partag\u00e9e<\/strong>, on prend tous soin les uns des autres<\/li>\n\n\n\n<li>la formation et les <strong>facteurs humains<\/strong>, pour \u00e9viter les erreurs<\/li>\n\n\n\n<li>les <strong>bonnes pratiques<\/strong> terrain, application de m\u00e9thodologies d&#8217;am\u00e9lioration continue.<\/li>\n<\/ul>\n<\/div>\n\n\n\n<div class=\"wp-block-column is-layout-flow wp-block-column-is-layout-flow\" style=\"flex-basis:50%\">\n<figure class=\"wp-block-image\"><img decoding=\"async\" src=\"data:image\/svg+xml,%3Csvg%20width%3D%22900%22%20height%3D%22600%22%20xmlns%3D%22http:\/\/www.w3.org\/2000\/svg%22%20viewBox%3D%220%200%20900%20600%22%3E%3C\/svg%3E\" alt class=\"wp-image-1129 fy-content__image fy-lazy js-lazy\" width=\"900\" height=\"600\" data-src=\"https:\/\/www.safetylean.com\/wp-content\/uploads\/2023\/10\/safety01.jpg\"><div class=\"fy-image-loading fy-image-loading--skeleton\" aria-hidden=\"true\"><\/div><\/figure>\n<\/div>\n<\/div>\n\n\n\n<div class=\"wp-block-columns is-layout-flex wp-container-core-columns-is-layout-28f84493 wp-block-columns-is-layout-flex\">\n<div class=\"wp-block-column is-layout-flow wp-block-column-is-layout-flow\" style=\"flex-basis:50%\">\n<figure class=\"wp-block-image\"><img decoding=\"async\" src=\"data:image\/svg+xml,%3Csvg%20width%3D%22900%22%20height%3D%22600%22%20xmlns%3D%22http:\/\/www.w3.org\/2000\/svg%22%20viewBox%3D%220%200%20900%20600%22%3E%3C\/svg%3E\" alt class=\"wp-image-1130 fy-content__image fy-lazy js-lazy\" width=\"900\" height=\"600\" data-src=\"https:\/\/www.safetylean.com\/wp-content\/uploads\/2023\/10\/safety02.jpg\"><div class=\"fy-image-loading fy-image-loading--skeleton\" aria-hidden=\"true\"><\/div><\/figure>\n<\/div>\n\n\n\n<div class=\"wp-block-column is-layout-flow wp-block-column-is-layout-flow\" style=\"flex-basis:50%\">\n<h3 class=\"wp-block-heading\">Comment pouvons-nous vous aider?<\/h3>\n\n\n\n<ul class=\"wp-block-list\">\n<li>r\u00e9aliser une<strong>\u00e9valuation des <\/strong>principaux<strong>risques<\/strong> pour cr\u00e9er un plan d&#8217;action ax\u00e9 sur l&#8217;atteinte du z\u00e9ro accident grave<\/li>\n\n\n\n<li>vous accompagner sur des sujets pr\u00e9cis tels que:\n<ul class=\"wp-block-list\">\n<li>cr\u00e9ation et mise en \u0153uvre d&#8217;un <strong>syst\u00e8me de gestion de la sant\u00e9 et de la s\u00e9curit\u00e9<\/strong><\/li>\n\n\n\n<li><strong>gestion de crise<\/strong> apr\u00e8s un accident grave<\/li>\n\n\n\n<li>analyse des accidents\/incidents (<strong>REX<\/strong>)<\/li>\n\n\n\n<li>gestion du changement pour cr\u00e9er une <strong>culture<\/strong> de pr\u00e9vention<\/li>\n<\/ul>\n<\/li>\n<\/ul>\n<\/div>\n<\/div>\n\n\n\n<div style=\"height:20px\" aria-hidden=\"true\" class=\"wp-block-spacer\"><\/div>\n\n\n\n<div class=\"wp-block-columns is-layout-flex wp-container-core-columns-is-layout-28f84493 wp-block-columns-is-layout-flex\">\n<div class=\"wp-block-column is-layout-flow wp-block-column-is-layout-flow\">\n<figure class=\"wp-block-table is-style-stripes\"><table class=\"has-border-color has-cnt-border-color\" style=\"border-style:solid;border-width:1px\"><tbody><tr><td><strong><em>Si nous parlons de:<\/em><\/strong><\/td><td><strong><em>Les outils et m\u00e9thodes que nous pouvons appliquer sont:<\/em><\/strong><\/td><\/tr><tr><td>G\u00e9n\u00e9ral<\/td><td>HSE &#8211; La s\u00e9curit\u00e9 au quotidien pour le management \/ Concepts &amp;\u00a0 engagement<\/td><\/tr><tr><td>Basiques<\/td><td>EPI \/ R\u00e9unions d\u2019\u00e9quipes \/ Animation HSE<\/td><\/tr><tr><td>Evaluation<\/td><td>Evaluation de risques (HIRA, FMEA, What if)<\/td><\/tr><tr><td>Analyse<\/td><td>Analyse des accidents (RCA, Causes &amp; effets, Dominos, Arbres des causes) \/ Ergonomie \/ Analyse de t\u00e2ches critiques \/ Inspections terrain \/ Revue de chantiers<\/td><\/tr><tr><td>Mesures<\/td><td>KPIs \/ Indice de pr\u00e9vention \/ Audits du syst\u00e8me de management<\/td><\/tr><tr><td>Syst\u00e8mes &amp;\u00a0 roadmaps<\/td><td>Audits complets = 1. Questionnaire 2. Visite terrain 3. Entrevues avec des op\u00e9rateurs 4. Rapport \/ R\u00e9f\u00e9rentiel adapt\u00e9 \/ OHSAS18001, ISO45001, ISRS, MASE, ISO14001<\/td><\/tr><tr><td>Am\u00e9lioration<\/td><td>Audits de postes de travail<\/td><\/tr><tr><td>Motivation<\/td><td>Les facteurs humains &amp; le comportement (M\u00e9canismes d\u2019erreurs humaines, motivation &amp; implication) \/ Vigilance partag\u00e9e \/ Matrices de comp\u00e9tences \/ Bien-\u00eatre (QVT-Qualit\u00e9 de Vie au Travail) \/ Gestion du changement<\/td><\/tr><\/tbody><\/table><\/figure>\n<\/div>\n<\/div>\n","protected":false},"excerpt":{"rendered":"<p>Faire en sorte que tous nos employ\u00e9s rentrent chez eux sains et saufs \u00e0 la fin de la journ\u00e9e de travail est un devoir &#8230;<\/p>\n","protected":false},"author":1,"featured_media":0,"parent":1864,"menu_order":0,"comment_status":"closed","ping_status":"closed","template":"","meta":{"footnotes":""},"class_list":["post-1871","page","type-page","status-publish","hentry"],"yoast_head":"<!-- This site is optimized with the Yoast SEO plugin v21.5 - https:\/\/yoast.com\/wordpress\/plugins\/seo\/ -->\n<title>Safety - Safety Lean Consulting<\/title>\n<meta name=\"robots\" content=\"index, follow, max-snippet:-1, max-image-preview:large, max-video-preview:-1\" \/>\n<link rel=\"canonical\" href=\"https:\/\/www.safetylean.com\/fr\/outils-comment\/safety\" \/>\n<meta property=\"og:locale\" content=\"fr_FR\" \/>\n<meta property=\"og:type\" content=\"article\" \/>\n<meta property=\"og:title\" content=\"Safety - Safety Lean Consulting\" \/>\n<meta property=\"og:description\" content=\"Faire en sorte que tous nos employ\u00e9s rentrent chez eux sains et saufs \u00e0 la fin de la journ\u00e9e de travail est un devoir ...\" \/>\n<meta property=\"og:url\" content=\"https:\/\/www.safetylean.com\/fr\/outils-comment\/safety\" \/>\n<meta property=\"og:site_name\" content=\"Safety Lean Consulting\" \/>\n<meta property=\"article:modified_time\" content=\"2023-11-23T15:47:30+00:00\" \/>\n<meta property=\"og:image\" content=\"https:\/\/www.safetylean.com\/wp-content\/uploads\/2023\/10\/safety01.jpg\" \/>\n<meta name=\"twitter:card\" content=\"summary_large_image\" \/>\n<meta name=\"twitter:label1\" content=\"Dur\u00e9e de lecture estim\u00e9e\" \/>\n\t<meta name=\"twitter:data1\" content=\"2 minutes\" \/>\n<script type=\"application\/ld+json\" class=\"yoast-schema-graph\">{\"@context\":\"https:\/\/schema.org\",\"@graph\":[{\"@type\":\"WebPage\",\"@id\":\"https:\/\/www.safetylean.com\/fr\/outils-comment\/safety\",\"url\":\"https:\/\/www.safetylean.com\/fr\/outils-comment\/safety\",\"name\":\"Safety - Safety Lean Consulting\",\"isPartOf\":{\"@id\":\"https:\/\/www.safetylean.com\/fr#website\"},\"datePublished\":\"2023-10-06T05:38:20+00:00\",\"dateModified\":\"2023-11-23T15:47:30+00:00\",\"breadcrumb\":{\"@id\":\"https:\/\/www.safetylean.com\/fr\/outils-comment\/safety#breadcrumb\"},\"inLanguage\":\"fr-FR\",\"potentialAction\":[{\"@type\":\"ReadAction\",\"target\":[\"https:\/\/www.safetylean.com\/fr\/outils-comment\/safety\"]}]},{\"@type\":\"BreadcrumbList\",\"@id\":\"https:\/\/www.safetylean.com\/fr\/outils-comment\/safety#breadcrumb\",\"itemListElement\":[{\"@type\":\"ListItem\",\"position\":1,\"name\":\"Portada\",\"item\":\"https:\/\/www.safetylean.com\/fr\"},{\"@type\":\"ListItem\",\"position\":2,\"name\":\"Comment?\",\"item\":\"https:\/\/www.safetylean.com\/fr\/outils-comment\"},{\"@type\":\"ListItem\",\"position\":3,\"name\":\"Safety\"}]},{\"@type\":\"WebSite\",\"@id\":\"https:\/\/www.safetylean.com\/fr#website\",\"url\":\"https:\/\/www.safetylean.com\/fr\",\"name\":\"Safety Lean Consulting\",\"description\":\"Lean Manufacturing &amp; Risk Prevention\",\"publisher\":{\"@id\":\"https:\/\/www.safetylean.com\/fr#organization\"},\"potentialAction\":[{\"@type\":\"SearchAction\",\"target\":{\"@type\":\"EntryPoint\",\"urlTemplate\":\"https:\/\/www.safetylean.com\/fr?s={search_term_string}\"},\"query-input\":\"required name=search_term_string\"}],\"inLanguage\":\"fr-FR\"},{\"@type\":\"Organization\",\"@id\":\"https:\/\/www.safetylean.com\/fr#organization\",\"name\":\"Safety Lean Consulting\",\"url\":\"https:\/\/www.safetylean.com\/fr\",\"logo\":{\"@type\":\"ImageObject\",\"inLanguage\":\"fr-FR\",\"@id\":\"https:\/\/www.safetylean.com\/fr#\/schema\/logo\/image\/\",\"url\":\"https:\/\/www.safetylean.com\/wp-content\/uploads\/2023\/10\/logo-safety-lean.jpg\",\"contentUrl\":\"https:\/\/www.safetylean.com\/wp-content\/uploads\/2023\/10\/logo-safety-lean.jpg\",\"width\":360,\"height\":120,\"caption\":\"Safety Lean Consulting\"},\"image\":{\"@id\":\"https:\/\/www.safetylean.com\/fr#\/schema\/logo\/image\/\"},\"sameAs\":[\"https:\/\/www.linkedin.com\/company\/safety-lean-consulting\/about\/\"]}]}<\/script>\n<!-- \/ Yoast SEO plugin. -->","yoast_head_json":{"title":"Safety - Safety Lean Consulting","robots":{"index":"index","follow":"follow","max-snippet":"max-snippet:-1","max-image-preview":"max-image-preview:large","max-video-preview":"max-video-preview:-1"},"canonical":"https:\/\/www.safetylean.com\/fr\/outils-comment\/safety","og_locale":"fr_FR","og_type":"article","og_title":"Safety - Safety Lean Consulting","og_description":"Faire en sorte que tous nos employ\u00e9s rentrent chez eux sains et saufs \u00e0 la fin de la journ\u00e9e de travail est un devoir ...","og_url":"https:\/\/www.safetylean.com\/fr\/outils-comment\/safety","og_site_name":"Safety Lean Consulting","article_modified_time":"2023-11-23T15:47:30+00:00","og_image":[{"url":"https:\/\/www.safetylean.com\/wp-content\/uploads\/2023\/10\/safety01.jpg"}],"twitter_card":"summary_large_image","twitter_misc":{"Dur\u00e9e de lecture estim\u00e9e":"2 minutes"},"schema":{"@context":"https:\/\/schema.org","@graph":[{"@type":"WebPage","@id":"https:\/\/www.safetylean.com\/fr\/outils-comment\/safety","url":"https:\/\/www.safetylean.com\/fr\/outils-comment\/safety","name":"Safety - Safety Lean Consulting","isPartOf":{"@id":"https:\/\/www.safetylean.com\/fr#website"},"datePublished":"2023-10-06T05:38:20+00:00","dateModified":"2023-11-23T15:47:30+00:00","breadcrumb":{"@id":"https:\/\/www.safetylean.com\/fr\/outils-comment\/safety#breadcrumb"},"inLanguage":"fr-FR","potentialAction":[{"@type":"ReadAction","target":["https:\/\/www.safetylean.com\/fr\/outils-comment\/safety"]}]},{"@type":"BreadcrumbList","@id":"https:\/\/www.safetylean.com\/fr\/outils-comment\/safety#breadcrumb","itemListElement":[{"@type":"ListItem","position":1,"name":"Portada","item":"https:\/\/www.safetylean.com\/fr"},{"@type":"ListItem","position":2,"name":"Comment?","item":"https:\/\/www.safetylean.com\/fr\/outils-comment"},{"@type":"ListItem","position":3,"name":"Safety"}]},{"@type":"WebSite","@id":"https:\/\/www.safetylean.com\/fr#website","url":"https:\/\/www.safetylean.com\/fr","name":"Safety Lean Consulting","description":"Lean Manufacturing &amp; Risk Prevention","publisher":{"@id":"https:\/\/www.safetylean.com\/fr#organization"},"potentialAction":[{"@type":"SearchAction","target":{"@type":"EntryPoint","urlTemplate":"https:\/\/www.safetylean.com\/fr?s={search_term_string}"},"query-input":"required name=search_term_string"}],"inLanguage":"fr-FR"},{"@type":"Organization","@id":"https:\/\/www.safetylean.com\/fr#organization","name":"Safety Lean Consulting","url":"https:\/\/www.safetylean.com\/fr","logo":{"@type":"ImageObject","inLanguage":"fr-FR","@id":"https:\/\/www.safetylean.com\/fr#\/schema\/logo\/image\/","url":"https:\/\/www.safetylean.com\/wp-content\/uploads\/2023\/10\/logo-safety-lean.jpg","contentUrl":"https:\/\/www.safetylean.com\/wp-content\/uploads\/2023\/10\/logo-safety-lean.jpg","width":360,"height":120,"caption":"Safety Lean Consulting"},"image":{"@id":"https:\/\/www.safetylean.com\/fr#\/schema\/logo\/image\/"},"sameAs":["https:\/\/www.linkedin.com\/company\/safety-lean-consulting\/about\/"]}]}},"_links":{"self":[{"href":"https:\/\/www.safetylean.com\/fr\/wp-json\/wp\/v2\/pages\/1871","targetHints":{"allow":["GET"]}}],"collection":[{"href":"https:\/\/www.safetylean.com\/fr\/wp-json\/wp\/v2\/pages"}],"about":[{"href":"https:\/\/www.safetylean.com\/fr\/wp-json\/wp\/v2\/types\/page"}],"author":[{"embeddable":true,"href":"https:\/\/www.safetylean.com\/fr\/wp-json\/wp\/v2\/users\/1"}],"replies":[{"embeddable":true,"href":"https:\/\/www.safetylean.com\/fr\/wp-json\/wp\/v2\/comments?post=1871"}],"version-history":[{"count":1,"href":"https:\/\/www.safetylean.com\/fr\/wp-json\/wp\/v2\/pages\/1871\/revisions"}],"predecessor-version":[{"id":1967,"href":"https:\/\/www.safetylean.com\/fr\/wp-json\/wp\/v2\/pages\/1871\/revisions\/1967"}],"up":[{"embeddable":true,"href":"https:\/\/www.safetylean.com\/fr\/wp-json\/wp\/v2\/pages\/1864"}],"wp:attachment":[{"href":"https:\/\/www.safetylean.com\/fr\/wp-json\/wp\/v2\/media?parent=1871"}],"curies":[{"name":"wp","href":"https:\/\/api.w.org\/{rel}","templated":true}]}}