{"id":1864,"date":"2023-10-05T11:11:32","date_gmt":"2023-10-05T09:11:32","guid":{"rendered":"https:\/\/www.safetylean.com\/herramientas-como"},"modified":"2023-11-23T16:42:16","modified_gmt":"2023-11-23T15:42:16","slug":"outils-comment","status":"publish","type":"page","link":"https:\/\/www.safetylean.com\/fr\/outils-comment","title":{"rendered":"Comment?"},"content":{"rendered":"\n<div class=\"wp-block-columns is-layout-flex wp-container-core-columns-is-layout-28f84493 wp-block-columns-is-layout-flex\">\n<div class=\"wp-block-column is-layout-flow wp-block-column-is-layout-flow\" style=\"flex-basis:50%\">\n<p>Pour obtenir de bons r\u00e9sultats dans toute entreprise, une vision holistique est n\u00e9cessaire: la pr\u00e9vention, l\u2019am\u00e9lioration continue et la gestion du changement doivent travailler ensemble.<\/p>\n\n\n\n<ul class=\"wp-block-list\">\n<li>Afin de contr\u00f4ler les risques sur le lieu de travail, des proc\u00e9dures d\u00e9finies, des normes de travail, de l&#8217;ordre et un management visuel sont n\u00e9cessaires sur le poste de travail.<\/li>\n\n\n\n<li>Pour entrer dans une dynamique d\u2019am\u00e9lioration continue, les collaborateurs doivent travailler en toute s\u00e9curit\u00e9 et se sentir valoris\u00e9s et impliqu\u00e9s.<\/li>\n\n\n\n<li>Pour mettre en \u0153uvre de nouvelles m\u00e9thodologies de travail, nous devons accepter que tout changement est un processus qui doit \u00eatre accompagn\u00e9.<\/li>\n<\/ul>\n<\/div>\n\n\n\n<div class=\"wp-block-column is-layout-flow wp-block-column-is-layout-flow\" style=\"flex-basis:50%\">\n<figure class=\"wp-block-image\"><img decoding=\"async\" src=\"data:image\/svg+xml,%3Csvg%20width%3D%22900%22%20height%3D%22600%22%20xmlns%3D%22http:\/\/www.w3.org\/2000\/svg%22%20viewBox%3D%220%200%20900%20600%22%3E%3C\/svg%3E\" alt class=\"wp-image-1074 fy-content__image fy-lazy js-lazy\" width=\"900\" height=\"600\" data-src=\"https:\/\/www.safetylean.com\/wp-content\/uploads\/2023\/10\/herraminetas-como-safety-lean.jpg\"><div class=\"fy-image-loading fy-image-loading--skeleton\" aria-hidden=\"true\"><\/div><\/figure>\n<\/div>\n<\/div>\n\n\n\n<div style=\"height:44px\" aria-hidden=\"true\" class=\"wp-block-spacer\"><\/div>\n\n\n\n<div class=\"wp-block-columns is-layout-flex wp-container-core-columns-is-layout-28f84493 wp-block-columns-is-layout-flex\">\n<div class=\"wp-block-column has-background is-layout-flow wp-block-column-is-layout-flow\" style=\"background-color:#f4f4f4\">\n<figure class=\"wp-block-image aligncenter size-full is-resized\"><a href=\"https:\/\/www.safetylean.com\/fr\/outils-comment\/safety\"><img decoding=\"async\" src=\"data:image\/svg+xml,%3Csvg%20width%3D%22128%22%20height%3D%22128%22%20xmlns%3D%22http:\/\/www.w3.org\/2000\/svg%22%20viewBox%3D%220%200%20128%20128%22%3E%3C\/svg%3E\" alt=\"Guarantee\" class=\"wp-image-783 fy-content__image fy-lazy js-lazy\" style=\"width:82px;height:82px\" width=\"128\" height=\"128\" data-src=\"https:\/\/www.safetylean.com\/wp-content\/uploads\/2021\/03\/aidea-icn-guarantee-d.png\"><div class=\"fy-image-loading fy-image-loading--skeleton\" aria-hidden=\"true\"><\/div><\/a><\/figure>\n\n\n\n<h3 class=\"wp-block-heading has-text-align-center\"><a href=\"https:\/\/www.safetylean.com\/fr\/outils-comment\/safety\">Safety<\/a><\/h3>\n<\/div>\n\n\n\n<div class=\"wp-block-column has-background is-layout-flow wp-block-column-is-layout-flow\" style=\"background-color:#f4f4f4\">\n<figure class=\"wp-block-image aligncenter size-full is-resized\"><a href=\"https:\/\/www.safetylean.com\/fr\/outils-comment\/lean\"><img decoding=\"async\" src=\"data:image\/svg+xml,%3Csvg%20width%3D%22128%22%20height%3D%22128%22%20xmlns%3D%22http:\/\/www.w3.org\/2000\/svg%22%20viewBox%3D%220%200%20128%20128%22%3E%3C\/svg%3E\" alt=\"Idea\" class=\"wp-image-785 fy-content__image fy-lazy js-lazy\" style=\"width:82px;height:82px\" width=\"128\" height=\"128\" data-src=\"https:\/\/www.safetylean.com\/wp-content\/uploads\/2021\/03\/aidea-icn-idea-d.png\"><div class=\"fy-image-loading fy-image-loading--skeleton\" aria-hidden=\"true\"><\/div><\/a><\/figure>\n\n\n\n<h3 class=\"wp-block-heading has-text-align-center\"><a href=\"https:\/\/www.safetylean.com\/fr\/outils-comment\/lean\">Lean<\/a><\/h3>\n<\/div>\n\n\n\n<div class=\"wp-block-column has-background is-layout-flow wp-block-column-is-layout-flow\" style=\"background-color:#f4f4f4\">\n<figure class=\"wp-block-image aligncenter size-full is-resized\"><a href=\"https:\/\/www.safetylean.com\/fr\/outils-comment\/gestion-du-changement\"><img decoding=\"async\" src=\"data:image\/svg+xml,%3Csvg%20width%3D%22128%22%20height%3D%22128%22%20xmlns%3D%22http:\/\/www.w3.org\/2000\/svg%22%20viewBox%3D%220%200%20128%20128%22%3E%3C\/svg%3E\" alt=\"Globe\" class=\"wp-image-782 fy-content__image fy-lazy js-lazy\" style=\"width:82px;height:82px\" width=\"128\" height=\"128\" data-src=\"https:\/\/www.safetylean.com\/wp-content\/uploads\/2021\/03\/aidea-icn-globe-d.png\"><div class=\"fy-image-loading fy-image-loading--skeleton\" aria-hidden=\"true\"><\/div><\/a><\/figure>\n\n\n\n<h3 class=\"wp-block-heading has-text-align-center\"><a href=\"\/fr\/outils-comment\/gestion-du-changement\">Gestion du changement<\/a><\/h3>\n<\/div>\n<\/div>\n","protected":false},"excerpt":{"rendered":"<p>Pour obtenir de bons r\u00e9sultats dans toute entreprise, une vision holistique est n\u00e9cessaire: la pr\u00e9vention, l\u2019am\u00e9lioration continue et la gestion du changement doivent travailler &#8230;<\/p>\n","protected":false},"author":1,"featured_media":0,"parent":0,"menu_order":0,"comment_status":"closed","ping_status":"closed","template":"","meta":{"footnotes":""},"class_list":["post-1864","page","type-page","status-publish","hentry"],"yoast_head":"<!-- This site is optimized with the Yoast SEO plugin v21.5 - https:\/\/yoast.com\/wordpress\/plugins\/seo\/ -->\n<title>Comment? - Safety Lean Consulting<\/title>\n<meta name=\"robots\" content=\"index, follow, max-snippet:-1, max-image-preview:large, max-video-preview:-1\" \/>\n<link rel=\"canonical\" href=\"https:\/\/www.safetylean.com\/fr\/outils-comment\" \/>\n<meta property=\"og:locale\" content=\"fr_FR\" \/>\n<meta property=\"og:type\" content=\"article\" \/>\n<meta property=\"og:title\" content=\"Comment? - Safety Lean Consulting\" \/>\n<meta property=\"og:description\" content=\"Pour obtenir de bons r\u00e9sultats dans toute entreprise, une vision holistique est n\u00e9cessaire: la pr\u00e9vention, l\u2019am\u00e9lioration continue et la gestion du changement doivent travailler ...\" \/>\n<meta property=\"og:url\" content=\"https:\/\/www.safetylean.com\/fr\/outils-comment\" \/>\n<meta property=\"og:site_name\" content=\"Safety Lean Consulting\" \/>\n<meta property=\"article:modified_time\" content=\"2023-11-23T15:42:16+00:00\" \/>\n<meta property=\"og:image\" content=\"https:\/\/www.safetylean.com\/wp-content\/uploads\/2023\/10\/herraminetas-como-safety-lean.jpg\" \/>\n<meta name=\"twitter:card\" content=\"summary_large_image\" \/>\n<meta name=\"twitter:label1\" content=\"Dur\u00e9e de lecture estim\u00e9e\" \/>\n\t<meta name=\"twitter:data1\" content=\"2 minutes\" \/>\n<script type=\"application\/ld+json\" class=\"yoast-schema-graph\">{\"@context\":\"https:\/\/schema.org\",\"@graph\":[{\"@type\":\"WebPage\",\"@id\":\"https:\/\/www.safetylean.com\/fr\/outils-comment\",\"url\":\"https:\/\/www.safetylean.com\/fr\/outils-comment\",\"name\":\"Comment? - Safety Lean Consulting\",\"isPartOf\":{\"@id\":\"https:\/\/www.safetylean.com\/fr#website\"},\"datePublished\":\"2023-10-05T09:11:32+00:00\",\"dateModified\":\"2023-11-23T15:42:16+00:00\",\"breadcrumb\":{\"@id\":\"https:\/\/www.safetylean.com\/fr\/outils-comment#breadcrumb\"},\"inLanguage\":\"fr-FR\",\"potentialAction\":[{\"@type\":\"ReadAction\",\"target\":[\"https:\/\/www.safetylean.com\/fr\/outils-comment\"]}]},{\"@type\":\"BreadcrumbList\",\"@id\":\"https:\/\/www.safetylean.com\/fr\/outils-comment#breadcrumb\",\"itemListElement\":[{\"@type\":\"ListItem\",\"position\":1,\"name\":\"Portada\",\"item\":\"https:\/\/www.safetylean.com\/fr\"},{\"@type\":\"ListItem\",\"position\":2,\"name\":\"Comment?\"}]},{\"@type\":\"WebSite\",\"@id\":\"https:\/\/www.safetylean.com\/fr#website\",\"url\":\"https:\/\/www.safetylean.com\/fr\",\"name\":\"Safety Lean Consulting\",\"description\":\"Lean Manufacturing &amp; Risk Prevention\",\"publisher\":{\"@id\":\"https:\/\/www.safetylean.com\/fr#organization\"},\"potentialAction\":[{\"@type\":\"SearchAction\",\"target\":{\"@type\":\"EntryPoint\",\"urlTemplate\":\"https:\/\/www.safetylean.com\/fr?s={search_term_string}\"},\"query-input\":\"required name=search_term_string\"}],\"inLanguage\":\"fr-FR\"},{\"@type\":\"Organization\",\"@id\":\"https:\/\/www.safetylean.com\/fr#organization\",\"name\":\"Safety Lean Consulting\",\"url\":\"https:\/\/www.safetylean.com\/fr\",\"logo\":{\"@type\":\"ImageObject\",\"inLanguage\":\"fr-FR\",\"@id\":\"https:\/\/www.safetylean.com\/fr#\/schema\/logo\/image\/\",\"url\":\"https:\/\/www.safetylean.com\/wp-content\/uploads\/2023\/10\/logo-safety-lean.jpg\",\"contentUrl\":\"https:\/\/www.safetylean.com\/wp-content\/uploads\/2023\/10\/logo-safety-lean.jpg\",\"width\":360,\"height\":120,\"caption\":\"Safety Lean Consulting\"},\"image\":{\"@id\":\"https:\/\/www.safetylean.com\/fr#\/schema\/logo\/image\/\"},\"sameAs\":[\"https:\/\/www.linkedin.com\/company\/safety-lean-consulting\/about\/\"]}]}<\/script>\n<!-- \/ Yoast SEO plugin. -->","yoast_head_json":{"title":"Comment? - Safety Lean Consulting","robots":{"index":"index","follow":"follow","max-snippet":"max-snippet:-1","max-image-preview":"max-image-preview:large","max-video-preview":"max-video-preview:-1"},"canonical":"https:\/\/www.safetylean.com\/fr\/outils-comment","og_locale":"fr_FR","og_type":"article","og_title":"Comment? - Safety Lean Consulting","og_description":"Pour obtenir de bons r\u00e9sultats dans toute entreprise, une vision holistique est n\u00e9cessaire: la pr\u00e9vention, l\u2019am\u00e9lioration continue et la gestion du changement doivent travailler ...","og_url":"https:\/\/www.safetylean.com\/fr\/outils-comment","og_site_name":"Safety Lean Consulting","article_modified_time":"2023-11-23T15:42:16+00:00","og_image":[{"url":"https:\/\/www.safetylean.com\/wp-content\/uploads\/2023\/10\/herraminetas-como-safety-lean.jpg"}],"twitter_card":"summary_large_image","twitter_misc":{"Dur\u00e9e de lecture estim\u00e9e":"2 minutes"},"schema":{"@context":"https:\/\/schema.org","@graph":[{"@type":"WebPage","@id":"https:\/\/www.safetylean.com\/fr\/outils-comment","url":"https:\/\/www.safetylean.com\/fr\/outils-comment","name":"Comment? - Safety Lean Consulting","isPartOf":{"@id":"https:\/\/www.safetylean.com\/fr#website"},"datePublished":"2023-10-05T09:11:32+00:00","dateModified":"2023-11-23T15:42:16+00:00","breadcrumb":{"@id":"https:\/\/www.safetylean.com\/fr\/outils-comment#breadcrumb"},"inLanguage":"fr-FR","potentialAction":[{"@type":"ReadAction","target":["https:\/\/www.safetylean.com\/fr\/outils-comment"]}]},{"@type":"BreadcrumbList","@id":"https:\/\/www.safetylean.com\/fr\/outils-comment#breadcrumb","itemListElement":[{"@type":"ListItem","position":1,"name":"Portada","item":"https:\/\/www.safetylean.com\/fr"},{"@type":"ListItem","position":2,"name":"Comment?"}]},{"@type":"WebSite","@id":"https:\/\/www.safetylean.com\/fr#website","url":"https:\/\/www.safetylean.com\/fr","name":"Safety Lean Consulting","description":"Lean Manufacturing &amp; Risk Prevention","publisher":{"@id":"https:\/\/www.safetylean.com\/fr#organization"},"potentialAction":[{"@type":"SearchAction","target":{"@type":"EntryPoint","urlTemplate":"https:\/\/www.safetylean.com\/fr?s={search_term_string}"},"query-input":"required name=search_term_string"}],"inLanguage":"fr-FR"},{"@type":"Organization","@id":"https:\/\/www.safetylean.com\/fr#organization","name":"Safety Lean Consulting","url":"https:\/\/www.safetylean.com\/fr","logo":{"@type":"ImageObject","inLanguage":"fr-FR","@id":"https:\/\/www.safetylean.com\/fr#\/schema\/logo\/image\/","url":"https:\/\/www.safetylean.com\/wp-content\/uploads\/2023\/10\/logo-safety-lean.jpg","contentUrl":"https:\/\/www.safetylean.com\/wp-content\/uploads\/2023\/10\/logo-safety-lean.jpg","width":360,"height":120,"caption":"Safety Lean Consulting"},"image":{"@id":"https:\/\/www.safetylean.com\/fr#\/schema\/logo\/image\/"},"sameAs":["https:\/\/www.linkedin.com\/company\/safety-lean-consulting\/about\/"]}]}},"_links":{"self":[{"href":"https:\/\/www.safetylean.com\/fr\/wp-json\/wp\/v2\/pages\/1864","targetHints":{"allow":["GET"]}}],"collection":[{"href":"https:\/\/www.safetylean.com\/fr\/wp-json\/wp\/v2\/pages"}],"about":[{"href":"https:\/\/www.safetylean.com\/fr\/wp-json\/wp\/v2\/types\/page"}],"author":[{"embeddable":true,"href":"https:\/\/www.safetylean.com\/fr\/wp-json\/wp\/v2\/users\/1"}],"replies":[{"embeddable":true,"href":"https:\/\/www.safetylean.com\/fr\/wp-json\/wp\/v2\/comments?post=1864"}],"version-history":[{"count":1,"href":"https:\/\/www.safetylean.com\/fr\/wp-json\/wp\/v2\/pages\/1864\/revisions"}],"predecessor-version":[{"id":1965,"href":"https:\/\/www.safetylean.com\/fr\/wp-json\/wp\/v2\/pages\/1864\/revisions\/1965"}],"wp:attachment":[{"href":"https:\/\/www.safetylean.com\/fr\/wp-json\/wp\/v2\/media?parent=1864"}],"curies":[{"name":"wp","href":"https:\/\/api.w.org\/{rel}","templated":true}]}}