{"id":1852,"date":"2023-11-02T17:36:07","date_gmt":"2023-11-02T16:36:07","guid":{"rendered":"https:\/\/www.safetylean.com\/equipo-quien\/agata-lafont"},"modified":"2023-11-23T16:35:14","modified_gmt":"2023-11-23T15:35:14","slug":"agata-lafont","status":"publish","type":"page","link":"https:\/\/www.safetylean.com\/fr\/equipe-qui\/agata-lafont","title":{"rendered":"Agata Lafont"},"content":{"rendered":"\n<div class=\"wp-block-cover alignfull is-light has-cnt-color has-text-color\"><span aria-hidden=\"true\" class=\"wp-block-cover__background has-cnt-bg-background-color has-background-dim-100 has-background-dim\"><\/span><div class=\"wp-block-cover__inner-container is-layout-constrained wp-block-cover-is-layout-constrained\">\n<div class=\"wp-block-columns alignwide has-cnt-bg-background-color has-background is-layout-flex wp-container-core-columns-is-layout-a5331a9e wp-block-columns-is-layout-flex\" id=\"agata\" style=\"padding-top:0;padding-right:0;padding-bottom:0;padding-left:0\">\n<div class=\"wp-block-column is-layout-flow wp-block-column-is-layout-flow\" style=\"flex-basis:33.33%\">\n<figure class=\"wp-block-image size-full\"><img decoding=\"async\" src=\"data:image\/svg+xml,%3Csvg%20width%3D%22393%22%20height%3D%22393%22%20xmlns%3D%22http:\/\/www.w3.org\/2000\/svg%22%20viewBox%3D%220%200%20393%20393%22%3E%3C\/svg%3E\" alt class=\"wp-image-951 fy-content__image fy-lazy js-lazy\" width=\"393\" height=\"393\" data-src=\"https:\/\/www.safetylean.com\/wp-content\/uploads\/2023\/10\/equipo-agata.jpg\"><div class=\"fy-image-loading fy-image-loading--skeleton\" aria-hidden=\"true\"><\/div><\/figure>\n<\/div>\n\n\n\n<div class=\"wp-block-column is-layout-flow wp-block-column-is-layout-flow\" style=\"flex-basis:66.66%\">\n<p>Je suis n\u00e9e \u00e0 Barcelone l&#8217;ann\u00e9e o\u00f9 Queen a sorti son premier album et o\u00f9 Agostini a remport\u00e9 son 13\u00e8me titre mondial avec MV Augusta.<\/p>\n\n\n\n<p>J&#8217;ai \u00e9tudi\u00e9 l&#8217;ing\u00e9nierie des t\u00e9l\u00e9communications car \u00e0 cette \u00e9poque j&#8217;avais d\u00e9j\u00e0 le go\u00fbt des d\u00e9fis et cette fili\u00e8re \u00e9tait r\u00e9put\u00e9e pour \u00eatre l&#8217;un des m\u00e9tiers les plus difficiles. C&#8217;\u00e9tait vraiment le cas !<\/p>\n\n\n\n<p>J&#8217;ai commenc\u00e9 ma vie professionnelle en combinant des \u00e9tudes universitaires avec un travail de professeur de cours de r\u00e9seau et Internet et, sans aucun doute, cela a conditionn\u00e9 mon avenir professionnel. J&#8217;aimais trop \u00eatre en contact direct avec les gens et voyager pour me contenter d&#8217;emplois &#8220;conventionnels&#8221;. J&#8217;\u00e9tais beaucoup plus clair sur ce que je ne voulais pas faire que sur ce que je voulais faire, et c&#8217;est ainsi que ma p\u00e9riode \u00ab d&#8217;exp\u00e9rimentation professionnelle \u00bb a commenc\u00e9. J&#8217;ai travaill\u00e9 dans 8 entreprises diff\u00e9rentes en 4 ans, dans des domaines tr\u00e8s divers. J&#8217;ai appris beaucoup de choses de mes changements constants, m\u00eame si le plus important de tous est peut-\u00eatre que j&#8217;aime les changements car ils impliquent un effort d&#8217;adaptation \u00e0 la nouvelle situation, mais surtout, ils impliquent un apprentissage.<\/p>\n\n\n\n<p>A la trentaine, j\u2019ai enfin trouv\u00e9 ma vocation en d\u00e9couvrant la philosophie et les outils du Lean Manufacturing. J&#8217;\u00e9tais fascin\u00e9 par le monde industriel: c&#8217;\u00e9tait passionnant de d\u00e9couvrir le processus de fabrication de choses aussi diverses qu&#8217;un yaourt, un bouchon de bouteille ou un train, et plus encore de voir que ces processus pouvaient \u00eatre am\u00e9lior\u00e9s avec des outils simples et des principes aussi logiques que, parfois, inexistants.<\/p>\n\n\n\n<p>J&#8217;ai donc commenc\u00e9 \u00e0 appliquer le Lean en tant que consultant externe, travaillant aussi bien pour des grands groupes que pour des PME dans des pays aux cultures diff\u00e9rentes. J&#8217;ai pos\u00e9 ma valise quelques ann\u00e9es en tant que Lean Manager dans une usine Alstom avant de reprendre ma vie de globe-trotter depuis le si\u00e8ge fran\u00e7ais du groupe, au sein de l&#8217;\u00e9quipe support de ses usines dans le monde.<\/p>\n\n\n\n<p>Apr\u00e8s quarante ans, j&#8217;ai d\u00e9cid\u00e9 qu&#8217;il \u00e9tait temps de changer davantage, d&#8217;essayer de nouvelles choses: et donc de prendre des risques et de cr\u00e9er une entreprise. Et c\u2019est ainsi qu\u2019est n\u00e9e Safety Lean Consulting en 2015, de la main de deux personnes d\u00e9sireuses de transmettre leur passion.<\/p>\n\n\n\n<p>Si vous souhaitez plus de d\u00e9tails, consultez mon CV \u00e0<\/p>\n\n\n\n<ul class=\"wp-block-social-links is-content-justification-left is-layout-flex wp-container-core-social-links-is-layout-fc4fd283 wp-block-social-links-is-layout-flex\"><li class=\"wp-social-link wp-social-link-linkedin  wp-block-social-link\"><a rel=\"noopener nofollow\" target=\"_blank\" href=\"https:\/\/es.linkedin.com\/in\/agt13\" class=\"wp-block-social-link-anchor\"><svg width=\"24\" height=\"24\" viewBox=\"0 0 24 24\" version=\"1.1\" xmlns=\"http:\/\/www.w3.org\/2000\/svg\" aria-hidden=\"true\" focusable=\"false\"><path d=\"M19.7,3H4.3C3.582,3,3,3.582,3,4.3v15.4C3,20.418,3.582,21,4.3,21h15.4c0.718,0,1.3-0.582,1.3-1.3V4.3 C21,3.582,20.418,3,19.7,3z M8.339,18.338H5.667v-8.59h2.672V18.338z M7.004,8.574c-0.857,0-1.549-0.694-1.549-1.548 c0-0.855,0.691-1.548,1.549-1.548c0.854,0,1.547,0.694,1.547,1.548C8.551,7.881,7.858,8.574,7.004,8.574z M18.339,18.338h-2.669 v-4.177c0-0.996-0.017-2.278-1.387-2.278c-1.389,0-1.601,1.086-1.601,2.206v4.249h-2.667v-8.59h2.559v1.174h0.037 c0.356-0.675,1.227-1.387,2.526-1.387c2.703,0,3.203,1.779,3.203,4.092V18.338z\"><\/path><\/svg><span class=\"wp-block-social-link-label screen-reader-text\">LinkedIn<\/span><\/a><\/li><\/ul>\n<\/div>\n<\/div>\n<\/div><\/div>\n","protected":false},"excerpt":{"rendered":"","protected":false},"author":1,"featured_media":0,"parent":1840,"menu_order":0,"comment_status":"closed","ping_status":"closed","template":"","meta":{"footnotes":""},"class_list":["post-1852","page","type-page","status-publish","hentry"],"yoast_head":"<!-- This site is optimized with the Yoast SEO plugin v21.5 - https:\/\/yoast.com\/wordpress\/plugins\/seo\/ -->\n<title>Agata Lafont - Safety Lean Consulting<\/title>\n<meta name=\"robots\" content=\"index, follow, max-snippet:-1, max-image-preview:large, max-video-preview:-1\" \/>\n<link rel=\"canonical\" href=\"https:\/\/www.safetylean.com\/fr\/equipe-qui\/agata-lafont\" \/>\n<meta property=\"og:locale\" content=\"fr_FR\" \/>\n<meta property=\"og:type\" content=\"article\" \/>\n<meta property=\"og:title\" content=\"Agata Lafont - Safety Lean Consulting\" \/>\n<meta property=\"og:url\" content=\"https:\/\/www.safetylean.com\/fr\/equipe-qui\/agata-lafont\" \/>\n<meta property=\"og:site_name\" content=\"Safety Lean Consulting\" \/>\n<meta property=\"article:modified_time\" content=\"2023-11-23T15:35:14+00:00\" \/>\n<meta property=\"og:image\" content=\"https:\/\/www.safetylean.com\/wp-content\/uploads\/2023\/10\/equipo-agata.jpg\" \/>\n<meta name=\"twitter:card\" content=\"summary_large_image\" \/>\n<meta name=\"twitter:label1\" content=\"Dur\u00e9e de lecture estim\u00e9e\" \/>\n\t<meta name=\"twitter:data1\" content=\"2 minutes\" \/>\n<script type=\"application\/ld+json\" class=\"yoast-schema-graph\">{\"@context\":\"https:\/\/schema.org\",\"@graph\":[{\"@type\":\"WebPage\",\"@id\":\"https:\/\/www.safetylean.com\/fr\/equipe-qui\/agata-lafont\",\"url\":\"https:\/\/www.safetylean.com\/fr\/equipe-qui\/agata-lafont\",\"name\":\"Agata Lafont - Safety Lean Consulting\",\"isPartOf\":{\"@id\":\"https:\/\/www.safetylean.com\/fr#website\"},\"datePublished\":\"2023-11-02T16:36:07+00:00\",\"dateModified\":\"2023-11-23T15:35:14+00:00\",\"breadcrumb\":{\"@id\":\"https:\/\/www.safetylean.com\/fr\/equipe-qui\/agata-lafont#breadcrumb\"},\"inLanguage\":\"fr-FR\",\"potentialAction\":[{\"@type\":\"ReadAction\",\"target\":[\"https:\/\/www.safetylean.com\/fr\/equipe-qui\/agata-lafont\"]}]},{\"@type\":\"BreadcrumbList\",\"@id\":\"https:\/\/www.safetylean.com\/fr\/equipe-qui\/agata-lafont#breadcrumb\",\"itemListElement\":[{\"@type\":\"ListItem\",\"position\":1,\"name\":\"Portada\",\"item\":\"https:\/\/www.safetylean.com\/fr\"},{\"@type\":\"ListItem\",\"position\":2,\"name\":\"Qui?\",\"item\":\"https:\/\/www.safetylean.com\/fr\/equipe-qui\"},{\"@type\":\"ListItem\",\"position\":3,\"name\":\"Agata Lafont\"}]},{\"@type\":\"WebSite\",\"@id\":\"https:\/\/www.safetylean.com\/fr#website\",\"url\":\"https:\/\/www.safetylean.com\/fr\",\"name\":\"Safety Lean Consulting\",\"description\":\"Lean Manufacturing &amp; Risk Prevention\",\"publisher\":{\"@id\":\"https:\/\/www.safetylean.com\/fr#organization\"},\"potentialAction\":[{\"@type\":\"SearchAction\",\"target\":{\"@type\":\"EntryPoint\",\"urlTemplate\":\"https:\/\/www.safetylean.com\/fr?s={search_term_string}\"},\"query-input\":\"required name=search_term_string\"}],\"inLanguage\":\"fr-FR\"},{\"@type\":\"Organization\",\"@id\":\"https:\/\/www.safetylean.com\/fr#organization\",\"name\":\"Safety Lean Consulting\",\"url\":\"https:\/\/www.safetylean.com\/fr\",\"logo\":{\"@type\":\"ImageObject\",\"inLanguage\":\"fr-FR\",\"@id\":\"https:\/\/www.safetylean.com\/fr#\/schema\/logo\/image\/\",\"url\":\"https:\/\/www.safetylean.com\/wp-content\/uploads\/2023\/10\/logo-safety-lean.jpg\",\"contentUrl\":\"https:\/\/www.safetylean.com\/wp-content\/uploads\/2023\/10\/logo-safety-lean.jpg\",\"width\":360,\"height\":120,\"caption\":\"Safety Lean Consulting\"},\"image\":{\"@id\":\"https:\/\/www.safetylean.com\/fr#\/schema\/logo\/image\/\"},\"sameAs\":[\"https:\/\/www.linkedin.com\/company\/safety-lean-consulting\/about\/\"]}]}<\/script>\n<!-- \/ Yoast SEO plugin. -->","yoast_head_json":{"title":"Agata Lafont - Safety Lean Consulting","robots":{"index":"index","follow":"follow","max-snippet":"max-snippet:-1","max-image-preview":"max-image-preview:large","max-video-preview":"max-video-preview:-1"},"canonical":"https:\/\/www.safetylean.com\/fr\/equipe-qui\/agata-lafont","og_locale":"fr_FR","og_type":"article","og_title":"Agata Lafont - Safety Lean Consulting","og_url":"https:\/\/www.safetylean.com\/fr\/equipe-qui\/agata-lafont","og_site_name":"Safety Lean Consulting","article_modified_time":"2023-11-23T15:35:14+00:00","og_image":[{"url":"https:\/\/www.safetylean.com\/wp-content\/uploads\/2023\/10\/equipo-agata.jpg"}],"twitter_card":"summary_large_image","twitter_misc":{"Dur\u00e9e de lecture estim\u00e9e":"2 minutes"},"schema":{"@context":"https:\/\/schema.org","@graph":[{"@type":"WebPage","@id":"https:\/\/www.safetylean.com\/fr\/equipe-qui\/agata-lafont","url":"https:\/\/www.safetylean.com\/fr\/equipe-qui\/agata-lafont","name":"Agata Lafont - Safety Lean Consulting","isPartOf":{"@id":"https:\/\/www.safetylean.com\/fr#website"},"datePublished":"2023-11-02T16:36:07+00:00","dateModified":"2023-11-23T15:35:14+00:00","breadcrumb":{"@id":"https:\/\/www.safetylean.com\/fr\/equipe-qui\/agata-lafont#breadcrumb"},"inLanguage":"fr-FR","potentialAction":[{"@type":"ReadAction","target":["https:\/\/www.safetylean.com\/fr\/equipe-qui\/agata-lafont"]}]},{"@type":"BreadcrumbList","@id":"https:\/\/www.safetylean.com\/fr\/equipe-qui\/agata-lafont#breadcrumb","itemListElement":[{"@type":"ListItem","position":1,"name":"Portada","item":"https:\/\/www.safetylean.com\/fr"},{"@type":"ListItem","position":2,"name":"Qui?","item":"https:\/\/www.safetylean.com\/fr\/equipe-qui"},{"@type":"ListItem","position":3,"name":"Agata Lafont"}]},{"@type":"WebSite","@id":"https:\/\/www.safetylean.com\/fr#website","url":"https:\/\/www.safetylean.com\/fr","name":"Safety Lean Consulting","description":"Lean Manufacturing &amp; Risk Prevention","publisher":{"@id":"https:\/\/www.safetylean.com\/fr#organization"},"potentialAction":[{"@type":"SearchAction","target":{"@type":"EntryPoint","urlTemplate":"https:\/\/www.safetylean.com\/fr?s={search_term_string}"},"query-input":"required name=search_term_string"}],"inLanguage":"fr-FR"},{"@type":"Organization","@id":"https:\/\/www.safetylean.com\/fr#organization","name":"Safety Lean Consulting","url":"https:\/\/www.safetylean.com\/fr","logo":{"@type":"ImageObject","inLanguage":"fr-FR","@id":"https:\/\/www.safetylean.com\/fr#\/schema\/logo\/image\/","url":"https:\/\/www.safetylean.com\/wp-content\/uploads\/2023\/10\/logo-safety-lean.jpg","contentUrl":"https:\/\/www.safetylean.com\/wp-content\/uploads\/2023\/10\/logo-safety-lean.jpg","width":360,"height":120,"caption":"Safety Lean Consulting"},"image":{"@id":"https:\/\/www.safetylean.com\/fr#\/schema\/logo\/image\/"},"sameAs":["https:\/\/www.linkedin.com\/company\/safety-lean-consulting\/about\/"]}]}},"_links":{"self":[{"href":"https:\/\/www.safetylean.com\/fr\/wp-json\/wp\/v2\/pages\/1852","targetHints":{"allow":["GET"]}}],"collection":[{"href":"https:\/\/www.safetylean.com\/fr\/wp-json\/wp\/v2\/pages"}],"about":[{"href":"https:\/\/www.safetylean.com\/fr\/wp-json\/wp\/v2\/types\/page"}],"author":[{"embeddable":true,"href":"https:\/\/www.safetylean.com\/fr\/wp-json\/wp\/v2\/users\/1"}],"replies":[{"embeddable":true,"href":"https:\/\/www.safetylean.com\/fr\/wp-json\/wp\/v2\/comments?post=1852"}],"version-history":[{"count":1,"href":"https:\/\/www.safetylean.com\/fr\/wp-json\/wp\/v2\/pages\/1852\/revisions"}],"predecessor-version":[{"id":1959,"href":"https:\/\/www.safetylean.com\/fr\/wp-json\/wp\/v2\/pages\/1852\/revisions\/1959"}],"up":[{"embeddable":true,"href":"https:\/\/www.safetylean.com\/fr\/wp-json\/wp\/v2\/pages\/1840"}],"wp:attachment":[{"href":"https:\/\/www.safetylean.com\/fr\/wp-json\/wp\/v2\/media?parent=1852"}],"curies":[{"name":"wp","href":"https:\/\/api.w.org\/{rel}","templated":true}]}}