{"id":1845,"date":"2023-11-02T17:37:28","date_gmt":"2023-11-02T16:37:28","guid":{"rendered":"https:\/\/www.safetylean.com\/equipo-quien\/philippe-debruyne"},"modified":"2023-11-23T16:36:37","modified_gmt":"2023-11-23T15:36:37","slug":"philippe-debruyne","status":"publish","type":"page","link":"https:\/\/www.safetylean.com\/fr\/equipe-qui\/philippe-debruyne","title":{"rendered":"Philippe Debruyne"},"content":{"rendered":"\n<div class=\"wp-block-columns is-layout-flex wp-container-core-columns-is-layout-e6ff2d15 wp-block-columns-is-layout-flex\" id=\"philippe\" style=\"padding-top:var(--wp--preset--spacing--medium);padding-bottom:var(--wp--preset--spacing--medium)\">\n<div class=\"wp-block-column is-layout-flow wp-block-column-is-layout-flow\" style=\"flex-basis:33.33%\">\n<figure class=\"wp-block-image size-full\"><img decoding=\"async\" src=\"data:image\/svg+xml,%3Csvg%20width%3D%22393%22%20height%3D%22393%22%20xmlns%3D%22http:\/\/www.w3.org\/2000\/svg%22%20viewBox%3D%220%200%20393%20393%22%3E%3C\/svg%3E\" alt class=\"wp-image-952 fy-content__image fy-lazy js-lazy\" width=\"393\" height=\"393\" data-src=\"https:\/\/www.safetylean.com\/wp-content\/uploads\/2023\/10\/equipo-philippe.jpg\"><div class=\"fy-image-loading fy-image-loading--skeleton\" aria-hidden=\"true\"><\/div><\/figure>\n<\/div>\n\n\n\n<div class=\"wp-block-column is-layout-flow wp-block-column-is-layout-flow\" style=\"flex-basis:66.66%\">\n<p>Je suis n\u00e9 \u00e0 Lille l&#8217;ann\u00e9e o\u00f9 le mot pr\u00e9venteur est entr\u00e9 dans le dictionnaire et le nouveau franc dans les porte-monnaies.<\/p>\n\n\n\n<p>Les stages durant mes \u00e9tudes d&#8217;ing\u00e9nieur en informatique et en automatisme m&#8217;ont permis de comprendre l&#8217;interface homme-machine et ses multiples cons\u00e9quences.<\/p>\n\n\n\n<p>Mon premier emploi, dans la sid\u00e9rurgie, m&#8217;a fait passer de l&#8217;informatique th\u00e9orique \u00e0 la r\u00e9alit\u00e9 du terrain. Ce fut une exp\u00e9rience captivante de r\u00e9pondre \u00e0 la question: comment faire pour faire respecter une proc\u00e9dure ? La r\u00e9ponse tourne autour des personnes, des m\u00e9thodes et de leur application.<\/p>\n\n\n\n<p>Apr\u00e8s une exp\u00e9rience \u00e0 l&#8217;\u00e9tranger, dans une PME australienne, j&#8217;ai rencontr\u00e9 Frank Bird et sa pyramide \u00e0 Atlanta et j&#8217;ai d\u00e9cid\u00e9 d&#8217;appliquer l&#8217;activit\u00e9 la plus f\u00e9d\u00e9ratrice en entreprise: la s\u00e9curit\u00e9.<\/p>\n\n\n\n<p>D&#8217;abord comme consultant SHEQ pendant dix ans, puis de nouveau comme op\u00e9rationnel sur un site&nbsp; SEVESO.<\/p>\n\n\n\n<p>Apr\u00e8s avoir compl\u00e9t\u00e9 mon profil professionnel sur les aspects de comportement humain, j&#8217;ai coordonn\u00e9 pendant une d\u00e9cennie les domaines H&amp;S depuis les si\u00e8ges et dans les usines de grands groupes de l&#8217;industrie de la sid\u00e9rurgie, des transports et des t\u00e9l\u00e9communications.<\/p>\n\n\n\n<p>Tous ces postes m&#8217;ont confirm\u00e9 que la culture d&#8217;am\u00e9lioration continue n\u00e9cessite de travailler en s\u00e9curit\u00e9, pour et avec les personnes, en s\u2019aidant des outils de la philosophie Lean Manufacturing.<\/p>\n\n\n\n<p>D\u2019o\u00f9 la convergence Safety-Lean: les personnes, les outils et leur application sur le terrain.<\/p>\n\n\n\n<p>Si vous souhaitez plus de d\u00e9tails, consultez mon CV \u00e0<\/p>\n\n\n\n<ul class=\"wp-block-social-links is-content-justification-left is-layout-flex wp-container-core-social-links-is-layout-fc4fd283 wp-block-social-links-is-layout-flex\"><li class=\"wp-social-link wp-social-link-linkedin  wp-block-social-link\"><a rel=\"noopener nofollow\" target=\"_blank\" href=\"https:\/\/es.linkedin.com\/in\/philippe-debruyne-867396b1\" class=\"wp-block-social-link-anchor\"><svg width=\"24\" height=\"24\" viewBox=\"0 0 24 24\" version=\"1.1\" xmlns=\"http:\/\/www.w3.org\/2000\/svg\" aria-hidden=\"true\" focusable=\"false\"><path d=\"M19.7,3H4.3C3.582,3,3,3.582,3,4.3v15.4C3,20.418,3.582,21,4.3,21h15.4c0.718,0,1.3-0.582,1.3-1.3V4.3 C21,3.582,20.418,3,19.7,3z M8.339,18.338H5.667v-8.59h2.672V18.338z M7.004,8.574c-0.857,0-1.549-0.694-1.549-1.548 c0-0.855,0.691-1.548,1.549-1.548c0.854,0,1.547,0.694,1.547,1.548C8.551,7.881,7.858,8.574,7.004,8.574z M18.339,18.338h-2.669 v-4.177c0-0.996-0.017-2.278-1.387-2.278c-1.389,0-1.601,1.086-1.601,2.206v4.249h-2.667v-8.59h2.559v1.174h0.037 c0.356-0.675,1.227-1.387,2.526-1.387c2.703,0,3.203,1.779,3.203,4.092V18.338z\"><\/path><\/svg><span class=\"wp-block-social-link-label screen-reader-text\">LinkedIn<\/span><\/a><\/li><\/ul>\n<\/div>\n<\/div>\n","protected":false},"excerpt":{"rendered":"<p>Je suis n\u00e9 \u00e0 Lille l&#8217;ann\u00e9e o\u00f9 le mot pr\u00e9venteur est entr\u00e9 dans le dictionnaire et le nouveau franc dans les porte-monnaies. Les stages &#8230;<\/p>\n","protected":false},"author":1,"featured_media":0,"parent":1840,"menu_order":2,"comment_status":"closed","ping_status":"closed","template":"","meta":{"footnotes":""},"class_list":["post-1845","page","type-page","status-publish","hentry"],"yoast_head":"<!-- This site is optimized with the Yoast SEO plugin v21.5 - https:\/\/yoast.com\/wordpress\/plugins\/seo\/ -->\n<title>Philippe Debruyne - Safety Lean Consulting<\/title>\n<meta name=\"robots\" content=\"index, follow, max-snippet:-1, max-image-preview:large, max-video-preview:-1\" \/>\n<link rel=\"canonical\" href=\"https:\/\/www.safetylean.com\/fr\/equipe-qui\/philippe-debruyne\" \/>\n<meta property=\"og:locale\" content=\"fr_FR\" \/>\n<meta property=\"og:type\" content=\"article\" \/>\n<meta property=\"og:title\" content=\"Philippe Debruyne - Safety Lean Consulting\" \/>\n<meta property=\"og:description\" content=\"Je suis n\u00e9 \u00e0 Lille l&#8217;ann\u00e9e o\u00f9 le mot pr\u00e9venteur est entr\u00e9 dans le dictionnaire et le nouveau franc dans les porte-monnaies. Les stages ...\" \/>\n<meta property=\"og:url\" content=\"https:\/\/www.safetylean.com\/fr\/equipe-qui\/philippe-debruyne\" \/>\n<meta property=\"og:site_name\" content=\"Safety Lean Consulting\" \/>\n<meta property=\"article:modified_time\" content=\"2023-11-23T15:36:37+00:00\" \/>\n<meta property=\"og:image\" content=\"https:\/\/www.safetylean.com\/wp-content\/uploads\/2023\/10\/equipo-philippe.jpg\" \/>\n<meta name=\"twitter:card\" content=\"summary_large_image\" \/>\n<meta name=\"twitter:label1\" content=\"Dur\u00e9e de lecture estim\u00e9e\" \/>\n\t<meta name=\"twitter:data1\" content=\"2 minutes\" \/>\n<script type=\"application\/ld+json\" class=\"yoast-schema-graph\">{\"@context\":\"https:\/\/schema.org\",\"@graph\":[{\"@type\":\"WebPage\",\"@id\":\"https:\/\/www.safetylean.com\/fr\/equipe-qui\/philippe-debruyne\",\"url\":\"https:\/\/www.safetylean.com\/fr\/equipe-qui\/philippe-debruyne\",\"name\":\"Philippe Debruyne - Safety Lean Consulting\",\"isPartOf\":{\"@id\":\"https:\/\/www.safetylean.com\/fr#website\"},\"datePublished\":\"2023-11-02T16:37:28+00:00\",\"dateModified\":\"2023-11-23T15:36:37+00:00\",\"breadcrumb\":{\"@id\":\"https:\/\/www.safetylean.com\/fr\/equipe-qui\/philippe-debruyne#breadcrumb\"},\"inLanguage\":\"fr-FR\",\"potentialAction\":[{\"@type\":\"ReadAction\",\"target\":[\"https:\/\/www.safetylean.com\/fr\/equipe-qui\/philippe-debruyne\"]}]},{\"@type\":\"BreadcrumbList\",\"@id\":\"https:\/\/www.safetylean.com\/fr\/equipe-qui\/philippe-debruyne#breadcrumb\",\"itemListElement\":[{\"@type\":\"ListItem\",\"position\":1,\"name\":\"Portada\",\"item\":\"https:\/\/www.safetylean.com\/fr\"},{\"@type\":\"ListItem\",\"position\":2,\"name\":\"Qui?\",\"item\":\"https:\/\/www.safetylean.com\/fr\/equipe-qui\"},{\"@type\":\"ListItem\",\"position\":3,\"name\":\"Philippe Debruyne\"}]},{\"@type\":\"WebSite\",\"@id\":\"https:\/\/www.safetylean.com\/fr#website\",\"url\":\"https:\/\/www.safetylean.com\/fr\",\"name\":\"Safety Lean Consulting\",\"description\":\"Lean Manufacturing &amp; Risk Prevention\",\"publisher\":{\"@id\":\"https:\/\/www.safetylean.com\/fr#organization\"},\"potentialAction\":[{\"@type\":\"SearchAction\",\"target\":{\"@type\":\"EntryPoint\",\"urlTemplate\":\"https:\/\/www.safetylean.com\/fr?s={search_term_string}\"},\"query-input\":\"required name=search_term_string\"}],\"inLanguage\":\"fr-FR\"},{\"@type\":\"Organization\",\"@id\":\"https:\/\/www.safetylean.com\/fr#organization\",\"name\":\"Safety Lean Consulting\",\"url\":\"https:\/\/www.safetylean.com\/fr\",\"logo\":{\"@type\":\"ImageObject\",\"inLanguage\":\"fr-FR\",\"@id\":\"https:\/\/www.safetylean.com\/fr#\/schema\/logo\/image\/\",\"url\":\"https:\/\/www.safetylean.com\/wp-content\/uploads\/2023\/10\/logo-safety-lean.jpg\",\"contentUrl\":\"https:\/\/www.safetylean.com\/wp-content\/uploads\/2023\/10\/logo-safety-lean.jpg\",\"width\":360,\"height\":120,\"caption\":\"Safety Lean Consulting\"},\"image\":{\"@id\":\"https:\/\/www.safetylean.com\/fr#\/schema\/logo\/image\/\"},\"sameAs\":[\"https:\/\/www.linkedin.com\/company\/safety-lean-consulting\/about\/\"]}]}<\/script>\n<!-- \/ Yoast SEO plugin. -->","yoast_head_json":{"title":"Philippe Debruyne - Safety Lean Consulting","robots":{"index":"index","follow":"follow","max-snippet":"max-snippet:-1","max-image-preview":"max-image-preview:large","max-video-preview":"max-video-preview:-1"},"canonical":"https:\/\/www.safetylean.com\/fr\/equipe-qui\/philippe-debruyne","og_locale":"fr_FR","og_type":"article","og_title":"Philippe Debruyne - Safety Lean Consulting","og_description":"Je suis n\u00e9 \u00e0 Lille l&#8217;ann\u00e9e o\u00f9 le mot pr\u00e9venteur est entr\u00e9 dans le dictionnaire et le nouveau franc dans les porte-monnaies. Les stages ...","og_url":"https:\/\/www.safetylean.com\/fr\/equipe-qui\/philippe-debruyne","og_site_name":"Safety Lean Consulting","article_modified_time":"2023-11-23T15:36:37+00:00","og_image":[{"url":"https:\/\/www.safetylean.com\/wp-content\/uploads\/2023\/10\/equipo-philippe.jpg"}],"twitter_card":"summary_large_image","twitter_misc":{"Dur\u00e9e de lecture estim\u00e9e":"2 minutes"},"schema":{"@context":"https:\/\/schema.org","@graph":[{"@type":"WebPage","@id":"https:\/\/www.safetylean.com\/fr\/equipe-qui\/philippe-debruyne","url":"https:\/\/www.safetylean.com\/fr\/equipe-qui\/philippe-debruyne","name":"Philippe Debruyne - Safety Lean Consulting","isPartOf":{"@id":"https:\/\/www.safetylean.com\/fr#website"},"datePublished":"2023-11-02T16:37:28+00:00","dateModified":"2023-11-23T15:36:37+00:00","breadcrumb":{"@id":"https:\/\/www.safetylean.com\/fr\/equipe-qui\/philippe-debruyne#breadcrumb"},"inLanguage":"fr-FR","potentialAction":[{"@type":"ReadAction","target":["https:\/\/www.safetylean.com\/fr\/equipe-qui\/philippe-debruyne"]}]},{"@type":"BreadcrumbList","@id":"https:\/\/www.safetylean.com\/fr\/equipe-qui\/philippe-debruyne#breadcrumb","itemListElement":[{"@type":"ListItem","position":1,"name":"Portada","item":"https:\/\/www.safetylean.com\/fr"},{"@type":"ListItem","position":2,"name":"Qui?","item":"https:\/\/www.safetylean.com\/fr\/equipe-qui"},{"@type":"ListItem","position":3,"name":"Philippe Debruyne"}]},{"@type":"WebSite","@id":"https:\/\/www.safetylean.com\/fr#website","url":"https:\/\/www.safetylean.com\/fr","name":"Safety Lean Consulting","description":"Lean Manufacturing &amp; Risk Prevention","publisher":{"@id":"https:\/\/www.safetylean.com\/fr#organization"},"potentialAction":[{"@type":"SearchAction","target":{"@type":"EntryPoint","urlTemplate":"https:\/\/www.safetylean.com\/fr?s={search_term_string}"},"query-input":"required name=search_term_string"}],"inLanguage":"fr-FR"},{"@type":"Organization","@id":"https:\/\/www.safetylean.com\/fr#organization","name":"Safety Lean Consulting","url":"https:\/\/www.safetylean.com\/fr","logo":{"@type":"ImageObject","inLanguage":"fr-FR","@id":"https:\/\/www.safetylean.com\/fr#\/schema\/logo\/image\/","url":"https:\/\/www.safetylean.com\/wp-content\/uploads\/2023\/10\/logo-safety-lean.jpg","contentUrl":"https:\/\/www.safetylean.com\/wp-content\/uploads\/2023\/10\/logo-safety-lean.jpg","width":360,"height":120,"caption":"Safety Lean Consulting"},"image":{"@id":"https:\/\/www.safetylean.com\/fr#\/schema\/logo\/image\/"},"sameAs":["https:\/\/www.linkedin.com\/company\/safety-lean-consulting\/about\/"]}]}},"_links":{"self":[{"href":"https:\/\/www.safetylean.com\/fr\/wp-json\/wp\/v2\/pages\/1845","targetHints":{"allow":["GET"]}}],"collection":[{"href":"https:\/\/www.safetylean.com\/fr\/wp-json\/wp\/v2\/pages"}],"about":[{"href":"https:\/\/www.safetylean.com\/fr\/wp-json\/wp\/v2\/types\/page"}],"author":[{"embeddable":true,"href":"https:\/\/www.safetylean.com\/fr\/wp-json\/wp\/v2\/users\/1"}],"replies":[{"embeddable":true,"href":"https:\/\/www.safetylean.com\/fr\/wp-json\/wp\/v2\/comments?post=1845"}],"version-history":[{"count":1,"href":"https:\/\/www.safetylean.com\/fr\/wp-json\/wp\/v2\/pages\/1845\/revisions"}],"predecessor-version":[{"id":1960,"href":"https:\/\/www.safetylean.com\/fr\/wp-json\/wp\/v2\/pages\/1845\/revisions\/1960"}],"up":[{"embeddable":true,"href":"https:\/\/www.safetylean.com\/fr\/wp-json\/wp\/v2\/pages\/1840"}],"wp:attachment":[{"href":"https:\/\/www.safetylean.com\/fr\/wp-json\/wp\/v2\/media?parent=1845"}],"curies":[{"name":"wp","href":"https:\/\/api.w.org\/{rel}","templated":true}]}}