{"id":1840,"date":"2023-10-05T11:10:58","date_gmt":"2023-10-05T09:10:58","guid":{"rendered":"https:\/\/www.safetylean.com\/equipo-quien"},"modified":"2023-11-23T16:34:08","modified_gmt":"2023-11-23T15:34:08","slug":"equipe-qui","status":"publish","type":"page","link":"https:\/\/www.safetylean.com\/fr\/equipe-qui","title":{"rendered":"Qui?"},"content":{"rendered":"\n<div class=\"wp-block-columns is-layout-flex wp-container-core-columns-is-layout-28f84493 wp-block-columns-is-layout-flex\">\n<div class=\"wp-block-column is-layout-flow wp-block-column-is-layout-flow\">\n<p>Les personnes sont importantes, donc avant d&#8217;expliquer comment nous travaillons et ce que nous savons faire, nous voulons vous expliquer qui nous sommes.<\/p>\n\n\n\n<p><strong>Nous sommes deux ing\u00e9nieurspassionn\u00e9s par notre travail<\/strong>, convaincus que l&#8217;am\u00e9lioration est infinie, que les personnes sont la ressource la plus pr\u00e9cieuse de toute entreprise, que leur sant\u00e9 et leur s\u00e9curit\u00e9 sont une priorit\u00e9 non n\u00e9gociable et que la cl\u00e9 pour parvenir \u00e0 des processus efficaces r\u00e9side dans former, \u00e9couter, accompagner et motiver les \u00e9quipes.<br><br>2 personnes qui, en ajoutant 65 ans d&#8217;exp\u00e9rience professionnelle, ont d\u00e9cid\u00e9 de cr\u00e9er Safety Lean Consulting pour pouvoir profiter de ce que nous aimons avec une plus grande autonomie: former les personnes et aider les entreprises \u00e0 s\u2019am\u00e9liorer.<\/p>\n<\/div>\n<\/div>\n\n\n\n<div class=\"wp-block-columns alignwide are-vertically-aligned-center is-layout-flex wp-container-core-columns-is-layout-e1a2089c wp-block-columns-is-layout-flex\">\n<div class=\"wp-block-column is-vertically-aligned-center is-layout-flow wp-block-column-is-layout-flow\" style=\"flex-basis:20%\"><\/div>\n\n\n\n<div class=\"wp-block-column is-vertically-aligned-center has-cnt-bg-color has-cnt-background-color has-text-color has-background is-layout-flow wp-block-column-is-layout-flow\" style=\"flex-basis:30%\">\n<figure class=\"wp-block-image size-full\"><a href=\"https:\/\/www.safetylean.com\/fr\/equipe-qui\/agata-lafont\"><img decoding=\"async\" src=\"data:image\/svg+xml,%3Csvg%20width%3D%22276%22%20height%3D%22276%22%20xmlns%3D%22http:\/\/www.w3.org\/2000\/svg%22%20viewBox%3D%220%200%20276%20276%22%3E%3C\/svg%3E\" alt class=\"wp-image-1299 fy-content__image fy-lazy js-lazy\" style=\"aspect-ratio:1;object-fit:contain\" width=\"276\" height=\"276\" data-src=\"https:\/\/www.safetylean.com\/wp-content\/uploads\/2023\/11\/equipo-agata-lean-edited.jpg\"><div class=\"fy-image-loading fy-image-loading--skeleton\" aria-hidden=\"true\"><\/div><\/a><\/figure>\n\n\n\n<h3 class=\"wp-block-heading has-text-align-center\"><a href=\"https:\/\/www.safetylean.com\/fr\/equipe-qui\/agata-lafont\">Agata Lafont<\/a><\/h3>\n<\/div>\n\n\n\n<div class=\"wp-block-column is-vertically-aligned-center has-cnt-bg-color has-cnt-background-color has-text-color has-background is-layout-flow wp-block-column-is-layout-flow\" style=\"flex-basis:30%\">\n<figure class=\"wp-block-image size-full\"><a href=\"https:\/\/www.safetylean.com\/fr\/equipe-qui\/philippe-debruyne\"><img decoding=\"async\" src=\"data:image\/svg+xml,%3Csvg%20width%3D%22276%22%20height%3D%22276%22%20xmlns%3D%22http:\/\/www.w3.org\/2000\/svg%22%20viewBox%3D%220%200%20276%20276%22%3E%3C\/svg%3E\" alt class=\"wp-image-1300 fy-content__image fy-lazy js-lazy\" style=\"aspect-ratio:1;object-fit:contain\" width=\"276\" height=\"276\" data-src=\"https:\/\/www.safetylean.com\/wp-content\/uploads\/2023\/11\/philippe-safety-edited.jpg\"><div class=\"fy-image-loading fy-image-loading--skeleton\" aria-hidden=\"true\"><\/div><\/a><\/figure>\n\n\n\n<h3 class=\"wp-block-heading has-text-align-center\"><a href=\"https:\/\/www.safetylean.com\/equipo-quien\/philippe-debruyne\">Philippe D<\/a><a href=\"https:\/\/www.safetylean.com\/fr\/equipe-qui\/philippe-debruyne\">ebruyne<\/a><\/h3>\n<\/div>\n\n\n\n<div class=\"wp-block-column is-vertically-aligned-center is-layout-flow wp-block-column-is-layout-flow\" style=\"flex-basis:20%\"><\/div>\n<\/div>\n","protected":false},"excerpt":{"rendered":"<p>Les personnes sont importantes, donc avant d&#8217;expliquer comment nous travaillons et ce que nous savons faire, nous voulons vous expliquer qui nous sommes. Nous &#8230;<\/p>\n","protected":false},"author":1,"featured_media":0,"parent":0,"menu_order":0,"comment_status":"closed","ping_status":"closed","template":"","meta":{"footnotes":""},"class_list":["post-1840","page","type-page","status-publish","hentry"],"yoast_head":"<!-- This site is optimized with the Yoast SEO plugin v21.5 - https:\/\/yoast.com\/wordpress\/plugins\/seo\/ -->\n<title>Qui? - Safety Lean Consulting<\/title>\n<meta name=\"robots\" content=\"index, follow, max-snippet:-1, max-image-preview:large, max-video-preview:-1\" \/>\n<link rel=\"canonical\" href=\"https:\/\/www.safetylean.com\/fr\/equipe-qui\" \/>\n<meta property=\"og:locale\" content=\"fr_FR\" \/>\n<meta property=\"og:type\" content=\"article\" \/>\n<meta property=\"og:title\" content=\"Qui? - Safety Lean Consulting\" \/>\n<meta property=\"og:description\" content=\"Les personnes sont importantes, donc avant d&#8217;expliquer comment nous travaillons et ce que nous savons faire, nous voulons vous expliquer qui nous sommes. Nous ...\" \/>\n<meta property=\"og:url\" content=\"https:\/\/www.safetylean.com\/fr\/equipe-qui\" \/>\n<meta property=\"og:site_name\" content=\"Safety Lean Consulting\" \/>\n<meta property=\"article:modified_time\" content=\"2023-11-23T15:34:08+00:00\" \/>\n<meta property=\"og:image\" content=\"https:\/\/www.safetylean.com\/wp-content\/uploads\/2023\/11\/equipo-agata-lean-edited.jpg\" \/>\n<meta name=\"twitter:card\" content=\"summary_large_image\" \/>\n<meta name=\"twitter:label1\" content=\"Dur\u00e9e de lecture estim\u00e9e\" \/>\n\t<meta name=\"twitter:data1\" content=\"1 minute\" \/>\n<script type=\"application\/ld+json\" class=\"yoast-schema-graph\">{\"@context\":\"https:\/\/schema.org\",\"@graph\":[{\"@type\":\"WebPage\",\"@id\":\"https:\/\/www.safetylean.com\/fr\/equipe-qui\",\"url\":\"https:\/\/www.safetylean.com\/fr\/equipe-qui\",\"name\":\"Qui? - Safety Lean Consulting\",\"isPartOf\":{\"@id\":\"https:\/\/www.safetylean.com\/fr#website\"},\"datePublished\":\"2023-10-05T09:10:58+00:00\",\"dateModified\":\"2023-11-23T15:34:08+00:00\",\"breadcrumb\":{\"@id\":\"https:\/\/www.safetylean.com\/fr\/equipe-qui#breadcrumb\"},\"inLanguage\":\"fr-FR\",\"potentialAction\":[{\"@type\":\"ReadAction\",\"target\":[\"https:\/\/www.safetylean.com\/fr\/equipe-qui\"]}]},{\"@type\":\"BreadcrumbList\",\"@id\":\"https:\/\/www.safetylean.com\/fr\/equipe-qui#breadcrumb\",\"itemListElement\":[{\"@type\":\"ListItem\",\"position\":1,\"name\":\"Portada\",\"item\":\"https:\/\/www.safetylean.com\/fr\"},{\"@type\":\"ListItem\",\"position\":2,\"name\":\"Qui?\"}]},{\"@type\":\"WebSite\",\"@id\":\"https:\/\/www.safetylean.com\/fr#website\",\"url\":\"https:\/\/www.safetylean.com\/fr\",\"name\":\"Safety Lean Consulting\",\"description\":\"Lean Manufacturing &amp; Risk Prevention\",\"publisher\":{\"@id\":\"https:\/\/www.safetylean.com\/fr#organization\"},\"potentialAction\":[{\"@type\":\"SearchAction\",\"target\":{\"@type\":\"EntryPoint\",\"urlTemplate\":\"https:\/\/www.safetylean.com\/fr?s={search_term_string}\"},\"query-input\":\"required name=search_term_string\"}],\"inLanguage\":\"fr-FR\"},{\"@type\":\"Organization\",\"@id\":\"https:\/\/www.safetylean.com\/fr#organization\",\"name\":\"Safety Lean Consulting\",\"url\":\"https:\/\/www.safetylean.com\/fr\",\"logo\":{\"@type\":\"ImageObject\",\"inLanguage\":\"fr-FR\",\"@id\":\"https:\/\/www.safetylean.com\/fr#\/schema\/logo\/image\/\",\"url\":\"https:\/\/www.safetylean.com\/wp-content\/uploads\/2023\/10\/logo-safety-lean.jpg\",\"contentUrl\":\"https:\/\/www.safetylean.com\/wp-content\/uploads\/2023\/10\/logo-safety-lean.jpg\",\"width\":360,\"height\":120,\"caption\":\"Safety Lean Consulting\"},\"image\":{\"@id\":\"https:\/\/www.safetylean.com\/fr#\/schema\/logo\/image\/\"},\"sameAs\":[\"https:\/\/www.linkedin.com\/company\/safety-lean-consulting\/about\/\"]}]}<\/script>\n<!-- \/ Yoast SEO plugin. -->","yoast_head_json":{"title":"Qui? - Safety Lean Consulting","robots":{"index":"index","follow":"follow","max-snippet":"max-snippet:-1","max-image-preview":"max-image-preview:large","max-video-preview":"max-video-preview:-1"},"canonical":"https:\/\/www.safetylean.com\/fr\/equipe-qui","og_locale":"fr_FR","og_type":"article","og_title":"Qui? - Safety Lean Consulting","og_description":"Les personnes sont importantes, donc avant d&#8217;expliquer comment nous travaillons et ce que nous savons faire, nous voulons vous expliquer qui nous sommes. Nous ...","og_url":"https:\/\/www.safetylean.com\/fr\/equipe-qui","og_site_name":"Safety Lean Consulting","article_modified_time":"2023-11-23T15:34:08+00:00","og_image":[{"url":"https:\/\/www.safetylean.com\/wp-content\/uploads\/2023\/11\/equipo-agata-lean-edited.jpg"}],"twitter_card":"summary_large_image","twitter_misc":{"Dur\u00e9e de lecture estim\u00e9e":"1 minute"},"schema":{"@context":"https:\/\/schema.org","@graph":[{"@type":"WebPage","@id":"https:\/\/www.safetylean.com\/fr\/equipe-qui","url":"https:\/\/www.safetylean.com\/fr\/equipe-qui","name":"Qui? - Safety Lean Consulting","isPartOf":{"@id":"https:\/\/www.safetylean.com\/fr#website"},"datePublished":"2023-10-05T09:10:58+00:00","dateModified":"2023-11-23T15:34:08+00:00","breadcrumb":{"@id":"https:\/\/www.safetylean.com\/fr\/equipe-qui#breadcrumb"},"inLanguage":"fr-FR","potentialAction":[{"@type":"ReadAction","target":["https:\/\/www.safetylean.com\/fr\/equipe-qui"]}]},{"@type":"BreadcrumbList","@id":"https:\/\/www.safetylean.com\/fr\/equipe-qui#breadcrumb","itemListElement":[{"@type":"ListItem","position":1,"name":"Portada","item":"https:\/\/www.safetylean.com\/fr"},{"@type":"ListItem","position":2,"name":"Qui?"}]},{"@type":"WebSite","@id":"https:\/\/www.safetylean.com\/fr#website","url":"https:\/\/www.safetylean.com\/fr","name":"Safety Lean Consulting","description":"Lean Manufacturing &amp; Risk Prevention","publisher":{"@id":"https:\/\/www.safetylean.com\/fr#organization"},"potentialAction":[{"@type":"SearchAction","target":{"@type":"EntryPoint","urlTemplate":"https:\/\/www.safetylean.com\/fr?s={search_term_string}"},"query-input":"required name=search_term_string"}],"inLanguage":"fr-FR"},{"@type":"Organization","@id":"https:\/\/www.safetylean.com\/fr#organization","name":"Safety Lean Consulting","url":"https:\/\/www.safetylean.com\/fr","logo":{"@type":"ImageObject","inLanguage":"fr-FR","@id":"https:\/\/www.safetylean.com\/fr#\/schema\/logo\/image\/","url":"https:\/\/www.safetylean.com\/wp-content\/uploads\/2023\/10\/logo-safety-lean.jpg","contentUrl":"https:\/\/www.safetylean.com\/wp-content\/uploads\/2023\/10\/logo-safety-lean.jpg","width":360,"height":120,"caption":"Safety Lean Consulting"},"image":{"@id":"https:\/\/www.safetylean.com\/fr#\/schema\/logo\/image\/"},"sameAs":["https:\/\/www.linkedin.com\/company\/safety-lean-consulting\/about\/"]}]}},"_links":{"self":[{"href":"https:\/\/www.safetylean.com\/fr\/wp-json\/wp\/v2\/pages\/1840","targetHints":{"allow":["GET"]}}],"collection":[{"href":"https:\/\/www.safetylean.com\/fr\/wp-json\/wp\/v2\/pages"}],"about":[{"href":"https:\/\/www.safetylean.com\/fr\/wp-json\/wp\/v2\/types\/page"}],"author":[{"embeddable":true,"href":"https:\/\/www.safetylean.com\/fr\/wp-json\/wp\/v2\/users\/1"}],"replies":[{"embeddable":true,"href":"https:\/\/www.safetylean.com\/fr\/wp-json\/wp\/v2\/comments?post=1840"}],"version-history":[{"count":1,"href":"https:\/\/www.safetylean.com\/fr\/wp-json\/wp\/v2\/pages\/1840\/revisions"}],"predecessor-version":[{"id":1958,"href":"https:\/\/www.safetylean.com\/fr\/wp-json\/wp\/v2\/pages\/1840\/revisions\/1958"}],"wp:attachment":[{"href":"https:\/\/www.safetylean.com\/fr\/wp-json\/wp\/v2\/media?parent=1840"}],"curies":[{"name":"wp","href":"https:\/\/api.w.org\/{rel}","templated":true}]}}