{"id":1830,"date":"2023-10-05T11:08:28","date_gmt":"2023-10-05T09:08:28","guid":{"rendered":"https:\/\/www.safetylean.com\/empresa-por-que"},"modified":"2023-11-23T16:19:24","modified_gmt":"2023-11-23T15:19:24","slug":"enterprise-pourquoi","status":"publish","type":"page","link":"https:\/\/www.safetylean.com\/fr\/enterprise-pourquoi","title":{"rendered":"Pourquoi ?"},"content":{"rendered":"\n<div class=\"wp-block-columns are-vertically-aligned-top is-layout-flex wp-container-core-columns-is-layout-28f84493 wp-block-columns-is-layout-flex\">\n<div class=\"wp-block-column is-vertically-aligned-top is-layout-flow wp-block-column-is-layout-flow\" style=\"flex-basis:50%\">\n<p>Safety Lean Consulting S.L. est une entreprise de formation &amp; conseil sp\u00e9cialis\u00e9e dans <strong>l\u2019am\u00e9lioration continue,<\/strong> la <strong>pr\u00e9vention<\/strong> <strong>des risques<\/strong> au travail &amp; la <strong>gestion du changement<\/strong>.<\/p>\n\n\n\n<p><strong>Pourquoi unir pr\u00e9vention (Safety) &amp; am\u00e9lioration continue (Lean)?<\/strong><\/p>\n\n\n\n<ul class=\"wp-block-list\">\n<li>Parce qu\u2019\u00e0 une \u00e9poque o\u00f9 tout change \u00e0 un rythme fr\u00e9n\u00e9tique, les <strong>principes d\u2019efficacit\u00e9<\/strong> continuent \u00e0 \u00eatre les m\u00eames qu\u2019il y a 50 ans: r\u00e9duire les activit\u00e9s qui n\u2019apportent pas de valeur, maximiser\/optimiser la qualit\u00e9 des produits et s\u2019assurer du bien-\u00eatre des personnes.<\/li>\n\n\n\n<li>Parce qu\u2019une <strong>culture d\u2019am\u00e9lioration continue<\/strong> n\u2019implique pas seulement l\u2019am\u00e9lioration des processus, mais \u00e9galement celle des conditions de travail des personnes. Nous ne pouvons parvenir \u00e0 \u00eatre comp\u00e9titif qu\u2019avec des&nbsp; <strong>\u00e9quipes motiv\u00e9es<\/strong>.<\/li>\n\n\n\n<li>Car tout <strong>changement<\/strong> implique un processus <strong>d&#8217;adaptation<\/strong> qu&#8217;il faut respecter afin d&#8217;obtenir des \u00e9quipes impliqu\u00e9es et des am\u00e9liorations durables.<\/li>\n<\/ul>\n<\/div>\n\n\n\n<div class=\"wp-block-column is-vertically-aligned-top is-layout-flow wp-block-column-is-layout-flow\" style=\"flex-basis:50%\">\n<figure class=\"wp-block-image\"><img decoding=\"async\" src=\"data:image\/svg+xml,%3Csvg%20width%3D%221000%22%20height%3D%22689%22%20xmlns%3D%22http:\/\/www.w3.org\/2000\/svg%22%20viewBox%3D%220%200%201000%20689%22%3E%3C\/svg%3E\" alt class=\"wp-image-934 fy-content__image fy-lazy js-lazy\" width=\"1000\" height=\"689\" data-src=\"https:\/\/www.safetylean.com\/wp-content\/uploads\/2023\/10\/presentacion-safety-lean.jpg\"><div class=\"fy-image-loading fy-image-loading--skeleton\" aria-hidden=\"true\"><\/div><\/figure>\n<\/div>\n<\/div>\n\n\n\n<div class=\"wp-block-group alignfull has-background is-layout-flow wp-block-group-is-layout-flow\" style=\"background-color:#ccd6e0;padding-top:8vw;padding-right:6vw;padding-bottom:8vw;padding-left:6vw\">\n<div class=\"wp-block-group is-vertical is-nowrap is-layout-flex wp-container-core-group-is-layout-36fd9ea3 wp-block-group-is-layout-flex\" style=\"padding-right:0;padding-left:0\">\n<h2 class=\"wp-block-heading has-cnt-color has-text-color\" id=\"mission\" style=\"font-size:50px\">Mission \/ Valeurs \/ Vision<\/h2>\n<\/div>\n\n\n\n<div style=\"height:1vw\" aria-hidden=\"true\" class=\"wp-block-spacer\"><\/div>\n\n\n\n<div class=\"wp-block-media-text is-stacked-on-mobile\"><figure class=\"wp-block-media-text__media\"><img decoding=\"async\" src=\"data:image\/svg+xml,%3Csvg%20width%3D%22900%22%20height%3D%22600%22%20xmlns%3D%22http:\/\/www.w3.org\/2000\/svg%22%20viewBox%3D%220%200%20900%20600%22%3E%3C\/svg%3E\" alt class=\"wp-image-1068 size-full fy-content__image fy-lazy js-lazy\" width=\"900\" height=\"600\" data-src=\"https:\/\/www.safetylean.com\/wp-content\/uploads\/2023\/10\/mision-safetylean.jpg\"><div class=\"fy-image-loading fy-image-loading--skeleton\" aria-hidden=\"true\"><\/div><\/figure><div class=\"wp-block-media-text__content\">\n<h3 class=\"wp-block-heading\">Mission<\/h3>\n\n\n\n<p>Former et accompagner les personnes sur le chemin du changement qui implique l&#8217;adoption de la philosophie Lean thinking pour obtenir des processus efficaces et des \u00e9quipes motiv\u00e9es travaillant dans un environnement s\u00fbr, avec une culture d&#8217;am\u00e9lioration continue.<\/p>\n\n\n\n<p>B\u00e9n\u00e9ficiez de la synergie de la fusion de l\u2019exp\u00e9rience en pr\u00e9vention des risques avec l\u2019exp\u00e9rience en Lean.<\/p>\n<\/div><\/div>\n\n\n\n<div class=\"wp-block-media-text has-media-on-the-right is-stacked-on-mobile\"><div class=\"wp-block-media-text__content\">\n<h3 class=\"wp-block-heading\">Valeurs<\/h3>\n\n\n\n<ul class=\"wp-block-list\">\n<li>Respect des personnes &#8211; Communiquer, \u00e9couter, former, impliquer, reconna\u00eetre, motiver.<\/li>\n\n\n\n<li>Am\u00e9lioration continue \/ Apprentissage constant &#8211; Penser diff\u00e9remment de ce que nous avons toujours fait, apprendre de nos erreurs et toujours chercher une meilleure fa\u00e7on de faire les choses.<\/li>\n\n\n\n<li>Passion &#8211; S&#8217;engager avec le c\u0153ur et avec l&#8217;esprit.<\/li>\n\n\n\n<li>Travail d&#8217;\u00e9quipe \/ Progr\u00e8s partag\u00e9s &#8211; Profitez de la synergie entre diff\u00e9rents profils de personnes. Ce n&#8217;est qu&#8217;en travaillant en \u00e9quipe avec le client que nous pouvons l&#8217;accompagner dans cette d\u00e9marche d&#8217;am\u00e9lioration et de vigilance partag\u00e9e.<\/li>\n\n\n\n<li>Honn\u00eatet\u00e9 et responsabilit\u00e9 &#8211; Agir avec int\u00e9grit\u00e9, une caract\u00e9ristique essentielle pour gagner la confiance et le respect de nos clients.<\/li>\n<\/ul>\n<\/div><figure class=\"wp-block-media-text__media\"><img decoding=\"async\" src=\"data:image\/svg+xml,%3Csvg%20width%3D%22900%22%20height%3D%22600%22%20xmlns%3D%22http:\/\/www.w3.org\/2000\/svg%22%20viewBox%3D%220%200%20900%20600%22%3E%3C\/svg%3E\" alt class=\"wp-image-1069 size-full fy-content__image fy-lazy js-lazy\" width=\"900\" height=\"600\" data-src=\"https:\/\/www.safetylean.com\/wp-content\/uploads\/2023\/10\/valores-safetylean.jpg\"><div class=\"fy-image-loading fy-image-loading--skeleton\" aria-hidden=\"true\"><\/div><\/figure><\/div>\n\n\n\n<div class=\"wp-block-media-text is-stacked-on-mobile\"><figure class=\"wp-block-media-text__media\"><img decoding=\"async\" src=\"data:image\/svg+xml,%3Csvg%20width%3D%22900%22%20height%3D%22600%22%20xmlns%3D%22http:\/\/www.w3.org\/2000\/svg%22%20viewBox%3D%220%200%20900%20600%22%3E%3C\/svg%3E\" alt class=\"wp-image-1070 size-full fy-content__image fy-lazy js-lazy\" width=\"900\" height=\"600\" data-src=\"https:\/\/www.safetylean.com\/wp-content\/uploads\/2023\/10\/vision-safetylean.jpg\"><div class=\"fy-image-loading fy-image-loading--skeleton\" aria-hidden=\"true\"><\/div><\/figure><div class=\"wp-block-media-text__content\">\n<h3 class=\"wp-block-heading\">Vision<\/h3>\n\n\n\n<p>Aider le plus grand nombre d&#8217;entreprises &#8211; quels que soient leur taille et leur m\u00e9tier &#8211; \u00e0 partager notre passion pour la philosophie Lean et la pr\u00e9vention des risques.<\/p>\n<\/div><\/div>\n<\/div>\n\n\n\n<div style=\"height:50px\" aria-hidden=\"true\" class=\"wp-block-spacer\"><\/div>\n\n\n\n<div class=\"wp-block-columns is-layout-flex wp-container-core-columns-is-layout-28f84493 wp-block-columns-is-layout-flex\">\n<div class=\"wp-block-column is-layout-flow wp-block-column-is-layout-flow\" style=\"flex-basis:67%\">\n<h2 class=\"wp-block-heading\" id=\"safety-lean\" style=\"padding-top:0px\">\u00bfPourquoi Safety Lean?<\/h2>\n\n\n\n<p><strong>Chez Safety Lean Consulting:<\/strong><\/p>\n\n\n\n<ul class=\"wp-block-list\">\n<li>Nous sommes de fervents d\u00e9fenseurs du travail en \u00e9quipe et c&#8217;est pourquoi nous pratiquons par l&#8217;exemple: nous travaillons toujours en bin\u00f4me, car 4 yeux voient plus que 2, car chacun a sa propre \u00ab d\u00e9formation \u00bb professionnelle (Philippe en S\u00e9curit\u00e9 et Agata en Lean), et parce que lorsqu&#8217;une \u00e9quipe fonctionne bien,&nbsp; ce serait dommage de ne pas profiter de la synergie qui se produit.<\/li>\n\n\n\n<li>Nous sommes passionn\u00e9s par ce que nous faisons, car nous avons vu les r\u00e9sultats sur le terrain, et cela se transmet.<\/li>\n\n\n\n<li>Nous remettons en question notre valeur ajout\u00e9e, nous ne voulons pas vous faire perdre votre temps, ni nous le n\u00f4tre.<\/li>\n<\/ul>\n\n\n\n<p>Nous connaissons les outils, mais tous les outils ne conviennent pas \u00e0 toutes les situations. Chaque client est diff\u00e9rent (probl\u00e8mes, ressources, besoins) donc la strat\u00e9gie \u00e0 suivre sera \u00e9galement diff\u00e9rente. Nous le concevrons ensemble et nous vous accompagnerons dans la mise en \u0153uvre ou nous vous baliserons simplement le chemin \u00e0 suivre si vous souhaitez faire cavalier seul.<\/p>\n\n\n\n<p>Si vous souhaitez vous am\u00e9liorer mais ne savez pas par o\u00f9 commencer&#8230; <\/p>\n\n\n\n<div class=\"wp-block-buttons is-layout-flex wp-block-buttons-is-layout-flex\">\n<div class=\"wp-block-button\"><a class=\"wp-block-button__link wp-element-button\" href=\"https:\/\/www.safetylean.com\/fr\/contact\">contactez nous !<\/a><\/div>\n<\/div>\n<\/div>\n\n\n\n<div class=\"wp-block-column is-layout-flow wp-block-column-is-layout-flow\" style=\"flex-basis:33%\">\n<figure class=\"wp-block-image\"><img decoding=\"async\" src=\"data:image\/svg+xml,%3Csvg%20width%3D%22500%22%20height%3D%22770%22%20xmlns%3D%22http:\/\/www.w3.org\/2000\/svg%22%20viewBox%3D%220%200%20500%20770%22%3E%3C\/svg%3E\" alt class=\"wp-image-971 fy-content__image fy-lazy js-lazy\" width=\"500\" height=\"770\" data-src=\"https:\/\/www.safetylean.com\/wp-content\/uploads\/2023\/10\/safety-lean-empresa01.jpg\"><div class=\"fy-image-loading fy-image-loading--skeleton\" aria-hidden=\"true\"><\/div><\/figure>\n<\/div>\n<\/div>\n","protected":false},"excerpt":{"rendered":"<p>Safety Lean Consulting S.L. est une entreprise de formation &amp; conseil sp\u00e9cialis\u00e9e dans l\u2019am\u00e9lioration continue, la pr\u00e9vention des risques au travail &amp; la gestion &#8230;<\/p>\n","protected":false},"author":1,"featured_media":0,"parent":0,"menu_order":0,"comment_status":"closed","ping_status":"closed","template":"","meta":{"footnotes":""},"class_list":["post-1830","page","type-page","status-publish","hentry"],"yoast_head":"<!-- This site is optimized with the Yoast SEO plugin v21.5 - https:\/\/yoast.com\/wordpress\/plugins\/seo\/ -->\n<title>Pourquoi ? - Safety Lean Consulting<\/title>\n<meta name=\"robots\" content=\"index, follow, max-snippet:-1, max-image-preview:large, max-video-preview:-1\" \/>\n<link rel=\"canonical\" href=\"https:\/\/www.safetylean.com\/fr\/enterprise-pourquoi\" \/>\n<meta property=\"og:locale\" content=\"fr_FR\" \/>\n<meta property=\"og:type\" content=\"article\" \/>\n<meta property=\"og:title\" content=\"Pourquoi ? - Safety Lean Consulting\" \/>\n<meta property=\"og:description\" content=\"Safety Lean Consulting S.L. est une entreprise de formation &amp; conseil sp\u00e9cialis\u00e9e dans l\u2019am\u00e9lioration continue, la pr\u00e9vention des risques au travail &amp; la gestion ...\" \/>\n<meta property=\"og:url\" content=\"https:\/\/www.safetylean.com\/fr\/enterprise-pourquoi\" \/>\n<meta property=\"og:site_name\" content=\"Safety Lean Consulting\" \/>\n<meta property=\"article:modified_time\" content=\"2023-11-23T15:19:24+00:00\" \/>\n<meta property=\"og:image\" content=\"https:\/\/www.safetylean.com\/wp-content\/uploads\/2023\/10\/presentacion-safety-lean.jpg\" \/>\n<meta name=\"twitter:card\" content=\"summary_large_image\" \/>\n<meta name=\"twitter:label1\" content=\"Dur\u00e9e de lecture estim\u00e9e\" \/>\n\t<meta name=\"twitter:data1\" content=\"4 minutes\" \/>\n<script type=\"application\/ld+json\" class=\"yoast-schema-graph\">{\"@context\":\"https:\/\/schema.org\",\"@graph\":[{\"@type\":\"WebPage\",\"@id\":\"https:\/\/www.safetylean.com\/fr\/enterprise-pourquoi\",\"url\":\"https:\/\/www.safetylean.com\/fr\/enterprise-pourquoi\",\"name\":\"Pourquoi ? - Safety Lean Consulting\",\"isPartOf\":{\"@id\":\"https:\/\/www.safetylean.com\/fr#website\"},\"datePublished\":\"2023-10-05T09:08:28+00:00\",\"dateModified\":\"2023-11-23T15:19:24+00:00\",\"breadcrumb\":{\"@id\":\"https:\/\/www.safetylean.com\/fr\/enterprise-pourquoi#breadcrumb\"},\"inLanguage\":\"fr-FR\",\"potentialAction\":[{\"@type\":\"ReadAction\",\"target\":[\"https:\/\/www.safetylean.com\/fr\/enterprise-pourquoi\"]}]},{\"@type\":\"BreadcrumbList\",\"@id\":\"https:\/\/www.safetylean.com\/fr\/enterprise-pourquoi#breadcrumb\",\"itemListElement\":[{\"@type\":\"ListItem\",\"position\":1,\"name\":\"Portada\",\"item\":\"https:\/\/www.safetylean.com\/fr\"},{\"@type\":\"ListItem\",\"position\":2,\"name\":\"Pourquoi ?\"}]},{\"@type\":\"WebSite\",\"@id\":\"https:\/\/www.safetylean.com\/fr#website\",\"url\":\"https:\/\/www.safetylean.com\/fr\",\"name\":\"Safety Lean Consulting\",\"description\":\"Lean Manufacturing &amp; Risk Prevention\",\"publisher\":{\"@id\":\"https:\/\/www.safetylean.com\/fr#organization\"},\"potentialAction\":[{\"@type\":\"SearchAction\",\"target\":{\"@type\":\"EntryPoint\",\"urlTemplate\":\"https:\/\/www.safetylean.com\/fr?s={search_term_string}\"},\"query-input\":\"required name=search_term_string\"}],\"inLanguage\":\"fr-FR\"},{\"@type\":\"Organization\",\"@id\":\"https:\/\/www.safetylean.com\/fr#organization\",\"name\":\"Safety Lean Consulting\",\"url\":\"https:\/\/www.safetylean.com\/fr\",\"logo\":{\"@type\":\"ImageObject\",\"inLanguage\":\"fr-FR\",\"@id\":\"https:\/\/www.safetylean.com\/fr#\/schema\/logo\/image\/\",\"url\":\"https:\/\/www.safetylean.com\/wp-content\/uploads\/2023\/10\/logo-safety-lean.jpg\",\"contentUrl\":\"https:\/\/www.safetylean.com\/wp-content\/uploads\/2023\/10\/logo-safety-lean.jpg\",\"width\":360,\"height\":120,\"caption\":\"Safety Lean Consulting\"},\"image\":{\"@id\":\"https:\/\/www.safetylean.com\/fr#\/schema\/logo\/image\/\"},\"sameAs\":[\"https:\/\/www.linkedin.com\/company\/safety-lean-consulting\/about\/\"]}]}<\/script>\n<!-- \/ Yoast SEO plugin. -->","yoast_head_json":{"title":"Pourquoi ? - Safety Lean Consulting","robots":{"index":"index","follow":"follow","max-snippet":"max-snippet:-1","max-image-preview":"max-image-preview:large","max-video-preview":"max-video-preview:-1"},"canonical":"https:\/\/www.safetylean.com\/fr\/enterprise-pourquoi","og_locale":"fr_FR","og_type":"article","og_title":"Pourquoi ? - Safety Lean Consulting","og_description":"Safety Lean Consulting S.L. est une entreprise de formation &amp; conseil sp\u00e9cialis\u00e9e dans l\u2019am\u00e9lioration continue, la pr\u00e9vention des risques au travail &amp; la gestion ...","og_url":"https:\/\/www.safetylean.com\/fr\/enterprise-pourquoi","og_site_name":"Safety Lean Consulting","article_modified_time":"2023-11-23T15:19:24+00:00","og_image":[{"url":"https:\/\/www.safetylean.com\/wp-content\/uploads\/2023\/10\/presentacion-safety-lean.jpg"}],"twitter_card":"summary_large_image","twitter_misc":{"Dur\u00e9e de lecture estim\u00e9e":"4 minutes"},"schema":{"@context":"https:\/\/schema.org","@graph":[{"@type":"WebPage","@id":"https:\/\/www.safetylean.com\/fr\/enterprise-pourquoi","url":"https:\/\/www.safetylean.com\/fr\/enterprise-pourquoi","name":"Pourquoi ? - Safety Lean Consulting","isPartOf":{"@id":"https:\/\/www.safetylean.com\/fr#website"},"datePublished":"2023-10-05T09:08:28+00:00","dateModified":"2023-11-23T15:19:24+00:00","breadcrumb":{"@id":"https:\/\/www.safetylean.com\/fr\/enterprise-pourquoi#breadcrumb"},"inLanguage":"fr-FR","potentialAction":[{"@type":"ReadAction","target":["https:\/\/www.safetylean.com\/fr\/enterprise-pourquoi"]}]},{"@type":"BreadcrumbList","@id":"https:\/\/www.safetylean.com\/fr\/enterprise-pourquoi#breadcrumb","itemListElement":[{"@type":"ListItem","position":1,"name":"Portada","item":"https:\/\/www.safetylean.com\/fr"},{"@type":"ListItem","position":2,"name":"Pourquoi ?"}]},{"@type":"WebSite","@id":"https:\/\/www.safetylean.com\/fr#website","url":"https:\/\/www.safetylean.com\/fr","name":"Safety Lean Consulting","description":"Lean Manufacturing &amp; Risk Prevention","publisher":{"@id":"https:\/\/www.safetylean.com\/fr#organization"},"potentialAction":[{"@type":"SearchAction","target":{"@type":"EntryPoint","urlTemplate":"https:\/\/www.safetylean.com\/fr?s={search_term_string}"},"query-input":"required name=search_term_string"}],"inLanguage":"fr-FR"},{"@type":"Organization","@id":"https:\/\/www.safetylean.com\/fr#organization","name":"Safety Lean Consulting","url":"https:\/\/www.safetylean.com\/fr","logo":{"@type":"ImageObject","inLanguage":"fr-FR","@id":"https:\/\/www.safetylean.com\/fr#\/schema\/logo\/image\/","url":"https:\/\/www.safetylean.com\/wp-content\/uploads\/2023\/10\/logo-safety-lean.jpg","contentUrl":"https:\/\/www.safetylean.com\/wp-content\/uploads\/2023\/10\/logo-safety-lean.jpg","width":360,"height":120,"caption":"Safety Lean Consulting"},"image":{"@id":"https:\/\/www.safetylean.com\/fr#\/schema\/logo\/image\/"},"sameAs":["https:\/\/www.linkedin.com\/company\/safety-lean-consulting\/about\/"]}]}},"_links":{"self":[{"href":"https:\/\/www.safetylean.com\/fr\/wp-json\/wp\/v2\/pages\/1830","targetHints":{"allow":["GET"]}}],"collection":[{"href":"https:\/\/www.safetylean.com\/fr\/wp-json\/wp\/v2\/pages"}],"about":[{"href":"https:\/\/www.safetylean.com\/fr\/wp-json\/wp\/v2\/types\/page"}],"author":[{"embeddable":true,"href":"https:\/\/www.safetylean.com\/fr\/wp-json\/wp\/v2\/users\/1"}],"replies":[{"embeddable":true,"href":"https:\/\/www.safetylean.com\/fr\/wp-json\/wp\/v2\/comments?post=1830"}],"version-history":[{"count":2,"href":"https:\/\/www.safetylean.com\/fr\/wp-json\/wp\/v2\/pages\/1830\/revisions"}],"predecessor-version":[{"id":1954,"href":"https:\/\/www.safetylean.com\/fr\/wp-json\/wp\/v2\/pages\/1830\/revisions\/1954"}],"wp:attachment":[{"href":"https:\/\/www.safetylean.com\/fr\/wp-json\/wp\/v2\/media?parent=1830"}],"curies":[{"name":"wp","href":"https:\/\/api.w.org\/{rel}","templated":true}]}}