{"id":1751,"date":"2020-01-01T00:00:00","date_gmt":"2019-12-31T23:00:00","guid":{"rendered":"https:\/\/www.safetylean.com\/sample-page-2"},"modified":"2024-09-05T16:03:27","modified_gmt":"2024-09-05T14:03:27","slug":"sample-page-2","status":"publish","type":"page","link":"https:\/\/www.safetylean.com\/fr","title":{"rendered":"Home"},"content":{"rendered":"\n<div style=\"height:20px\" aria-hidden=\"true\" class=\"wp-block-spacer\"><\/div>\n\n\n\n<p class=\"has-text-align-center\">Quels que soient la taille ou les secteurs d\u2019activit\u00e9s de votre entreprise, que vous sachiez exactement ce dont vous avez besoin ou que vous ne sachiez pas par o\u00f9 commencer, <strong>Safety Lean Consulting<\/strong> peut vous aider en accompagnant votre \u00e9quipe. Il s\u2019agit d&#8217;un changement qui implique la mise en \u0153uvre de la philosophie <strong>Lean thinking<\/strong> pour atteindre des processus efficaces et des \u00e9quipes motiv\u00e9es au travail, dans un environnement <strong>s\u00fbr<\/strong> o\u00f9 les risques sont ma\u00eetris\u00e9s.<\/p>\n\n\n\n<p class=\"has-text-align-center\">Nous sommes passionn\u00e9s par ce que nous faisons et par le travail d\u2019\u00e9quipe.<\/p>\n\n\n\n<p class=\"has-text-align-center\">Nous remettons en question notre valeur ajout\u00e9e car chaque client est diff\u00e9rent et donc la strat\u00e9gie \u00e0 suivre sera \u00e9galement diff\u00e9rente.<\/p>\n\n\n\n<p class=\"has-text-align-center\">Si vous souhaitez vous <strong>am\u00e9liorer<\/strong>, demandez-nous <strong>comment<\/strong>.<\/p>\n\n\n\n<div class=\"wp-block-buttons is-content-justification-center is-layout-flex wp-container-core-buttons-is-layout-a89b3969 wp-block-buttons-is-layout-flex\">\n<div class=\"wp-block-button\"><a class=\"wp-block-button__link wp-element-button\" href=\"https:\/\/www.safetylean.com\/fr\/contact\">Nous contacter<\/a><\/div>\n\n\n\n<div class=\"wp-block-button is-style-outline is-style-outline--1\"><a class=\"wp-block-button__link has-cnt-color has-text-color has-border-color has-cnt-border-color has-text-align-center wp-element-button\" href=\"https:\/\/www.safetylean.com\/fr\/equipe-qui\">Nous conna\u00eetre<\/a><\/div>\n<\/div>\n\n\n\n<div class=\"wp-block-cover alignfull has-parallax has-cnt-bg-color has-text-color wp-duotone-unset-2\"><span aria-hidden=\"true\" class=\"wp-block-cover__background has-background-dim-70 has-background-dim\"><\/span><div class=\"wp-block-cover__image-background wp-image-1212 has-parallax\" style=\"background-position:50% 50%;background-image:url(https:\/\/www.safetylean.com\/wp-content\/uploads\/2023\/11\/safety-lean-consulting-home-1024x683.jpg)\"><\/div><div class=\"wp-block-cover__inner-container is-layout-flow wp-block-cover-is-layout-flow\">\n<p><\/p>\n<\/div><\/div>\n\n\n\n<div class=\"wp-block-cover alignfull is-light has-cnt-color has-text-color\" style=\"padding-top:var(--wp--preset--spacing--xxlarge);padding-bottom:var(--wp--preset--spacing--xxlarge)\"><span aria-hidden=\"true\" class=\"wp-block-cover__background has-cnt-ac-background-color has-background-dim-20 has-background-dim\"><\/span><div class=\"wp-block-cover__inner-container is-layout-constrained wp-block-cover-is-layout-constrained\">\n<h2 class=\"wp-block-heading has-text-align-center\">Quels services pouvons-nous vous offrir?<\/h2>\n\n\n\n<div class=\"wp-block-columns is-layout-flex wp-container-core-columns-is-layout-28f84493 wp-block-columns-is-layout-flex\">\n<div class=\"wp-block-column has-cnt-bg-color has-cnt-background-color has-text-color has-background is-layout-flow wp-block-column-is-layout-flow\">\n<figure class=\"wp-block-image aligncenter size-full is-resized\"><a href=\"https:\/\/www.safetylean.com\/fr\/services-quoi\/formation\"><img decoding=\"async\" src=\"data:image\/svg+xml,%3Csvg%20width%3D%22900%22%20height%3D%22600%22%20xmlns%3D%22http:\/\/www.w3.org\/2000\/svg%22%20viewBox%3D%220%200%20900%20600%22%3E%3C\/svg%3E\" alt=\"Formation Safety Lean\" class=\"wp-image-1125 fy-content__image fy-lazy js-lazy\" style=\"object-fit:contain;width:293px;height:auto\" width=\"900\" height=\"600\" data-src=\"https:\/\/www.safetylean.com\/wp-content\/uploads\/2023\/10\/formacion-safetylean.jpg\"><div class=\"fy-image-loading fy-image-loading--skeleton\" aria-hidden=\"true\"><\/div><\/a><\/figure>\n\n\n\n<h3 class=\"wp-block-heading has-text-align-center\"><a href=\"https:\/\/www.safetylean.com\/fr\/services-quoi\/formation\">Formation<\/a><\/h3>\n<\/div>\n\n\n\n<div class=\"wp-block-column has-cnt-bg-color has-cnt-background-color has-text-color has-background is-layout-flow wp-block-column-is-layout-flow\">\n<figure class=\"wp-block-image aligncenter size-full\"><a href=\"https:\/\/www.safetylean.com\/fr\/services-quoi\/diagnostic\"><img decoding=\"async\" src=\"data:image\/svg+xml,%3Csvg%20width%3D%22900%22%20height%3D%22600%22%20xmlns%3D%22http:\/\/www.w3.org\/2000\/svg%22%20viewBox%3D%220%200%20900%20600%22%3E%3C\/svg%3E\" alt=\"Diagnostic Safety Lean\" class=\"wp-image-1122 fy-content__image fy-lazy js-lazy\" style=\"object-fit:contain\" width=\"900\" height=\"600\" data-src=\"https:\/\/www.safetylean.com\/wp-content\/uploads\/2023\/10\/diagnostico-safetylean.jpg\"><div class=\"fy-image-loading fy-image-loading--skeleton\" aria-hidden=\"true\"><\/div><\/a><\/figure>\n\n\n\n<h3 class=\"wp-block-heading has-text-align-center\"><a href=\"https:\/\/www.safetylean.com\/fr\/services-quoi\/diagnostic\">Diagnostic<\/a><\/h3>\n<\/div>\n\n\n\n<div class=\"wp-block-column has-cnt-bg-color has-cnt-background-color has-text-color has-background is-layout-flow wp-block-column-is-layout-flow\">\n<figure class=\"wp-block-image aligncenter size-full\"><a href=\"https:\/\/www.safetylean.com\/fr\/services-quoi\/audit\"><img decoding=\"async\" src=\"data:image\/svg+xml,%3Csvg%20width%3D%22900%22%20height%3D%22600%22%20xmlns%3D%22http:\/\/www.w3.org\/2000\/svg%22%20viewBox%3D%220%200%20900%20600%22%3E%3C\/svg%3E\" alt=\"Audit Safety Lean\" class=\"wp-image-1127 fy-content__image fy-lazy js-lazy\" style=\"object-fit:contain\" width=\"900\" height=\"600\" data-src=\"https:\/\/www.safetylean.com\/wp-content\/uploads\/2023\/10\/consultoria-safetylean.jpg\"><div class=\"fy-image-loading fy-image-loading--skeleton\" aria-hidden=\"true\"><\/div><\/a><\/figure>\n\n\n\n<h3 class=\"wp-block-heading has-text-align-center\"><a href=\"https:\/\/www.safetylean.com\/fr\/services-quoi\/conseil\">Conseil<\/a><\/h3>\n<\/div>\n<\/div>\n<\/div><\/div>\n\n\n\n<div class=\"wp-block-cover alignfull is-light has-cnt-color has-text-color\" style=\"padding-top:var(--wp--preset--spacing--large);padding-bottom:var(--wp--preset--spacing--large)\"><span aria-hidden=\"true\" class=\"wp-block-cover__background has-background-dim-100 has-background-dim\" style=\"background-color:#ccd6e0\"><\/span><div class=\"wp-block-cover__inner-container is-layout-constrained wp-block-cover-is-layout-constrained\">\n<div class=\"wp-block-columns is-layout-flex wp-container-core-columns-is-layout-28f84493 wp-block-columns-is-layout-flex\">\n<div class=\"wp-block-column is-layout-flow wp-block-column-is-layout-flow\">\n<h2 class=\"wp-block-heading has-text-align-center\">Avis de clients<\/h2>\n<\/div>\n<\/div>\n\n\n<div class=\"strong-view strong-view-id-2 modern wpmtst-modern slider-container slider-mode-horizontal slider-adaptive controls-style-buttons3 nav-position-outside\" data-count=4 data-slider-var=strong_slider_id_2 data-state=idle><div class=\"strong-content wpmslider-content\"><div class=\"wpmtst-testimonial testimonial t-slide post-1827\"><div class=\"wpmtst-testimonial-inner testimonial-inner\"><div data-infinite-loop=\"true\"  class=\"wpmtst-testimonial-content  testimonial-content\"><p>Es un placer trabajar con Safety Lean Consulting, grandes profesionales y grandes personas que disfrutan con su trabajo y saben c\u00f3mo transmitirlo. \u00a1No cambi\u00e9is!<\/p><\/div><div class=\"wpmtst-testimonial-field testimonial-field testimonial-name\">Jorge Garc\u00eda Alonso<\/div><div class=\"wpmtst-testimonial-field testimonial-field testimonial-company\">Responsable de PRL y Medioambiente en EUROMASTER<\/div><div class=\"clear\"><\/div><\/div><\/div><div class=\"wpmtst-testimonial testimonial t-slide post-1824\"><div class=\"wpmtst-testimonial-inner testimonial-inner\"><div data-infinite-loop=\"true\"  class=\"wpmtst-testimonial-content  testimonial-content\"><p>C&#8217;est plus qu&#8217;un service de consulting, c&#8217;est un partenariat impliqu\u00e9 et dont les r\u00e9sultats ont pour unique objectif : le client (et ses besoins). Safety Lean, beyond consultancy<\/p><\/div><div class=\"wpmtst-testimonial-field testimonial-field testimonial-name\">St\u00e9phane Poli<\/div><div class=\"wpmtst-testimonial-field testimonial-field testimonial-company\">Health &amp; Safety Director en Bouygues Construction<\/div><div class=\"clear\"><\/div><\/div><\/div><div class=\"wpmtst-testimonial testimonial t-slide post-1821\"><div class=\"wpmtst-testimonial-inner testimonial-inner\"><div data-infinite-loop=\"true\"  class=\"wpmtst-testimonial-content  testimonial-content\"><div><p>&#8220;Normalment,\u00a0els adjectius\u00a0ajuden\u00a0a\u00a0fer-nos\u00a0una idea del que \u00e9s previsible,\u00a0per\u00f2\u00a0res\u00a0\u00e9s\u00a0<wbr \/>comparable a viure-ho en primera persona.<br \/>\nSi us plau, no\u00a0canvieu\u00a0mai. No tinc adjectius que\u00a0facin\u00a0honor a l&#8217;experi\u00e8ncia de treballar amb vosaltres.<span style=\"font-family: Open Sans, Helvetica, Arial, sans-serif; font-size: medium;\">\u201d<\/span><\/p><\/div><\/div><div class=\"wpmtst-testimonial-field testimonial-field testimonial-name\">Xavier V\u00e9lez<\/div><div class=\"wpmtst-testimonial-field testimonial-field testimonial-company\">Administrador BeinFive S.L.<\/div><div class=\"clear\"><\/div><\/div><\/div><div class=\"wpmtst-testimonial testimonial t-slide post-1818\"><div class=\"wpmtst-testimonial-inner testimonial-inner\"><div data-infinite-loop=\"true\"  class=\"wpmtst-testimonial-content  testimonial-content\"><p>Safety Lean Consulting nos est\u00e1 ayudando a mejorar el d\u00eda a d\u00eda de nuestras operaciones a trav\u00e9s de herramientas de mejora continua. Todo con el objetivo, en nuestro caso, de mejorar la seguridad para nuestros trabajadores.<br \/>\nSon personas altamente cualificadas con mucha experiencia de campo.\u00a0La diferencia entre ellos y otras empresas de consultor\u00eda, es que no s\u00f3lo te ayudan a planificar, sino que te ayudan en la implementaci\u00f3n y seguimiento de los temas para estar seguro de que lo acordado y\u00a0planificado\u00a0se lleva a cabo.<\/p><\/div><div class=\"wpmtst-testimonial-field testimonial-field testimonial-name\">Lara Aragon\u00e9s<\/div><div class=\"wpmtst-testimonial-field testimonial-field testimonial-company\">Deputy General Manager en ESBELT<\/div><div class=\"clear\"><\/div><\/div><\/div><\/div><\/div>\n<\/div><\/div>\n","protected":false},"excerpt":{"rendered":"<p>Quels que soient la taille ou les secteurs d\u2019activit\u00e9s de votre entreprise, que vous sachiez exactement ce dont vous avez besoin ou que vous &#8230;<\/p>\n","protected":false},"author":1,"featured_media":0,"parent":0,"menu_order":10,"comment_status":"closed","ping_status":"open","template":"template-homepage.php","meta":{"footnotes":""},"class_list":["post-1751","page","type-page","status-publish","hentry"],"yoast_head":"<!-- This site is optimized with the Yoast SEO plugin v21.5 - https:\/\/yoast.com\/wordpress\/plugins\/seo\/ -->\n<title>Home - Safety Lean Consulting<\/title>\n<meta name=\"robots\" content=\"index, follow, max-snippet:-1, max-image-preview:large, max-video-preview:-1\" \/>\n<link rel=\"canonical\" href=\"https:\/\/www.safetylean.com\/fr\" \/>\n<meta property=\"og:locale\" content=\"fr_FR\" \/>\n<meta property=\"og:type\" content=\"article\" \/>\n<meta property=\"og:title\" content=\"Home - Safety Lean Consulting\" \/>\n<meta property=\"og:description\" content=\"Quels que soient la taille ou les secteurs d\u2019activit\u00e9s de votre entreprise, que vous sachiez exactement ce dont vous avez besoin ou que vous ...\" \/>\n<meta property=\"og:url\" content=\"https:\/\/www.safetylean.com\/fr\" \/>\n<meta property=\"og:site_name\" content=\"Safety Lean Consulting\" \/>\n<meta property=\"article:modified_time\" content=\"2024-09-05T14:03:27+00:00\" \/>\n<meta property=\"og:image\" content=\"https:\/\/www.safetylean.com\/wp-content\/uploads\/2023\/10\/formacion-safetylean.jpg\" \/>\n<meta name=\"twitter:card\" content=\"summary_large_image\" \/>\n<meta name=\"twitter:label1\" content=\"Dur\u00e9e de lecture estim\u00e9e\" \/>\n\t<meta name=\"twitter:data1\" content=\"2 minutes\" \/>\n<script type=\"application\/ld+json\" class=\"yoast-schema-graph\">{\"@context\":\"https:\/\/schema.org\",\"@graph\":[{\"@type\":\"WebPage\",\"@id\":\"https:\/\/www.safetylean.com\/fr\",\"url\":\"https:\/\/www.safetylean.com\/fr\",\"name\":\"Home - Safety Lean Consulting\",\"isPartOf\":{\"@id\":\"https:\/\/www.safetylean.com\/fr#website\"},\"datePublished\":\"2019-12-31T23:00:00+00:00\",\"dateModified\":\"2024-09-05T14:03:27+00:00\",\"breadcrumb\":{\"@id\":\"https:\/\/www.safetylean.com\/fr#breadcrumb\"},\"inLanguage\":\"fr-FR\",\"potentialAction\":[{\"@type\":\"ReadAction\",\"target\":[\"https:\/\/www.safetylean.com\/fr\"]}]},{\"@type\":\"BreadcrumbList\",\"@id\":\"https:\/\/www.safetylean.com\/fr#breadcrumb\",\"itemListElement\":[{\"@type\":\"ListItem\",\"position\":1,\"name\":\"Portada\",\"item\":\"https:\/\/www.safetylean.com\/fr\"},{\"@type\":\"ListItem\",\"position\":2,\"name\":\"Home\"}]},{\"@type\":\"WebSite\",\"@id\":\"https:\/\/www.safetylean.com\/fr#website\",\"url\":\"https:\/\/www.safetylean.com\/fr\",\"name\":\"Safety Lean Consulting\",\"description\":\"Lean Manufacturing &amp; Risk Prevention\",\"publisher\":{\"@id\":\"https:\/\/www.safetylean.com\/fr#organization\"},\"potentialAction\":[{\"@type\":\"SearchAction\",\"target\":{\"@type\":\"EntryPoint\",\"urlTemplate\":\"https:\/\/www.safetylean.com\/fr?s={search_term_string}\"},\"query-input\":\"required name=search_term_string\"}],\"inLanguage\":\"fr-FR\"},{\"@type\":\"Organization\",\"@id\":\"https:\/\/www.safetylean.com\/fr#organization\",\"name\":\"Safety Lean Consulting\",\"url\":\"https:\/\/www.safetylean.com\/fr\",\"logo\":{\"@type\":\"ImageObject\",\"inLanguage\":\"fr-FR\",\"@id\":\"https:\/\/www.safetylean.com\/fr#\/schema\/logo\/image\/\",\"url\":\"https:\/\/www.safetylean.com\/wp-content\/uploads\/2023\/10\/logo-safety-lean.jpg\",\"contentUrl\":\"https:\/\/www.safetylean.com\/wp-content\/uploads\/2023\/10\/logo-safety-lean.jpg\",\"width\":360,\"height\":120,\"caption\":\"Safety Lean Consulting\"},\"image\":{\"@id\":\"https:\/\/www.safetylean.com\/fr#\/schema\/logo\/image\/\"},\"sameAs\":[\"https:\/\/www.linkedin.com\/company\/safety-lean-consulting\/about\/\"]}]}<\/script>\n<!-- \/ Yoast SEO plugin. -->","yoast_head_json":{"title":"Home - Safety Lean Consulting","robots":{"index":"index","follow":"follow","max-snippet":"max-snippet:-1","max-image-preview":"max-image-preview:large","max-video-preview":"max-video-preview:-1"},"canonical":"https:\/\/www.safetylean.com\/fr","og_locale":"fr_FR","og_type":"article","og_title":"Home - Safety Lean Consulting","og_description":"Quels que soient la taille ou les secteurs d\u2019activit\u00e9s de votre entreprise, que vous sachiez exactement ce dont vous avez besoin ou que vous ...","og_url":"https:\/\/www.safetylean.com\/fr","og_site_name":"Safety Lean Consulting","article_modified_time":"2024-09-05T14:03:27+00:00","og_image":[{"url":"https:\/\/www.safetylean.com\/wp-content\/uploads\/2023\/10\/formacion-safetylean.jpg"}],"twitter_card":"summary_large_image","twitter_misc":{"Dur\u00e9e de lecture estim\u00e9e":"2 minutes"},"schema":{"@context":"https:\/\/schema.org","@graph":[{"@type":"WebPage","@id":"https:\/\/www.safetylean.com\/fr","url":"https:\/\/www.safetylean.com\/fr","name":"Home - Safety Lean Consulting","isPartOf":{"@id":"https:\/\/www.safetylean.com\/fr#website"},"datePublished":"2019-12-31T23:00:00+00:00","dateModified":"2024-09-05T14:03:27+00:00","breadcrumb":{"@id":"https:\/\/www.safetylean.com\/fr#breadcrumb"},"inLanguage":"fr-FR","potentialAction":[{"@type":"ReadAction","target":["https:\/\/www.safetylean.com\/fr"]}]},{"@type":"BreadcrumbList","@id":"https:\/\/www.safetylean.com\/fr#breadcrumb","itemListElement":[{"@type":"ListItem","position":1,"name":"Portada","item":"https:\/\/www.safetylean.com\/fr"},{"@type":"ListItem","position":2,"name":"Home"}]},{"@type":"WebSite","@id":"https:\/\/www.safetylean.com\/fr#website","url":"https:\/\/www.safetylean.com\/fr","name":"Safety Lean Consulting","description":"Lean Manufacturing &amp; Risk Prevention","publisher":{"@id":"https:\/\/www.safetylean.com\/fr#organization"},"potentialAction":[{"@type":"SearchAction","target":{"@type":"EntryPoint","urlTemplate":"https:\/\/www.safetylean.com\/fr?s={search_term_string}"},"query-input":"required name=search_term_string"}],"inLanguage":"fr-FR"},{"@type":"Organization","@id":"https:\/\/www.safetylean.com\/fr#organization","name":"Safety Lean Consulting","url":"https:\/\/www.safetylean.com\/fr","logo":{"@type":"ImageObject","inLanguage":"fr-FR","@id":"https:\/\/www.safetylean.com\/fr#\/schema\/logo\/image\/","url":"https:\/\/www.safetylean.com\/wp-content\/uploads\/2023\/10\/logo-safety-lean.jpg","contentUrl":"https:\/\/www.safetylean.com\/wp-content\/uploads\/2023\/10\/logo-safety-lean.jpg","width":360,"height":120,"caption":"Safety Lean Consulting"},"image":{"@id":"https:\/\/www.safetylean.com\/fr#\/schema\/logo\/image\/"},"sameAs":["https:\/\/www.linkedin.com\/company\/safety-lean-consulting\/about\/"]}]}},"_links":{"self":[{"href":"https:\/\/www.safetylean.com\/fr\/wp-json\/wp\/v2\/pages\/1751","targetHints":{"allow":["GET"]}}],"collection":[{"href":"https:\/\/www.safetylean.com\/fr\/wp-json\/wp\/v2\/pages"}],"about":[{"href":"https:\/\/www.safetylean.com\/fr\/wp-json\/wp\/v2\/types\/page"}],"author":[{"embeddable":true,"href":"https:\/\/www.safetylean.com\/fr\/wp-json\/wp\/v2\/users\/1"}],"replies":[{"embeddable":true,"href":"https:\/\/www.safetylean.com\/fr\/wp-json\/wp\/v2\/comments?post=1751"}],"version-history":[{"count":3,"href":"https:\/\/www.safetylean.com\/fr\/wp-json\/wp\/v2\/pages\/1751\/revisions"}],"predecessor-version":[{"id":2160,"href":"https:\/\/www.safetylean.com\/fr\/wp-json\/wp\/v2\/pages\/1751\/revisions\/2160"}],"wp:attachment":[{"href":"https:\/\/www.safetylean.com\/fr\/wp-json\/wp\/v2\/media?parent=1751"}],"curies":[{"name":"wp","href":"https:\/\/api.w.org\/{rel}","templated":true}]}}