{"id":1947,"date":"2023-10-05T14:51:03","date_gmt":"2023-10-05T12:51:03","guid":{"rendered":"https:\/\/www.safetylean.com\/accesibilidad"},"modified":"2023-11-27T11:44:56","modified_gmt":"2023-11-27T10:44:56","slug":"accessibilitat","status":"publish","type":"page","link":"https:\/\/www.safetylean.com\/ca\/accessibilitat","title":{"rendered":"Accessibilitat"},"content":{"rendered":"\n<p><strong>Safety Lean Consulting<\/strong>\u00a0s&#8217;ha comprom\u00e8s a fer accessible el vostre lloc web de conformitat amb la Normativa Europea EN 301 549 V3.2.1 (2021-03), sobre Requisits d&#8217;accessibilitat per a productes i serveis TIC.<\/p>\n\n\n\n<p>Aquesta declaraci\u00f3 d&#8217;accessibilitat s&#8217;aplica al lloc web\u00a0<a href=\"https:\/\/www.safetylean.com\/ca\">https:\/\/www.safetylean.com<\/a> (els subdominis d&#8217;aquest lloc web tindran les vostres pr\u00f2pies declaracions d&#8217;accessibilitat).<\/p>\n\n\n\n<p><strong>Situaci\u00f3 de compliment<\/strong><\/p>\n\n\n\n<p>Aquest lloc web \u00e9s <strong>plenament conforme<\/strong> amb la Normativa Europea EN 301 549 V3.2.1 (2021-03)<\/p>\n\n\n\n<p><strong>Preparaci\u00f3 de la present declaraci\u00f3 d&#8217;accessibilitat<\/strong><\/p>\n\n\n\n<p>La present declaraci\u00f3 va ser redactada el 08 de novembre de 2023.<\/p>\n\n\n\n<p>El m\u00e8tode utilitzat per preparar la declaraci\u00f3 ha estat una autoavaluaci\u00f3 duta a terme per la mateixa empresa de desenvolupament web (agent digitalitzador).<\/p>\n\n\n\n<p><strong>Observacions i dades de contacte<\/strong><\/p>\n\n\n\n<p>Pot realitzar comunicacions sobre requisits d&#8217;accessibilitat, com ara:<\/p>\n\n\n\n<ul class=\"wp-block-list\">\n<li>Informar sobre qualsevol possible incompliment per part d&#8217;aquest lloc web.<\/li>\n\n\n\n<li>Transmetre altres dificultats d&#8217;acc\u00e9s al contingut.<\/li>\n\n\n\n<li>Formular qualsevol altra consulta o suggeriment de millora relativa a l&#8217;accessibilitat del lloc web.<\/li>\n<\/ul>\n\n\n\n<p>A trav\u00e9s del correu electr\u00f2nic <a href=\"mailto:info@safetylean.com\">info@safetylean.com<\/a>.<\/p>\n\n\n\n<p>Tamb\u00e9 podeu sol\u00b7licitar en format accessible informaci\u00f3 que no compleixi amb els requisits d&#8217;accessibilitat b\u00e9 per estar exclosa, b\u00e9 per estar exempta per c\u00e0rrega desproporcionada; o formular una queixa per incompliment dels requisits d&#8217;accessibilitat.<\/p>\n\n\n\n<p><strong>Contingut opcional<\/strong><\/p>\n\n\n\n<p>La versi\u00f3 actualment visible d&#8217;aquest lloc web \u00e9s del novembre del 2023 i en aquesta data es va fer la revisi\u00f3 del nivell d&#8217;accessibilitat vigent en aquell moment.<\/p>\n\n\n\n<p>A partir de la data esmentada es duen a terme revisions parcials del contingut web nou o modificat, tant de les plantilles com de les p\u00e0gines i documents finals publicats, a fi d&#8217;assegurar el compliment dels requeriments d&#8217;accessibilitat de la Norma EN 301 549 V3. 2.1 (2021-03).<\/p>\n\n\n\n<p>Entre altres, s&#8217;adopten les mesures seg\u00fcents per facilitar l&#8217;accessibilitat:<\/p>\n\n\n\n<ul class=\"wp-block-list\">\n<li>Utilitzaci\u00f3 de text alternatiu a les imatges, excepte a les imatges merament decoratives<\/li>\n\n\n\n<li>\u00das dels est\u00e0ndards del W3C: XHTML 1.0, CSS 3.0,\u00a0WAI\u00a0AA.<\/li>\n<\/ul>\n\n\n\n<p>El lloc web est\u00e0 optimitzat per a les darreres versions vigents dels navegadors Edge, FireFox, Safari, Opera i Google Chrome. La resoluci\u00f3 web m\u00ednima recomanada \u00e9s de 1280\u00d71024.<\/p>\n\n\n\n<p>El lloc web est\u00e0 dissenyat per a la seva visualitzaci\u00f3 Responsive (adaptable), de manera que es visualitza de forma \u00f2ptima en els dispositius m\u00f2bils (tauleta i smartphones). En aquests dispositius est\u00e0 optimitzat per visualitzar-lo en les \u00faltimes versions vigents de Chrome for mobile, Firefox for mobile, Safari mobile, Opera Mini i navegador nadiu d&#8217;Android.<\/p>\n","protected":false},"excerpt":{"rendered":"<p>Safety Lean Consulting\u00a0s&#8217;ha comprom\u00e8s a fer accessible el vostre lloc web de conformitat amb la Normativa Europea EN 301 549 V3.2.1 (2021-03), sobre Requisits &#8230;<\/p>\n","protected":false},"author":1,"featured_media":0,"parent":0,"menu_order":0,"comment_status":"closed","ping_status":"closed","template":"","meta":{"footnotes":""},"class_list":["post-1947","page","type-page","status-publish","hentry"],"yoast_head":"<!-- This site is optimized with the Yoast SEO plugin v21.5 - https:\/\/yoast.com\/wordpress\/plugins\/seo\/ -->\n<title>Accessibilitat - Safety Lean Consulting<\/title>\n<meta name=\"robots\" content=\"index, follow, max-snippet:-1, max-image-preview:large, max-video-preview:-1\" \/>\n<link rel=\"canonical\" href=\"https:\/\/www.safetylean.com\/ca\/accessibilitat\" \/>\n<meta property=\"og:locale\" content=\"ca_ES\" \/>\n<meta property=\"og:type\" content=\"article\" \/>\n<meta property=\"og:title\" content=\"Accessibilitat - Safety Lean Consulting\" \/>\n<meta property=\"og:description\" content=\"Safety Lean Consulting\u00a0s&#8217;ha comprom\u00e8s a fer accessible el vostre lloc web de conformitat amb la Normativa Europea EN 301 549 V3.2.1 (2021-03), sobre Requisits ...\" \/>\n<meta property=\"og:url\" content=\"https:\/\/www.safetylean.com\/ca\/accessibilitat\" \/>\n<meta property=\"og:site_name\" content=\"Safety Lean Consulting\" \/>\n<meta property=\"article:modified_time\" content=\"2023-11-27T10:44:56+00:00\" \/>\n<meta name=\"twitter:card\" content=\"summary_large_image\" \/>\n<meta name=\"twitter:label1\" content=\"Temps estimat de lectura\" \/>\n\t<meta name=\"twitter:data1\" content=\"2 minuts\" \/>\n<script type=\"application\/ld+json\" class=\"yoast-schema-graph\">{\"@context\":\"https:\/\/schema.org\",\"@graph\":[{\"@type\":\"WebPage\",\"@id\":\"https:\/\/www.safetylean.com\/ca\/accessibilitat\",\"url\":\"https:\/\/www.safetylean.com\/ca\/accessibilitat\",\"name\":\"Accessibilitat - Safety Lean Consulting\",\"isPartOf\":{\"@id\":\"https:\/\/www.safetylean.com\/ca#website\"},\"datePublished\":\"2023-10-05T12:51:03+00:00\",\"dateModified\":\"2023-11-27T10:44:56+00:00\",\"breadcrumb\":{\"@id\":\"https:\/\/www.safetylean.com\/ca\/accessibilitat#breadcrumb\"},\"inLanguage\":\"ca\",\"potentialAction\":[{\"@type\":\"ReadAction\",\"target\":[\"https:\/\/www.safetylean.com\/ca\/accessibilitat\"]}]},{\"@type\":\"BreadcrumbList\",\"@id\":\"https:\/\/www.safetylean.com\/ca\/accessibilitat#breadcrumb\",\"itemListElement\":[{\"@type\":\"ListItem\",\"position\":1,\"name\":\"Portada\",\"item\":\"https:\/\/www.safetylean.com\/ca\"},{\"@type\":\"ListItem\",\"position\":2,\"name\":\"Accessibilitat\"}]},{\"@type\":\"WebSite\",\"@id\":\"https:\/\/www.safetylean.com\/ca#website\",\"url\":\"https:\/\/www.safetylean.com\/ca\",\"name\":\"Safety Lean Consulting\",\"description\":\"Lean Manufacturing &amp; Risk Prevention\",\"publisher\":{\"@id\":\"https:\/\/www.safetylean.com\/ca#organization\"},\"potentialAction\":[{\"@type\":\"SearchAction\",\"target\":{\"@type\":\"EntryPoint\",\"urlTemplate\":\"https:\/\/www.safetylean.com\/ca?s={search_term_string}\"},\"query-input\":\"required name=search_term_string\"}],\"inLanguage\":\"ca\"},{\"@type\":\"Organization\",\"@id\":\"https:\/\/www.safetylean.com\/ca#organization\",\"name\":\"Safety Lean Consulting\",\"url\":\"https:\/\/www.safetylean.com\/ca\",\"logo\":{\"@type\":\"ImageObject\",\"inLanguage\":\"ca\",\"@id\":\"https:\/\/www.safetylean.com\/ca#\/schema\/logo\/image\/\",\"url\":\"https:\/\/www.safetylean.com\/wp-content\/uploads\/2023\/10\/logo-safety-lean.jpg\",\"contentUrl\":\"https:\/\/www.safetylean.com\/wp-content\/uploads\/2023\/10\/logo-safety-lean.jpg\",\"width\":360,\"height\":120,\"caption\":\"Safety Lean Consulting\"},\"image\":{\"@id\":\"https:\/\/www.safetylean.com\/ca#\/schema\/logo\/image\/\"},\"sameAs\":[\"https:\/\/www.linkedin.com\/company\/safety-lean-consulting\/about\/\"]}]}<\/script>\n<!-- \/ Yoast SEO plugin. -->","yoast_head_json":{"title":"Accessibilitat - Safety Lean Consulting","robots":{"index":"index","follow":"follow","max-snippet":"max-snippet:-1","max-image-preview":"max-image-preview:large","max-video-preview":"max-video-preview:-1"},"canonical":"https:\/\/www.safetylean.com\/ca\/accessibilitat","og_locale":"ca_ES","og_type":"article","og_title":"Accessibilitat - Safety Lean Consulting","og_description":"Safety Lean Consulting\u00a0s&#8217;ha comprom\u00e8s a fer accessible el vostre lloc web de conformitat amb la Normativa Europea EN 301 549 V3.2.1 (2021-03), sobre Requisits ...","og_url":"https:\/\/www.safetylean.com\/ca\/accessibilitat","og_site_name":"Safety Lean Consulting","article_modified_time":"2023-11-27T10:44:56+00:00","twitter_card":"summary_large_image","twitter_misc":{"Temps estimat de lectura":"2 minuts"},"schema":{"@context":"https:\/\/schema.org","@graph":[{"@type":"WebPage","@id":"https:\/\/www.safetylean.com\/ca\/accessibilitat","url":"https:\/\/www.safetylean.com\/ca\/accessibilitat","name":"Accessibilitat - Safety Lean Consulting","isPartOf":{"@id":"https:\/\/www.safetylean.com\/ca#website"},"datePublished":"2023-10-05T12:51:03+00:00","dateModified":"2023-11-27T10:44:56+00:00","breadcrumb":{"@id":"https:\/\/www.safetylean.com\/ca\/accessibilitat#breadcrumb"},"inLanguage":"ca","potentialAction":[{"@type":"ReadAction","target":["https:\/\/www.safetylean.com\/ca\/accessibilitat"]}]},{"@type":"BreadcrumbList","@id":"https:\/\/www.safetylean.com\/ca\/accessibilitat#breadcrumb","itemListElement":[{"@type":"ListItem","position":1,"name":"Portada","item":"https:\/\/www.safetylean.com\/ca"},{"@type":"ListItem","position":2,"name":"Accessibilitat"}]},{"@type":"WebSite","@id":"https:\/\/www.safetylean.com\/ca#website","url":"https:\/\/www.safetylean.com\/ca","name":"Safety Lean Consulting","description":"Lean Manufacturing &amp; Risk Prevention","publisher":{"@id":"https:\/\/www.safetylean.com\/ca#organization"},"potentialAction":[{"@type":"SearchAction","target":{"@type":"EntryPoint","urlTemplate":"https:\/\/www.safetylean.com\/ca?s={search_term_string}"},"query-input":"required name=search_term_string"}],"inLanguage":"ca"},{"@type":"Organization","@id":"https:\/\/www.safetylean.com\/ca#organization","name":"Safety Lean Consulting","url":"https:\/\/www.safetylean.com\/ca","logo":{"@type":"ImageObject","inLanguage":"ca","@id":"https:\/\/www.safetylean.com\/ca#\/schema\/logo\/image\/","url":"https:\/\/www.safetylean.com\/wp-content\/uploads\/2023\/10\/logo-safety-lean.jpg","contentUrl":"https:\/\/www.safetylean.com\/wp-content\/uploads\/2023\/10\/logo-safety-lean.jpg","width":360,"height":120,"caption":"Safety Lean Consulting"},"image":{"@id":"https:\/\/www.safetylean.com\/ca#\/schema\/logo\/image\/"},"sameAs":["https:\/\/www.linkedin.com\/company\/safety-lean-consulting\/about\/"]}]}},"_links":{"self":[{"href":"https:\/\/www.safetylean.com\/ca\/wp-json\/wp\/v2\/pages\/1947","targetHints":{"allow":["GET"]}}],"collection":[{"href":"https:\/\/www.safetylean.com\/ca\/wp-json\/wp\/v2\/pages"}],"about":[{"href":"https:\/\/www.safetylean.com\/ca\/wp-json\/wp\/v2\/types\/page"}],"author":[{"embeddable":true,"href":"https:\/\/www.safetylean.com\/ca\/wp-json\/wp\/v2\/users\/1"}],"replies":[{"embeddable":true,"href":"https:\/\/www.safetylean.com\/ca\/wp-json\/wp\/v2\/comments?post=1947"}],"version-history":[{"count":1,"href":"https:\/\/www.safetylean.com\/ca\/wp-json\/wp\/v2\/pages\/1947\/revisions"}],"predecessor-version":[{"id":2070,"href":"https:\/\/www.safetylean.com\/ca\/wp-json\/wp\/v2\/pages\/1947\/revisions\/2070"}],"wp:attachment":[{"href":"https:\/\/www.safetylean.com\/ca\/wp-json\/wp\/v2\/media?parent=1947"}],"curies":[{"name":"wp","href":"https:\/\/api.w.org\/{rel}","templated":true}]}}