{"id":1941,"date":"2023-10-05T14:50:49","date_gmt":"2023-10-05T12:50:49","guid":{"rendered":"https:\/\/www.safetylean.com\/politica-de-cookies"},"modified":"2023-12-20T12:43:58","modified_gmt":"2023-12-20T11:43:58","slug":"politica-de-cookies","status":"publish","type":"page","link":"https:\/\/www.safetylean.com\/ca\/politica-de-cookies","title":{"rendered":"Pol\u00edtica de Cookies"},"content":{"rendered":"<p>Vig\u00e8ncia: 08 de novembre de 2023<br \/>\n\u00daltima actualitzaci\u00f3: 08 de novembre de 2023<\/p>\n<h5 class=\"wp-block-heading\">Qu\u00e8 s\u00f3n les cookies?<\/h5>\n<p>Aquesta Pol\u00edtica de cookies explica qu\u00e8 s\u00f3n les cookies i com les utilitzem, els tipus de cookies que utilitzem, \u00e9s a dir, la informaci\u00f3 que recopilem mitjan\u00e7ant l&#8217;\u00fas de cookies i com s&#8217;utilitza aquesta informaci\u00f3, i com administrar la configuraci\u00f3 de cookies .<\/p>\n<p>Les cookies s\u00f3n petits fitxers de text que s&#8217;utilitzen per emmagatzemar petits fragments d&#8217;informaci\u00f3. S&#8217;emmagatzemen al dispositiu quan el lloc web es carrega al navegador. Aquestes cookies ens ajuden a fer que el lloc web funcioni correctament, fer-lo m\u00e9s segur, brindar una millor experi\u00e8ncia d&#8217;usuari i comprendre com funciona el lloc web i analitzar qu\u00e8 funciona i on necessita millorar.<\/p>\n<h5 class=\"wp-block-heading\">Com utilitzem les cookies?<\/h5>\n<p>Com la majoria dels serveis en l\u00ednia, el nostre lloc web utilitza cookies pr\u00f2pies i de tercers per a diversos prop\u00f2sits. Les cookies d&#8217;origen s\u00f3n principalment necess\u00e0ries perqu\u00e8 el lloc web funcioni correctament i no recopilen cap de les vostres dades d&#8217;identificaci\u00f3 personal.<\/p>\n<p>Les cookies de tercers utilitzades al nostre lloc web s\u00f3n principalment per comprendre com funciona el lloc web, com interactua amb el nostre lloc web, mant\u00e9 els nostres serveis segurs, proporciona anuncis que siguin rellevants per a vost\u00e8 i, en general, us brinda una experi\u00e8ncia d&#8217;usuari millor i millorada i l&#8217;ajuda a accelerar les seves interaccions futures amb el nostre lloc web.<\/p>\n<h5 class=\"wp-block-heading\">Cookies que utilitzem<\/h5>\n<div class=\"cky-audit-table-element\"><\/div>\n<h5 class=\"wp-block-heading\">Gestiona les prefer\u00e8ncies de cookies<\/h5>\n<p><a class=\"cky-banner-element\">Configuraci\u00f3 cookies<\/a><\/p>\n<p>Podeu canviar les vostres prefer\u00e8ncies de cookies en qualsevol moment fent clic al bot\u00f3 de dalt. Aix\u00f2 us permetr\u00e0 tornar a visitar el banner de consentiment de cookies i canviar les vostres prefer\u00e8ncies o retirar el vostre consentiment immediatament.<\/p>\n<p>A m\u00e9s d&#8217;aix\u00f2, diferents navegadors proporcionen diferents m\u00e8todes per bloquejar i eliminar les cookie utilitzades pels llocs web. Podeu canviar la configuraci\u00f3 del vostre navegador per bloquejar\/eliminar les cookies. A continuaci\u00f3 s&#8217;enumeren els enlla\u00e7os als documents de suport sobre com administrar i eliminar cookies dels principals navegadors web.<\/p>\n<ul>\n<li>Chrome:\u00a0<a href=\"https:\/\/support.google.com\/accounts\/answer\/61416\" target=\"_blank\" rel=\"noreferrer noopener\">https:\/\/support.google.com\/accounts\/ answer\/61416<\/a><\/li>\n<li>Safari:\u00a0<a href=\"https:\/\/support.apple.com\/guide\/safari\/manage-cookies-sfri11471\/mac\" target=\"_blank\" rel=\"noreferrer noopener\">https:\/\/support. apple.com\/guide\/safari\/manage-cookies-sfri11471\/mac<\/a><\/li>\n<li>Firefox:\u00a0<a href=\"https:\/\/support.mozilla.org\/en-US\/kb\/clear-cookies-and-site-data-firefox?redirectslug=delete-cookies-remove-info-websites- stored&amp;redirectlocale=%20es-US\" target=\"_blank\" rel=\"noreferrer noopener\" data-wplink-edit=\"true\">https:\/\/support.mozilla.org\/en-US\/kb\/clear-cookies-and-site-data-firefox?redirectslug=delete-cookies-remove-info-websites- stored&amp;redirectlocale=%20es-US<\/a><\/li>\n<li>Internet Explorer:\u00a0<a href=\"https:\/\/support.microsoft.com\/en-us\/topic\/how-to-delete-cookie-files-%20in-internet-explorer-bca9446f-d873-78de- 77ba-d42645fa52fc\" target=\"_blank\" rel=\"noreferrer noopener\">https:\/\/support.microsoft.com\/en-us\/topic\/how-to-delete-cookie-files-in-internet-explorer-bca9446f- d873-78de-77ba-d42645fa52fc<\/a><\/li>\n<\/ul>\n<p>Si utilitzeu qualsevol altre navegador web, visiteu els documents de suport oficials del vostre navegador.<\/p>\n","protected":false},"excerpt":{"rendered":"<p>Vig\u00e8ncia: 08 de novembre de 2023 \u00daltima actualitzaci\u00f3: 08 de novembre de 2023 Qu\u00e8 s\u00f3n les cookies? Aquesta Pol\u00edtica de cookies explica qu\u00e8 s\u00f3n &#8230;<\/p>\n","protected":false},"author":1,"featured_media":0,"parent":0,"menu_order":0,"comment_status":"closed","ping_status":"closed","template":"","meta":{"footnotes":""},"class_list":["post-1941","page","type-page","status-publish","hentry"],"yoast_head":"<!-- This site is optimized with the Yoast SEO plugin v21.5 - https:\/\/yoast.com\/wordpress\/plugins\/seo\/ -->\n<title>Pol\u00edtica de Cookies - Safety Lean Consulting<\/title>\n<meta name=\"robots\" content=\"index, follow, max-snippet:-1, max-image-preview:large, max-video-preview:-1\" \/>\n<link rel=\"canonical\" href=\"https:\/\/www.safetylean.com\/ca\/politica-de-cookies\" \/>\n<meta property=\"og:locale\" content=\"ca_ES\" \/>\n<meta property=\"og:type\" content=\"article\" \/>\n<meta property=\"og:title\" content=\"Pol\u00edtica de Cookies - Safety Lean Consulting\" \/>\n<meta property=\"og:description\" content=\"Vig\u00e8ncia: 08 de novembre de 2023 \u00daltima actualitzaci\u00f3: 08 de novembre de 2023 Qu\u00e8 s\u00f3n les cookies? Aquesta Pol\u00edtica de cookies explica qu\u00e8 s\u00f3n ...\" \/>\n<meta property=\"og:url\" content=\"https:\/\/www.safetylean.com\/ca\/politica-de-cookies\" \/>\n<meta property=\"og:site_name\" content=\"Safety Lean Consulting\" \/>\n<meta property=\"article:modified_time\" content=\"2023-12-20T11:43:58+00:00\" \/>\n<meta name=\"twitter:card\" content=\"summary_large_image\" \/>\n<meta name=\"twitter:label1\" content=\"Temps estimat de lectura\" \/>\n\t<meta name=\"twitter:data1\" content=\"2 minuts\" \/>\n<script type=\"application\/ld+json\" class=\"yoast-schema-graph\">{\"@context\":\"https:\/\/schema.org\",\"@graph\":[{\"@type\":\"WebPage\",\"@id\":\"https:\/\/www.safetylean.com\/ca\/politica-de-cookies\",\"url\":\"https:\/\/www.safetylean.com\/ca\/politica-de-cookies\",\"name\":\"Pol\u00edtica de Cookies - Safety Lean Consulting\",\"isPartOf\":{\"@id\":\"https:\/\/www.safetylean.com\/ca#website\"},\"datePublished\":\"2023-10-05T12:50:49+00:00\",\"dateModified\":\"2023-12-20T11:43:58+00:00\",\"breadcrumb\":{\"@id\":\"https:\/\/www.safetylean.com\/ca\/politica-de-cookies#breadcrumb\"},\"inLanguage\":\"ca\",\"potentialAction\":[{\"@type\":\"ReadAction\",\"target\":[\"https:\/\/www.safetylean.com\/ca\/politica-de-cookies\"]}]},{\"@type\":\"BreadcrumbList\",\"@id\":\"https:\/\/www.safetylean.com\/ca\/politica-de-cookies#breadcrumb\",\"itemListElement\":[{\"@type\":\"ListItem\",\"position\":1,\"name\":\"Portada\",\"item\":\"https:\/\/www.safetylean.com\/ca\"},{\"@type\":\"ListItem\",\"position\":2,\"name\":\"Pol\u00edtica de Cookies\"}]},{\"@type\":\"WebSite\",\"@id\":\"https:\/\/www.safetylean.com\/ca#website\",\"url\":\"https:\/\/www.safetylean.com\/ca\",\"name\":\"Safety Lean Consulting\",\"description\":\"Lean Manufacturing &amp; Risk Prevention\",\"publisher\":{\"@id\":\"https:\/\/www.safetylean.com\/ca#organization\"},\"potentialAction\":[{\"@type\":\"SearchAction\",\"target\":{\"@type\":\"EntryPoint\",\"urlTemplate\":\"https:\/\/www.safetylean.com\/ca?s={search_term_string}\"},\"query-input\":\"required name=search_term_string\"}],\"inLanguage\":\"ca\"},{\"@type\":\"Organization\",\"@id\":\"https:\/\/www.safetylean.com\/ca#organization\",\"name\":\"Safety Lean Consulting\",\"url\":\"https:\/\/www.safetylean.com\/ca\",\"logo\":{\"@type\":\"ImageObject\",\"inLanguage\":\"ca\",\"@id\":\"https:\/\/www.safetylean.com\/ca#\/schema\/logo\/image\/\",\"url\":\"https:\/\/www.safetylean.com\/wp-content\/uploads\/2023\/10\/logo-safety-lean.jpg\",\"contentUrl\":\"https:\/\/www.safetylean.com\/wp-content\/uploads\/2023\/10\/logo-safety-lean.jpg\",\"width\":360,\"height\":120,\"caption\":\"Safety Lean Consulting\"},\"image\":{\"@id\":\"https:\/\/www.safetylean.com\/ca#\/schema\/logo\/image\/\"},\"sameAs\":[\"https:\/\/www.linkedin.com\/company\/safety-lean-consulting\/about\/\"]}]}<\/script>\n<!-- \/ Yoast SEO plugin. -->","yoast_head_json":{"title":"Pol\u00edtica de Cookies - Safety Lean Consulting","robots":{"index":"index","follow":"follow","max-snippet":"max-snippet:-1","max-image-preview":"max-image-preview:large","max-video-preview":"max-video-preview:-1"},"canonical":"https:\/\/www.safetylean.com\/ca\/politica-de-cookies","og_locale":"ca_ES","og_type":"article","og_title":"Pol\u00edtica de Cookies - Safety Lean Consulting","og_description":"Vig\u00e8ncia: 08 de novembre de 2023 \u00daltima actualitzaci\u00f3: 08 de novembre de 2023 Qu\u00e8 s\u00f3n les cookies? Aquesta Pol\u00edtica de cookies explica qu\u00e8 s\u00f3n ...","og_url":"https:\/\/www.safetylean.com\/ca\/politica-de-cookies","og_site_name":"Safety Lean Consulting","article_modified_time":"2023-12-20T11:43:58+00:00","twitter_card":"summary_large_image","twitter_misc":{"Temps estimat de lectura":"2 minuts"},"schema":{"@context":"https:\/\/schema.org","@graph":[{"@type":"WebPage","@id":"https:\/\/www.safetylean.com\/ca\/politica-de-cookies","url":"https:\/\/www.safetylean.com\/ca\/politica-de-cookies","name":"Pol\u00edtica de Cookies - Safety Lean Consulting","isPartOf":{"@id":"https:\/\/www.safetylean.com\/ca#website"},"datePublished":"2023-10-05T12:50:49+00:00","dateModified":"2023-12-20T11:43:58+00:00","breadcrumb":{"@id":"https:\/\/www.safetylean.com\/ca\/politica-de-cookies#breadcrumb"},"inLanguage":"ca","potentialAction":[{"@type":"ReadAction","target":["https:\/\/www.safetylean.com\/ca\/politica-de-cookies"]}]},{"@type":"BreadcrumbList","@id":"https:\/\/www.safetylean.com\/ca\/politica-de-cookies#breadcrumb","itemListElement":[{"@type":"ListItem","position":1,"name":"Portada","item":"https:\/\/www.safetylean.com\/ca"},{"@type":"ListItem","position":2,"name":"Pol\u00edtica de Cookies"}]},{"@type":"WebSite","@id":"https:\/\/www.safetylean.com\/ca#website","url":"https:\/\/www.safetylean.com\/ca","name":"Safety Lean Consulting","description":"Lean Manufacturing &amp; Risk Prevention","publisher":{"@id":"https:\/\/www.safetylean.com\/ca#organization"},"potentialAction":[{"@type":"SearchAction","target":{"@type":"EntryPoint","urlTemplate":"https:\/\/www.safetylean.com\/ca?s={search_term_string}"},"query-input":"required name=search_term_string"}],"inLanguage":"ca"},{"@type":"Organization","@id":"https:\/\/www.safetylean.com\/ca#organization","name":"Safety Lean Consulting","url":"https:\/\/www.safetylean.com\/ca","logo":{"@type":"ImageObject","inLanguage":"ca","@id":"https:\/\/www.safetylean.com\/ca#\/schema\/logo\/image\/","url":"https:\/\/www.safetylean.com\/wp-content\/uploads\/2023\/10\/logo-safety-lean.jpg","contentUrl":"https:\/\/www.safetylean.com\/wp-content\/uploads\/2023\/10\/logo-safety-lean.jpg","width":360,"height":120,"caption":"Safety Lean Consulting"},"image":{"@id":"https:\/\/www.safetylean.com\/ca#\/schema\/logo\/image\/"},"sameAs":["https:\/\/www.linkedin.com\/company\/safety-lean-consulting\/about\/"]}]}},"_links":{"self":[{"href":"https:\/\/www.safetylean.com\/ca\/wp-json\/wp\/v2\/pages\/1941","targetHints":{"allow":["GET"]}}],"collection":[{"href":"https:\/\/www.safetylean.com\/ca\/wp-json\/wp\/v2\/pages"}],"about":[{"href":"https:\/\/www.safetylean.com\/ca\/wp-json\/wp\/v2\/types\/page"}],"author":[{"embeddable":true,"href":"https:\/\/www.safetylean.com\/ca\/wp-json\/wp\/v2\/users\/1"}],"replies":[{"embeddable":true,"href":"https:\/\/www.safetylean.com\/ca\/wp-json\/wp\/v2\/comments?post=1941"}],"version-history":[{"count":5,"href":"https:\/\/www.safetylean.com\/ca\/wp-json\/wp\/v2\/pages\/1941\/revisions"}],"predecessor-version":[{"id":2141,"href":"https:\/\/www.safetylean.com\/ca\/wp-json\/wp\/v2\/pages\/1941\/revisions\/2141"}],"wp:attachment":[{"href":"https:\/\/www.safetylean.com\/ca\/wp-json\/wp\/v2\/media?parent=1941"}],"curies":[{"name":"wp","href":"https:\/\/api.w.org\/{rel}","templated":true}]}}