{"id":1905,"date":"2023-10-06T07:41:51","date_gmt":"2023-10-06T05:41:51","guid":{"rendered":"https:\/\/www.safetylean.com\/serveis-que\/consultoria"},"modified":"2023-11-22T18:03:59","modified_gmt":"2023-11-22T17:03:59","slug":"consultoria","status":"publish","type":"page","link":"https:\/\/www.safetylean.com\/ca\/serveis-que\/consultoria","title":{"rendered":"Consultoria"},"content":{"rendered":"\n<p style=\"padding-top:0;padding-bottom:0\">Un projecte de consultoria es divideix en les etapes seg\u00fcents:<\/p>\n\n\n\n<div class=\"wp-block-columns is-layout-flex wp-container-core-columns-is-layout-28f84493 wp-block-columns-is-layout-flex\">\n<div class=\"wp-block-column is-vertically-aligned-top is-layout-flow wp-block-column-is-layout-flow\" style=\"flex-basis:50%\">\n<h4 class=\"wp-block-heading\" style=\"padding-top:0;padding-bottom:0\">1. <strong>Visita<\/strong><\/h4>\n\n\n\n<p>Escoltem les vostres necessitats i expectatives. Q\u00fcestionem el valor que podem aportar a la vostra empresa. <\/p>\n\n\n\n<h4 class=\"wp-block-heading\" style=\"padding-top:0;padding-bottom:0\">2. <strong>Diagn<\/strong>\u00f2stic<\/h4>\n\n\n\n<p>Analitzem la situaci\u00f3 actual i estimem les millores assolibles amb els recursos disponibles. Proposem el pla de projecte: les eines aplicables, les etapes d\u2019implementaci\u00f3 i els guanys previstos.<\/p>\n\n\n\n<h4 class=\"wp-block-heading\" style=\"padding-top:0;padding-bottom:0\">3. <strong>Pro<\/strong>jecte<\/h4>\n\n\n\n<p>Desenvolupem les eines amb els vostres equips i els formem i els acompanyem durant la implementaci\u00f3 perqu\u00e8 se les apropi\u00efn creant un sistema perdurable. Definim un full de ruta per guiar-vos en el cam\u00ed cap a la millora cont\u00ednua quan el projecte acabi.<\/p>\n\n\n\n<h4 class=\"wp-block-heading\" style=\"padding-top:0;padding-bottom:0\">4. <strong>Auditoria<\/strong> <\/h4>\n\n\n\n<p>Comprovem els resultats passat un per\u00edode raonable per assegurar que la millora es mant\u00e9 i que podem continuar millorant.<\/p>\n\n\n\n<figure class=\"wp-block-image aligncenter size-full is-resized\"><img decoding=\"async\" src=\"data:image\/svg+xml,%3Csvg%20width%3D%22600%22%20height%3D%22814%22%20xmlns%3D%22http:\/\/www.w3.org\/2000\/svg%22%20viewBox%3D%220%200%20600%20814%22%3E%3C\/svg%3E\" alt class=\"wp-image-1416 fy-content__image fy-lazy js-lazy\" style=\"width:470px;height:auto\" width=\"600\" height=\"814\" data-src=\"https:\/\/www.safetylean.com\/wp-content\/uploads\/2023\/11\/consultoria-safetylean01.jpg\"><div class=\"fy-image-loading fy-image-loading--skeleton\" aria-hidden=\"true\"><\/div><\/figure>\n<\/div>\n<\/div>\n\n\n\n<div class=\"wp-block-cover alignfull is-light has-parallax\"><span aria-hidden=\"true\" class=\"wp-block-cover__background has-cnt-background-color has-background-dim-20 has-background-dim\"><\/span><div role=\"img\" class=\"wp-block-cover__image-background wp-image-1421 has-parallax\" style=\"background-position:50% 50%;background-image:url(https:\/\/www.safetylean.com\/wp-content\/uploads\/2023\/11\/consultoria-safetylean-003.jpg)\"><\/div><div class=\"wp-block-cover__inner-container is-layout-flow wp-container-core-cover-is-layout-a77db08e wp-block-cover-is-layout-flow\">\n<p class=\"has-text-align-center has-large-font-size\"><\/p>\n<\/div><\/div>\n","protected":false},"excerpt":{"rendered":"<p>Un projecte de consultoria es divideix en les etapes seg\u00fcents: 1. Visita Escoltem les vostres necessitats i expectatives. Q\u00fcestionem el valor que podem aportar &#8230;<\/p>\n","protected":false},"author":1,"featured_media":0,"parent":1891,"menu_order":0,"comment_status":"closed","ping_status":"closed","template":"","meta":{"footnotes":""},"class_list":["post-1905","page","type-page","status-publish","hentry"],"yoast_head":"<!-- This site is optimized with the Yoast SEO plugin v21.5 - https:\/\/yoast.com\/wordpress\/plugins\/seo\/ -->\n<title>Consultoria - Safety Lean Consulting<\/title>\n<meta name=\"robots\" content=\"index, follow, max-snippet:-1, max-image-preview:large, max-video-preview:-1\" \/>\n<link rel=\"canonical\" href=\"https:\/\/www.safetylean.com\/ca\/serveis-que\/consultoria\" \/>\n<meta property=\"og:locale\" content=\"ca_ES\" \/>\n<meta property=\"og:type\" content=\"article\" \/>\n<meta property=\"og:title\" content=\"Consultoria - Safety Lean Consulting\" \/>\n<meta property=\"og:description\" content=\"Un projecte de consultoria es divideix en les etapes seg\u00fcents: 1. Visita Escoltem les vostres necessitats i expectatives. Q\u00fcestionem el valor que podem aportar ...\" \/>\n<meta property=\"og:url\" content=\"https:\/\/www.safetylean.com\/ca\/serveis-que\/consultoria\" \/>\n<meta property=\"og:site_name\" content=\"Safety Lean Consulting\" \/>\n<meta property=\"article:modified_time\" content=\"2023-11-22T17:03:59+00:00\" \/>\n<meta property=\"og:image\" content=\"https:\/\/www.safetylean.com\/wp-content\/uploads\/2023\/11\/consultoria-safetylean01.jpg\" \/>\n<meta name=\"twitter:card\" content=\"summary_large_image\" \/>\n<meta name=\"twitter:label1\" content=\"Temps estimat de lectura\" \/>\n\t<meta name=\"twitter:data1\" content=\"1 minut\" \/>\n<script type=\"application\/ld+json\" class=\"yoast-schema-graph\">{\"@context\":\"https:\/\/schema.org\",\"@graph\":[{\"@type\":\"WebPage\",\"@id\":\"https:\/\/www.safetylean.com\/ca\/serveis-que\/consultoria\",\"url\":\"https:\/\/www.safetylean.com\/ca\/serveis-que\/consultoria\",\"name\":\"Consultoria - Safety Lean Consulting\",\"isPartOf\":{\"@id\":\"https:\/\/www.safetylean.com\/ca#website\"},\"datePublished\":\"2023-10-06T05:41:51+00:00\",\"dateModified\":\"2023-11-22T17:03:59+00:00\",\"breadcrumb\":{\"@id\":\"https:\/\/www.safetylean.com\/ca\/serveis-que\/consultoria#breadcrumb\"},\"inLanguage\":\"ca\",\"potentialAction\":[{\"@type\":\"ReadAction\",\"target\":[\"https:\/\/www.safetylean.com\/ca\/serveis-que\/consultoria\"]}]},{\"@type\":\"BreadcrumbList\",\"@id\":\"https:\/\/www.safetylean.com\/ca\/serveis-que\/consultoria#breadcrumb\",\"itemListElement\":[{\"@type\":\"ListItem\",\"position\":1,\"name\":\"Portada\",\"item\":\"https:\/\/www.safetylean.com\/ca\"},{\"@type\":\"ListItem\",\"position\":2,\"name\":\"Qu\u00e8?\",\"item\":\"https:\/\/www.safetylean.com\/ca\/serveis-que\"},{\"@type\":\"ListItem\",\"position\":3,\"name\":\"Consultoria\"}]},{\"@type\":\"WebSite\",\"@id\":\"https:\/\/www.safetylean.com\/ca#website\",\"url\":\"https:\/\/www.safetylean.com\/ca\",\"name\":\"Safety Lean Consulting\",\"description\":\"Lean Manufacturing &amp; Risk Prevention\",\"publisher\":{\"@id\":\"https:\/\/www.safetylean.com\/ca#organization\"},\"potentialAction\":[{\"@type\":\"SearchAction\",\"target\":{\"@type\":\"EntryPoint\",\"urlTemplate\":\"https:\/\/www.safetylean.com\/ca?s={search_term_string}\"},\"query-input\":\"required name=search_term_string\"}],\"inLanguage\":\"ca\"},{\"@type\":\"Organization\",\"@id\":\"https:\/\/www.safetylean.com\/ca#organization\",\"name\":\"Safety Lean Consulting\",\"url\":\"https:\/\/www.safetylean.com\/ca\",\"logo\":{\"@type\":\"ImageObject\",\"inLanguage\":\"ca\",\"@id\":\"https:\/\/www.safetylean.com\/ca#\/schema\/logo\/image\/\",\"url\":\"https:\/\/www.safetylean.com\/wp-content\/uploads\/2023\/10\/logo-safety-lean.jpg\",\"contentUrl\":\"https:\/\/www.safetylean.com\/wp-content\/uploads\/2023\/10\/logo-safety-lean.jpg\",\"width\":360,\"height\":120,\"caption\":\"Safety Lean Consulting\"},\"image\":{\"@id\":\"https:\/\/www.safetylean.com\/ca#\/schema\/logo\/image\/\"},\"sameAs\":[\"https:\/\/www.linkedin.com\/company\/safety-lean-consulting\/about\/\"]}]}<\/script>\n<!-- \/ Yoast SEO plugin. -->","yoast_head_json":{"title":"Consultoria - Safety Lean Consulting","robots":{"index":"index","follow":"follow","max-snippet":"max-snippet:-1","max-image-preview":"max-image-preview:large","max-video-preview":"max-video-preview:-1"},"canonical":"https:\/\/www.safetylean.com\/ca\/serveis-que\/consultoria","og_locale":"ca_ES","og_type":"article","og_title":"Consultoria - Safety Lean Consulting","og_description":"Un projecte de consultoria es divideix en les etapes seg\u00fcents: 1. Visita Escoltem les vostres necessitats i expectatives. Q\u00fcestionem el valor que podem aportar ...","og_url":"https:\/\/www.safetylean.com\/ca\/serveis-que\/consultoria","og_site_name":"Safety Lean Consulting","article_modified_time":"2023-11-22T17:03:59+00:00","og_image":[{"url":"https:\/\/www.safetylean.com\/wp-content\/uploads\/2023\/11\/consultoria-safetylean01.jpg"}],"twitter_card":"summary_large_image","twitter_misc":{"Temps estimat de lectura":"1 minut"},"schema":{"@context":"https:\/\/schema.org","@graph":[{"@type":"WebPage","@id":"https:\/\/www.safetylean.com\/ca\/serveis-que\/consultoria","url":"https:\/\/www.safetylean.com\/ca\/serveis-que\/consultoria","name":"Consultoria - Safety Lean Consulting","isPartOf":{"@id":"https:\/\/www.safetylean.com\/ca#website"},"datePublished":"2023-10-06T05:41:51+00:00","dateModified":"2023-11-22T17:03:59+00:00","breadcrumb":{"@id":"https:\/\/www.safetylean.com\/ca\/serveis-que\/consultoria#breadcrumb"},"inLanguage":"ca","potentialAction":[{"@type":"ReadAction","target":["https:\/\/www.safetylean.com\/ca\/serveis-que\/consultoria"]}]},{"@type":"BreadcrumbList","@id":"https:\/\/www.safetylean.com\/ca\/serveis-que\/consultoria#breadcrumb","itemListElement":[{"@type":"ListItem","position":1,"name":"Portada","item":"https:\/\/www.safetylean.com\/ca"},{"@type":"ListItem","position":2,"name":"Qu\u00e8?","item":"https:\/\/www.safetylean.com\/ca\/serveis-que"},{"@type":"ListItem","position":3,"name":"Consultoria"}]},{"@type":"WebSite","@id":"https:\/\/www.safetylean.com\/ca#website","url":"https:\/\/www.safetylean.com\/ca","name":"Safety Lean Consulting","description":"Lean Manufacturing &amp; Risk Prevention","publisher":{"@id":"https:\/\/www.safetylean.com\/ca#organization"},"potentialAction":[{"@type":"SearchAction","target":{"@type":"EntryPoint","urlTemplate":"https:\/\/www.safetylean.com\/ca?s={search_term_string}"},"query-input":"required name=search_term_string"}],"inLanguage":"ca"},{"@type":"Organization","@id":"https:\/\/www.safetylean.com\/ca#organization","name":"Safety Lean Consulting","url":"https:\/\/www.safetylean.com\/ca","logo":{"@type":"ImageObject","inLanguage":"ca","@id":"https:\/\/www.safetylean.com\/ca#\/schema\/logo\/image\/","url":"https:\/\/www.safetylean.com\/wp-content\/uploads\/2023\/10\/logo-safety-lean.jpg","contentUrl":"https:\/\/www.safetylean.com\/wp-content\/uploads\/2023\/10\/logo-safety-lean.jpg","width":360,"height":120,"caption":"Safety Lean Consulting"},"image":{"@id":"https:\/\/www.safetylean.com\/ca#\/schema\/logo\/image\/"},"sameAs":["https:\/\/www.linkedin.com\/company\/safety-lean-consulting\/about\/"]}]}},"_links":{"self":[{"href":"https:\/\/www.safetylean.com\/ca\/wp-json\/wp\/v2\/pages\/1905","targetHints":{"allow":["GET"]}}],"collection":[{"href":"https:\/\/www.safetylean.com\/ca\/wp-json\/wp\/v2\/pages"}],"about":[{"href":"https:\/\/www.safetylean.com\/ca\/wp-json\/wp\/v2\/types\/page"}],"author":[{"embeddable":true,"href":"https:\/\/www.safetylean.com\/ca\/wp-json\/wp\/v2\/users\/1"}],"replies":[{"embeddable":true,"href":"https:\/\/www.safetylean.com\/ca\/wp-json\/wp\/v2\/comments?post=1905"}],"version-history":[{"count":2,"href":"https:\/\/www.safetylean.com\/ca\/wp-json\/wp\/v2\/pages\/1905\/revisions"}],"predecessor-version":[{"id":1923,"href":"https:\/\/www.safetylean.com\/ca\/wp-json\/wp\/v2\/pages\/1905\/revisions\/1923"}],"up":[{"embeddable":true,"href":"https:\/\/www.safetylean.com\/ca\/wp-json\/wp\/v2\/pages\/1891"}],"wp:attachment":[{"href":"https:\/\/www.safetylean.com\/ca\/wp-json\/wp\/v2\/media?parent=1905"}],"curies":[{"name":"wp","href":"https:\/\/api.w.org\/{rel}","templated":true}]}}