{"id":1902,"date":"2023-10-06T07:40:52","date_gmt":"2023-10-06T05:40:52","guid":{"rendered":"https:\/\/www.safetylean.com\/serveis-que\/diagnostico"},"modified":"2023-11-22T17:55:59","modified_gmt":"2023-11-22T16:55:59","slug":"diagnostico","status":"publish","type":"page","link":"https:\/\/www.safetylean.com\/ca\/serveis-que\/diagnostico","title":{"rendered":"Diagn\u00f2stic"},"content":{"rendered":"\n<div class=\"wp-block-media-text has-media-on-the-right is-stacked-on-mobile is-vertically-aligned-top\"><div class=\"wp-block-media-text__content\">\n<p>Pot ser que els vostres equips siguin capa\u00e7os de posar en marxa eines de millora i prevenci\u00f3 sense ajuda d&#8217;un consultor extern, per\u00f2 pot ser que de tant en tant necessiteu una visi\u00f3 externa per &#8220;calibrar-vos&#8221;. Podem ajudar-vos realitzant:<\/p>\n\n\n\n<ul class=\"wp-block-list\">\n<li>un <strong>Diagn\u00f2stic<\/strong>: analitzem la situaci\u00f3 actual, estimem les millores i proposem un pla d&#8217;acci\u00f3.<\/li>\n\n\n\n<li>una <strong>Auditoria<\/strong>: reflectim la situaci\u00f3 actual, basant-nos en referencials interns o externs a l&#8217;empresa.<\/li>\n<\/ul>\n<\/div><figure class=\"wp-block-media-text__media\"><img decoding=\"async\" src=\"data:image\/svg+xml,%3Csvg%20width%3D%22900%22%20height%3D%22600%22%20xmlns%3D%22http:\/\/www.w3.org\/2000\/svg%22%20viewBox%3D%220%200%20900%20600%22%3E%3C\/svg%3E\" alt class=\"wp-image-1122 size-full fy-content__image fy-lazy js-lazy\" width=\"900\" height=\"600\" data-src=\"https:\/\/www.safetylean.com\/wp-content\/uploads\/2023\/10\/diagnostico-safetylean.jpg\"><div class=\"fy-image-loading fy-image-loading--skeleton\" aria-hidden=\"true\"><\/div><\/figure><\/div>\n\n\n\n<div class=\"wp-block-cover alignfull is-light has-parallax\"><span aria-hidden=\"true\" class=\"wp-block-cover__background has-cnt-background-color has-background-dim-40 has-background-dim\"><\/span><div role=\"img\" class=\"wp-block-cover__image-background wp-image-1406 has-parallax\" style=\"background-position:50% 50%;background-image:url(https:\/\/www.safetylean.com\/wp-content\/uploads\/2023\/11\/diagnostico.jpg)\"><\/div><div class=\"wp-block-cover__inner-container is-layout-constrained wp-block-cover-is-layout-constrained\">\n<p class=\"has-text-align-center has-large-font-size\"><\/p>\n<\/div><\/div>\n","protected":false},"excerpt":{"rendered":"","protected":false},"author":1,"featured_media":0,"parent":1891,"menu_order":0,"comment_status":"closed","ping_status":"closed","template":"","meta":{"footnotes":""},"class_list":["post-1902","page","type-page","status-publish","hentry"],"yoast_head":"<!-- This site is optimized with the Yoast SEO plugin v21.5 - https:\/\/yoast.com\/wordpress\/plugins\/seo\/ -->\n<title>Diagn\u00f2stic - Safety Lean Consulting<\/title>\n<meta name=\"robots\" content=\"index, follow, max-snippet:-1, max-image-preview:large, max-video-preview:-1\" \/>\n<link rel=\"canonical\" href=\"https:\/\/www.safetylean.com\/ca\/serveis-que\/diagnostico\" \/>\n<meta property=\"og:locale\" content=\"ca_ES\" \/>\n<meta property=\"og:type\" content=\"article\" \/>\n<meta property=\"og:title\" content=\"Diagn\u00f2stic - Safety Lean Consulting\" \/>\n<meta property=\"og:url\" content=\"https:\/\/www.safetylean.com\/ca\/serveis-que\/diagnostico\" \/>\n<meta property=\"og:site_name\" content=\"Safety Lean Consulting\" \/>\n<meta property=\"article:modified_time\" content=\"2023-11-22T16:55:59+00:00\" \/>\n<meta property=\"og:image\" content=\"https:\/\/www.safetylean.com\/wp-content\/uploads\/2023\/10\/diagnostico-safetylean.jpg\" \/>\n<meta name=\"twitter:card\" content=\"summary_large_image\" \/>\n<meta name=\"twitter:label1\" content=\"Temps estimat de lectura\" \/>\n\t<meta name=\"twitter:data1\" content=\"1 minut\" \/>\n<script type=\"application\/ld+json\" class=\"yoast-schema-graph\">{\"@context\":\"https:\/\/schema.org\",\"@graph\":[{\"@type\":\"WebPage\",\"@id\":\"https:\/\/www.safetylean.com\/ca\/serveis-que\/diagnostico\",\"url\":\"https:\/\/www.safetylean.com\/ca\/serveis-que\/diagnostico\",\"name\":\"Diagn\u00f2stic - Safety Lean Consulting\",\"isPartOf\":{\"@id\":\"https:\/\/www.safetylean.com\/ca#website\"},\"datePublished\":\"2023-10-06T05:40:52+00:00\",\"dateModified\":\"2023-11-22T16:55:59+00:00\",\"breadcrumb\":{\"@id\":\"https:\/\/www.safetylean.com\/ca\/serveis-que\/diagnostico#breadcrumb\"},\"inLanguage\":\"ca\",\"potentialAction\":[{\"@type\":\"ReadAction\",\"target\":[\"https:\/\/www.safetylean.com\/ca\/serveis-que\/diagnostico\"]}]},{\"@type\":\"BreadcrumbList\",\"@id\":\"https:\/\/www.safetylean.com\/ca\/serveis-que\/diagnostico#breadcrumb\",\"itemListElement\":[{\"@type\":\"ListItem\",\"position\":1,\"name\":\"Portada\",\"item\":\"https:\/\/www.safetylean.com\/ca\"},{\"@type\":\"ListItem\",\"position\":2,\"name\":\"Qu\u00e8?\",\"item\":\"https:\/\/www.safetylean.com\/ca\/serveis-que\"},{\"@type\":\"ListItem\",\"position\":3,\"name\":\"Diagn\u00f2stic\"}]},{\"@type\":\"WebSite\",\"@id\":\"https:\/\/www.safetylean.com\/ca#website\",\"url\":\"https:\/\/www.safetylean.com\/ca\",\"name\":\"Safety Lean Consulting\",\"description\":\"Lean Manufacturing &amp; Risk Prevention\",\"publisher\":{\"@id\":\"https:\/\/www.safetylean.com\/ca#organization\"},\"potentialAction\":[{\"@type\":\"SearchAction\",\"target\":{\"@type\":\"EntryPoint\",\"urlTemplate\":\"https:\/\/www.safetylean.com\/ca?s={search_term_string}\"},\"query-input\":\"required name=search_term_string\"}],\"inLanguage\":\"ca\"},{\"@type\":\"Organization\",\"@id\":\"https:\/\/www.safetylean.com\/ca#organization\",\"name\":\"Safety Lean Consulting\",\"url\":\"https:\/\/www.safetylean.com\/ca\",\"logo\":{\"@type\":\"ImageObject\",\"inLanguage\":\"ca\",\"@id\":\"https:\/\/www.safetylean.com\/ca#\/schema\/logo\/image\/\",\"url\":\"https:\/\/www.safetylean.com\/wp-content\/uploads\/2023\/10\/logo-safety-lean.jpg\",\"contentUrl\":\"https:\/\/www.safetylean.com\/wp-content\/uploads\/2023\/10\/logo-safety-lean.jpg\",\"width\":360,\"height\":120,\"caption\":\"Safety Lean Consulting\"},\"image\":{\"@id\":\"https:\/\/www.safetylean.com\/ca#\/schema\/logo\/image\/\"},\"sameAs\":[\"https:\/\/www.linkedin.com\/company\/safety-lean-consulting\/about\/\"]}]}<\/script>\n<!-- \/ Yoast SEO plugin. -->","yoast_head_json":{"title":"Diagn\u00f2stic - Safety Lean Consulting","robots":{"index":"index","follow":"follow","max-snippet":"max-snippet:-1","max-image-preview":"max-image-preview:large","max-video-preview":"max-video-preview:-1"},"canonical":"https:\/\/www.safetylean.com\/ca\/serveis-que\/diagnostico","og_locale":"ca_ES","og_type":"article","og_title":"Diagn\u00f2stic - Safety Lean Consulting","og_url":"https:\/\/www.safetylean.com\/ca\/serveis-que\/diagnostico","og_site_name":"Safety Lean Consulting","article_modified_time":"2023-11-22T16:55:59+00:00","og_image":[{"url":"https:\/\/www.safetylean.com\/wp-content\/uploads\/2023\/10\/diagnostico-safetylean.jpg"}],"twitter_card":"summary_large_image","twitter_misc":{"Temps estimat de lectura":"1 minut"},"schema":{"@context":"https:\/\/schema.org","@graph":[{"@type":"WebPage","@id":"https:\/\/www.safetylean.com\/ca\/serveis-que\/diagnostico","url":"https:\/\/www.safetylean.com\/ca\/serveis-que\/diagnostico","name":"Diagn\u00f2stic - Safety Lean Consulting","isPartOf":{"@id":"https:\/\/www.safetylean.com\/ca#website"},"datePublished":"2023-10-06T05:40:52+00:00","dateModified":"2023-11-22T16:55:59+00:00","breadcrumb":{"@id":"https:\/\/www.safetylean.com\/ca\/serveis-que\/diagnostico#breadcrumb"},"inLanguage":"ca","potentialAction":[{"@type":"ReadAction","target":["https:\/\/www.safetylean.com\/ca\/serveis-que\/diagnostico"]}]},{"@type":"BreadcrumbList","@id":"https:\/\/www.safetylean.com\/ca\/serveis-que\/diagnostico#breadcrumb","itemListElement":[{"@type":"ListItem","position":1,"name":"Portada","item":"https:\/\/www.safetylean.com\/ca"},{"@type":"ListItem","position":2,"name":"Qu\u00e8?","item":"https:\/\/www.safetylean.com\/ca\/serveis-que"},{"@type":"ListItem","position":3,"name":"Diagn\u00f2stic"}]},{"@type":"WebSite","@id":"https:\/\/www.safetylean.com\/ca#website","url":"https:\/\/www.safetylean.com\/ca","name":"Safety Lean Consulting","description":"Lean Manufacturing &amp; Risk Prevention","publisher":{"@id":"https:\/\/www.safetylean.com\/ca#organization"},"potentialAction":[{"@type":"SearchAction","target":{"@type":"EntryPoint","urlTemplate":"https:\/\/www.safetylean.com\/ca?s={search_term_string}"},"query-input":"required name=search_term_string"}],"inLanguage":"ca"},{"@type":"Organization","@id":"https:\/\/www.safetylean.com\/ca#organization","name":"Safety Lean Consulting","url":"https:\/\/www.safetylean.com\/ca","logo":{"@type":"ImageObject","inLanguage":"ca","@id":"https:\/\/www.safetylean.com\/ca#\/schema\/logo\/image\/","url":"https:\/\/www.safetylean.com\/wp-content\/uploads\/2023\/10\/logo-safety-lean.jpg","contentUrl":"https:\/\/www.safetylean.com\/wp-content\/uploads\/2023\/10\/logo-safety-lean.jpg","width":360,"height":120,"caption":"Safety Lean Consulting"},"image":{"@id":"https:\/\/www.safetylean.com\/ca#\/schema\/logo\/image\/"},"sameAs":["https:\/\/www.linkedin.com\/company\/safety-lean-consulting\/about\/"]}]}},"_links":{"self":[{"href":"https:\/\/www.safetylean.com\/ca\/wp-json\/wp\/v2\/pages\/1902","targetHints":{"allow":["GET"]}}],"collection":[{"href":"https:\/\/www.safetylean.com\/ca\/wp-json\/wp\/v2\/pages"}],"about":[{"href":"https:\/\/www.safetylean.com\/ca\/wp-json\/wp\/v2\/types\/page"}],"author":[{"embeddable":true,"href":"https:\/\/www.safetylean.com\/ca\/wp-json\/wp\/v2\/users\/1"}],"replies":[{"embeddable":true,"href":"https:\/\/www.safetylean.com\/ca\/wp-json\/wp\/v2\/comments?post=1902"}],"version-history":[{"count":2,"href":"https:\/\/www.safetylean.com\/ca\/wp-json\/wp\/v2\/pages\/1902\/revisions"}],"predecessor-version":[{"id":1914,"href":"https:\/\/www.safetylean.com\/ca\/wp-json\/wp\/v2\/pages\/1902\/revisions\/1914"}],"up":[{"embeddable":true,"href":"https:\/\/www.safetylean.com\/ca\/wp-json\/wp\/v2\/pages\/1891"}],"wp:attachment":[{"href":"https:\/\/www.safetylean.com\/ca\/wp-json\/wp\/v2\/media?parent=1902"}],"curies":[{"name":"wp","href":"https:\/\/api.w.org\/{rel}","templated":true}]}}