{"id":1899,"date":"2023-10-06T07:41:19","date_gmt":"2023-10-06T05:41:19","guid":{"rendered":"https:\/\/www.safetylean.com\/serveis-que\/formacion"},"modified":"2023-11-22T17:49:37","modified_gmt":"2023-11-22T16:49:37","slug":"formacio","status":"publish","type":"page","link":"https:\/\/www.safetylean.com\/ca\/serveis-que\/formacio","title":{"rendered":"Formaci\u00f3"},"content":{"rendered":"\n<div class=\"wp-block-columns is-layout-flex wp-container-core-columns-is-layout-a5331a9e wp-block-columns-is-layout-flex\" style=\"padding-top:0;padding-right:0;padding-bottom:0;padding-left:0\">\n<div class=\"wp-block-column is-layout-flow wp-block-column-is-layout-flow\" style=\"flex-basis:50%\">\n<p>Creem m\u00f2duls de formaci\u00f3 &#8220;a mida&#8221; de cada client.<\/p>\n\n\n\n<p>Perqu\u00e8 per tal que una formaci\u00f3 sigui eficient cal tenir en compte:<\/p>\n\n\n\n<ul class=\"wp-block-list\">\n<li>el punt de partida: quins coneixements previs tenen les persones a formar?<\/li>\n\n\n\n<li>el cam\u00ed: quins recursos vull dedicar? quant vull aprofundir en el tema?<\/li>\n\n\n\n<li>l&#8217;objectiu: qu\u00e8 vull aconseguir amb la formaci\u00f3?<\/li>\n<\/ul>\n\n\n\n<p>Safety Lean Consulting S.L. est\u00e0 inscrita al registre estatal d&#8217;entitats de formaci\u00f3, el que us permetr\u00e0 subvencionar les formacions realitzades a trav\u00e9s de la Fundae.<\/p>\n<\/div>\n\n\n\n<div class=\"wp-block-column is-layout-flow wp-block-column-is-layout-flow\" style=\"flex-basis:50%\">\n<figure class=\"wp-block-image\"><img decoding=\"async\" src=\"data:image\/svg+xml,%3Csvg%20width%3D%22900%22%20height%3D%22600%22%20xmlns%3D%22http:\/\/www.w3.org\/2000\/svg%22%20viewBox%3D%220%200%20900%20600%22%3E%3C\/svg%3E\" alt class=\"wp-image-1125 fy-content__image fy-lazy js-lazy\" width=\"900\" height=\"600\" data-src=\"https:\/\/www.safetylean.com\/wp-content\/uploads\/2023\/10\/formacion-safetylean.jpg\"><div class=\"fy-image-loading fy-image-loading--skeleton\" aria-hidden=\"true\"><\/div><\/figure>\n<\/div>\n<\/div>\n\n\n\n<div class=\"wp-block-cover alignfull has-parallax is-repeated\"><span aria-hidden=\"true\" class=\"wp-block-cover__background has-cnt-background-color has-background-dim-10 has-background-dim\"><\/span><div role=\"img\" class=\"wp-block-cover__image-background wp-image-1399 has-parallax is-repeated\" style=\"background-position:48% 48%;background-image:url(https:\/\/www.safetylean.com\/wp-content\/uploads\/2023\/11\/formacion-safetylean02.jpg)\"><\/div><div class=\"wp-block-cover__inner-container is-layout-constrained wp-block-cover-is-layout-constrained\">\n<p class=\"has-text-align-center has-large-font-size\"><\/p>\n<\/div><\/div>\n","protected":false},"excerpt":{"rendered":"<p>Creem m\u00f2duls de formaci\u00f3 &#8220;a mida&#8221; de cada client. Perqu\u00e8 per tal que una formaci\u00f3 sigui eficient cal tenir en compte: Safety Lean Consulting &#8230;<\/p>\n","protected":false},"author":1,"featured_media":0,"parent":1891,"menu_order":0,"comment_status":"closed","ping_status":"closed","template":"","meta":{"footnotes":""},"class_list":["post-1899","page","type-page","status-publish","hentry"],"yoast_head":"<!-- This site is optimized with the Yoast SEO plugin v21.5 - https:\/\/yoast.com\/wordpress\/plugins\/seo\/ -->\n<title>Formaci\u00f3 - Safety Lean Consulting<\/title>\n<meta name=\"robots\" content=\"index, follow, max-snippet:-1, max-image-preview:large, max-video-preview:-1\" \/>\n<link rel=\"canonical\" href=\"https:\/\/www.safetylean.com\/ca\/serveis-que\/formacio\" \/>\n<meta property=\"og:locale\" content=\"ca_ES\" \/>\n<meta property=\"og:type\" content=\"article\" \/>\n<meta property=\"og:title\" content=\"Formaci\u00f3 - Safety Lean Consulting\" \/>\n<meta property=\"og:description\" content=\"Creem m\u00f2duls de formaci\u00f3 &#8220;a mida&#8221; de cada client. Perqu\u00e8 per tal que una formaci\u00f3 sigui eficient cal tenir en compte: Safety Lean Consulting ...\" \/>\n<meta property=\"og:url\" content=\"https:\/\/www.safetylean.com\/ca\/serveis-que\/formacio\" \/>\n<meta property=\"og:site_name\" content=\"Safety Lean Consulting\" \/>\n<meta property=\"article:modified_time\" content=\"2023-11-22T16:49:37+00:00\" \/>\n<meta property=\"og:image\" content=\"https:\/\/www.safetylean.com\/wp-content\/uploads\/2023\/10\/formacion-safetylean.jpg\" \/>\n<meta name=\"twitter:card\" content=\"summary_large_image\" \/>\n<meta name=\"twitter:label1\" content=\"Temps estimat de lectura\" \/>\n\t<meta name=\"twitter:data1\" content=\"1 minut\" \/>\n<script type=\"application\/ld+json\" class=\"yoast-schema-graph\">{\"@context\":\"https:\/\/schema.org\",\"@graph\":[{\"@type\":\"WebPage\",\"@id\":\"https:\/\/www.safetylean.com\/ca\/serveis-que\/formacio\",\"url\":\"https:\/\/www.safetylean.com\/ca\/serveis-que\/formacio\",\"name\":\"Formaci\u00f3 - Safety Lean Consulting\",\"isPartOf\":{\"@id\":\"https:\/\/www.safetylean.com\/ca#website\"},\"datePublished\":\"2023-10-06T05:41:19+00:00\",\"dateModified\":\"2023-11-22T16:49:37+00:00\",\"breadcrumb\":{\"@id\":\"https:\/\/www.safetylean.com\/ca\/serveis-que\/formacio#breadcrumb\"},\"inLanguage\":\"ca\",\"potentialAction\":[{\"@type\":\"ReadAction\",\"target\":[\"https:\/\/www.safetylean.com\/ca\/serveis-que\/formacio\"]}]},{\"@type\":\"BreadcrumbList\",\"@id\":\"https:\/\/www.safetylean.com\/ca\/serveis-que\/formacio#breadcrumb\",\"itemListElement\":[{\"@type\":\"ListItem\",\"position\":1,\"name\":\"Portada\",\"item\":\"https:\/\/www.safetylean.com\/ca\"},{\"@type\":\"ListItem\",\"position\":2,\"name\":\"Qu\u00e8?\",\"item\":\"https:\/\/www.safetylean.com\/ca\/serveis-que\"},{\"@type\":\"ListItem\",\"position\":3,\"name\":\"Formaci\u00f3\"}]},{\"@type\":\"WebSite\",\"@id\":\"https:\/\/www.safetylean.com\/ca#website\",\"url\":\"https:\/\/www.safetylean.com\/ca\",\"name\":\"Safety Lean Consulting\",\"description\":\"Lean Manufacturing &amp; Risk Prevention\",\"publisher\":{\"@id\":\"https:\/\/www.safetylean.com\/ca#organization\"},\"potentialAction\":[{\"@type\":\"SearchAction\",\"target\":{\"@type\":\"EntryPoint\",\"urlTemplate\":\"https:\/\/www.safetylean.com\/ca?s={search_term_string}\"},\"query-input\":\"required name=search_term_string\"}],\"inLanguage\":\"ca\"},{\"@type\":\"Organization\",\"@id\":\"https:\/\/www.safetylean.com\/ca#organization\",\"name\":\"Safety Lean Consulting\",\"url\":\"https:\/\/www.safetylean.com\/ca\",\"logo\":{\"@type\":\"ImageObject\",\"inLanguage\":\"ca\",\"@id\":\"https:\/\/www.safetylean.com\/ca#\/schema\/logo\/image\/\",\"url\":\"https:\/\/www.safetylean.com\/wp-content\/uploads\/2023\/10\/logo-safety-lean.jpg\",\"contentUrl\":\"https:\/\/www.safetylean.com\/wp-content\/uploads\/2023\/10\/logo-safety-lean.jpg\",\"width\":360,\"height\":120,\"caption\":\"Safety Lean Consulting\"},\"image\":{\"@id\":\"https:\/\/www.safetylean.com\/ca#\/schema\/logo\/image\/\"},\"sameAs\":[\"https:\/\/www.linkedin.com\/company\/safety-lean-consulting\/about\/\"]}]}<\/script>\n<!-- \/ Yoast SEO plugin. -->","yoast_head_json":{"title":"Formaci\u00f3 - Safety Lean Consulting","robots":{"index":"index","follow":"follow","max-snippet":"max-snippet:-1","max-image-preview":"max-image-preview:large","max-video-preview":"max-video-preview:-1"},"canonical":"https:\/\/www.safetylean.com\/ca\/serveis-que\/formacio","og_locale":"ca_ES","og_type":"article","og_title":"Formaci\u00f3 - Safety Lean Consulting","og_description":"Creem m\u00f2duls de formaci\u00f3 &#8220;a mida&#8221; de cada client. Perqu\u00e8 per tal que una formaci\u00f3 sigui eficient cal tenir en compte: Safety Lean Consulting ...","og_url":"https:\/\/www.safetylean.com\/ca\/serveis-que\/formacio","og_site_name":"Safety Lean Consulting","article_modified_time":"2023-11-22T16:49:37+00:00","og_image":[{"url":"https:\/\/www.safetylean.com\/wp-content\/uploads\/2023\/10\/formacion-safetylean.jpg"}],"twitter_card":"summary_large_image","twitter_misc":{"Temps estimat de lectura":"1 minut"},"schema":{"@context":"https:\/\/schema.org","@graph":[{"@type":"WebPage","@id":"https:\/\/www.safetylean.com\/ca\/serveis-que\/formacio","url":"https:\/\/www.safetylean.com\/ca\/serveis-que\/formacio","name":"Formaci\u00f3 - Safety Lean Consulting","isPartOf":{"@id":"https:\/\/www.safetylean.com\/ca#website"},"datePublished":"2023-10-06T05:41:19+00:00","dateModified":"2023-11-22T16:49:37+00:00","breadcrumb":{"@id":"https:\/\/www.safetylean.com\/ca\/serveis-que\/formacio#breadcrumb"},"inLanguage":"ca","potentialAction":[{"@type":"ReadAction","target":["https:\/\/www.safetylean.com\/ca\/serveis-que\/formacio"]}]},{"@type":"BreadcrumbList","@id":"https:\/\/www.safetylean.com\/ca\/serveis-que\/formacio#breadcrumb","itemListElement":[{"@type":"ListItem","position":1,"name":"Portada","item":"https:\/\/www.safetylean.com\/ca"},{"@type":"ListItem","position":2,"name":"Qu\u00e8?","item":"https:\/\/www.safetylean.com\/ca\/serveis-que"},{"@type":"ListItem","position":3,"name":"Formaci\u00f3"}]},{"@type":"WebSite","@id":"https:\/\/www.safetylean.com\/ca#website","url":"https:\/\/www.safetylean.com\/ca","name":"Safety Lean Consulting","description":"Lean Manufacturing &amp; Risk Prevention","publisher":{"@id":"https:\/\/www.safetylean.com\/ca#organization"},"potentialAction":[{"@type":"SearchAction","target":{"@type":"EntryPoint","urlTemplate":"https:\/\/www.safetylean.com\/ca?s={search_term_string}"},"query-input":"required name=search_term_string"}],"inLanguage":"ca"},{"@type":"Organization","@id":"https:\/\/www.safetylean.com\/ca#organization","name":"Safety Lean Consulting","url":"https:\/\/www.safetylean.com\/ca","logo":{"@type":"ImageObject","inLanguage":"ca","@id":"https:\/\/www.safetylean.com\/ca#\/schema\/logo\/image\/","url":"https:\/\/www.safetylean.com\/wp-content\/uploads\/2023\/10\/logo-safety-lean.jpg","contentUrl":"https:\/\/www.safetylean.com\/wp-content\/uploads\/2023\/10\/logo-safety-lean.jpg","width":360,"height":120,"caption":"Safety Lean Consulting"},"image":{"@id":"https:\/\/www.safetylean.com\/ca#\/schema\/logo\/image\/"},"sameAs":["https:\/\/www.linkedin.com\/company\/safety-lean-consulting\/about\/"]}]}},"_links":{"self":[{"href":"https:\/\/www.safetylean.com\/ca\/wp-json\/wp\/v2\/pages\/1899","targetHints":{"allow":["GET"]}}],"collection":[{"href":"https:\/\/www.safetylean.com\/ca\/wp-json\/wp\/v2\/pages"}],"about":[{"href":"https:\/\/www.safetylean.com\/ca\/wp-json\/wp\/v2\/types\/page"}],"author":[{"embeddable":true,"href":"https:\/\/www.safetylean.com\/ca\/wp-json\/wp\/v2\/users\/1"}],"replies":[{"embeddable":true,"href":"https:\/\/www.safetylean.com\/ca\/wp-json\/wp\/v2\/comments?post=1899"}],"version-history":[{"count":1,"href":"https:\/\/www.safetylean.com\/ca\/wp-json\/wp\/v2\/pages\/1899\/revisions"}],"predecessor-version":[{"id":1910,"href":"https:\/\/www.safetylean.com\/ca\/wp-json\/wp\/v2\/pages\/1899\/revisions\/1910"}],"up":[{"embeddable":true,"href":"https:\/\/www.safetylean.com\/ca\/wp-json\/wp\/v2\/pages\/1891"}],"wp:attachment":[{"href":"https:\/\/www.safetylean.com\/ca\/wp-json\/wp\/v2\/media?parent=1899"}],"curies":[{"name":"wp","href":"https:\/\/api.w.org\/{rel}","templated":true}]}}