{"id":1891,"date":"2023-10-05T11:13:55","date_gmt":"2023-10-05T09:13:55","guid":{"rendered":"https:\/\/www.safetylean.com\/servicios-que"},"modified":"2023-11-22T17:47:05","modified_gmt":"2023-11-22T16:47:05","slug":"serveis-que","status":"publish","type":"page","link":"https:\/\/www.safetylean.com\/ca\/serveis-que","title":{"rendered":"Qu\u00e8?"},"content":{"rendered":"\n<div class=\"wp-block-columns is-layout-flex wp-container-core-columns-is-layout-28f84493 wp-block-columns-is-layout-flex\">\n<div class=\"wp-block-column is-layout-flow wp-block-column-is-layout-flow\">\n<h3 class=\"wp-block-heading\"><strong><strong>Formaci\u00f3, diagn\u00f2stic, auditoria i consultoria.<\/strong><\/strong><\/h3>\n<\/div>\n<\/div>\n\n\n\n<ul class=\"wp-block-list\">\n<li><a href=\"https:\/\/www.safetylean.com\/ca\/serveis-que\/formacio\"><strong>formacions<\/strong><\/a><strong>:<\/strong> per donar els recursos necessaris als vostres equips<\/li>\n\n\n\n<li><strong><a href=\"https:\/\/www.safetylean.com\/ca\/serveis-que\/diagnostic\">diagn\u00f2stic<\/a>, <a href=\"https:\/\/www.safetylean.com\/servicios-que\/diagnostico\">auditories<\/a><\/strong>: per definir on som i on volem anar<\/li>\n\n\n\n<li><a href=\"https:\/\/www.safetylean.com\/ca\/serveis-que\/consultoria\"><strong>consultoria<\/strong><\/a>: per acompanyar-vos a posar en pr\u00e0ctica les eines<\/li>\n<\/ul>\n\n\n\n<div style=\"height:20px\" aria-hidden=\"true\" class=\"wp-block-spacer\"><\/div>\n\n\n\n<div class=\"wp-block-columns is-layout-flex wp-container-core-columns-is-layout-28f84493 wp-block-columns-is-layout-flex\">\n<div class=\"wp-block-column has-cnt-bg-color has-cnt-background-color has-text-color has-background is-layout-flow wp-block-column-is-layout-flow\">\n<figure class=\"wp-block-image aligncenter size-full\"><a href=\"https:\/\/www.safetylean.com\/ca\/serveis-que\/formacio\"><img decoding=\"async\" src=\"data:image\/svg+xml,%3Csvg%20width%3D%22900%22%20height%3D%22600%22%20xmlns%3D%22http:\/\/www.w3.org\/2000\/svg%22%20viewBox%3D%220%200%20900%20600%22%3E%3C\/svg%3E\" alt class=\"wp-image-1125 fy-content__image fy-lazy js-lazy\" style=\"object-fit:contain\" width=\"900\" height=\"600\" data-src=\"https:\/\/www.safetylean.com\/wp-content\/uploads\/2023\/10\/formacion-safetylean.jpg\"><div class=\"fy-image-loading fy-image-loading--skeleton\" aria-hidden=\"true\"><\/div><\/a><\/figure>\n\n\n\n<h3 class=\"wp-block-heading has-text-align-center\"><a href=\"https:\/\/www.safetylean.com\/ca\/serveis-que\/formacio\">Formaci\u00f3<\/a><\/h3>\n<\/div>\n\n\n\n<div class=\"wp-block-column has-cnt-bg-color has-cnt-background-color has-text-color has-background is-layout-flow wp-block-column-is-layout-flow\">\n<figure class=\"wp-block-image aligncenter size-full\"><a href=\"https:\/\/www.safetylean.com\/ca\/serveis-que\/diagnostic\"><img decoding=\"async\" src=\"data:image\/svg+xml,%3Csvg%20width%3D%22900%22%20height%3D%22600%22%20xmlns%3D%22http:\/\/www.w3.org\/2000\/svg%22%20viewBox%3D%220%200%20900%20600%22%3E%3C\/svg%3E\" alt class=\"wp-image-1122 fy-content__image fy-lazy js-lazy\" style=\"object-fit:contain\" width=\"900\" height=\"600\" data-src=\"https:\/\/www.safetylean.com\/wp-content\/uploads\/2023\/10\/diagnostico-safetylean.jpg\"><div class=\"fy-image-loading fy-image-loading--skeleton\" aria-hidden=\"true\"><\/div><\/a><\/figure>\n\n\n\n<h3 class=\"wp-block-heading has-text-align-center\"><a href=\"https:\/\/www.safetylean.com\/ca\/serveis-que\/diagnostic\">Diagn\u00f2stic<\/a><\/h3>\n<\/div>\n\n\n\n<div class=\"wp-block-column has-cnt-bg-color has-cnt-background-color has-text-color has-background is-layout-flow wp-block-column-is-layout-flow\">\n<figure class=\"wp-block-image aligncenter size-full\"><a href=\"https:\/\/www.safetylean.com\/ca\/serveis-que\/consultoria\"><img decoding=\"async\" src=\"data:image\/svg+xml,%3Csvg%20width%3D%22900%22%20height%3D%22600%22%20xmlns%3D%22http:\/\/www.w3.org\/2000\/svg%22%20viewBox%3D%220%200%20900%20600%22%3E%3C\/svg%3E\" alt class=\"wp-image-1127 fy-content__image fy-lazy js-lazy\" style=\"object-fit:contain\" width=\"900\" height=\"600\" data-src=\"https:\/\/www.safetylean.com\/wp-content\/uploads\/2023\/10\/consultoria-safetylean.jpg\"><div class=\"fy-image-loading fy-image-loading--skeleton\" aria-hidden=\"true\"><\/div><\/a><\/figure>\n\n\n\n<h3 class=\"wp-block-heading has-text-align-center\"><a href=\"https:\/\/www.safetylean.com\/ca\/serveis-que\/consultoria\">Consultoria<\/a><\/h3>\n<\/div>\n<\/div>\n","protected":false},"excerpt":{"rendered":"<p>Formaci\u00f3, diagn\u00f2stic, auditoria i consultoria. Formaci\u00f3 Diagn\u00f2stic Consultoria<\/p>\n","protected":false},"author":1,"featured_media":0,"parent":0,"menu_order":0,"comment_status":"closed","ping_status":"closed","template":"","meta":{"footnotes":""},"class_list":["post-1891","page","type-page","status-publish","hentry"],"yoast_head":"<!-- This site is optimized with the Yoast SEO plugin v21.5 - https:\/\/yoast.com\/wordpress\/plugins\/seo\/ -->\n<title>Qu\u00e8? - Safety Lean Consulting<\/title>\n<meta name=\"robots\" content=\"index, follow, max-snippet:-1, max-image-preview:large, max-video-preview:-1\" \/>\n<link rel=\"canonical\" href=\"https:\/\/www.safetylean.com\/ca\/serveis-que\" \/>\n<meta property=\"og:locale\" content=\"ca_ES\" \/>\n<meta property=\"og:type\" content=\"article\" \/>\n<meta property=\"og:title\" content=\"Qu\u00e8? - Safety Lean Consulting\" \/>\n<meta property=\"og:description\" content=\"Formaci\u00f3, diagn\u00f2stic, auditoria i consultoria. Formaci\u00f3 Diagn\u00f2stic Consultoria\" \/>\n<meta property=\"og:url\" content=\"https:\/\/www.safetylean.com\/ca\/serveis-que\" \/>\n<meta property=\"og:site_name\" content=\"Safety Lean Consulting\" \/>\n<meta property=\"article:modified_time\" content=\"2023-11-22T16:47:05+00:00\" \/>\n<meta property=\"og:image\" content=\"https:\/\/www.safetylean.com\/wp-content\/uploads\/2023\/10\/formacion-safetylean.jpg\" \/>\n<meta name=\"twitter:card\" content=\"summary_large_image\" \/>\n<meta name=\"twitter:label1\" content=\"Temps estimat de lectura\" \/>\n\t<meta name=\"twitter:data1\" content=\"1 minut\" \/>\n<script type=\"application\/ld+json\" class=\"yoast-schema-graph\">{\"@context\":\"https:\/\/schema.org\",\"@graph\":[{\"@type\":\"WebPage\",\"@id\":\"https:\/\/www.safetylean.com\/ca\/serveis-que\",\"url\":\"https:\/\/www.safetylean.com\/ca\/serveis-que\",\"name\":\"Qu\u00e8? - Safety Lean Consulting\",\"isPartOf\":{\"@id\":\"https:\/\/www.safetylean.com\/ca#website\"},\"datePublished\":\"2023-10-05T09:13:55+00:00\",\"dateModified\":\"2023-11-22T16:47:05+00:00\",\"breadcrumb\":{\"@id\":\"https:\/\/www.safetylean.com\/ca\/serveis-que#breadcrumb\"},\"inLanguage\":\"ca\",\"potentialAction\":[{\"@type\":\"ReadAction\",\"target\":[\"https:\/\/www.safetylean.com\/ca\/serveis-que\"]}]},{\"@type\":\"BreadcrumbList\",\"@id\":\"https:\/\/www.safetylean.com\/ca\/serveis-que#breadcrumb\",\"itemListElement\":[{\"@type\":\"ListItem\",\"position\":1,\"name\":\"Portada\",\"item\":\"https:\/\/www.safetylean.com\/ca\"},{\"@type\":\"ListItem\",\"position\":2,\"name\":\"Qu\u00e8?\"}]},{\"@type\":\"WebSite\",\"@id\":\"https:\/\/www.safetylean.com\/ca#website\",\"url\":\"https:\/\/www.safetylean.com\/ca\",\"name\":\"Safety Lean Consulting\",\"description\":\"Lean Manufacturing &amp; Risk Prevention\",\"publisher\":{\"@id\":\"https:\/\/www.safetylean.com\/ca#organization\"},\"potentialAction\":[{\"@type\":\"SearchAction\",\"target\":{\"@type\":\"EntryPoint\",\"urlTemplate\":\"https:\/\/www.safetylean.com\/ca?s={search_term_string}\"},\"query-input\":\"required name=search_term_string\"}],\"inLanguage\":\"ca\"},{\"@type\":\"Organization\",\"@id\":\"https:\/\/www.safetylean.com\/ca#organization\",\"name\":\"Safety Lean Consulting\",\"url\":\"https:\/\/www.safetylean.com\/ca\",\"logo\":{\"@type\":\"ImageObject\",\"inLanguage\":\"ca\",\"@id\":\"https:\/\/www.safetylean.com\/ca#\/schema\/logo\/image\/\",\"url\":\"https:\/\/www.safetylean.com\/wp-content\/uploads\/2023\/10\/logo-safety-lean.jpg\",\"contentUrl\":\"https:\/\/www.safetylean.com\/wp-content\/uploads\/2023\/10\/logo-safety-lean.jpg\",\"width\":360,\"height\":120,\"caption\":\"Safety Lean Consulting\"},\"image\":{\"@id\":\"https:\/\/www.safetylean.com\/ca#\/schema\/logo\/image\/\"},\"sameAs\":[\"https:\/\/www.linkedin.com\/company\/safety-lean-consulting\/about\/\"]}]}<\/script>\n<!-- \/ Yoast SEO plugin. -->","yoast_head_json":{"title":"Qu\u00e8? - Safety Lean Consulting","robots":{"index":"index","follow":"follow","max-snippet":"max-snippet:-1","max-image-preview":"max-image-preview:large","max-video-preview":"max-video-preview:-1"},"canonical":"https:\/\/www.safetylean.com\/ca\/serveis-que","og_locale":"ca_ES","og_type":"article","og_title":"Qu\u00e8? - Safety Lean Consulting","og_description":"Formaci\u00f3, diagn\u00f2stic, auditoria i consultoria. Formaci\u00f3 Diagn\u00f2stic Consultoria","og_url":"https:\/\/www.safetylean.com\/ca\/serveis-que","og_site_name":"Safety Lean Consulting","article_modified_time":"2023-11-22T16:47:05+00:00","og_image":[{"url":"https:\/\/www.safetylean.com\/wp-content\/uploads\/2023\/10\/formacion-safetylean.jpg"}],"twitter_card":"summary_large_image","twitter_misc":{"Temps estimat de lectura":"1 minut"},"schema":{"@context":"https:\/\/schema.org","@graph":[{"@type":"WebPage","@id":"https:\/\/www.safetylean.com\/ca\/serveis-que","url":"https:\/\/www.safetylean.com\/ca\/serveis-que","name":"Qu\u00e8? - Safety Lean Consulting","isPartOf":{"@id":"https:\/\/www.safetylean.com\/ca#website"},"datePublished":"2023-10-05T09:13:55+00:00","dateModified":"2023-11-22T16:47:05+00:00","breadcrumb":{"@id":"https:\/\/www.safetylean.com\/ca\/serveis-que#breadcrumb"},"inLanguage":"ca","potentialAction":[{"@type":"ReadAction","target":["https:\/\/www.safetylean.com\/ca\/serveis-que"]}]},{"@type":"BreadcrumbList","@id":"https:\/\/www.safetylean.com\/ca\/serveis-que#breadcrumb","itemListElement":[{"@type":"ListItem","position":1,"name":"Portada","item":"https:\/\/www.safetylean.com\/ca"},{"@type":"ListItem","position":2,"name":"Qu\u00e8?"}]},{"@type":"WebSite","@id":"https:\/\/www.safetylean.com\/ca#website","url":"https:\/\/www.safetylean.com\/ca","name":"Safety Lean Consulting","description":"Lean Manufacturing &amp; Risk Prevention","publisher":{"@id":"https:\/\/www.safetylean.com\/ca#organization"},"potentialAction":[{"@type":"SearchAction","target":{"@type":"EntryPoint","urlTemplate":"https:\/\/www.safetylean.com\/ca?s={search_term_string}"},"query-input":"required name=search_term_string"}],"inLanguage":"ca"},{"@type":"Organization","@id":"https:\/\/www.safetylean.com\/ca#organization","name":"Safety Lean Consulting","url":"https:\/\/www.safetylean.com\/ca","logo":{"@type":"ImageObject","inLanguage":"ca","@id":"https:\/\/www.safetylean.com\/ca#\/schema\/logo\/image\/","url":"https:\/\/www.safetylean.com\/wp-content\/uploads\/2023\/10\/logo-safety-lean.jpg","contentUrl":"https:\/\/www.safetylean.com\/wp-content\/uploads\/2023\/10\/logo-safety-lean.jpg","width":360,"height":120,"caption":"Safety Lean Consulting"},"image":{"@id":"https:\/\/www.safetylean.com\/ca#\/schema\/logo\/image\/"},"sameAs":["https:\/\/www.linkedin.com\/company\/safety-lean-consulting\/about\/"]}]}},"_links":{"self":[{"href":"https:\/\/www.safetylean.com\/ca\/wp-json\/wp\/v2\/pages\/1891","targetHints":{"allow":["GET"]}}],"collection":[{"href":"https:\/\/www.safetylean.com\/ca\/wp-json\/wp\/v2\/pages"}],"about":[{"href":"https:\/\/www.safetylean.com\/ca\/wp-json\/wp\/v2\/types\/page"}],"author":[{"embeddable":true,"href":"https:\/\/www.safetylean.com\/ca\/wp-json\/wp\/v2\/users\/1"}],"replies":[{"embeddable":true,"href":"https:\/\/www.safetylean.com\/ca\/wp-json\/wp\/v2\/comments?post=1891"}],"version-history":[{"count":3,"href":"https:\/\/www.safetylean.com\/ca\/wp-json\/wp\/v2\/pages\/1891\/revisions"}],"predecessor-version":[{"id":1908,"href":"https:\/\/www.safetylean.com\/ca\/wp-json\/wp\/v2\/pages\/1891\/revisions\/1908"}],"wp:attachment":[{"href":"https:\/\/www.safetylean.com\/ca\/wp-json\/wp\/v2\/media?parent=1891"}],"curies":[{"name":"wp","href":"https:\/\/api.w.org\/{rel}","templated":true}]}}