{"id":1885,"date":"2023-10-06T07:39:09","date_gmt":"2023-10-06T05:39:09","guid":{"rendered":"https:\/\/www.safetylean.com\/eines-com\/gestion-del-cambio"},"modified":"2023-11-22T17:41:13","modified_gmt":"2023-11-22T16:41:13","slug":"gestio-del-canvi","status":"publish","type":"page","link":"https:\/\/www.safetylean.com\/ca\/eines-com\/gestio-del-canvi","title":{"rendered":"Gesti\u00f3 del canvi"},"content":{"rendered":"\n<div class=\"wp-block-columns is-layout-flex wp-container-core-columns-is-layout-28f84493 wp-block-columns-is-layout-flex\">\n<div class=\"wp-block-column is-layout-flow wp-block-column-is-layout-flow\" style=\"flex-basis:100%\">\n<div class=\"wp-block-group is-layout-constrained wp-block-group-is-layout-constrained\">\n<div class=\"wp-block-columns is-layout-flex wp-container-core-columns-is-layout-28f84493 wp-block-columns-is-layout-flex\">\n<div class=\"wp-block-column is-layout-flow wp-block-column-is-layout-flow\" style=\"flex-basis:100%\">\n<p>Ja ho va dir Her\u00e0clit fa m\u00e9s de 2.500 anys: \u201cla realitat \u00e9s contradict\u00f2ria, variable, canviant\u201d. I avui dia aquests canvis s\u00f3n cada cop m\u00e9s r\u00e0pids i freq\u00fcents.<\/p>\n\n\n\n<p>Per\u00f2 no podem oblidar que cada cop que implantem una nova organitzaci\u00f3, una nova m\u00e0quina o un nou proc\u00e9s, estem canviant el statu quo i forma part de la naturalesa humana resistir-se al canvi: tot canvi ens obliga a sortir de la zona de confort per anar cap a all\u00f2 desconegut, ens genera incertesa, por, estr\u00e8s. A m\u00e9s, cada persona \u00e9s diferent i reaccionar\u00e0 de forma diversa davant d&#8217;una mateixa situaci\u00f3.<\/p>\n\n\n\n<div class=\"wp-block-columns is-layout-flex wp-container-core-columns-is-layout-28f84493 wp-block-columns-is-layout-flex\">\n<div class=\"wp-block-column is-vertically-aligned-center is-layout-flow wp-block-column-is-layout-flow\">\n<p><br><strong>Acompanyar el proc\u00e9s de canvi \u00e9s el secret de l\u2019\u00e8xit:<\/strong><\/p>\n\n\n\n<ul class=\"wp-block-list\">\n<li>entendre el perqu\u00e8 de certs comportaments,<\/li>\n\n\n\n<li>saber com actuar a cada moment per v\u00e8ncer la resist\u00e8ncia al canvi,<\/li>\n\n\n\n<li>comunicar de manera efectiva<\/li>\n\n\n\n<li>i donar el temps necessari per a l&#8217;adaptaci\u00f3 \u00f2ptima a la nova situaci\u00f3.<\/li>\n<\/ul>\n\n\n\n<p>La bona not\u00edcia \u00e9s que hi ha eines per poder esdevenir un gestor del canvi. Eines que s\u00f3n \u00fatils no nom\u00e9s a l&#8217;entorn laboral sin\u00f3 tamb\u00e9 al personal.<\/p>\n\n\n\n<p>I aquestes eines poden ser un pas m\u00e9s en el cam\u00ed de la millora cont\u00ednua o un recorregut per si mateix.<\/p>\n\n\n\n<p>Nosaltres us podem ajudar formant el vostre personal, de forma te\u00f2rica i pr\u00e0ctica, recreant situacions amb jocs de rol per analitzar-ne el comportament i veure com millorar-lo.<\/p>\n<\/div>\n\n\n\n<div class=\"wp-block-column is-vertically-aligned-center is-layout-flow wp-block-column-is-layout-flow\">\n<figure class=\"wp-block-image size-full\"><img decoding=\"async\" src=\"data:image\/svg+xml,%3Csvg%20width%3D%22900%22%20height%3D%22600%22%20xmlns%3D%22http:\/\/www.w3.org\/2000\/svg%22%20viewBox%3D%220%200%20900%20600%22%3E%3C\/svg%3E\" alt class=\"wp-image-1134 fy-content__image fy-lazy js-lazy\" width=\"900\" height=\"600\" data-src=\"https:\/\/www.safetylean.com\/wp-content\/uploads\/2023\/10\/gestion-cambio.jpg\"><div class=\"fy-image-loading fy-image-loading--skeleton\" aria-hidden=\"true\"><\/div><\/figure>\n<\/div>\n<\/div>\n\n\n\n<div class=\"wp-block-columns is-layout-flex wp-container-core-columns-is-layout-28f84493 wp-block-columns-is-layout-flex\">\n<div class=\"wp-block-column is-layout-flow wp-block-column-is-layout-flow\">\n<div style=\"height:10px\" aria-hidden=\"true\" class=\"wp-block-spacer\"><\/div>\n\n\n\n<figure class=\"wp-block-table is-style-stripes\"><table style=\"border-width:2px\"><tbody><tr><td><strong><em>Objectiu<\/em><\/strong><\/td><td><strong><em>Eines<\/em><\/strong><\/td><\/tr><tr><td>Entendre el comportament hum\u00e0<\/td><td>ABC \/Funcionament del cervell hum\u00e0 \/ Corba d&#8217;adaptaci\u00f3 al canvi \/ Model de difusi\u00f3 d&#8217;innovacions \/ Model PAN \/ Factors humans<\/td><\/tr><tr><td>Saber com actuar<\/td><td>KCW \/ Pedagogia &#8211; Exig\u00e8ncia &#8211; Autoritat<\/td><\/tr><tr><td>Comunicar de forma efectiva<\/td><td>Qu\u00e8 &#8211; Com &#8211; Perqu\u00e8? \/ Comunicaci\u00f3 no violenta \/ Les 5 etapes de la comunicaci\u00f3<\/td><\/tr><\/tbody><\/table><\/figure>\n<\/div>\n<\/div>\n<\/div>\n<\/div>\n<\/div>\n<\/div>\n<\/div>\n","protected":false},"excerpt":{"rendered":"<p>Ja ho va dir Her\u00e0clit fa m\u00e9s de 2.500 anys: \u201cla realitat \u00e9s contradict\u00f2ria, variable, canviant\u201d. I avui dia aquests canvis s\u00f3n cada cop &#8230;<\/p>\n","protected":false},"author":1,"featured_media":0,"parent":1862,"menu_order":0,"comment_status":"closed","ping_status":"closed","template":"","meta":{"footnotes":""},"class_list":["post-1885","page","type-page","status-publish","hentry"],"yoast_head":"<!-- This site is optimized with the Yoast SEO plugin v21.5 - https:\/\/yoast.com\/wordpress\/plugins\/seo\/ -->\n<title>Gesti\u00f3 del canvi - Safety Lean Consulting<\/title>\n<meta name=\"robots\" content=\"index, follow, max-snippet:-1, max-image-preview:large, max-video-preview:-1\" \/>\n<link rel=\"canonical\" href=\"https:\/\/www.safetylean.com\/ca\/eines-com\/gestio-del-canvi\" \/>\n<meta property=\"og:locale\" content=\"ca_ES\" \/>\n<meta property=\"og:type\" content=\"article\" \/>\n<meta property=\"og:title\" content=\"Gesti\u00f3 del canvi - Safety Lean Consulting\" \/>\n<meta property=\"og:description\" content=\"Ja ho va dir Her\u00e0clit fa m\u00e9s de 2.500 anys: \u201cla realitat \u00e9s contradict\u00f2ria, variable, canviant\u201d. I avui dia aquests canvis s\u00f3n cada cop ...\" \/>\n<meta property=\"og:url\" content=\"https:\/\/www.safetylean.com\/ca\/eines-com\/gestio-del-canvi\" \/>\n<meta property=\"og:site_name\" content=\"Safety Lean Consulting\" \/>\n<meta property=\"article:modified_time\" content=\"2023-11-22T16:41:13+00:00\" \/>\n<meta property=\"og:image\" content=\"https:\/\/www.safetylean.com\/wp-content\/uploads\/2023\/10\/gestion-cambio.jpg\" \/>\n<meta name=\"twitter:card\" content=\"summary_large_image\" \/>\n<meta name=\"twitter:label1\" content=\"Temps estimat de lectura\" \/>\n\t<meta name=\"twitter:data1\" content=\"2 minuts\" \/>\n<script type=\"application\/ld+json\" class=\"yoast-schema-graph\">{\"@context\":\"https:\/\/schema.org\",\"@graph\":[{\"@type\":\"WebPage\",\"@id\":\"https:\/\/www.safetylean.com\/ca\/eines-com\/gestio-del-canvi\",\"url\":\"https:\/\/www.safetylean.com\/ca\/eines-com\/gestio-del-canvi\",\"name\":\"Gesti\u00f3 del canvi - Safety Lean Consulting\",\"isPartOf\":{\"@id\":\"https:\/\/www.safetylean.com\/ca#website\"},\"datePublished\":\"2023-10-06T05:39:09+00:00\",\"dateModified\":\"2023-11-22T16:41:13+00:00\",\"breadcrumb\":{\"@id\":\"https:\/\/www.safetylean.com\/ca\/eines-com\/gestio-del-canvi#breadcrumb\"},\"inLanguage\":\"ca\",\"potentialAction\":[{\"@type\":\"ReadAction\",\"target\":[\"https:\/\/www.safetylean.com\/ca\/eines-com\/gestio-del-canvi\"]}]},{\"@type\":\"BreadcrumbList\",\"@id\":\"https:\/\/www.safetylean.com\/ca\/eines-com\/gestio-del-canvi#breadcrumb\",\"itemListElement\":[{\"@type\":\"ListItem\",\"position\":1,\"name\":\"Portada\",\"item\":\"https:\/\/www.safetylean.com\/ca\"},{\"@type\":\"ListItem\",\"position\":2,\"name\":\"Com?\",\"item\":\"https:\/\/www.safetylean.com\/ca\/eines-com\"},{\"@type\":\"ListItem\",\"position\":3,\"name\":\"Gesti\u00f3 del canvi\"}]},{\"@type\":\"WebSite\",\"@id\":\"https:\/\/www.safetylean.com\/ca#website\",\"url\":\"https:\/\/www.safetylean.com\/ca\",\"name\":\"Safety Lean Consulting\",\"description\":\"Lean Manufacturing &amp; Risk Prevention\",\"publisher\":{\"@id\":\"https:\/\/www.safetylean.com\/ca#organization\"},\"potentialAction\":[{\"@type\":\"SearchAction\",\"target\":{\"@type\":\"EntryPoint\",\"urlTemplate\":\"https:\/\/www.safetylean.com\/ca?s={search_term_string}\"},\"query-input\":\"required name=search_term_string\"}],\"inLanguage\":\"ca\"},{\"@type\":\"Organization\",\"@id\":\"https:\/\/www.safetylean.com\/ca#organization\",\"name\":\"Safety Lean Consulting\",\"url\":\"https:\/\/www.safetylean.com\/ca\",\"logo\":{\"@type\":\"ImageObject\",\"inLanguage\":\"ca\",\"@id\":\"https:\/\/www.safetylean.com\/ca#\/schema\/logo\/image\/\",\"url\":\"https:\/\/www.safetylean.com\/wp-content\/uploads\/2023\/10\/logo-safety-lean.jpg\",\"contentUrl\":\"https:\/\/www.safetylean.com\/wp-content\/uploads\/2023\/10\/logo-safety-lean.jpg\",\"width\":360,\"height\":120,\"caption\":\"Safety Lean Consulting\"},\"image\":{\"@id\":\"https:\/\/www.safetylean.com\/ca#\/schema\/logo\/image\/\"},\"sameAs\":[\"https:\/\/www.linkedin.com\/company\/safety-lean-consulting\/about\/\"]}]}<\/script>\n<!-- \/ Yoast SEO plugin. -->","yoast_head_json":{"title":"Gesti\u00f3 del canvi - Safety Lean Consulting","robots":{"index":"index","follow":"follow","max-snippet":"max-snippet:-1","max-image-preview":"max-image-preview:large","max-video-preview":"max-video-preview:-1"},"canonical":"https:\/\/www.safetylean.com\/ca\/eines-com\/gestio-del-canvi","og_locale":"ca_ES","og_type":"article","og_title":"Gesti\u00f3 del canvi - Safety Lean Consulting","og_description":"Ja ho va dir Her\u00e0clit fa m\u00e9s de 2.500 anys: \u201cla realitat \u00e9s contradict\u00f2ria, variable, canviant\u201d. I avui dia aquests canvis s\u00f3n cada cop ...","og_url":"https:\/\/www.safetylean.com\/ca\/eines-com\/gestio-del-canvi","og_site_name":"Safety Lean Consulting","article_modified_time":"2023-11-22T16:41:13+00:00","og_image":[{"url":"https:\/\/www.safetylean.com\/wp-content\/uploads\/2023\/10\/gestion-cambio.jpg"}],"twitter_card":"summary_large_image","twitter_misc":{"Temps estimat de lectura":"2 minuts"},"schema":{"@context":"https:\/\/schema.org","@graph":[{"@type":"WebPage","@id":"https:\/\/www.safetylean.com\/ca\/eines-com\/gestio-del-canvi","url":"https:\/\/www.safetylean.com\/ca\/eines-com\/gestio-del-canvi","name":"Gesti\u00f3 del canvi - Safety Lean Consulting","isPartOf":{"@id":"https:\/\/www.safetylean.com\/ca#website"},"datePublished":"2023-10-06T05:39:09+00:00","dateModified":"2023-11-22T16:41:13+00:00","breadcrumb":{"@id":"https:\/\/www.safetylean.com\/ca\/eines-com\/gestio-del-canvi#breadcrumb"},"inLanguage":"ca","potentialAction":[{"@type":"ReadAction","target":["https:\/\/www.safetylean.com\/ca\/eines-com\/gestio-del-canvi"]}]},{"@type":"BreadcrumbList","@id":"https:\/\/www.safetylean.com\/ca\/eines-com\/gestio-del-canvi#breadcrumb","itemListElement":[{"@type":"ListItem","position":1,"name":"Portada","item":"https:\/\/www.safetylean.com\/ca"},{"@type":"ListItem","position":2,"name":"Com?","item":"https:\/\/www.safetylean.com\/ca\/eines-com"},{"@type":"ListItem","position":3,"name":"Gesti\u00f3 del canvi"}]},{"@type":"WebSite","@id":"https:\/\/www.safetylean.com\/ca#website","url":"https:\/\/www.safetylean.com\/ca","name":"Safety Lean Consulting","description":"Lean Manufacturing &amp; Risk Prevention","publisher":{"@id":"https:\/\/www.safetylean.com\/ca#organization"},"potentialAction":[{"@type":"SearchAction","target":{"@type":"EntryPoint","urlTemplate":"https:\/\/www.safetylean.com\/ca?s={search_term_string}"},"query-input":"required name=search_term_string"}],"inLanguage":"ca"},{"@type":"Organization","@id":"https:\/\/www.safetylean.com\/ca#organization","name":"Safety Lean Consulting","url":"https:\/\/www.safetylean.com\/ca","logo":{"@type":"ImageObject","inLanguage":"ca","@id":"https:\/\/www.safetylean.com\/ca#\/schema\/logo\/image\/","url":"https:\/\/www.safetylean.com\/wp-content\/uploads\/2023\/10\/logo-safety-lean.jpg","contentUrl":"https:\/\/www.safetylean.com\/wp-content\/uploads\/2023\/10\/logo-safety-lean.jpg","width":360,"height":120,"caption":"Safety Lean Consulting"},"image":{"@id":"https:\/\/www.safetylean.com\/ca#\/schema\/logo\/image\/"},"sameAs":["https:\/\/www.linkedin.com\/company\/safety-lean-consulting\/about\/"]}]}},"_links":{"self":[{"href":"https:\/\/www.safetylean.com\/ca\/wp-json\/wp\/v2\/pages\/1885","targetHints":{"allow":["GET"]}}],"collection":[{"href":"https:\/\/www.safetylean.com\/ca\/wp-json\/wp\/v2\/pages"}],"about":[{"href":"https:\/\/www.safetylean.com\/ca\/wp-json\/wp\/v2\/types\/page"}],"author":[{"embeddable":true,"href":"https:\/\/www.safetylean.com\/ca\/wp-json\/wp\/v2\/users\/1"}],"replies":[{"embeddable":true,"href":"https:\/\/www.safetylean.com\/ca\/wp-json\/wp\/v2\/comments?post=1885"}],"version-history":[{"count":1,"href":"https:\/\/www.safetylean.com\/ca\/wp-json\/wp\/v2\/pages\/1885\/revisions"}],"predecessor-version":[{"id":1889,"href":"https:\/\/www.safetylean.com\/ca\/wp-json\/wp\/v2\/pages\/1885\/revisions\/1889"}],"up":[{"embeddable":true,"href":"https:\/\/www.safetylean.com\/ca\/wp-json\/wp\/v2\/pages\/1862"}],"wp:attachment":[{"href":"https:\/\/www.safetylean.com\/ca\/wp-json\/wp\/v2\/media?parent=1885"}],"curies":[{"name":"wp","href":"https:\/\/api.w.org\/{rel}","templated":true}]}}