{"id":1875,"date":"2023-10-06T07:38:39","date_gmt":"2023-10-06T05:38:39","guid":{"rendered":"https:\/\/www.safetylean.com\/eines-com\/lean"},"modified":"2023-11-22T17:07:32","modified_gmt":"2023-11-22T16:07:32","slug":"lean","status":"publish","type":"page","link":"https:\/\/www.safetylean.com\/ca\/eines-com\/lean","title":{"rendered":"Lean"},"content":{"rendered":"\n<p>Lean thinking \u00e9s una filosofia que cerca la millora cont\u00ednua, eliminant el MUDA (operacions sense valor afegit) dels processos. Per aix\u00f2 hi ha m\u00e8todes i eines.<br>Es pot aplicar a tot tipus d&#8217;empreses (no nom\u00e9s f\u00e0briques). Per\u00f2 hi ha una l\u00f2gica i un ordre en la implementaci\u00f3.<\/p>\n\n\n\n<div class=\"wp-block-columns is-layout-flex wp-container-core-columns-is-layout-6880d07a wp-block-columns-is-layout-flex\" style=\"padding-top:0;padding-bottom:0\">\n<div class=\"wp-block-column is-layout-flow wp-block-column-is-layout-flow\">\n<ul class=\"wp-block-list\">\n<li><strong>Definir<\/strong> la missi\u00f3, la visi\u00f3, l\u2019estrat\u00e8gia\n<ul class=\"wp-block-list\">\n<li>Definir qu\u00e8 \u00e9s &#8220;<strong>valor<\/strong>&#8221; pels nostres clients<\/li>\n<\/ul>\n<\/li>\n\n\n\n<li>Crear un <strong>equip<\/strong> de millora cont\u00ednua\n<ul class=\"wp-block-list\">\n<li><strong>Formar<\/strong> les persones necess\u00e0ries<\/li>\n\n\n\n<li><strong>Comunicar<\/strong> a tota l&#8217;organitzaci\u00f3<\/li>\n<\/ul>\n<\/li>\n\n\n\n<li>Definir el flux de valor (VSM \/ Logigrama)<\/li>\n\n\n\n<li>Seleccionar una zona <strong>pilot<\/strong> on comen\u00e7ar a implementar les eines<\/li>\n\n\n\n<li>Comen\u00e7ar per les eines <strong>b\u00e0siques<\/strong>\n<ul class=\"wp-block-list\">\n<li>5S i Gesti\u00f3 visual<\/li>\n\n\n\n<li><span style=\"background-color: var(--fy--content-color-background); color: var(--fy--content-color); font-family: var(--fy--font-secondary); font-size: var(--fy--font-size-base); font-weight: var(--fy--font-weight); letter-spacing: var(--fy--letter-spacing); text-transform: var(--fy--text-transform);\">Est\u00e0ndards<\/span><\/li>\n\n\n\n<li>KPIs i Animaci\u00f3 de l\u00ednia (equips aut\u00f2noms)<\/li>\n\n\n\n<li>Resoluci\u00f3 de problemes<\/li>\n<\/ul>\n<\/li>\n\n\n\n<li>Seguir amb les eines que s&#8217;adaptin millor als punts on es vulgui millorar: qualitat, productivitat, log\u00edstica, motivaci\u00f3 dels equips\u2026<\/li>\n<\/ul>\n<\/div>\n\n\n\n<div class=\"wp-block-column is-vertically-aligned-top is-layout-flow wp-block-column-is-layout-flow\">\n<figure class=\"wp-block-image size-full\"><img decoding=\"async\" src=\"data:image\/svg+xml,%3Csvg%20width%3D%22800%22%20height%3D%22596%22%20xmlns%3D%22http:\/\/www.w3.org\/2000\/svg%22%20viewBox%3D%220%200%20800%20596%22%3E%3C\/svg%3E\" alt class=\"wp-image-1248 fy-content__image fy-lazy js-lazy\" width=\"800\" height=\"596\" data-src=\"https:\/\/www.safetylean.com\/wp-content\/uploads\/2023\/11\/herramientas-lean.jpg\"><div class=\"fy-image-loading fy-image-loading--skeleton\" aria-hidden=\"true\"><\/div><\/figure>\n<\/div>\n<\/div>\n\n\n\n<p>Un error com\u00fa \u00e9s iniciar el cam\u00ed de la millora cont\u00ednua aplicant una eina a\u00efllada (molt freq\u00fcentment 5S). \u00c9s probable que us ajudi a millorar, per\u00f2 aquesta millora dif\u00edcilment es mantindr\u00e0 en el temps si la filosofia de millora cont\u00ednua no \u00e9s coneguda i compartida per tothom i s&#8217;implementa de forma coherent.<\/p>\n\n\n\n<figure class=\"wp-block-table is-style-stripes\"><table style=\"border-width:2px\"><tbody><tr><td><strong><em>Si parlem de:<\/em><\/strong><\/td><td><strong><em>les eines i m\u00e8todes que podem aplicar s\u00f3n:<\/em><\/strong><\/td><\/tr><tr><td>General<\/td><td>Lean thinking: conceptes i filosofia<\/td><\/tr><tr><td>Flux i an\u00e0lisi de l\u00ednia<\/td><td>VSM \/ Process mapping \/ Equilibrat de l\u00ednies \/ Disseny de layout<\/td><\/tr><tr><td>Mesura \/ Estrat\u00e8gia<\/td><td>KPIs (SQCDM) \/ Quadres de comandament \/ Hoshin-Kanri \/ Roadmaps \/ Auditories de lloc de treball<\/td><\/tr><tr><td>Els b\u00e0sics<\/td><td>5S \/ Gesti\u00f3 visual \/ Est\u00e0ndards \/ AIC \/ Cascada de reunions \/ Equips aut\u00f2noms<\/td><\/tr><tr><td>Qualitat<\/td><td>Sistemes PokaYoke \/ Andon<\/td><\/tr><tr><td>Productivitat<\/td><td>SMED \/ TPM<\/td><\/tr><tr><td>Log\u00edstica<\/td><td>Pull flow \/ Kanban<\/td><\/tr><tr><td>Millora cont\u00ednua<\/td><td>Metodologies de resoluci\u00f3 de problemes: QRQC, PDCA, 8D\u2026 \/ Kaizen \/ Gemba walk<\/td><\/tr><tr><td>Motivaci\u00f3<\/td><td>Skill matrix \/ Suggeriments de millora \/ Gesti\u00f3 del canvi<\/td><\/tr><\/tbody><\/table><\/figure>\n","protected":false},"excerpt":{"rendered":"<p>Lean thinking \u00e9s una filosofia que cerca la millora cont\u00ednua, eliminant el MUDA (operacions sense valor afegit) dels processos. Per aix\u00f2 hi ha m\u00e8todes &#8230;<\/p>\n","protected":false},"author":1,"featured_media":0,"parent":1862,"menu_order":0,"comment_status":"closed","ping_status":"closed","template":"","meta":{"footnotes":""},"class_list":["post-1875","page","type-page","status-publish","hentry"],"yoast_head":"<!-- This site is optimized with the Yoast SEO plugin v21.5 - https:\/\/yoast.com\/wordpress\/plugins\/seo\/ -->\n<title>Lean - Safety Lean Consulting<\/title>\n<meta name=\"robots\" content=\"index, follow, max-snippet:-1, max-image-preview:large, max-video-preview:-1\" \/>\n<link rel=\"canonical\" href=\"https:\/\/www.safetylean.com\/ca\/eines-com\/lean\" \/>\n<meta property=\"og:locale\" content=\"ca_ES\" \/>\n<meta property=\"og:type\" content=\"article\" \/>\n<meta property=\"og:title\" content=\"Lean - Safety Lean Consulting\" \/>\n<meta property=\"og:description\" content=\"Lean thinking \u00e9s una filosofia que cerca la millora cont\u00ednua, eliminant el MUDA (operacions sense valor afegit) dels processos. Per aix\u00f2 hi ha m\u00e8todes ...\" \/>\n<meta property=\"og:url\" content=\"https:\/\/www.safetylean.com\/ca\/eines-com\/lean\" \/>\n<meta property=\"og:site_name\" content=\"Safety Lean Consulting\" \/>\n<meta property=\"article:modified_time\" content=\"2023-11-22T16:07:32+00:00\" \/>\n<meta property=\"og:image\" content=\"https:\/\/www.safetylean.com\/wp-content\/uploads\/2023\/11\/herramientas-lean.jpg\" \/>\n<meta name=\"twitter:card\" content=\"summary_large_image\" \/>\n<meta name=\"twitter:label1\" content=\"Temps estimat de lectura\" \/>\n\t<meta name=\"twitter:data1\" content=\"2 minuts\" \/>\n<script type=\"application\/ld+json\" class=\"yoast-schema-graph\">{\"@context\":\"https:\/\/schema.org\",\"@graph\":[{\"@type\":\"WebPage\",\"@id\":\"https:\/\/www.safetylean.com\/ca\/eines-com\/lean\",\"url\":\"https:\/\/www.safetylean.com\/ca\/eines-com\/lean\",\"name\":\"Lean - Safety Lean Consulting\",\"isPartOf\":{\"@id\":\"https:\/\/www.safetylean.com\/ca#website\"},\"datePublished\":\"2023-10-06T05:38:39+00:00\",\"dateModified\":\"2023-11-22T16:07:32+00:00\",\"breadcrumb\":{\"@id\":\"https:\/\/www.safetylean.com\/ca\/eines-com\/lean#breadcrumb\"},\"inLanguage\":\"ca\",\"potentialAction\":[{\"@type\":\"ReadAction\",\"target\":[\"https:\/\/www.safetylean.com\/ca\/eines-com\/lean\"]}]},{\"@type\":\"BreadcrumbList\",\"@id\":\"https:\/\/www.safetylean.com\/ca\/eines-com\/lean#breadcrumb\",\"itemListElement\":[{\"@type\":\"ListItem\",\"position\":1,\"name\":\"Portada\",\"item\":\"https:\/\/www.safetylean.com\/ca\"},{\"@type\":\"ListItem\",\"position\":2,\"name\":\"Com?\",\"item\":\"https:\/\/www.safetylean.com\/ca\/eines-com\"},{\"@type\":\"ListItem\",\"position\":3,\"name\":\"Lean\"}]},{\"@type\":\"WebSite\",\"@id\":\"https:\/\/www.safetylean.com\/ca#website\",\"url\":\"https:\/\/www.safetylean.com\/ca\",\"name\":\"Safety Lean Consulting\",\"description\":\"Lean Manufacturing &amp; Risk Prevention\",\"publisher\":{\"@id\":\"https:\/\/www.safetylean.com\/ca#organization\"},\"potentialAction\":[{\"@type\":\"SearchAction\",\"target\":{\"@type\":\"EntryPoint\",\"urlTemplate\":\"https:\/\/www.safetylean.com\/ca?s={search_term_string}\"},\"query-input\":\"required name=search_term_string\"}],\"inLanguage\":\"ca\"},{\"@type\":\"Organization\",\"@id\":\"https:\/\/www.safetylean.com\/ca#organization\",\"name\":\"Safety Lean Consulting\",\"url\":\"https:\/\/www.safetylean.com\/ca\",\"logo\":{\"@type\":\"ImageObject\",\"inLanguage\":\"ca\",\"@id\":\"https:\/\/www.safetylean.com\/ca#\/schema\/logo\/image\/\",\"url\":\"https:\/\/www.safetylean.com\/wp-content\/uploads\/2023\/10\/logo-safety-lean.jpg\",\"contentUrl\":\"https:\/\/www.safetylean.com\/wp-content\/uploads\/2023\/10\/logo-safety-lean.jpg\",\"width\":360,\"height\":120,\"caption\":\"Safety Lean Consulting\"},\"image\":{\"@id\":\"https:\/\/www.safetylean.com\/ca#\/schema\/logo\/image\/\"},\"sameAs\":[\"https:\/\/www.linkedin.com\/company\/safety-lean-consulting\/about\/\"]}]}<\/script>\n<!-- \/ Yoast SEO plugin. -->","yoast_head_json":{"title":"Lean - Safety Lean Consulting","robots":{"index":"index","follow":"follow","max-snippet":"max-snippet:-1","max-image-preview":"max-image-preview:large","max-video-preview":"max-video-preview:-1"},"canonical":"https:\/\/www.safetylean.com\/ca\/eines-com\/lean","og_locale":"ca_ES","og_type":"article","og_title":"Lean - Safety Lean Consulting","og_description":"Lean thinking \u00e9s una filosofia que cerca la millora cont\u00ednua, eliminant el MUDA (operacions sense valor afegit) dels processos. Per aix\u00f2 hi ha m\u00e8todes ...","og_url":"https:\/\/www.safetylean.com\/ca\/eines-com\/lean","og_site_name":"Safety Lean Consulting","article_modified_time":"2023-11-22T16:07:32+00:00","og_image":[{"url":"https:\/\/www.safetylean.com\/wp-content\/uploads\/2023\/11\/herramientas-lean.jpg"}],"twitter_card":"summary_large_image","twitter_misc":{"Temps estimat de lectura":"2 minuts"},"schema":{"@context":"https:\/\/schema.org","@graph":[{"@type":"WebPage","@id":"https:\/\/www.safetylean.com\/ca\/eines-com\/lean","url":"https:\/\/www.safetylean.com\/ca\/eines-com\/lean","name":"Lean - Safety Lean Consulting","isPartOf":{"@id":"https:\/\/www.safetylean.com\/ca#website"},"datePublished":"2023-10-06T05:38:39+00:00","dateModified":"2023-11-22T16:07:32+00:00","breadcrumb":{"@id":"https:\/\/www.safetylean.com\/ca\/eines-com\/lean#breadcrumb"},"inLanguage":"ca","potentialAction":[{"@type":"ReadAction","target":["https:\/\/www.safetylean.com\/ca\/eines-com\/lean"]}]},{"@type":"BreadcrumbList","@id":"https:\/\/www.safetylean.com\/ca\/eines-com\/lean#breadcrumb","itemListElement":[{"@type":"ListItem","position":1,"name":"Portada","item":"https:\/\/www.safetylean.com\/ca"},{"@type":"ListItem","position":2,"name":"Com?","item":"https:\/\/www.safetylean.com\/ca\/eines-com"},{"@type":"ListItem","position":3,"name":"Lean"}]},{"@type":"WebSite","@id":"https:\/\/www.safetylean.com\/ca#website","url":"https:\/\/www.safetylean.com\/ca","name":"Safety Lean Consulting","description":"Lean Manufacturing &amp; Risk Prevention","publisher":{"@id":"https:\/\/www.safetylean.com\/ca#organization"},"potentialAction":[{"@type":"SearchAction","target":{"@type":"EntryPoint","urlTemplate":"https:\/\/www.safetylean.com\/ca?s={search_term_string}"},"query-input":"required name=search_term_string"}],"inLanguage":"ca"},{"@type":"Organization","@id":"https:\/\/www.safetylean.com\/ca#organization","name":"Safety Lean Consulting","url":"https:\/\/www.safetylean.com\/ca","logo":{"@type":"ImageObject","inLanguage":"ca","@id":"https:\/\/www.safetylean.com\/ca#\/schema\/logo\/image\/","url":"https:\/\/www.safetylean.com\/wp-content\/uploads\/2023\/10\/logo-safety-lean.jpg","contentUrl":"https:\/\/www.safetylean.com\/wp-content\/uploads\/2023\/10\/logo-safety-lean.jpg","width":360,"height":120,"caption":"Safety Lean Consulting"},"image":{"@id":"https:\/\/www.safetylean.com\/ca#\/schema\/logo\/image\/"},"sameAs":["https:\/\/www.linkedin.com\/company\/safety-lean-consulting\/about\/"]}]}},"_links":{"self":[{"href":"https:\/\/www.safetylean.com\/ca\/wp-json\/wp\/v2\/pages\/1875","targetHints":{"allow":["GET"]}}],"collection":[{"href":"https:\/\/www.safetylean.com\/ca\/wp-json\/wp\/v2\/pages"}],"about":[{"href":"https:\/\/www.safetylean.com\/ca\/wp-json\/wp\/v2\/types\/page"}],"author":[{"embeddable":true,"href":"https:\/\/www.safetylean.com\/ca\/wp-json\/wp\/v2\/users\/1"}],"replies":[{"embeddable":true,"href":"https:\/\/www.safetylean.com\/ca\/wp-json\/wp\/v2\/comments?post=1875"}],"version-history":[{"count":2,"href":"https:\/\/www.safetylean.com\/ca\/wp-json\/wp\/v2\/pages\/1875\/revisions"}],"predecessor-version":[{"id":2135,"href":"https:\/\/www.safetylean.com\/ca\/wp-json\/wp\/v2\/pages\/1875\/revisions\/2135"}],"up":[{"embeddable":true,"href":"https:\/\/www.safetylean.com\/ca\/wp-json\/wp\/v2\/pages\/1862"}],"wp:attachment":[{"href":"https:\/\/www.safetylean.com\/ca\/wp-json\/wp\/v2\/media?parent=1875"}],"curies":[{"name":"wp","href":"https:\/\/api.w.org\/{rel}","templated":true}]}}