{"id":1869,"date":"2023-10-06T07:38:20","date_gmt":"2023-10-06T05:38:20","guid":{"rendered":"https:\/\/www.safetylean.com\/eines-com\/safety"},"modified":"2023-11-22T16:57:15","modified_gmt":"2023-11-22T15:57:15","slug":"safety","status":"publish","type":"page","link":"https:\/\/www.safetylean.com\/ca\/eines-com\/safety","title":{"rendered":"Safety"},"content":{"rendered":"\n<div class=\"wp-block-columns is-layout-flex wp-container-core-columns-is-layout-28f84493 wp-block-columns-is-layout-flex\">\n<div class=\"wp-block-column is-layout-flow wp-block-column-is-layout-flow\" style=\"flex-basis:50%\">\n<p>Aconseguir que tots els nostres col\u00b7laboradors tornin a casa sans i estalvis en acabar la jornada de treball \u00e9s un deure de tot empresari. Per\u00f2 els riscos no sempre es poden eliminar, de vegades ens hem d&#8217;acontentar amb &#8220;minimitzar-los&#8221;. I les persones tard o d&#8217;hora cometem errors que poden tenir conseq\u00fc\u00e8ncies greus.<br><br>Per aconseguir treballar en un entorn segur cal basar-se en:<\/p>\n\n\n\n<ul class=\"wp-block-list\">\n<li>activitats de <strong>prevenci\u00f3<\/strong>, concretes i eficaces<\/li>\n\n\n\n<li><strong>vigil\u00e0ncia compartida<\/strong>, tots cuidem de tots.<\/li>\n\n\n\n<li>formaci\u00f3 i <strong>factors humans<\/strong>, per evitar errors.<\/li>\n\n\n\n<li>les <strong>bones pr\u00e0ctiques<\/strong> del terreny, aplicant metodologies de millora cont\u00ednua.<\/li>\n<\/ul>\n<\/div>\n\n\n\n<div class=\"wp-block-column is-layout-flow wp-block-column-is-layout-flow\" style=\"flex-basis:50%\">\n<figure class=\"wp-block-image\"><img decoding=\"async\" src=\"data:image\/svg+xml,%3Csvg%20width%3D%22900%22%20height%3D%22600%22%20xmlns%3D%22http:\/\/www.w3.org\/2000\/svg%22%20viewBox%3D%220%200%20900%20600%22%3E%3C\/svg%3E\" alt class=\"wp-image-1129 fy-content__image fy-lazy js-lazy\" width=\"900\" height=\"600\" data-src=\"https:\/\/www.safetylean.com\/wp-content\/uploads\/2023\/10\/safety01.jpg\"><div class=\"fy-image-loading fy-image-loading--skeleton\" aria-hidden=\"true\"><\/div><\/figure>\n<\/div>\n<\/div>\n\n\n\n<div class=\"wp-block-columns is-layout-flex wp-container-core-columns-is-layout-28f84493 wp-block-columns-is-layout-flex\">\n<div class=\"wp-block-column is-layout-flow wp-block-column-is-layout-flow\" style=\"flex-basis:50%\">\n<figure class=\"wp-block-image\"><img decoding=\"async\" src=\"data:image\/svg+xml,%3Csvg%20width%3D%22900%22%20height%3D%22600%22%20xmlns%3D%22http:\/\/www.w3.org\/2000\/svg%22%20viewBox%3D%220%200%20900%20600%22%3E%3C\/svg%3E\" alt class=\"wp-image-1130 fy-content__image fy-lazy js-lazy\" width=\"900\" height=\"600\" data-src=\"https:\/\/www.safetylean.com\/wp-content\/uploads\/2023\/10\/safety02.jpg\"><div class=\"fy-image-loading fy-image-loading--skeleton\" aria-hidden=\"true\"><\/div><\/figure>\n<\/div>\n\n\n\n<div class=\"wp-block-column is-layout-flow wp-block-column-is-layout-flow\" style=\"flex-basis:50%\">\n<h3 class=\"wp-block-heading\">Com podem ajudar-vos?<\/h3>\n\n\n\n<ul class=\"wp-block-list\">\n<li>realitzant una <strong>avaluaci\u00f3 dels riscos<\/strong> principals per crear un pla d&#8217;acci\u00f3 enfocat a aconseguir zero accidents greus.<\/li>\n\n\n\n<li>acompanyant-vos en temes concrets com:\n<ul class=\"wp-block-list\">\n<li>creaci\u00f3 e implementaci\u00f3 d&#8217;un <strong>sistema de gesti\u00f3 de salut i seguretat<\/strong><\/li>\n\n\n\n<li><strong>gesti\u00f3 de crisis <\/strong>despr\u00e9s d&#8217;un accident greu<\/li>\n\n\n\n<li>an\u00e0lisi d&#8217;accidents \/ incidents (<strong>REX<\/strong>)<\/li>\n\n\n\n<li>gesti\u00f3 del canvi per crear una <strong>cultura<\/strong> de prevenci\u00f3<\/li>\n<\/ul>\n<\/li>\n<\/ul>\n<\/div>\n<\/div>\n\n\n\n<div style=\"height:20px\" aria-hidden=\"true\" class=\"wp-block-spacer\"><\/div>\n\n\n\n<div class=\"wp-block-columns is-layout-flex wp-container-core-columns-is-layout-28f84493 wp-block-columns-is-layout-flex\">\n<div class=\"wp-block-column is-layout-flow wp-block-column-is-layout-flow\">\n<figure class=\"wp-block-table is-style-stripes\"><table class=\"has-border-color has-cnt-border-color\" style=\"border-style:solid;border-width:1px\"><tbody><tr><td><strong><em>Si parlem<\/em> <em>de:<\/em><\/strong><\/td><td><strong><em><strong><em>les eines i m\u00e8todes que podem aplicar s\u00f3n:<\/em><\/strong><\/em><\/strong><\/td><\/tr><tr><td>General<\/td><td>HSE &#8211; La seguretat en el dia a dia per a comandaments \/ Conceptes i comprom\u00eds<\/td><\/tr><tr><td>Els b\u00e0sics<\/td><td>EPI \/ Reunions d&#8217;equip \/ Animaci\u00f3 HSE<\/td><\/tr><tr><td>Avaluaci\u00f3<\/td><td>Avaluaci\u00f3 de riscos (HIRA, FMEA, What if)<\/td><\/tr><tr><td>An\u00e0lisi<\/td><td>An\u00e0lisi d&#8217;accidents (RCA, Causes i efectes, Dominos, Fault Tree Analysis) \/ Ergonomia \/ An\u00e0lisi de tasques cr\u00edtiques \/ Inspeccions<\/td><\/tr><tr><td>Mesura<\/td><td>KPIs \/ \u00cdndex de prevenci\u00f3 \/ Auditories de sistema de gesti\u00f3<\/td><\/tr><tr><td>Sistemes i roadmaps<\/td><td>Auditories completes = 1. Q\u00fcestionari 2. Revisi\u00f3 terreny 3. Entrevistes amb els empleats 4. Informe \/ Referencial adaptat \/ OHSAS18001, ISO45001, ISRS, MASE, ISO14001<\/td><\/tr><tr><td>Millora<\/td><td>Auditories de lloc de treball<\/td><\/tr><tr><td>Motivaci\u00f3<\/td><td>Els factors humans i el comportament (Mecanismes d&#8217;error hum\u00e0, motivaci\u00f3 i implicaci\u00f3) \/ Vigil\u00e0ncia compartida \/ Matriu de compet\u00e8ncies \/ Benestar (QVT-Qualitat de Vida al Trebal) \/ Gesti\u00f3 del canvi<\/td><\/tr><\/tbody><\/table><\/figure>\n<\/div>\n<\/div>\n","protected":false},"excerpt":{"rendered":"<p>Aconseguir que tots els nostres col\u00b7laboradors tornin a casa sans i estalvis en acabar la jornada de treball \u00e9s un deure de tot empresari. &#8230;<\/p>\n","protected":false},"author":1,"featured_media":0,"parent":1862,"menu_order":0,"comment_status":"closed","ping_status":"closed","template":"","meta":{"footnotes":""},"class_list":["post-1869","page","type-page","status-publish","hentry"],"yoast_head":"<!-- This site is optimized with the Yoast SEO plugin v21.5 - https:\/\/yoast.com\/wordpress\/plugins\/seo\/ -->\n<title>Safety - Safety Lean Consulting<\/title>\n<meta name=\"robots\" content=\"index, follow, max-snippet:-1, max-image-preview:large, max-video-preview:-1\" \/>\n<link rel=\"canonical\" href=\"https:\/\/www.safetylean.com\/ca\/eines-com\/safety\" \/>\n<meta property=\"og:locale\" content=\"ca_ES\" \/>\n<meta property=\"og:type\" content=\"article\" \/>\n<meta property=\"og:title\" content=\"Safety - Safety Lean Consulting\" \/>\n<meta property=\"og:description\" content=\"Aconseguir que tots els nostres col\u00b7laboradors tornin a casa sans i estalvis en acabar la jornada de treball \u00e9s un deure de tot empresari. ...\" \/>\n<meta property=\"og:url\" content=\"https:\/\/www.safetylean.com\/ca\/eines-com\/safety\" \/>\n<meta property=\"og:site_name\" content=\"Safety Lean Consulting\" \/>\n<meta property=\"article:modified_time\" content=\"2023-11-22T15:57:15+00:00\" \/>\n<meta property=\"og:image\" content=\"https:\/\/www.safetylean.com\/wp-content\/uploads\/2023\/10\/safety01.jpg\" \/>\n<meta name=\"twitter:card\" content=\"summary_large_image\" \/>\n<meta name=\"twitter:label1\" content=\"Temps estimat de lectura\" \/>\n\t<meta name=\"twitter:data1\" content=\"2 minuts\" \/>\n<script type=\"application\/ld+json\" class=\"yoast-schema-graph\">{\"@context\":\"https:\/\/schema.org\",\"@graph\":[{\"@type\":\"WebPage\",\"@id\":\"https:\/\/www.safetylean.com\/ca\/eines-com\/safety\",\"url\":\"https:\/\/www.safetylean.com\/ca\/eines-com\/safety\",\"name\":\"Safety - Safety Lean Consulting\",\"isPartOf\":{\"@id\":\"https:\/\/www.safetylean.com\/ca#website\"},\"datePublished\":\"2023-10-06T05:38:20+00:00\",\"dateModified\":\"2023-11-22T15:57:15+00:00\",\"breadcrumb\":{\"@id\":\"https:\/\/www.safetylean.com\/ca\/eines-com\/safety#breadcrumb\"},\"inLanguage\":\"ca\",\"potentialAction\":[{\"@type\":\"ReadAction\",\"target\":[\"https:\/\/www.safetylean.com\/ca\/eines-com\/safety\"]}]},{\"@type\":\"BreadcrumbList\",\"@id\":\"https:\/\/www.safetylean.com\/ca\/eines-com\/safety#breadcrumb\",\"itemListElement\":[{\"@type\":\"ListItem\",\"position\":1,\"name\":\"Portada\",\"item\":\"https:\/\/www.safetylean.com\/ca\"},{\"@type\":\"ListItem\",\"position\":2,\"name\":\"Com?\",\"item\":\"https:\/\/www.safetylean.com\/ca\/eines-com\"},{\"@type\":\"ListItem\",\"position\":3,\"name\":\"Safety\"}]},{\"@type\":\"WebSite\",\"@id\":\"https:\/\/www.safetylean.com\/ca#website\",\"url\":\"https:\/\/www.safetylean.com\/ca\",\"name\":\"Safety Lean Consulting\",\"description\":\"Lean Manufacturing &amp; Risk Prevention\",\"publisher\":{\"@id\":\"https:\/\/www.safetylean.com\/ca#organization\"},\"potentialAction\":[{\"@type\":\"SearchAction\",\"target\":{\"@type\":\"EntryPoint\",\"urlTemplate\":\"https:\/\/www.safetylean.com\/ca?s={search_term_string}\"},\"query-input\":\"required name=search_term_string\"}],\"inLanguage\":\"ca\"},{\"@type\":\"Organization\",\"@id\":\"https:\/\/www.safetylean.com\/ca#organization\",\"name\":\"Safety Lean Consulting\",\"url\":\"https:\/\/www.safetylean.com\/ca\",\"logo\":{\"@type\":\"ImageObject\",\"inLanguage\":\"ca\",\"@id\":\"https:\/\/www.safetylean.com\/ca#\/schema\/logo\/image\/\",\"url\":\"https:\/\/www.safetylean.com\/wp-content\/uploads\/2023\/10\/logo-safety-lean.jpg\",\"contentUrl\":\"https:\/\/www.safetylean.com\/wp-content\/uploads\/2023\/10\/logo-safety-lean.jpg\",\"width\":360,\"height\":120,\"caption\":\"Safety Lean Consulting\"},\"image\":{\"@id\":\"https:\/\/www.safetylean.com\/ca#\/schema\/logo\/image\/\"},\"sameAs\":[\"https:\/\/www.linkedin.com\/company\/safety-lean-consulting\/about\/\"]}]}<\/script>\n<!-- \/ Yoast SEO plugin. -->","yoast_head_json":{"title":"Safety - Safety Lean Consulting","robots":{"index":"index","follow":"follow","max-snippet":"max-snippet:-1","max-image-preview":"max-image-preview:large","max-video-preview":"max-video-preview:-1"},"canonical":"https:\/\/www.safetylean.com\/ca\/eines-com\/safety","og_locale":"ca_ES","og_type":"article","og_title":"Safety - Safety Lean Consulting","og_description":"Aconseguir que tots els nostres col\u00b7laboradors tornin a casa sans i estalvis en acabar la jornada de treball \u00e9s un deure de tot empresari. ...","og_url":"https:\/\/www.safetylean.com\/ca\/eines-com\/safety","og_site_name":"Safety Lean Consulting","article_modified_time":"2023-11-22T15:57:15+00:00","og_image":[{"url":"https:\/\/www.safetylean.com\/wp-content\/uploads\/2023\/10\/safety01.jpg"}],"twitter_card":"summary_large_image","twitter_misc":{"Temps estimat de lectura":"2 minuts"},"schema":{"@context":"https:\/\/schema.org","@graph":[{"@type":"WebPage","@id":"https:\/\/www.safetylean.com\/ca\/eines-com\/safety","url":"https:\/\/www.safetylean.com\/ca\/eines-com\/safety","name":"Safety - Safety Lean Consulting","isPartOf":{"@id":"https:\/\/www.safetylean.com\/ca#website"},"datePublished":"2023-10-06T05:38:20+00:00","dateModified":"2023-11-22T15:57:15+00:00","breadcrumb":{"@id":"https:\/\/www.safetylean.com\/ca\/eines-com\/safety#breadcrumb"},"inLanguage":"ca","potentialAction":[{"@type":"ReadAction","target":["https:\/\/www.safetylean.com\/ca\/eines-com\/safety"]}]},{"@type":"BreadcrumbList","@id":"https:\/\/www.safetylean.com\/ca\/eines-com\/safety#breadcrumb","itemListElement":[{"@type":"ListItem","position":1,"name":"Portada","item":"https:\/\/www.safetylean.com\/ca"},{"@type":"ListItem","position":2,"name":"Com?","item":"https:\/\/www.safetylean.com\/ca\/eines-com"},{"@type":"ListItem","position":3,"name":"Safety"}]},{"@type":"WebSite","@id":"https:\/\/www.safetylean.com\/ca#website","url":"https:\/\/www.safetylean.com\/ca","name":"Safety Lean Consulting","description":"Lean Manufacturing &amp; Risk Prevention","publisher":{"@id":"https:\/\/www.safetylean.com\/ca#organization"},"potentialAction":[{"@type":"SearchAction","target":{"@type":"EntryPoint","urlTemplate":"https:\/\/www.safetylean.com\/ca?s={search_term_string}"},"query-input":"required name=search_term_string"}],"inLanguage":"ca"},{"@type":"Organization","@id":"https:\/\/www.safetylean.com\/ca#organization","name":"Safety Lean Consulting","url":"https:\/\/www.safetylean.com\/ca","logo":{"@type":"ImageObject","inLanguage":"ca","@id":"https:\/\/www.safetylean.com\/ca#\/schema\/logo\/image\/","url":"https:\/\/www.safetylean.com\/wp-content\/uploads\/2023\/10\/logo-safety-lean.jpg","contentUrl":"https:\/\/www.safetylean.com\/wp-content\/uploads\/2023\/10\/logo-safety-lean.jpg","width":360,"height":120,"caption":"Safety Lean Consulting"},"image":{"@id":"https:\/\/www.safetylean.com\/ca#\/schema\/logo\/image\/"},"sameAs":["https:\/\/www.linkedin.com\/company\/safety-lean-consulting\/about\/"]}]}},"_links":{"self":[{"href":"https:\/\/www.safetylean.com\/ca\/wp-json\/wp\/v2\/pages\/1869","targetHints":{"allow":["GET"]}}],"collection":[{"href":"https:\/\/www.safetylean.com\/ca\/wp-json\/wp\/v2\/pages"}],"about":[{"href":"https:\/\/www.safetylean.com\/ca\/wp-json\/wp\/v2\/types\/page"}],"author":[{"embeddable":true,"href":"https:\/\/www.safetylean.com\/ca\/wp-json\/wp\/v2\/users\/1"}],"replies":[{"embeddable":true,"href":"https:\/\/www.safetylean.com\/ca\/wp-json\/wp\/v2\/comments?post=1869"}],"version-history":[{"count":1,"href":"https:\/\/www.safetylean.com\/ca\/wp-json\/wp\/v2\/pages\/1869\/revisions"}],"predecessor-version":[{"id":1873,"href":"https:\/\/www.safetylean.com\/ca\/wp-json\/wp\/v2\/pages\/1869\/revisions\/1873"}],"up":[{"embeddable":true,"href":"https:\/\/www.safetylean.com\/ca\/wp-json\/wp\/v2\/pages\/1862"}],"wp:attachment":[{"href":"https:\/\/www.safetylean.com\/ca\/wp-json\/wp\/v2\/media?parent=1869"}],"curies":[{"name":"wp","href":"https:\/\/api.w.org\/{rel}","templated":true}]}}