{"id":1862,"date":"2023-10-05T11:11:32","date_gmt":"2023-10-05T09:11:32","guid":{"rendered":"https:\/\/www.safetylean.com\/herramientas-como"},"modified":"2023-11-22T16:50:19","modified_gmt":"2023-11-22T15:50:19","slug":"eines-com","status":"publish","type":"page","link":"https:\/\/www.safetylean.com\/ca\/eines-com","title":{"rendered":"Com?"},"content":{"rendered":"\n<div class=\"wp-block-columns is-layout-flex wp-container-core-columns-is-layout-28f84493 wp-block-columns-is-layout-flex\">\n<div class=\"wp-block-column is-layout-flow wp-block-column-is-layout-flow\" style=\"flex-basis:50%\">\n<p>Per aconseguir uns bons resultats a qualsevol empresa, cal una visi\u00f3 hol\u00edstica: prevenci\u00f3, millora cont\u00ednua i gesti\u00f3 del canvi s&#8217;han de treballar de forma conjunta.<\/p>\n\n\n\n<ul class=\"wp-block-list\">\n<li>Per poder controlar els riscos al lloc de treball es requereixen procediments definits, est\u00e0ndards de treball, ordre i gesti\u00f3 visual al lloc.<\/li>\n\n\n\n<li>Per entrar en una din\u00e0mica de millora cont\u00ednua, els empleats han de treballar segurs i sentir-se valorats i implicats.<\/li>\n\n\n\n<li>Per comen\u00e7ar noves metodologies de treball hem d&#8217;acceptar que tot canvi \u00e9s un proc\u00e9s que cal acompanyar.<\/li>\n<\/ul>\n<\/div>\n\n\n\n<div class=\"wp-block-column is-layout-flow wp-block-column-is-layout-flow\" style=\"flex-basis:50%\">\n<figure class=\"wp-block-image\"><img decoding=\"async\" src=\"data:image\/svg+xml,%3Csvg%20width%3D%22900%22%20height%3D%22600%22%20xmlns%3D%22http:\/\/www.w3.org\/2000\/svg%22%20viewBox%3D%220%200%20900%20600%22%3E%3C\/svg%3E\" alt class=\"wp-image-1074 fy-content__image fy-lazy js-lazy\" width=\"900\" height=\"600\" data-src=\"https:\/\/www.safetylean.com\/wp-content\/uploads\/2023\/10\/herraminetas-como-safety-lean.jpg\"><div class=\"fy-image-loading fy-image-loading--skeleton\" aria-hidden=\"true\"><\/div><\/figure>\n<\/div>\n<\/div>\n\n\n\n<div style=\"height:44px\" aria-hidden=\"true\" class=\"wp-block-spacer\"><\/div>\n\n\n\n<div class=\"wp-block-columns is-layout-flex wp-container-core-columns-is-layout-28f84493 wp-block-columns-is-layout-flex\">\n<div class=\"wp-block-column has-background is-layout-flow wp-block-column-is-layout-flow\" style=\"background-color:#f4f4f4\">\n<figure class=\"wp-block-image aligncenter size-full is-resized\"><a href=\"https:\/\/www.safetylean.com\/herramientas-como\/safety\"><img decoding=\"async\" src=\"data:image\/svg+xml,%3Csvg%20width%3D%22128%22%20height%3D%22128%22%20xmlns%3D%22http:\/\/www.w3.org\/2000\/svg%22%20viewBox%3D%220%200%20128%20128%22%3E%3C\/svg%3E\" alt=\"Guarantee\" class=\"wp-image-783 fy-content__image fy-lazy js-lazy\" style=\"width:82px;height:82px\" width=\"128\" height=\"128\" data-src=\"https:\/\/www.safetylean.com\/wp-content\/uploads\/2021\/03\/aidea-icn-guarantee-d.png\"><div class=\"fy-image-loading fy-image-loading--skeleton\" aria-hidden=\"true\"><\/div><\/a><\/figure>\n\n\n\n<h3 class=\"wp-block-heading has-text-align-center\"><a href=\"https:\/\/www.safetylean.com\/ca\/eines-com\/safety\">Safety<\/a><\/h3>\n<\/div>\n\n\n\n<div class=\"wp-block-column has-background is-layout-flow wp-block-column-is-layout-flow\" style=\"background-color:#f4f4f4\">\n<figure class=\"wp-block-image aligncenter size-full is-resized\"><a href=\"https:\/\/www.safetylean.com\/herramientas-como\/lean\"><img decoding=\"async\" src=\"data:image\/svg+xml,%3Csvg%20width%3D%22128%22%20height%3D%22128%22%20xmlns%3D%22http:\/\/www.w3.org\/2000\/svg%22%20viewBox%3D%220%200%20128%20128%22%3E%3C\/svg%3E\" alt=\"Idea\" class=\"wp-image-785 fy-content__image fy-lazy js-lazy\" style=\"width:82px;height:82px\" width=\"128\" height=\"128\" data-src=\"https:\/\/www.safetylean.com\/wp-content\/uploads\/2021\/03\/aidea-icn-idea-d.png\"><div class=\"fy-image-loading fy-image-loading--skeleton\" aria-hidden=\"true\"><\/div><\/a><\/figure>\n\n\n\n<h3 class=\"wp-block-heading has-text-align-center\"><a href=\"https:\/\/www.safetylean.com\/ca\/eines-com\/lean\">Lean<\/a><\/h3>\n<\/div>\n\n\n\n<div class=\"wp-block-column has-background is-layout-flow wp-block-column-is-layout-flow\" style=\"background-color:#f4f4f4\">\n<figure class=\"wp-block-image aligncenter size-full is-resized\"><a href=\"https:\/\/www.safetylean.com\/herramientas-como\/gestion-del-cambio\"><img decoding=\"async\" src=\"data:image\/svg+xml,%3Csvg%20width%3D%22128%22%20height%3D%22128%22%20xmlns%3D%22http:\/\/www.w3.org\/2000\/svg%22%20viewBox%3D%220%200%20128%20128%22%3E%3C\/svg%3E\" alt=\"Globe\" class=\"wp-image-782 fy-content__image fy-lazy js-lazy\" style=\"width:82px;height:82px\" width=\"128\" height=\"128\" data-src=\"https:\/\/www.safetylean.com\/wp-content\/uploads\/2021\/03\/aidea-icn-globe-d.png\"><div class=\"fy-image-loading fy-image-loading--skeleton\" aria-hidden=\"true\"><\/div><\/a><\/figure>\n\n\n\n<h3 class=\"wp-block-heading has-text-align-center\"><a href=\"https:\/\/www.safetylean.com\/ca\/eines-com\/gestio-del-canvi\">Gesti\u00f3 del canvi<\/a><\/h3>\n<\/div>\n<\/div>\n","protected":false},"excerpt":{"rendered":"<p>Per aconseguir uns bons resultats a qualsevol empresa, cal una visi\u00f3 hol\u00edstica: prevenci\u00f3, millora cont\u00ednua i gesti\u00f3 del canvi s&#8217;han de treballar de forma &#8230;<\/p>\n","protected":false},"author":1,"featured_media":0,"parent":0,"menu_order":0,"comment_status":"closed","ping_status":"closed","template":"","meta":{"footnotes":""},"class_list":["post-1862","page","type-page","status-publish","hentry"],"yoast_head":"<!-- This site is optimized with the Yoast SEO plugin v21.5 - https:\/\/yoast.com\/wordpress\/plugins\/seo\/ -->\n<title>Com? - Safety Lean Consulting<\/title>\n<meta name=\"robots\" content=\"index, follow, max-snippet:-1, max-image-preview:large, max-video-preview:-1\" \/>\n<link rel=\"canonical\" href=\"https:\/\/www.safetylean.com\/ca\/eines-com\" \/>\n<meta property=\"og:locale\" content=\"ca_ES\" \/>\n<meta property=\"og:type\" content=\"article\" \/>\n<meta property=\"og:title\" content=\"Com? - Safety Lean Consulting\" \/>\n<meta property=\"og:description\" content=\"Per aconseguir uns bons resultats a qualsevol empresa, cal una visi\u00f3 hol\u00edstica: prevenci\u00f3, millora cont\u00ednua i gesti\u00f3 del canvi s&#8217;han de treballar de forma ...\" \/>\n<meta property=\"og:url\" content=\"https:\/\/www.safetylean.com\/ca\/eines-com\" \/>\n<meta property=\"og:site_name\" content=\"Safety Lean Consulting\" \/>\n<meta property=\"article:modified_time\" content=\"2023-11-22T15:50:19+00:00\" \/>\n<meta property=\"og:image\" content=\"https:\/\/www.safetylean.com\/wp-content\/uploads\/2023\/10\/herraminetas-como-safety-lean.jpg\" \/>\n<meta name=\"twitter:card\" content=\"summary_large_image\" \/>\n<meta name=\"twitter:label1\" content=\"Temps estimat de lectura\" \/>\n\t<meta name=\"twitter:data1\" content=\"2 minuts\" \/>\n<script type=\"application\/ld+json\" class=\"yoast-schema-graph\">{\"@context\":\"https:\/\/schema.org\",\"@graph\":[{\"@type\":\"WebPage\",\"@id\":\"https:\/\/www.safetylean.com\/ca\/eines-com\",\"url\":\"https:\/\/www.safetylean.com\/ca\/eines-com\",\"name\":\"Com? - Safety Lean Consulting\",\"isPartOf\":{\"@id\":\"https:\/\/www.safetylean.com\/ca#website\"},\"datePublished\":\"2023-10-05T09:11:32+00:00\",\"dateModified\":\"2023-11-22T15:50:19+00:00\",\"breadcrumb\":{\"@id\":\"https:\/\/www.safetylean.com\/ca\/eines-com#breadcrumb\"},\"inLanguage\":\"ca\",\"potentialAction\":[{\"@type\":\"ReadAction\",\"target\":[\"https:\/\/www.safetylean.com\/ca\/eines-com\"]}]},{\"@type\":\"BreadcrumbList\",\"@id\":\"https:\/\/www.safetylean.com\/ca\/eines-com#breadcrumb\",\"itemListElement\":[{\"@type\":\"ListItem\",\"position\":1,\"name\":\"Portada\",\"item\":\"https:\/\/www.safetylean.com\/ca\"},{\"@type\":\"ListItem\",\"position\":2,\"name\":\"Com?\"}]},{\"@type\":\"WebSite\",\"@id\":\"https:\/\/www.safetylean.com\/ca#website\",\"url\":\"https:\/\/www.safetylean.com\/ca\",\"name\":\"Safety Lean Consulting\",\"description\":\"Lean Manufacturing &amp; Risk Prevention\",\"publisher\":{\"@id\":\"https:\/\/www.safetylean.com\/ca#organization\"},\"potentialAction\":[{\"@type\":\"SearchAction\",\"target\":{\"@type\":\"EntryPoint\",\"urlTemplate\":\"https:\/\/www.safetylean.com\/ca?s={search_term_string}\"},\"query-input\":\"required name=search_term_string\"}],\"inLanguage\":\"ca\"},{\"@type\":\"Organization\",\"@id\":\"https:\/\/www.safetylean.com\/ca#organization\",\"name\":\"Safety Lean Consulting\",\"url\":\"https:\/\/www.safetylean.com\/ca\",\"logo\":{\"@type\":\"ImageObject\",\"inLanguage\":\"ca\",\"@id\":\"https:\/\/www.safetylean.com\/ca#\/schema\/logo\/image\/\",\"url\":\"https:\/\/www.safetylean.com\/wp-content\/uploads\/2023\/10\/logo-safety-lean.jpg\",\"contentUrl\":\"https:\/\/www.safetylean.com\/wp-content\/uploads\/2023\/10\/logo-safety-lean.jpg\",\"width\":360,\"height\":120,\"caption\":\"Safety Lean Consulting\"},\"image\":{\"@id\":\"https:\/\/www.safetylean.com\/ca#\/schema\/logo\/image\/\"},\"sameAs\":[\"https:\/\/www.linkedin.com\/company\/safety-lean-consulting\/about\/\"]}]}<\/script>\n<!-- \/ Yoast SEO plugin. -->","yoast_head_json":{"title":"Com? - Safety Lean Consulting","robots":{"index":"index","follow":"follow","max-snippet":"max-snippet:-1","max-image-preview":"max-image-preview:large","max-video-preview":"max-video-preview:-1"},"canonical":"https:\/\/www.safetylean.com\/ca\/eines-com","og_locale":"ca_ES","og_type":"article","og_title":"Com? - Safety Lean Consulting","og_description":"Per aconseguir uns bons resultats a qualsevol empresa, cal una visi\u00f3 hol\u00edstica: prevenci\u00f3, millora cont\u00ednua i gesti\u00f3 del canvi s&#8217;han de treballar de forma ...","og_url":"https:\/\/www.safetylean.com\/ca\/eines-com","og_site_name":"Safety Lean Consulting","article_modified_time":"2023-11-22T15:50:19+00:00","og_image":[{"url":"https:\/\/www.safetylean.com\/wp-content\/uploads\/2023\/10\/herraminetas-como-safety-lean.jpg"}],"twitter_card":"summary_large_image","twitter_misc":{"Temps estimat de lectura":"2 minuts"},"schema":{"@context":"https:\/\/schema.org","@graph":[{"@type":"WebPage","@id":"https:\/\/www.safetylean.com\/ca\/eines-com","url":"https:\/\/www.safetylean.com\/ca\/eines-com","name":"Com? - Safety Lean Consulting","isPartOf":{"@id":"https:\/\/www.safetylean.com\/ca#website"},"datePublished":"2023-10-05T09:11:32+00:00","dateModified":"2023-11-22T15:50:19+00:00","breadcrumb":{"@id":"https:\/\/www.safetylean.com\/ca\/eines-com#breadcrumb"},"inLanguage":"ca","potentialAction":[{"@type":"ReadAction","target":["https:\/\/www.safetylean.com\/ca\/eines-com"]}]},{"@type":"BreadcrumbList","@id":"https:\/\/www.safetylean.com\/ca\/eines-com#breadcrumb","itemListElement":[{"@type":"ListItem","position":1,"name":"Portada","item":"https:\/\/www.safetylean.com\/ca"},{"@type":"ListItem","position":2,"name":"Com?"}]},{"@type":"WebSite","@id":"https:\/\/www.safetylean.com\/ca#website","url":"https:\/\/www.safetylean.com\/ca","name":"Safety Lean Consulting","description":"Lean Manufacturing &amp; Risk Prevention","publisher":{"@id":"https:\/\/www.safetylean.com\/ca#organization"},"potentialAction":[{"@type":"SearchAction","target":{"@type":"EntryPoint","urlTemplate":"https:\/\/www.safetylean.com\/ca?s={search_term_string}"},"query-input":"required name=search_term_string"}],"inLanguage":"ca"},{"@type":"Organization","@id":"https:\/\/www.safetylean.com\/ca#organization","name":"Safety Lean Consulting","url":"https:\/\/www.safetylean.com\/ca","logo":{"@type":"ImageObject","inLanguage":"ca","@id":"https:\/\/www.safetylean.com\/ca#\/schema\/logo\/image\/","url":"https:\/\/www.safetylean.com\/wp-content\/uploads\/2023\/10\/logo-safety-lean.jpg","contentUrl":"https:\/\/www.safetylean.com\/wp-content\/uploads\/2023\/10\/logo-safety-lean.jpg","width":360,"height":120,"caption":"Safety Lean Consulting"},"image":{"@id":"https:\/\/www.safetylean.com\/ca#\/schema\/logo\/image\/"},"sameAs":["https:\/\/www.linkedin.com\/company\/safety-lean-consulting\/about\/"]}]}},"_links":{"self":[{"href":"https:\/\/www.safetylean.com\/ca\/wp-json\/wp\/v2\/pages\/1862","targetHints":{"allow":["GET"]}}],"collection":[{"href":"https:\/\/www.safetylean.com\/ca\/wp-json\/wp\/v2\/pages"}],"about":[{"href":"https:\/\/www.safetylean.com\/ca\/wp-json\/wp\/v2\/types\/page"}],"author":[{"embeddable":true,"href":"https:\/\/www.safetylean.com\/ca\/wp-json\/wp\/v2\/users\/1"}],"replies":[{"embeddable":true,"href":"https:\/\/www.safetylean.com\/ca\/wp-json\/wp\/v2\/comments?post=1862"}],"version-history":[{"count":2,"href":"https:\/\/www.safetylean.com\/ca\/wp-json\/wp\/v2\/pages\/1862\/revisions"}],"predecessor-version":[{"id":1868,"href":"https:\/\/www.safetylean.com\/ca\/wp-json\/wp\/v2\/pages\/1862\/revisions\/1868"}],"wp:attachment":[{"href":"https:\/\/www.safetylean.com\/ca\/wp-json\/wp\/v2\/media?parent=1862"}],"curies":[{"name":"wp","href":"https:\/\/api.w.org\/{rel}","templated":true}]}}