{"id":1850,"date":"2023-11-02T17:36:07","date_gmt":"2023-11-02T16:36:07","guid":{"rendered":"https:\/\/www.safetylean.com\/equip-qui\/agata-lafont"},"modified":"2023-11-22T16:45:43","modified_gmt":"2023-11-22T15:45:43","slug":"agata-lafont","status":"publish","type":"page","link":"https:\/\/www.safetylean.com\/ca\/equip-qui\/agata-lafont","title":{"rendered":"Agata Lafont"},"content":{"rendered":"\n<div class=\"wp-block-cover alignfull is-light has-cnt-color has-text-color\"><span aria-hidden=\"true\" class=\"wp-block-cover__background has-cnt-bg-background-color has-background-dim-100 has-background-dim\"><\/span><div class=\"wp-block-cover__inner-container is-layout-constrained wp-block-cover-is-layout-constrained\">\n<div class=\"wp-block-columns alignwide has-cnt-bg-background-color has-background is-layout-flex wp-container-core-columns-is-layout-a5331a9e wp-block-columns-is-layout-flex\" id=\"agata\" style=\"padding-top:0;padding-right:0;padding-bottom:0;padding-left:0\">\n<div class=\"wp-block-column is-layout-flow wp-block-column-is-layout-flow\" style=\"flex-basis:33.33%\">\n<figure class=\"wp-block-image size-full\"><img decoding=\"async\" src=\"data:image\/svg+xml,%3Csvg%20width%3D%22393%22%20height%3D%22393%22%20xmlns%3D%22http:\/\/www.w3.org\/2000\/svg%22%20viewBox%3D%220%200%20393%20393%22%3E%3C\/svg%3E\" alt class=\"wp-image-951 fy-content__image fy-lazy js-lazy\" width=\"393\" height=\"393\" data-src=\"https:\/\/www.safetylean.com\/wp-content\/uploads\/2023\/10\/equipo-agata.jpg\"><div class=\"fy-image-loading fy-image-loading--skeleton\" aria-hidden=\"true\"><\/div><\/figure>\n<\/div>\n\n\n\n<div class=\"wp-block-column is-layout-flow wp-block-column-is-layout-flow\" style=\"flex-basis:66.66%\">\n<p>Vaig n\u00e9ixer a Barcelona l&#8217;any en qu\u00e8 Queen publicava el seu primer disc i Agostini guanyava, amb MV Augusta, el 13\u00e8 t\u00edtol mundial.<\/p>\n\n\n\n<p>Vaig estudiar enginyeria de telecomunicacions perqu\u00e8 per aquella \u00e8poca ja m\u2019atreien els reptes i tenia fama de ser una de les carreres m\u00e9s dif\u00edcils. Realment ho va ser!<\/p>\n\n\n\n<p>Vaig comen\u00e7ar la meva vida professional compaginant estudis universitaris amb treballs com a professora de cursos de xarxes i internet i, sens dubte, all\u00f2 va condicionar el meu futur. El tracte directe amb la gent i viatjar m&#8217;agradaven massa per conformar-me amb feines &#8220;convencionals&#8221;. Tenia molt m\u00e9s clar el que no volia fer que el que s\u00ed, i aix\u00ed va ser com va comen\u00e7ar la meva \u00e8poca d'&#8221;experimentaci\u00f3 professional&#8221;. Vaig treballar a 8 empreses diferents en 4 anys, en \u00e0mbits molt diversos. Dels meus canvis constants vaig aprendre moltes coses, encara que potser la m\u00e9s important de totes \u00e9s que m&#8217;agraden els canvis perqu\u00e8 impliquen un esfor\u00e7 d&#8217;adaptaci\u00f3 a la nova situaci\u00f3 per\u00f2 sobretot, comporten aprenentatge.<\/p>\n\n\n\n<p>En arribar a la trentena, finalment vaig trobar la meva vocaci\u00f3 en descobrir la filosofia i les eines de Lean Manufacturing. Em va fascinar el m\u00f3n industrial: era apassionant descobrir el proc\u00e9s de fabricaci\u00f3 de coses tan diverses com un iogurt, un tap de suro o un tren, i encara m\u00e9s veure que aquests processos es podien millorar amb eines simples i principis tan l\u00f2gics com, de vegades, inexistents.<\/p>\n\n\n\n<p>Aix\u00ed que vaig comen\u00e7ar aplicant Lean com a consultora externa, treballant tant per a grans grups com per a PIMES a pa\u00efsos de diferent cultura. Vaig deixar descansar la meva maleta durant uns anys en els qu\u00e8 vaig ocupar el lloc responsable Lean d&#8217;una f\u00e0brica d&#8217;Alstom per reprendre la meva vida de rodam\u00f3n des de la central francesa del grup, com a part de l&#8217;equip de suport per a les f\u00e0briques de tot el m\u00f3n.<\/p>\n\n\n\n<p>Passats els quaranta vaig decidir que era el moment de m\u00e9s canvis, de provar coses noves: era el moment d&#8217;arriscar i muntar una empresa. I aix\u00ed va ser com el 2015 va n\u00e9ixer Safety Lean Consulting, de la m\u00e0 de dues persones amb moltes ganes de transmetre la seva passi\u00f3.<\/p>\n\n\n\n<p>Si vols m\u00e9s detalls, mira el meu CV a<\/p>\n\n\n\n<ul class=\"wp-block-social-links is-content-justification-left is-layout-flex wp-container-core-social-links-is-layout-fc4fd283 wp-block-social-links-is-layout-flex\"><li class=\"wp-social-link wp-social-link-linkedin  wp-block-social-link\"><a rel=\"noopener nofollow\" target=\"_blank\" href=\"https:\/\/es.linkedin.com\/in\/agt13\" class=\"wp-block-social-link-anchor\"><svg width=\"24\" height=\"24\" viewBox=\"0 0 24 24\" version=\"1.1\" xmlns=\"http:\/\/www.w3.org\/2000\/svg\" aria-hidden=\"true\" focusable=\"false\"><path d=\"M19.7,3H4.3C3.582,3,3,3.582,3,4.3v15.4C3,20.418,3.582,21,4.3,21h15.4c0.718,0,1.3-0.582,1.3-1.3V4.3 C21,3.582,20.418,3,19.7,3z M8.339,18.338H5.667v-8.59h2.672V18.338z M7.004,8.574c-0.857,0-1.549-0.694-1.549-1.548 c0-0.855,0.691-1.548,1.549-1.548c0.854,0,1.547,0.694,1.547,1.548C8.551,7.881,7.858,8.574,7.004,8.574z M18.339,18.338h-2.669 v-4.177c0-0.996-0.017-2.278-1.387-2.278c-1.389,0-1.601,1.086-1.601,2.206v4.249h-2.667v-8.59h2.559v1.174h0.037 c0.356-0.675,1.227-1.387,2.526-1.387c2.703,0,3.203,1.779,3.203,4.092V18.338z\"><\/path><\/svg><span class=\"wp-block-social-link-label screen-reader-text\">LinkedIn<\/span><\/a><\/li><\/ul>\n<\/div>\n<\/div>\n<\/div><\/div>\n","protected":false},"excerpt":{"rendered":"","protected":false},"author":1,"featured_media":0,"parent":1838,"menu_order":0,"comment_status":"closed","ping_status":"closed","template":"","meta":{"footnotes":""},"class_list":["post-1850","page","type-page","status-publish","hentry"],"yoast_head":"<!-- This site is optimized with the Yoast SEO plugin v21.5 - https:\/\/yoast.com\/wordpress\/plugins\/seo\/ -->\n<title>Agata Lafont - Safety Lean Consulting<\/title>\n<meta name=\"robots\" content=\"index, follow, max-snippet:-1, max-image-preview:large, max-video-preview:-1\" \/>\n<link rel=\"canonical\" href=\"https:\/\/www.safetylean.com\/ca\/equip-qui\/agata-lafont\" \/>\n<meta property=\"og:locale\" content=\"ca_ES\" \/>\n<meta property=\"og:type\" content=\"article\" \/>\n<meta property=\"og:title\" content=\"Agata Lafont - Safety Lean Consulting\" \/>\n<meta property=\"og:url\" content=\"https:\/\/www.safetylean.com\/ca\/equip-qui\/agata-lafont\" \/>\n<meta property=\"og:site_name\" content=\"Safety Lean Consulting\" \/>\n<meta property=\"article:modified_time\" content=\"2023-11-22T15:45:43+00:00\" \/>\n<meta property=\"og:image\" content=\"https:\/\/www.safetylean.com\/wp-content\/uploads\/2023\/10\/equipo-agata.jpg\" \/>\n<meta name=\"twitter:card\" content=\"summary_large_image\" \/>\n<meta name=\"twitter:label1\" content=\"Temps estimat de lectura\" \/>\n\t<meta name=\"twitter:data1\" content=\"2 minuts\" \/>\n<script type=\"application\/ld+json\" class=\"yoast-schema-graph\">{\"@context\":\"https:\/\/schema.org\",\"@graph\":[{\"@type\":\"WebPage\",\"@id\":\"https:\/\/www.safetylean.com\/ca\/equip-qui\/agata-lafont\",\"url\":\"https:\/\/www.safetylean.com\/ca\/equip-qui\/agata-lafont\",\"name\":\"Agata Lafont - Safety Lean Consulting\",\"isPartOf\":{\"@id\":\"https:\/\/www.safetylean.com\/ca#website\"},\"datePublished\":\"2023-11-02T16:36:07+00:00\",\"dateModified\":\"2023-11-22T15:45:43+00:00\",\"breadcrumb\":{\"@id\":\"https:\/\/www.safetylean.com\/ca\/equip-qui\/agata-lafont#breadcrumb\"},\"inLanguage\":\"ca\",\"potentialAction\":[{\"@type\":\"ReadAction\",\"target\":[\"https:\/\/www.safetylean.com\/ca\/equip-qui\/agata-lafont\"]}]},{\"@type\":\"BreadcrumbList\",\"@id\":\"https:\/\/www.safetylean.com\/ca\/equip-qui\/agata-lafont#breadcrumb\",\"itemListElement\":[{\"@type\":\"ListItem\",\"position\":1,\"name\":\"Portada\",\"item\":\"https:\/\/www.safetylean.com\/ca\"},{\"@type\":\"ListItem\",\"position\":2,\"name\":\"Qui?\",\"item\":\"https:\/\/www.safetylean.com\/ca\/equip-qui\"},{\"@type\":\"ListItem\",\"position\":3,\"name\":\"Agata Lafont\"}]},{\"@type\":\"WebSite\",\"@id\":\"https:\/\/www.safetylean.com\/ca#website\",\"url\":\"https:\/\/www.safetylean.com\/ca\",\"name\":\"Safety Lean Consulting\",\"description\":\"Lean Manufacturing &amp; Risk Prevention\",\"publisher\":{\"@id\":\"https:\/\/www.safetylean.com\/ca#organization\"},\"potentialAction\":[{\"@type\":\"SearchAction\",\"target\":{\"@type\":\"EntryPoint\",\"urlTemplate\":\"https:\/\/www.safetylean.com\/ca?s={search_term_string}\"},\"query-input\":\"required name=search_term_string\"}],\"inLanguage\":\"ca\"},{\"@type\":\"Organization\",\"@id\":\"https:\/\/www.safetylean.com\/ca#organization\",\"name\":\"Safety Lean Consulting\",\"url\":\"https:\/\/www.safetylean.com\/ca\",\"logo\":{\"@type\":\"ImageObject\",\"inLanguage\":\"ca\",\"@id\":\"https:\/\/www.safetylean.com\/ca#\/schema\/logo\/image\/\",\"url\":\"https:\/\/www.safetylean.com\/wp-content\/uploads\/2023\/10\/logo-safety-lean.jpg\",\"contentUrl\":\"https:\/\/www.safetylean.com\/wp-content\/uploads\/2023\/10\/logo-safety-lean.jpg\",\"width\":360,\"height\":120,\"caption\":\"Safety Lean Consulting\"},\"image\":{\"@id\":\"https:\/\/www.safetylean.com\/ca#\/schema\/logo\/image\/\"},\"sameAs\":[\"https:\/\/www.linkedin.com\/company\/safety-lean-consulting\/about\/\"]}]}<\/script>\n<!-- \/ Yoast SEO plugin. -->","yoast_head_json":{"title":"Agata Lafont - Safety Lean Consulting","robots":{"index":"index","follow":"follow","max-snippet":"max-snippet:-1","max-image-preview":"max-image-preview:large","max-video-preview":"max-video-preview:-1"},"canonical":"https:\/\/www.safetylean.com\/ca\/equip-qui\/agata-lafont","og_locale":"ca_ES","og_type":"article","og_title":"Agata Lafont - Safety Lean Consulting","og_url":"https:\/\/www.safetylean.com\/ca\/equip-qui\/agata-lafont","og_site_name":"Safety Lean Consulting","article_modified_time":"2023-11-22T15:45:43+00:00","og_image":[{"url":"https:\/\/www.safetylean.com\/wp-content\/uploads\/2023\/10\/equipo-agata.jpg"}],"twitter_card":"summary_large_image","twitter_misc":{"Temps estimat de lectura":"2 minuts"},"schema":{"@context":"https:\/\/schema.org","@graph":[{"@type":"WebPage","@id":"https:\/\/www.safetylean.com\/ca\/equip-qui\/agata-lafont","url":"https:\/\/www.safetylean.com\/ca\/equip-qui\/agata-lafont","name":"Agata Lafont - Safety Lean Consulting","isPartOf":{"@id":"https:\/\/www.safetylean.com\/ca#website"},"datePublished":"2023-11-02T16:36:07+00:00","dateModified":"2023-11-22T15:45:43+00:00","breadcrumb":{"@id":"https:\/\/www.safetylean.com\/ca\/equip-qui\/agata-lafont#breadcrumb"},"inLanguage":"ca","potentialAction":[{"@type":"ReadAction","target":["https:\/\/www.safetylean.com\/ca\/equip-qui\/agata-lafont"]}]},{"@type":"BreadcrumbList","@id":"https:\/\/www.safetylean.com\/ca\/equip-qui\/agata-lafont#breadcrumb","itemListElement":[{"@type":"ListItem","position":1,"name":"Portada","item":"https:\/\/www.safetylean.com\/ca"},{"@type":"ListItem","position":2,"name":"Qui?","item":"https:\/\/www.safetylean.com\/ca\/equip-qui"},{"@type":"ListItem","position":3,"name":"Agata Lafont"}]},{"@type":"WebSite","@id":"https:\/\/www.safetylean.com\/ca#website","url":"https:\/\/www.safetylean.com\/ca","name":"Safety Lean Consulting","description":"Lean Manufacturing &amp; Risk Prevention","publisher":{"@id":"https:\/\/www.safetylean.com\/ca#organization"},"potentialAction":[{"@type":"SearchAction","target":{"@type":"EntryPoint","urlTemplate":"https:\/\/www.safetylean.com\/ca?s={search_term_string}"},"query-input":"required name=search_term_string"}],"inLanguage":"ca"},{"@type":"Organization","@id":"https:\/\/www.safetylean.com\/ca#organization","name":"Safety Lean Consulting","url":"https:\/\/www.safetylean.com\/ca","logo":{"@type":"ImageObject","inLanguage":"ca","@id":"https:\/\/www.safetylean.com\/ca#\/schema\/logo\/image\/","url":"https:\/\/www.safetylean.com\/wp-content\/uploads\/2023\/10\/logo-safety-lean.jpg","contentUrl":"https:\/\/www.safetylean.com\/wp-content\/uploads\/2023\/10\/logo-safety-lean.jpg","width":360,"height":120,"caption":"Safety Lean Consulting"},"image":{"@id":"https:\/\/www.safetylean.com\/ca#\/schema\/logo\/image\/"},"sameAs":["https:\/\/www.linkedin.com\/company\/safety-lean-consulting\/about\/"]}]}},"_links":{"self":[{"href":"https:\/\/www.safetylean.com\/ca\/wp-json\/wp\/v2\/pages\/1850","targetHints":{"allow":["GET"]}}],"collection":[{"href":"https:\/\/www.safetylean.com\/ca\/wp-json\/wp\/v2\/pages"}],"about":[{"href":"https:\/\/www.safetylean.com\/ca\/wp-json\/wp\/v2\/types\/page"}],"author":[{"embeddable":true,"href":"https:\/\/www.safetylean.com\/ca\/wp-json\/wp\/v2\/users\/1"}],"replies":[{"embeddable":true,"href":"https:\/\/www.safetylean.com\/ca\/wp-json\/wp\/v2\/comments?post=1850"}],"version-history":[{"count":6,"href":"https:\/\/www.safetylean.com\/ca\/wp-json\/wp\/v2\/pages\/1850\/revisions"}],"predecessor-version":[{"id":1861,"href":"https:\/\/www.safetylean.com\/ca\/wp-json\/wp\/v2\/pages\/1850\/revisions\/1861"}],"up":[{"embeddable":true,"href":"https:\/\/www.safetylean.com\/ca\/wp-json\/wp\/v2\/pages\/1838"}],"wp:attachment":[{"href":"https:\/\/www.safetylean.com\/ca\/wp-json\/wp\/v2\/media?parent=1850"}],"curies":[{"name":"wp","href":"https:\/\/api.w.org\/{rel}","templated":true}]}}