{"id":1843,"date":"2023-11-02T17:37:28","date_gmt":"2023-11-02T16:37:28","guid":{"rendered":"https:\/\/www.safetylean.com\/equip-qui\/philippe-debruyne"},"modified":"2023-11-22T16:35:20","modified_gmt":"2023-11-22T15:35:20","slug":"philippe-debruyne","status":"publish","type":"page","link":"https:\/\/www.safetylean.com\/ca\/equip-qui\/philippe-debruyne","title":{"rendered":"Philippe Debruyne"},"content":{"rendered":"\n<div class=\"wp-block-columns is-layout-flex wp-container-core-columns-is-layout-e6ff2d15 wp-block-columns-is-layout-flex\" id=\"philippe\" style=\"padding-top:var(--wp--preset--spacing--medium);padding-bottom:var(--wp--preset--spacing--medium)\">\n<div class=\"wp-block-column is-layout-flow wp-block-column-is-layout-flow\" style=\"flex-basis:33.33%\">\n<figure class=\"wp-block-image size-full\"><img decoding=\"async\" src=\"data:image\/svg+xml,%3Csvg%20width%3D%22393%22%20height%3D%22393%22%20xmlns%3D%22http:\/\/www.w3.org\/2000\/svg%22%20viewBox%3D%220%200%20393%20393%22%3E%3C\/svg%3E\" alt class=\"wp-image-952 fy-content__image fy-lazy js-lazy\" width=\"393\" height=\"393\" data-src=\"https:\/\/www.safetylean.com\/wp-content\/uploads\/2023\/10\/equipo-philippe.jpg\"><div class=\"fy-image-loading fy-image-loading--skeleton\" aria-hidden=\"true\"><\/div><\/figure>\n<\/div>\n\n\n\n<div class=\"wp-block-column is-layout-flow wp-block-column-is-layout-flow\" style=\"flex-basis:66.66%\">\n<p>Vaig n\u00e9ixer a Lille l&#8217;any en qu\u00e8 la paraula \u201cpr\u00e9venteur\u201d entrava al diccionari franc\u00e8s i el nou franc entrava als moneders.<\/p>\n\n\n\n<p>Les pr\u00e0ctiques durant els estudis d&#8217;enginyeria en inform\u00e0tica i automatitzaci\u00f3 em van permetre entendre la interf\u00edcie home-m\u00e0quina i les seves m\u00faltiples conseq\u00fc\u00e8ncies.<\/p>\n\n\n\n<p>El meu primer treball, a la ind\u00fastria sider\u00fargica, em va portar de la inform\u00e0tica te\u00f2rica a la realitat del terreny. Va ser una experi\u00e8ncia captivadora respondre la pregunta: com fer respectar un procediment? La resposta gira al voltant de les persones, els m\u00e8todes i la seva aplicaci\u00f3.<\/p>\n\n\n\n<p>Despr\u00e9s d&#8217;una experi\u00e8ncia a l&#8217;estranger, en una PIME australiana, vaig con\u00e8ixer Frank Bird i la seva pir\u00e0mide a Atlanta i vaig decidir aplicar l&#8217;activitat que m\u00e9s uneix en qualsevol negoci: la seguretat.<\/p>\n\n\n\n<p>Primer com a consultor SHEQ durant deu anys, despr\u00e9s novament com a operatiu en una planta SEVESO.<\/p>\n\n\n\n<p>Despr\u00e9s de completar el meu perfil professional amb temes de comportament hum\u00e0, vaig coordinar \u00e0rees d\u2019H&amp;S des de la central de grans grups en ind\u00fastries d&#8217;acer, transport i telecomunicacions durant una d\u00e8cada.<\/p>\n\n\n\n<p>Tots aquests llocs m&#8217;han confirmat que la cultura de millora cont\u00ednua requereix treballar en seguretat, per i amb les persones, ajudant-se de les eines de la filosofia Lean manufacturing.<\/p>\n\n\n\n<p>Per aix\u00f2 la converg\u00e8ncia Safety-Lean: persones, eines i la seva aplicaci\u00f3 al terreny.<\/p>\n\n\n\n<p>Si vols m\u00e9s detalls, mira el meu CV a<\/p>\n\n\n\n<ul class=\"wp-block-social-links is-content-justification-left is-layout-flex wp-container-core-social-links-is-layout-fc4fd283 wp-block-social-links-is-layout-flex\"><li class=\"wp-social-link wp-social-link-linkedin  wp-block-social-link\"><a rel=\"noopener nofollow\" target=\"_blank\" href=\"https:\/\/es.linkedin.com\/in\/philippe-debruyne-867396b1\" class=\"wp-block-social-link-anchor\"><svg width=\"24\" height=\"24\" viewBox=\"0 0 24 24\" version=\"1.1\" xmlns=\"http:\/\/www.w3.org\/2000\/svg\" aria-hidden=\"true\" focusable=\"false\"><path d=\"M19.7,3H4.3C3.582,3,3,3.582,3,4.3v15.4C3,20.418,3.582,21,4.3,21h15.4c0.718,0,1.3-0.582,1.3-1.3V4.3 C21,3.582,20.418,3,19.7,3z M8.339,18.338H5.667v-8.59h2.672V18.338z M7.004,8.574c-0.857,0-1.549-0.694-1.549-1.548 c0-0.855,0.691-1.548,1.549-1.548c0.854,0,1.547,0.694,1.547,1.548C8.551,7.881,7.858,8.574,7.004,8.574z M18.339,18.338h-2.669 v-4.177c0-0.996-0.017-2.278-1.387-2.278c-1.389,0-1.601,1.086-1.601,2.206v4.249h-2.667v-8.59h2.559v1.174h0.037 c0.356-0.675,1.227-1.387,2.526-1.387c2.703,0,3.203,1.779,3.203,4.092V18.338z\"><\/path><\/svg><span class=\"wp-block-social-link-label screen-reader-text\">LinkedIn<\/span><\/a><\/li><\/ul>\n<\/div>\n<\/div>\n","protected":false},"excerpt":{"rendered":"<p>Vaig n\u00e9ixer a Lille l&#8217;any en qu\u00e8 la paraula \u201cpr\u00e9venteur\u201d entrava al diccionari franc\u00e8s i el nou franc entrava als moneders. Les pr\u00e0ctiques durant &#8230;<\/p>\n","protected":false},"author":1,"featured_media":0,"parent":1838,"menu_order":2,"comment_status":"closed","ping_status":"closed","template":"","meta":{"footnotes":""},"class_list":["post-1843","page","type-page","status-publish","hentry"],"yoast_head":"<!-- This site is optimized with the Yoast SEO plugin v21.5 - https:\/\/yoast.com\/wordpress\/plugins\/seo\/ -->\n<title>Philippe Debruyne - Safety Lean Consulting<\/title>\n<meta name=\"robots\" content=\"index, follow, max-snippet:-1, max-image-preview:large, max-video-preview:-1\" \/>\n<link rel=\"canonical\" href=\"https:\/\/www.safetylean.com\/ca\/equip-qui\/philippe-debruyne\" \/>\n<meta property=\"og:locale\" content=\"ca_ES\" \/>\n<meta property=\"og:type\" content=\"article\" \/>\n<meta property=\"og:title\" content=\"Philippe Debruyne - Safety Lean Consulting\" \/>\n<meta property=\"og:description\" content=\"Vaig n\u00e9ixer a Lille l&#8217;any en qu\u00e8 la paraula \u201cpr\u00e9venteur\u201d entrava al diccionari franc\u00e8s i el nou franc entrava als moneders. Les pr\u00e0ctiques durant ...\" \/>\n<meta property=\"og:url\" content=\"https:\/\/www.safetylean.com\/ca\/equip-qui\/philippe-debruyne\" \/>\n<meta property=\"og:site_name\" content=\"Safety Lean Consulting\" \/>\n<meta property=\"article:modified_time\" content=\"2023-11-22T15:35:20+00:00\" \/>\n<meta property=\"og:image\" content=\"https:\/\/www.safetylean.com\/wp-content\/uploads\/2023\/10\/equipo-philippe.jpg\" \/>\n<meta name=\"twitter:card\" content=\"summary_large_image\" \/>\n<meta name=\"twitter:label1\" content=\"Temps estimat de lectura\" \/>\n\t<meta name=\"twitter:data1\" content=\"2 minuts\" \/>\n<script type=\"application\/ld+json\" class=\"yoast-schema-graph\">{\"@context\":\"https:\/\/schema.org\",\"@graph\":[{\"@type\":\"WebPage\",\"@id\":\"https:\/\/www.safetylean.com\/ca\/equip-qui\/philippe-debruyne\",\"url\":\"https:\/\/www.safetylean.com\/ca\/equip-qui\/philippe-debruyne\",\"name\":\"Philippe Debruyne - Safety Lean Consulting\",\"isPartOf\":{\"@id\":\"https:\/\/www.safetylean.com\/ca#website\"},\"datePublished\":\"2023-11-02T16:37:28+00:00\",\"dateModified\":\"2023-11-22T15:35:20+00:00\",\"breadcrumb\":{\"@id\":\"https:\/\/www.safetylean.com\/ca\/equip-qui\/philippe-debruyne#breadcrumb\"},\"inLanguage\":\"ca\",\"potentialAction\":[{\"@type\":\"ReadAction\",\"target\":[\"https:\/\/www.safetylean.com\/ca\/equip-qui\/philippe-debruyne\"]}]},{\"@type\":\"BreadcrumbList\",\"@id\":\"https:\/\/www.safetylean.com\/ca\/equip-qui\/philippe-debruyne#breadcrumb\",\"itemListElement\":[{\"@type\":\"ListItem\",\"position\":1,\"name\":\"Portada\",\"item\":\"https:\/\/www.safetylean.com\/ca\"},{\"@type\":\"ListItem\",\"position\":2,\"name\":\"Qui?\",\"item\":\"https:\/\/www.safetylean.com\/ca\/equip-qui\"},{\"@type\":\"ListItem\",\"position\":3,\"name\":\"Philippe Debruyne\"}]},{\"@type\":\"WebSite\",\"@id\":\"https:\/\/www.safetylean.com\/ca#website\",\"url\":\"https:\/\/www.safetylean.com\/ca\",\"name\":\"Safety Lean Consulting\",\"description\":\"Lean Manufacturing &amp; Risk Prevention\",\"publisher\":{\"@id\":\"https:\/\/www.safetylean.com\/ca#organization\"},\"potentialAction\":[{\"@type\":\"SearchAction\",\"target\":{\"@type\":\"EntryPoint\",\"urlTemplate\":\"https:\/\/www.safetylean.com\/ca?s={search_term_string}\"},\"query-input\":\"required name=search_term_string\"}],\"inLanguage\":\"ca\"},{\"@type\":\"Organization\",\"@id\":\"https:\/\/www.safetylean.com\/ca#organization\",\"name\":\"Safety Lean Consulting\",\"url\":\"https:\/\/www.safetylean.com\/ca\",\"logo\":{\"@type\":\"ImageObject\",\"inLanguage\":\"ca\",\"@id\":\"https:\/\/www.safetylean.com\/ca#\/schema\/logo\/image\/\",\"url\":\"https:\/\/www.safetylean.com\/wp-content\/uploads\/2023\/10\/logo-safety-lean.jpg\",\"contentUrl\":\"https:\/\/www.safetylean.com\/wp-content\/uploads\/2023\/10\/logo-safety-lean.jpg\",\"width\":360,\"height\":120,\"caption\":\"Safety Lean Consulting\"},\"image\":{\"@id\":\"https:\/\/www.safetylean.com\/ca#\/schema\/logo\/image\/\"},\"sameAs\":[\"https:\/\/www.linkedin.com\/company\/safety-lean-consulting\/about\/\"]}]}<\/script>\n<!-- \/ Yoast SEO plugin. -->","yoast_head_json":{"title":"Philippe Debruyne - Safety Lean Consulting","robots":{"index":"index","follow":"follow","max-snippet":"max-snippet:-1","max-image-preview":"max-image-preview:large","max-video-preview":"max-video-preview:-1"},"canonical":"https:\/\/www.safetylean.com\/ca\/equip-qui\/philippe-debruyne","og_locale":"ca_ES","og_type":"article","og_title":"Philippe Debruyne - Safety Lean Consulting","og_description":"Vaig n\u00e9ixer a Lille l&#8217;any en qu\u00e8 la paraula \u201cpr\u00e9venteur\u201d entrava al diccionari franc\u00e8s i el nou franc entrava als moneders. Les pr\u00e0ctiques durant ...","og_url":"https:\/\/www.safetylean.com\/ca\/equip-qui\/philippe-debruyne","og_site_name":"Safety Lean Consulting","article_modified_time":"2023-11-22T15:35:20+00:00","og_image":[{"url":"https:\/\/www.safetylean.com\/wp-content\/uploads\/2023\/10\/equipo-philippe.jpg"}],"twitter_card":"summary_large_image","twitter_misc":{"Temps estimat de lectura":"2 minuts"},"schema":{"@context":"https:\/\/schema.org","@graph":[{"@type":"WebPage","@id":"https:\/\/www.safetylean.com\/ca\/equip-qui\/philippe-debruyne","url":"https:\/\/www.safetylean.com\/ca\/equip-qui\/philippe-debruyne","name":"Philippe Debruyne - Safety Lean Consulting","isPartOf":{"@id":"https:\/\/www.safetylean.com\/ca#website"},"datePublished":"2023-11-02T16:37:28+00:00","dateModified":"2023-11-22T15:35:20+00:00","breadcrumb":{"@id":"https:\/\/www.safetylean.com\/ca\/equip-qui\/philippe-debruyne#breadcrumb"},"inLanguage":"ca","potentialAction":[{"@type":"ReadAction","target":["https:\/\/www.safetylean.com\/ca\/equip-qui\/philippe-debruyne"]}]},{"@type":"BreadcrumbList","@id":"https:\/\/www.safetylean.com\/ca\/equip-qui\/philippe-debruyne#breadcrumb","itemListElement":[{"@type":"ListItem","position":1,"name":"Portada","item":"https:\/\/www.safetylean.com\/ca"},{"@type":"ListItem","position":2,"name":"Qui?","item":"https:\/\/www.safetylean.com\/ca\/equip-qui"},{"@type":"ListItem","position":3,"name":"Philippe Debruyne"}]},{"@type":"WebSite","@id":"https:\/\/www.safetylean.com\/ca#website","url":"https:\/\/www.safetylean.com\/ca","name":"Safety Lean Consulting","description":"Lean Manufacturing &amp; Risk Prevention","publisher":{"@id":"https:\/\/www.safetylean.com\/ca#organization"},"potentialAction":[{"@type":"SearchAction","target":{"@type":"EntryPoint","urlTemplate":"https:\/\/www.safetylean.com\/ca?s={search_term_string}"},"query-input":"required name=search_term_string"}],"inLanguage":"ca"},{"@type":"Organization","@id":"https:\/\/www.safetylean.com\/ca#organization","name":"Safety Lean Consulting","url":"https:\/\/www.safetylean.com\/ca","logo":{"@type":"ImageObject","inLanguage":"ca","@id":"https:\/\/www.safetylean.com\/ca#\/schema\/logo\/image\/","url":"https:\/\/www.safetylean.com\/wp-content\/uploads\/2023\/10\/logo-safety-lean.jpg","contentUrl":"https:\/\/www.safetylean.com\/wp-content\/uploads\/2023\/10\/logo-safety-lean.jpg","width":360,"height":120,"caption":"Safety Lean Consulting"},"image":{"@id":"https:\/\/www.safetylean.com\/ca#\/schema\/logo\/image\/"},"sameAs":["https:\/\/www.linkedin.com\/company\/safety-lean-consulting\/about\/"]}]}},"_links":{"self":[{"href":"https:\/\/www.safetylean.com\/ca\/wp-json\/wp\/v2\/pages\/1843","targetHints":{"allow":["GET"]}}],"collection":[{"href":"https:\/\/www.safetylean.com\/ca\/wp-json\/wp\/v2\/pages"}],"about":[{"href":"https:\/\/www.safetylean.com\/ca\/wp-json\/wp\/v2\/types\/page"}],"author":[{"embeddable":true,"href":"https:\/\/www.safetylean.com\/ca\/wp-json\/wp\/v2\/users\/1"}],"replies":[{"embeddable":true,"href":"https:\/\/www.safetylean.com\/ca\/wp-json\/wp\/v2\/comments?post=1843"}],"version-history":[{"count":1,"href":"https:\/\/www.safetylean.com\/ca\/wp-json\/wp\/v2\/pages\/1843\/revisions"}],"predecessor-version":[{"id":1847,"href":"https:\/\/www.safetylean.com\/ca\/wp-json\/wp\/v2\/pages\/1843\/revisions\/1847"}],"up":[{"embeddable":true,"href":"https:\/\/www.safetylean.com\/ca\/wp-json\/wp\/v2\/pages\/1838"}],"wp:attachment":[{"href":"https:\/\/www.safetylean.com\/ca\/wp-json\/wp\/v2\/media?parent=1843"}],"curies":[{"name":"wp","href":"https:\/\/api.w.org\/{rel}","templated":true}]}}