{"id":1838,"date":"2023-10-05T11:10:58","date_gmt":"2023-10-05T09:10:58","guid":{"rendered":"https:\/\/www.safetylean.com\/equipo-quien"},"modified":"2023-11-22T16:34:27","modified_gmt":"2023-11-22T15:34:27","slug":"equip-qui","status":"publish","type":"page","link":"https:\/\/www.safetylean.com\/ca\/equip-qui","title":{"rendered":"Qui?"},"content":{"rendered":"\n<div class=\"wp-block-columns is-layout-flex wp-container-core-columns-is-layout-28f84493 wp-block-columns-is-layout-flex\">\n<div class=\"wp-block-column is-layout-flow wp-block-column-is-layout-flow\">\n<p>Les persones s\u00f3n el m\u00e9s important aix\u00ed que abans d&#8217;explicar-te com treballem i qu\u00e8 sabem fer, volem explicar-te qui som.<\/p>\n\n\n\n<p><strong>Som dos enginyers apassionats per la nostra feina<\/strong>, conven\u00e7uts que la millora \u00e9s infinita, que les persones s\u00f3n el recurs m\u00e9s valu\u00f3s de tota empresa, que la seva salut i seguretat s\u00f3n una prioritat no negociable, i que la clau per aconseguir processos eficients \u00e9s formar, escoltar, acompanyar i motivar els equips.<br><br>2 persones que sumant 65 anys d&#8217;experi\u00e8ncia professional vam decidir crear Safety Lean Consulting per poder gaudir amb m\u00e9s autonomia fent el que ens agrada: formar les persones i ajudar les empreses a millorar.<\/p>\n<\/div>\n<\/div>\n\n\n\n<div class=\"wp-block-columns alignwide are-vertically-aligned-center is-layout-flex wp-container-core-columns-is-layout-e1a2089c wp-block-columns-is-layout-flex\">\n<div class=\"wp-block-column is-vertically-aligned-center is-layout-flow wp-block-column-is-layout-flow\" style=\"flex-basis:20%\"><\/div>\n\n\n\n<div class=\"wp-block-column is-vertically-aligned-center has-cnt-bg-color has-cnt-background-color has-text-color has-background is-layout-flow wp-block-column-is-layout-flow\" style=\"flex-basis:30%\">\n<figure class=\"wp-block-image size-full\"><a href=\"https:\/\/www.safetylean.com\/ca\/equip-qui\/agata-lafont\"><img decoding=\"async\" src=\"data:image\/svg+xml,%3Csvg%20width%3D%22276%22%20height%3D%22276%22%20xmlns%3D%22http:\/\/www.w3.org\/2000\/svg%22%20viewBox%3D%220%200%20276%20276%22%3E%3C\/svg%3E\" alt class=\"wp-image-1299 fy-content__image fy-lazy js-lazy\" style=\"aspect-ratio:1;object-fit:contain\" width=\"276\" height=\"276\" data-src=\"https:\/\/www.safetylean.com\/wp-content\/uploads\/2023\/11\/equipo-agata-lean-edited.jpg\"><div class=\"fy-image-loading fy-image-loading--skeleton\" aria-hidden=\"true\"><\/div><\/a><\/figure>\n\n\n\n<h3 class=\"wp-block-heading has-text-align-center\"><a href=\"https:\/\/www.safetylean.com\/ca\/equip-qui\/agata-lafont\">Agata Lafont<\/a><\/h3>\n<\/div>\n\n\n\n<div class=\"wp-block-column is-vertically-aligned-center has-cnt-bg-color has-cnt-background-color has-text-color has-background is-layout-flow wp-block-column-is-layout-flow\" style=\"flex-basis:30%\">\n<figure class=\"wp-block-image size-full\"><a href=\"https:\/\/www.safetylean.com\/ca\/equip-qui\/philippe-debruyne\"><img decoding=\"async\" src=\"data:image\/svg+xml,%3Csvg%20width%3D%22276%22%20height%3D%22276%22%20xmlns%3D%22http:\/\/www.w3.org\/2000\/svg%22%20viewBox%3D%220%200%20276%20276%22%3E%3C\/svg%3E\" alt class=\"wp-image-1300 fy-content__image fy-lazy js-lazy\" style=\"aspect-ratio:1;object-fit:contain\" width=\"276\" height=\"276\" data-src=\"https:\/\/www.safetylean.com\/wp-content\/uploads\/2023\/11\/philippe-safety-edited.jpg\"><div class=\"fy-image-loading fy-image-loading--skeleton\" aria-hidden=\"true\"><\/div><\/a><\/figure>\n\n\n\n<h3 class=\"wp-block-heading has-text-align-center\"><a href=\"https:\/\/www.safetylean.com\/equipo-quien\/philippe-debruyne\">Philippe Debru<\/a><a href=\"https:\/\/www.safetylean.com\/ca\/equip-qui\/philippe-debruyne\">yne<\/a><\/h3>\n<\/div>\n\n\n\n<div class=\"wp-block-column is-vertically-aligned-center is-layout-flow wp-block-column-is-layout-flow\" style=\"flex-basis:20%\"><\/div>\n<\/div>\n","protected":false},"excerpt":{"rendered":"<p>Les persones s\u00f3n el m\u00e9s important aix\u00ed que abans d&#8217;explicar-te com treballem i qu\u00e8 sabem fer, volem explicar-te qui som. Som dos enginyers apassionats &#8230;<\/p>\n","protected":false},"author":1,"featured_media":0,"parent":0,"menu_order":0,"comment_status":"closed","ping_status":"closed","template":"","meta":{"footnotes":""},"class_list":["post-1838","page","type-page","status-publish","hentry"],"yoast_head":"<!-- This site is optimized with the Yoast SEO plugin v21.5 - https:\/\/yoast.com\/wordpress\/plugins\/seo\/ -->\n<title>Qui? - Safety Lean Consulting<\/title>\n<meta name=\"robots\" content=\"index, follow, max-snippet:-1, max-image-preview:large, max-video-preview:-1\" \/>\n<link rel=\"canonical\" href=\"https:\/\/www.safetylean.com\/ca\/equip-qui\" \/>\n<meta property=\"og:locale\" content=\"ca_ES\" \/>\n<meta property=\"og:type\" content=\"article\" \/>\n<meta property=\"og:title\" content=\"Qui? - Safety Lean Consulting\" \/>\n<meta property=\"og:description\" content=\"Les persones s\u00f3n el m\u00e9s important aix\u00ed que abans d&#8217;explicar-te com treballem i qu\u00e8 sabem fer, volem explicar-te qui som. Som dos enginyers apassionats ...\" \/>\n<meta property=\"og:url\" content=\"https:\/\/www.safetylean.com\/ca\/equip-qui\" \/>\n<meta property=\"og:site_name\" content=\"Safety Lean Consulting\" \/>\n<meta property=\"article:modified_time\" content=\"2023-11-22T15:34:27+00:00\" \/>\n<meta property=\"og:image\" content=\"https:\/\/www.safetylean.com\/wp-content\/uploads\/2023\/11\/equipo-agata-lean-edited.jpg\" \/>\n<meta name=\"twitter:card\" content=\"summary_large_image\" \/>\n<meta name=\"twitter:label1\" content=\"Temps estimat de lectura\" \/>\n\t<meta name=\"twitter:data1\" content=\"1 minut\" \/>\n<script type=\"application\/ld+json\" class=\"yoast-schema-graph\">{\"@context\":\"https:\/\/schema.org\",\"@graph\":[{\"@type\":\"WebPage\",\"@id\":\"https:\/\/www.safetylean.com\/ca\/equip-qui\",\"url\":\"https:\/\/www.safetylean.com\/ca\/equip-qui\",\"name\":\"Qui? - Safety Lean Consulting\",\"isPartOf\":{\"@id\":\"https:\/\/www.safetylean.com\/ca#website\"},\"datePublished\":\"2023-10-05T09:10:58+00:00\",\"dateModified\":\"2023-11-22T15:34:27+00:00\",\"breadcrumb\":{\"@id\":\"https:\/\/www.safetylean.com\/ca\/equip-qui#breadcrumb\"},\"inLanguage\":\"ca\",\"potentialAction\":[{\"@type\":\"ReadAction\",\"target\":[\"https:\/\/www.safetylean.com\/ca\/equip-qui\"]}]},{\"@type\":\"BreadcrumbList\",\"@id\":\"https:\/\/www.safetylean.com\/ca\/equip-qui#breadcrumb\",\"itemListElement\":[{\"@type\":\"ListItem\",\"position\":1,\"name\":\"Portada\",\"item\":\"https:\/\/www.safetylean.com\/ca\"},{\"@type\":\"ListItem\",\"position\":2,\"name\":\"Qui?\"}]},{\"@type\":\"WebSite\",\"@id\":\"https:\/\/www.safetylean.com\/ca#website\",\"url\":\"https:\/\/www.safetylean.com\/ca\",\"name\":\"Safety Lean Consulting\",\"description\":\"Lean Manufacturing &amp; Risk Prevention\",\"publisher\":{\"@id\":\"https:\/\/www.safetylean.com\/ca#organization\"},\"potentialAction\":[{\"@type\":\"SearchAction\",\"target\":{\"@type\":\"EntryPoint\",\"urlTemplate\":\"https:\/\/www.safetylean.com\/ca?s={search_term_string}\"},\"query-input\":\"required name=search_term_string\"}],\"inLanguage\":\"ca\"},{\"@type\":\"Organization\",\"@id\":\"https:\/\/www.safetylean.com\/ca#organization\",\"name\":\"Safety Lean Consulting\",\"url\":\"https:\/\/www.safetylean.com\/ca\",\"logo\":{\"@type\":\"ImageObject\",\"inLanguage\":\"ca\",\"@id\":\"https:\/\/www.safetylean.com\/ca#\/schema\/logo\/image\/\",\"url\":\"https:\/\/www.safetylean.com\/wp-content\/uploads\/2023\/10\/logo-safety-lean.jpg\",\"contentUrl\":\"https:\/\/www.safetylean.com\/wp-content\/uploads\/2023\/10\/logo-safety-lean.jpg\",\"width\":360,\"height\":120,\"caption\":\"Safety Lean Consulting\"},\"image\":{\"@id\":\"https:\/\/www.safetylean.com\/ca#\/schema\/logo\/image\/\"},\"sameAs\":[\"https:\/\/www.linkedin.com\/company\/safety-lean-consulting\/about\/\"]}]}<\/script>\n<!-- \/ Yoast SEO plugin. -->","yoast_head_json":{"title":"Qui? - Safety Lean Consulting","robots":{"index":"index","follow":"follow","max-snippet":"max-snippet:-1","max-image-preview":"max-image-preview:large","max-video-preview":"max-video-preview:-1"},"canonical":"https:\/\/www.safetylean.com\/ca\/equip-qui","og_locale":"ca_ES","og_type":"article","og_title":"Qui? - Safety Lean Consulting","og_description":"Les persones s\u00f3n el m\u00e9s important aix\u00ed que abans d&#8217;explicar-te com treballem i qu\u00e8 sabem fer, volem explicar-te qui som. Som dos enginyers apassionats ...","og_url":"https:\/\/www.safetylean.com\/ca\/equip-qui","og_site_name":"Safety Lean Consulting","article_modified_time":"2023-11-22T15:34:27+00:00","og_image":[{"url":"https:\/\/www.safetylean.com\/wp-content\/uploads\/2023\/11\/equipo-agata-lean-edited.jpg"}],"twitter_card":"summary_large_image","twitter_misc":{"Temps estimat de lectura":"1 minut"},"schema":{"@context":"https:\/\/schema.org","@graph":[{"@type":"WebPage","@id":"https:\/\/www.safetylean.com\/ca\/equip-qui","url":"https:\/\/www.safetylean.com\/ca\/equip-qui","name":"Qui? - Safety Lean Consulting","isPartOf":{"@id":"https:\/\/www.safetylean.com\/ca#website"},"datePublished":"2023-10-05T09:10:58+00:00","dateModified":"2023-11-22T15:34:27+00:00","breadcrumb":{"@id":"https:\/\/www.safetylean.com\/ca\/equip-qui#breadcrumb"},"inLanguage":"ca","potentialAction":[{"@type":"ReadAction","target":["https:\/\/www.safetylean.com\/ca\/equip-qui"]}]},{"@type":"BreadcrumbList","@id":"https:\/\/www.safetylean.com\/ca\/equip-qui#breadcrumb","itemListElement":[{"@type":"ListItem","position":1,"name":"Portada","item":"https:\/\/www.safetylean.com\/ca"},{"@type":"ListItem","position":2,"name":"Qui?"}]},{"@type":"WebSite","@id":"https:\/\/www.safetylean.com\/ca#website","url":"https:\/\/www.safetylean.com\/ca","name":"Safety Lean Consulting","description":"Lean Manufacturing &amp; Risk Prevention","publisher":{"@id":"https:\/\/www.safetylean.com\/ca#organization"},"potentialAction":[{"@type":"SearchAction","target":{"@type":"EntryPoint","urlTemplate":"https:\/\/www.safetylean.com\/ca?s={search_term_string}"},"query-input":"required name=search_term_string"}],"inLanguage":"ca"},{"@type":"Organization","@id":"https:\/\/www.safetylean.com\/ca#organization","name":"Safety Lean Consulting","url":"https:\/\/www.safetylean.com\/ca","logo":{"@type":"ImageObject","inLanguage":"ca","@id":"https:\/\/www.safetylean.com\/ca#\/schema\/logo\/image\/","url":"https:\/\/www.safetylean.com\/wp-content\/uploads\/2023\/10\/logo-safety-lean.jpg","contentUrl":"https:\/\/www.safetylean.com\/wp-content\/uploads\/2023\/10\/logo-safety-lean.jpg","width":360,"height":120,"caption":"Safety Lean Consulting"},"image":{"@id":"https:\/\/www.safetylean.com\/ca#\/schema\/logo\/image\/"},"sameAs":["https:\/\/www.linkedin.com\/company\/safety-lean-consulting\/about\/"]}]}},"_links":{"self":[{"href":"https:\/\/www.safetylean.com\/ca\/wp-json\/wp\/v2\/pages\/1838","targetHints":{"allow":["GET"]}}],"collection":[{"href":"https:\/\/www.safetylean.com\/ca\/wp-json\/wp\/v2\/pages"}],"about":[{"href":"https:\/\/www.safetylean.com\/ca\/wp-json\/wp\/v2\/types\/page"}],"author":[{"embeddable":true,"href":"https:\/\/www.safetylean.com\/ca\/wp-json\/wp\/v2\/users\/1"}],"replies":[{"embeddable":true,"href":"https:\/\/www.safetylean.com\/ca\/wp-json\/wp\/v2\/comments?post=1838"}],"version-history":[{"count":2,"href":"https:\/\/www.safetylean.com\/ca\/wp-json\/wp\/v2\/pages\/1838\/revisions"}],"predecessor-version":[{"id":1846,"href":"https:\/\/www.safetylean.com\/ca\/wp-json\/wp\/v2\/pages\/1838\/revisions\/1846"}],"wp:attachment":[{"href":"https:\/\/www.safetylean.com\/ca\/wp-json\/wp\/v2\/media?parent=1838"}],"curies":[{"name":"wp","href":"https:\/\/api.w.org\/{rel}","templated":true}]}}