{"id":1828,"date":"2023-10-05T11:08:28","date_gmt":"2023-10-05T09:08:28","guid":{"rendered":"https:\/\/www.safetylean.com\/empresa-por-que"},"modified":"2023-11-28T09:20:58","modified_gmt":"2023-11-28T08:20:58","slug":"empresa-per-que","status":"publish","type":"page","link":"https:\/\/www.safetylean.com\/ca\/empresa-per-que","title":{"rendered":"Per qu\u00e8?"},"content":{"rendered":"\n<div class=\"wp-block-columns are-vertically-aligned-top is-layout-flex wp-container-core-columns-is-layout-28f84493 wp-block-columns-is-layout-flex\">\n<div class=\"wp-block-column is-vertically-aligned-top is-layout-flow wp-block-column-is-layout-flow\" style=\"flex-basis:50%\">\n<p>Safety Lean Consulting S.L. \u00e9s una empresa de formaci\u00f3 i consultoria especialitzada en <strong>millora cont\u00ednua<\/strong>, <strong>prevenci\u00f3 de riscos laborals<\/strong> i <strong>gesti\u00f3 del canvi.<\/strong><\/p>\n\n\n\n<p><strong>Per qu\u00e8 unir prevenci\u00f3 (Safety) i millora cont\u00ednua (Lean)?<\/strong><\/p>\n\n\n\n<ul class=\"wp-block-list\">\n<li>Perqu\u00e8 en una \u00e8poca on tot canvia a un ritme fren\u00e8tic, els <strong>principis d&#8217;efici\u00e8ncia<\/strong> continuen sent els mateixos que fa 50 anys: reduir les activitats que no aporten cap valor, maximitzar la qualitat dels productes i assegurar el benestar de les persones.<\/li>\n\n\n\n<li>Perqu\u00e8 una <strong>mentalitat de millora cont\u00ednua<\/strong> no implica nom\u00e9s la millora dels processos, sin\u00f3 tamb\u00e9 la millora de les condicions de treball de les persones. Nom\u00e9s amb <strong>equips motivats<\/strong> es pot arribar a ser competitiu.<\/li>\n\n\n\n<li>Perqu\u00e8 tot <strong>canvi<\/strong> comporta un proc\u00e9s <strong>d&#8217;adaptaci\u00f3<\/strong> que cal respectar per obtenir equips implicats i millores durables.<\/li>\n<\/ul>\n<\/div>\n\n\n\n<div class=\"wp-block-column is-vertically-aligned-top is-layout-flow wp-block-column-is-layout-flow\" style=\"flex-basis:50%\">\n<figure class=\"wp-block-image\"><img decoding=\"async\" src=\"data:image\/svg+xml,%3Csvg%20width%3D%221000%22%20height%3D%22689%22%20xmlns%3D%22http:\/\/www.w3.org\/2000\/svg%22%20viewBox%3D%220%200%201000%20689%22%3E%3C\/svg%3E\" alt class=\"wp-image-934 fy-content__image fy-lazy js-lazy\" width=\"1000\" height=\"689\" data-src=\"https:\/\/www.safetylean.com\/wp-content\/uploads\/2023\/10\/presentacion-safety-lean.jpg\"><div class=\"fy-image-loading fy-image-loading--skeleton\" aria-hidden=\"true\"><\/div><\/figure>\n<\/div>\n<\/div>\n\n\n\n<div class=\"wp-block-group alignfull has-background is-layout-flow wp-block-group-is-layout-flow\" style=\"background-color:#ccd6e0;padding-top:8vw;padding-right:6vw;padding-bottom:8vw;padding-left:6vw\">\n<div class=\"wp-block-group is-vertical is-nowrap is-layout-flex wp-container-core-group-is-layout-36fd9ea3 wp-block-group-is-layout-flex\" style=\"padding-right:0;padding-left:0\">\n<h2 class=\"wp-block-heading has-cnt-color has-text-color\" id=\"missio\" style=\"font-size:50px\">Missi\u00f3 \/ Valors \/ Visi\u00f3<\/h2>\n<\/div>\n\n\n\n<div style=\"height:1vw\" aria-hidden=\"true\" class=\"wp-block-spacer\"><\/div>\n\n\n\n<div class=\"wp-block-media-text is-stacked-on-mobile\"><figure class=\"wp-block-media-text__media\"><img decoding=\"async\" src=\"data:image\/svg+xml,%3Csvg%20width%3D%22900%22%20height%3D%22600%22%20xmlns%3D%22http:\/\/www.w3.org\/2000\/svg%22%20viewBox%3D%220%200%20900%20600%22%3E%3C\/svg%3E\" alt class=\"wp-image-1068 size-full fy-content__image fy-lazy js-lazy\" width=\"900\" height=\"600\" data-src=\"https:\/\/www.safetylean.com\/wp-content\/uploads\/2023\/10\/mision-safetylean.jpg\"><div class=\"fy-image-loading fy-image-loading--skeleton\" aria-hidden=\"true\"><\/div><\/figure><div class=\"wp-block-media-text__content\">\n<h3 class=\"wp-block-heading\">Missi\u00f3<\/h3>\n\n\n\n<p>Formar i acompanyar les persones al cam\u00ed del canvi que implica adoptar la filosofia Lean thinking per aconseguir processos eficients i equips motivats treballant en un entorn segur, amb mentalitat de millora cont\u00ednua.<\/p>\n\n\n\n<p>Aprofitar la sinergia de fusionar l&#8217;experi\u00e8ncia en prevenci\u00f3 de riscos amb l&#8217;experi\u00e8ncia a Lean.<\/p>\n<\/div><\/div>\n\n\n\n<div class=\"wp-block-media-text has-media-on-the-right is-stacked-on-mobile\"><div class=\"wp-block-media-text__content\">\n<h3 class=\"wp-block-heading\">Valors<\/h3>\n\n\n\n<ul class=\"wp-block-list\">\n<li>Respecte per les persones \u2013 Comunicar, escoltar, formar, implicar, recon\u00e8ixer, motivar.<\/li>\n\n\n\n<li>Millora cont\u00ednua \/ Aprenentatge constant &#8211; Pensar de manera diversa com sempre ho hem fet, aprendre dels errors i buscar sempre una manera millor de fer les coses.<\/li>\n\n\n\n<li>Passi\u00f3 &#8211; Estar compromesos amb el cor i amb la ment.<\/li>\n\n\n\n<li>Treball en equip \/ Progr\u00e9s compartit &#8211; Aprofitar la sinergia entre diferents perfils de persones. Nom\u00e9s treballant en equip amb el client podem acompanyar-lo en aquest proc\u00e9s de millora i vigil\u00e0ncia compartida.<\/li>\n\n\n\n<li>Honestedat i responsabilitat &#8211; Actuar amb integritat, caracter\u00edstica indispensable per aconseguir la confian\u00e7a i el respecte dels nostres clients.<\/li>\n<\/ul>\n<\/div><figure class=\"wp-block-media-text__media\"><img decoding=\"async\" src=\"data:image\/svg+xml,%3Csvg%20width%3D%22900%22%20height%3D%22600%22%20xmlns%3D%22http:\/\/www.w3.org\/2000\/svg%22%20viewBox%3D%220%200%20900%20600%22%3E%3C\/svg%3E\" alt class=\"wp-image-1069 size-full fy-content__image fy-lazy js-lazy\" width=\"900\" height=\"600\" data-src=\"https:\/\/www.safetylean.com\/wp-content\/uploads\/2023\/10\/valores-safetylean.jpg\"><div class=\"fy-image-loading fy-image-loading--skeleton\" aria-hidden=\"true\"><\/div><\/figure><\/div>\n\n\n\n<div class=\"wp-block-media-text is-stacked-on-mobile\"><figure class=\"wp-block-media-text__media\"><img decoding=\"async\" src=\"data:image\/svg+xml,%3Csvg%20width%3D%22900%22%20height%3D%22600%22%20xmlns%3D%22http:\/\/www.w3.org\/2000\/svg%22%20viewBox%3D%220%200%20900%20600%22%3E%3C\/svg%3E\" alt class=\"wp-image-1070 size-full fy-content__image fy-lazy js-lazy\" width=\"900\" height=\"600\" data-src=\"https:\/\/www.safetylean.com\/wp-content\/uploads\/2023\/10\/vision-safetylean.jpg\"><div class=\"fy-image-loading fy-image-loading--skeleton\" aria-hidden=\"true\"><\/div><\/figure><div class=\"wp-block-media-text__content\">\n<h3 class=\"wp-block-heading\">Visi\u00f3<\/h3>\n\n\n\n<p>Ajudar al major nombre d&#8217;empreses possibles \u2013 sigui quina sigui la seva mida i ofici \u2013 a compartir la nostra passi\u00f3 per la filosofia Lean i la prevenci\u00f3 de riscos.<\/p>\n<\/div><\/div>\n<\/div>\n\n\n\n<div style=\"height:50px\" aria-hidden=\"true\" class=\"wp-block-spacer\"><\/div>\n\n\n\n<div class=\"wp-block-columns is-layout-flex wp-container-core-columns-is-layout-28f84493 wp-block-columns-is-layout-flex\">\n<div class=\"wp-block-column is-layout-flow wp-block-column-is-layout-flow\" style=\"flex-basis:67%\">\n<h2 class=\"wp-block-heading\" id=\"safety-lean\" style=\"padding-top:0px\">Per qu\u00e8 Safety Lean?<\/h2>\n\n\n\n<p><strong>A Safety Lean Consulting:<\/strong><\/p>\n\n\n\n<ul class=\"wp-block-list\">\n<li>som uns fervents defensors del treball en equip i per aix\u00f2 practiquem amb l&#8217;exemple: treballem sempre en duet, perqu\u00e8 4 ulls en veuen m\u00e9s que 2, perqu\u00e8 cadasc\u00fa t\u00e9 la seva pr\u00f2pia \u201cdeformaci\u00f3\u201d professional (Philippe amb Safety i Agata amb Lean), i perqu\u00e8 quan un equip funciona \u00e9s una ll\u00e0stima no aprofitar la sinergia que es produeix.<\/li>\n\n\n\n<li>ens apassiona el que fem, perqu\u00e8 hem vist els resultats al terreny, i aix\u00f2 es transmet.<\/li>\n\n\n\n<li>q\u00fcestionem el nostre valor afegit, no volem fer-te perdre temps, ni perdre&#8217;l nosaltres.<\/li>\n<\/ul>\n\n\n\n<p>Coneixem les eines, per\u00f2 no totes les eines s&#8217;adapten a totes les situacions. Cada client \u00e9s diferent (problem\u00e0tica, recursos, necessitats), per aix\u00f2 l&#8217;estrat\u00e8gia a seguir tamb\u00e9 ho ser\u00e0. La dissenyarem junts i us acompanyarem a la implementaci\u00f3 o simplement us marcarem el cam\u00ed a seguir si el voleu rec\u00f3rrer sols.<br>Si vols millorar per\u00f2 no saps per on comen\u00e7ar&#8230;<\/p>\n\n\n\n<div class=\"wp-block-buttons is-layout-flex wp-block-buttons-is-layout-flex\">\n<div class=\"wp-block-button\"><a class=\"wp-block-button__link wp-element-button\" href=\"https:\/\/www.safetylean.com\/ca\/contacte\">Contacta&#8217;ns!<\/a><\/div>\n<\/div>\n<\/div>\n\n\n\n<div class=\"wp-block-column is-layout-flow wp-block-column-is-layout-flow\" style=\"flex-basis:33%\">\n<figure class=\"wp-block-image\"><img decoding=\"async\" src=\"data:image\/svg+xml,%3Csvg%20width%3D%22500%22%20height%3D%22770%22%20xmlns%3D%22http:\/\/www.w3.org\/2000\/svg%22%20viewBox%3D%220%200%20500%20770%22%3E%3C\/svg%3E\" alt class=\"wp-image-971 fy-content__image fy-lazy js-lazy\" width=\"500\" height=\"770\" data-src=\"https:\/\/www.safetylean.com\/wp-content\/uploads\/2023\/10\/safety-lean-empresa01.jpg\"><div class=\"fy-image-loading fy-image-loading--skeleton\" aria-hidden=\"true\"><\/div><\/figure>\n<\/div>\n<\/div>\n","protected":false},"excerpt":{"rendered":"<p>Safety Lean Consulting S.L. \u00e9s una empresa de formaci\u00f3 i consultoria especialitzada en millora cont\u00ednua, prevenci\u00f3 de riscos laborals i gesti\u00f3 del canvi. Per &#8230;<\/p>\n","protected":false},"author":1,"featured_media":0,"parent":0,"menu_order":0,"comment_status":"closed","ping_status":"closed","template":"","meta":{"footnotes":""},"class_list":["post-1828","page","type-page","status-publish","hentry"],"yoast_head":"<!-- This site is optimized with the Yoast SEO plugin v21.5 - https:\/\/yoast.com\/wordpress\/plugins\/seo\/ -->\n<title>Per qu\u00e8? - Safety Lean Consulting<\/title>\n<meta name=\"robots\" content=\"index, follow, max-snippet:-1, max-image-preview:large, max-video-preview:-1\" \/>\n<link rel=\"canonical\" href=\"https:\/\/www.safetylean.com\/ca\/empresa-per-que\" \/>\n<meta property=\"og:locale\" content=\"ca_ES\" \/>\n<meta property=\"og:type\" content=\"article\" \/>\n<meta property=\"og:title\" content=\"Per qu\u00e8? - Safety Lean Consulting\" \/>\n<meta property=\"og:description\" content=\"Safety Lean Consulting S.L. \u00e9s una empresa de formaci\u00f3 i consultoria especialitzada en millora cont\u00ednua, prevenci\u00f3 de riscos laborals i gesti\u00f3 del canvi. Per ...\" \/>\n<meta property=\"og:url\" content=\"https:\/\/www.safetylean.com\/ca\/empresa-per-que\" \/>\n<meta property=\"og:site_name\" content=\"Safety Lean Consulting\" \/>\n<meta property=\"article:modified_time\" content=\"2023-11-28T08:20:58+00:00\" \/>\n<meta property=\"og:image\" content=\"https:\/\/www.safetylean.com\/wp-content\/uploads\/2023\/10\/presentacion-safety-lean.jpg\" \/>\n<meta name=\"twitter:card\" content=\"summary_large_image\" \/>\n<meta name=\"twitter:label1\" content=\"Temps estimat de lectura\" \/>\n\t<meta name=\"twitter:data1\" content=\"4 minuts\" \/>\n<script type=\"application\/ld+json\" class=\"yoast-schema-graph\">{\"@context\":\"https:\/\/schema.org\",\"@graph\":[{\"@type\":\"WebPage\",\"@id\":\"https:\/\/www.safetylean.com\/ca\/empresa-per-que\",\"url\":\"https:\/\/www.safetylean.com\/ca\/empresa-per-que\",\"name\":\"Per qu\u00e8? - Safety Lean Consulting\",\"isPartOf\":{\"@id\":\"https:\/\/www.safetylean.com\/ca#website\"},\"datePublished\":\"2023-10-05T09:08:28+00:00\",\"dateModified\":\"2023-11-28T08:20:58+00:00\",\"breadcrumb\":{\"@id\":\"https:\/\/www.safetylean.com\/ca\/empresa-per-que#breadcrumb\"},\"inLanguage\":\"ca\",\"potentialAction\":[{\"@type\":\"ReadAction\",\"target\":[\"https:\/\/www.safetylean.com\/ca\/empresa-per-que\"]}]},{\"@type\":\"BreadcrumbList\",\"@id\":\"https:\/\/www.safetylean.com\/ca\/empresa-per-que#breadcrumb\",\"itemListElement\":[{\"@type\":\"ListItem\",\"position\":1,\"name\":\"Portada\",\"item\":\"https:\/\/www.safetylean.com\/ca\"},{\"@type\":\"ListItem\",\"position\":2,\"name\":\"Per qu\u00e8?\"}]},{\"@type\":\"WebSite\",\"@id\":\"https:\/\/www.safetylean.com\/ca#website\",\"url\":\"https:\/\/www.safetylean.com\/ca\",\"name\":\"Safety Lean Consulting\",\"description\":\"Lean Manufacturing &amp; Risk Prevention\",\"publisher\":{\"@id\":\"https:\/\/www.safetylean.com\/ca#organization\"},\"potentialAction\":[{\"@type\":\"SearchAction\",\"target\":{\"@type\":\"EntryPoint\",\"urlTemplate\":\"https:\/\/www.safetylean.com\/ca?s={search_term_string}\"},\"query-input\":\"required name=search_term_string\"}],\"inLanguage\":\"ca\"},{\"@type\":\"Organization\",\"@id\":\"https:\/\/www.safetylean.com\/ca#organization\",\"name\":\"Safety Lean Consulting\",\"url\":\"https:\/\/www.safetylean.com\/ca\",\"logo\":{\"@type\":\"ImageObject\",\"inLanguage\":\"ca\",\"@id\":\"https:\/\/www.safetylean.com\/ca#\/schema\/logo\/image\/\",\"url\":\"https:\/\/www.safetylean.com\/wp-content\/uploads\/2023\/10\/logo-safety-lean.jpg\",\"contentUrl\":\"https:\/\/www.safetylean.com\/wp-content\/uploads\/2023\/10\/logo-safety-lean.jpg\",\"width\":360,\"height\":120,\"caption\":\"Safety Lean Consulting\"},\"image\":{\"@id\":\"https:\/\/www.safetylean.com\/ca#\/schema\/logo\/image\/\"},\"sameAs\":[\"https:\/\/www.linkedin.com\/company\/safety-lean-consulting\/about\/\"]}]}<\/script>\n<!-- \/ Yoast SEO plugin. -->","yoast_head_json":{"title":"Per qu\u00e8? - Safety Lean Consulting","robots":{"index":"index","follow":"follow","max-snippet":"max-snippet:-1","max-image-preview":"max-image-preview:large","max-video-preview":"max-video-preview:-1"},"canonical":"https:\/\/www.safetylean.com\/ca\/empresa-per-que","og_locale":"ca_ES","og_type":"article","og_title":"Per qu\u00e8? - Safety Lean Consulting","og_description":"Safety Lean Consulting S.L. \u00e9s una empresa de formaci\u00f3 i consultoria especialitzada en millora cont\u00ednua, prevenci\u00f3 de riscos laborals i gesti\u00f3 del canvi. Per ...","og_url":"https:\/\/www.safetylean.com\/ca\/empresa-per-que","og_site_name":"Safety Lean Consulting","article_modified_time":"2023-11-28T08:20:58+00:00","og_image":[{"url":"https:\/\/www.safetylean.com\/wp-content\/uploads\/2023\/10\/presentacion-safety-lean.jpg"}],"twitter_card":"summary_large_image","twitter_misc":{"Temps estimat de lectura":"4 minuts"},"schema":{"@context":"https:\/\/schema.org","@graph":[{"@type":"WebPage","@id":"https:\/\/www.safetylean.com\/ca\/empresa-per-que","url":"https:\/\/www.safetylean.com\/ca\/empresa-per-que","name":"Per qu\u00e8? - Safety Lean Consulting","isPartOf":{"@id":"https:\/\/www.safetylean.com\/ca#website"},"datePublished":"2023-10-05T09:08:28+00:00","dateModified":"2023-11-28T08:20:58+00:00","breadcrumb":{"@id":"https:\/\/www.safetylean.com\/ca\/empresa-per-que#breadcrumb"},"inLanguage":"ca","potentialAction":[{"@type":"ReadAction","target":["https:\/\/www.safetylean.com\/ca\/empresa-per-que"]}]},{"@type":"BreadcrumbList","@id":"https:\/\/www.safetylean.com\/ca\/empresa-per-que#breadcrumb","itemListElement":[{"@type":"ListItem","position":1,"name":"Portada","item":"https:\/\/www.safetylean.com\/ca"},{"@type":"ListItem","position":2,"name":"Per qu\u00e8?"}]},{"@type":"WebSite","@id":"https:\/\/www.safetylean.com\/ca#website","url":"https:\/\/www.safetylean.com\/ca","name":"Safety Lean Consulting","description":"Lean Manufacturing &amp; Risk Prevention","publisher":{"@id":"https:\/\/www.safetylean.com\/ca#organization"},"potentialAction":[{"@type":"SearchAction","target":{"@type":"EntryPoint","urlTemplate":"https:\/\/www.safetylean.com\/ca?s={search_term_string}"},"query-input":"required name=search_term_string"}],"inLanguage":"ca"},{"@type":"Organization","@id":"https:\/\/www.safetylean.com\/ca#organization","name":"Safety Lean Consulting","url":"https:\/\/www.safetylean.com\/ca","logo":{"@type":"ImageObject","inLanguage":"ca","@id":"https:\/\/www.safetylean.com\/ca#\/schema\/logo\/image\/","url":"https:\/\/www.safetylean.com\/wp-content\/uploads\/2023\/10\/logo-safety-lean.jpg","contentUrl":"https:\/\/www.safetylean.com\/wp-content\/uploads\/2023\/10\/logo-safety-lean.jpg","width":360,"height":120,"caption":"Safety Lean Consulting"},"image":{"@id":"https:\/\/www.safetylean.com\/ca#\/schema\/logo\/image\/"},"sameAs":["https:\/\/www.linkedin.com\/company\/safety-lean-consulting\/about\/"]}]}},"_links":{"self":[{"href":"https:\/\/www.safetylean.com\/ca\/wp-json\/wp\/v2\/pages\/1828","targetHints":{"allow":["GET"]}}],"collection":[{"href":"https:\/\/www.safetylean.com\/ca\/wp-json\/wp\/v2\/pages"}],"about":[{"href":"https:\/\/www.safetylean.com\/ca\/wp-json\/wp\/v2\/types\/page"}],"author":[{"embeddable":true,"href":"https:\/\/www.safetylean.com\/ca\/wp-json\/wp\/v2\/users\/1"}],"replies":[{"embeddable":true,"href":"https:\/\/www.safetylean.com\/ca\/wp-json\/wp\/v2\/comments?post=1828"}],"version-history":[{"count":4,"href":"https:\/\/www.safetylean.com\/ca\/wp-json\/wp\/v2\/pages\/1828\/revisions"}],"predecessor-version":[{"id":2134,"href":"https:\/\/www.safetylean.com\/ca\/wp-json\/wp\/v2\/pages\/1828\/revisions\/2134"}],"wp:attachment":[{"href":"https:\/\/www.safetylean.com\/ca\/wp-json\/wp\/v2\/media?parent=1828"}],"curies":[{"name":"wp","href":"https:\/\/api.w.org\/{rel}","templated":true}]}}